{"id":141,"date":"2024-04-03T08:17:29","date_gmt":"2024-04-03T08:17:29","guid":{"rendered":"https:\/\/gg.perfectlydigital.dev\/?page_id=141"},"modified":"2026-04-07T15:20:28","modified_gmt":"2026-04-07T15:20:28","slug":"about","status":"publish","type":"page","link":"https:\/\/generousgenerations.org\/es\/about\/","title":{"rendered":"Acerca de"},"content":{"rendered":"<img decoding=\"async\" src=\"https:\/\/generousgenerations.org\/wp-content\/uploads\/2024\/03\/GG-Brand-Mark-Blue-400-trimmed-64.png\" alt=\"GG Brand Mark Blue 400 trimmed 64\" \/>\n\t<p>Generous Generations es parte de la red de socios del Foro Mundial de la Infancia (GCF) y del Movimiento Deportivo Mundial, ReadySetGo. A trav\u00e9s de estas valiosas asociaciones, trabajamos incansablemente para difundir el mensaje de generosidad b\u00edblica a ni\u00f1os, j\u00f3venes y adultos j\u00f3venes de todo el mundo.<\/p>\n\t<em>\u201cDeb\u00e9is recordar las palabras del Se\u00f1or Jes\u00fas: \u201cHay m\u00e1s dicha en dar que en recibir\u201d. <\/em><br \/>\nHechos 20:35 NTV\n<h4>\n\t\t\tAlgunos de nuestros socios actuales\t<\/h4>\n<figure itemscope itemtype=\"https:\/\/schema.org\/ImageObject\">\n\t\t\t\t<img decoding=\"async\" src=\"https:\/\/generousgenerations.org\/wp-content\/uploads\/2024\/07\/GCF-t.png\" alt=\"GCF t\" height=\"500\" width=\"500\" title=\"FBC t\" onerror=\"this.style.display='none'\" loading=\"lazy\" \/>\n\t<\/figure>\n<figure itemscope itemtype=\"https:\/\/schema.org\/ImageObject\">\n\t\t\t\t<img decoding=\"async\" src=\"https:\/\/generousgenerations.org\/wp-content\/uploads\/2024\/07\/faithnet-t.png\" alt=\"faithnet t\" height=\"500\" width=\"500\" title=\"fenet t\" onerror=\"this.style.display='none'\" loading=\"lazy\" \/>\n\t<\/figure>\n<figure itemscope itemtype=\"https:\/\/schema.org\/ImageObject\">\n\t\t\t\t<img decoding=\"async\" src=\"https:\/\/generousgenerations.org\/wp-content\/uploads\/2024\/07\/suk-t.png\" alt=\"suk t\" height=\"500\" width=\"500\" title=\"suk t\" onerror=\"this.style.display='none'\" loading=\"lazy\" \/>\n\t<\/figure>\n<figure itemscope itemtype=\"https:\/\/schema.org\/ImageObject\">\n\t\t\t\t<img decoding=\"async\" src=\"https:\/\/generousgenerations.org\/wp-content\/uploads\/2024\/07\/rsg-t.png\" alt=\"rsg t\" height=\"500\" width=\"500\" title=\"rsg t\" onerror=\"this.style.display='none'\" loading=\"lazy\" \/>\n\t<\/figure>\n<figure itemscope itemtype=\"https:\/\/schema.org\/ImageObject\">\n\t\t\t\t<img decoding=\"async\" src=\"https:\/\/generousgenerations.org\/wp-content\/uploads\/2024\/07\/logosdor-t.png\" alt=\"logosdor t\" height=\"500\" width=\"500\" title=\"logosdor t\" onerror=\"this.style.display='none'\" loading=\"lazy\" \/>\n\t<\/figure>\n<figure itemscope itemtype=\"https:\/\/schema.org\/ImageObject\">\n\t\t\t\t<img decoding=\"async\" src=\"https:\/\/generousgenerations.org\/wp-content\/uploads\/2024\/07\/goplay-t.png\" alt=\"goplay t\" height=\"500\" width=\"500\" title=\"goplay t\" onerror=\"this.style.display='none'\" loading=\"lazy\" \/>\n\t<\/figure>\n<figure itemscope itemtype=\"https:\/\/schema.org\/ImageObject\">\n\t\t\t\t<img decoding=\"async\" src=\"https:\/\/generousgenerations.org\/wp-content\/uploads\/2024\/07\/rag-t.png\" alt=\"rag t\" height=\"500\" width=\"500\" title=\"trapo t\" onerror=\"this.style.display='none'\" loading=\"lazy\" \/>\n\t<\/figure>\n<figure itemscope itemtype=\"https:\/\/schema.org\/ImageObject\">\n\t\t\t\t<img decoding=\"async\" src=\"https:\/\/generousgenerations.org\/wp-content\/uploads\/2024\/07\/gen-church-t.png\" alt=\"gen church t\" height=\"500\" width=\"500\" title=\"iglesia gen t\" onerror=\"this.style.display='none'\" loading=\"lazy\" \/>\n\t<\/figure>\n\t<p>Iglesias, ministerios, organizaciones e individuos de todo el mundo recurren a Generaciones Generosas para nuestros Procesos de Discipulado de Generosidad (GPD), dise\u00f1ados de forma \u00fanica para resonar en todas las edades.<\/p>\n<h1>\n\t\t\tNuestra historia\t<\/h1>\n\t\t\t\t\t\t<img decoding=\"async\" src=\"https:\/\/generousgenerations.org\/wp-content\/uploads\/2024\/03\/GG-Brand-Mark-Blue-400-trimmed-64.png\" alt=\"GG Brand Mark Blue 400 trimmed 64\" \/>\n\t<p>En 2020, despu\u00e9s de asistir a un Viaje de Generosidad y ser testigo del impacto transformador de vivir un estilo de vida de generosidad, comenzamos a preguntarnos: \u00bfPor qu\u00e9 esperamos hasta la edad adulta para inculcar los valores de la generosidad que cambian la vida?<\/p>\n<p>En marzo de 2023, en colaboraci\u00f3n con nuestros amigos del Foro Mundial sobre la Infancia (GCF, por sus siglas en ingl\u00e9s), nos reunimos en S\u00e3o Paulo (Brasil) para explorar el concepto de recursos de \u201cgenerosidad infantil\u201d. A lo largo de esa semana, 14 voluntarios de todo el mundo intercambiaron ideas con nosotros y naci\u00f3 Generous Generations.<\/p>\n<p>Despu\u00e9s de regresar a Sud\u00e1frica, nos registramos oficialmente como empresa sin fines de lucro (NPC). Con la ayuda de voluntarios dedicados, comenzamos a elaborar contenido. Durante el a\u00f1o siguiente, el Se\u00f1or trajo m\u00e1s voluntarios y traductores ansiosos por ver los recursos creados y traducidos.<\/p>\n<p>Hoy, nuestro equipo global de voluntarios y traductores dona generosamente su tiempo para hacer realidad este sue\u00f1o.<\/p>\n<figure itemscope itemtype=\"https:\/\/schema.org\/ImageObject\">\n\t\t\t\t<img decoding=\"async\" src=\"https:\/\/generousgenerations.org\/wp-content\/uploads\/2024\/05\/about-1.jpg\" alt=\"Two little boys with fresh apple sit on a white background. Healthy food.\" height=\"900\" width=\"900\" title=\"Ni\u00f1os peque\u00f1os con manzana.\" onerror=\"this.style.display='none'\" loading=\"lazy\" \/>\n\t<\/figure>\n<figure itemscope itemtype=\"https:\/\/schema.org\/ImageObject\">\n\t\t\t\t<img decoding=\"async\" src=\"https:\/\/generousgenerations.org\/wp-content\/uploads\/2024\/05\/about-2.jpg\" alt=\"about 2\" height=\"900\" width=\"900\" title=\"sobre 2\" onerror=\"this.style.display='none'\" loading=\"lazy\" \/>\n\t<\/figure>\n<h1>\n\t\t\tNuestra visi\u00f3n\t<\/h1>\n\t\t\t\t\t\t<img decoding=\"async\" src=\"https:\/\/generousgenerations.org\/wp-content\/uploads\/2024\/03\/GG-Brand-Mark-Blue-400-trimmed-64.png\" alt=\"GG Brand Mark Blue 400 trimmed 64\" \/>\n\t<p>Visualizamos un mundo de Generaciones Generosas de diversos or\u00edgenes, que reconocen las necesidades de sus comunidades y se unen instintivamente para abordarlas. Imaginamos un movimiento global de ni\u00f1os, j\u00f3venes y adultos j\u00f3venes, que modelan el amor de Cristo a trav\u00e9s del impacto transformador de la generosidad b\u00edblica.<\/p>\n<h1>\n\t\t\tNuestra estrategia\t<\/h1>\n\t\t\t\t\t\t<img decoding=\"async\" src=\"https:\/\/generousgenerations.org\/wp-content\/uploads\/2024\/03\/GG-Brand-Mark-Blue-400-trimmed-64.png\" alt=\"GG Brand Mark Blue 400 trimmed 64\" \/>\n\t<p>Nuestra estrategia gira en torno a fomentar una cultura global de generosidad b\u00edblica entre todas las generaciones: ni\u00f1os, j\u00f3venes, adultos j\u00f3venes y adultos. A trav\u00e9s de Procesos de Discipulado de Generosidad (PIB) interactivos y de \u00faltima generaci\u00f3n, los inspiramos, equipamos, empoderamos y guiamos para vivir una vida de generosidad radical. Estos procesos est\u00e1n dise\u00f1ados de forma \u00fanica para cada grupo de edad, lo que garantiza que nuestro mensaje resuene profundamente.<\/p>\n<p>Nuestra estrategia se describe a continuaci\u00f3n:<\/p>\n<ol>\n<li><strong>Para interactuar con cada generaci\u00f3n<\/strong> \u2013 ni\u00f1os, j\u00f3venes, adultos j\u00f3venes y adultos en relaciones de hacer disc\u00edpulos, a trav\u00e9s de una experiencia inmersiva o aventura de generosidad, dise\u00f1ada de manera \u00fanica para comunicarse de manera efectiva con cada generaci\u00f3n.<\/li>\n<li><strong>Desarrollar recursos y materiales.<\/strong> que sean asequibles, comprensibles y accesibles para todas las generaciones dentro de culturas y grupos ling\u00fc\u00edsticos.<\/li>\n<li><strong>Para allanar el camino y alinear<\/strong> multiplicando movimientos y colaboraciones de generosidad dentro de cada generaci\u00f3n.<\/li>\n<li><strong>Asociarnos<\/strong> con varios actores en el campo de la generosidad.<\/li>\n<li><strong>Para equipar y guiar<\/strong> una red interconectada de compa\u00f1eros de trabajo.<\/li>\n<li><strong>Para identificar y orientar<\/strong> l\u00edderes para hacer avanzar el movimiento.<\/li>\n<li><strong>Construir equipos interconectados en crecimiento<\/strong> llevar la visi\u00f3n y catalizar el movimiento en cada aldea, comunidad, pueblo, ciudad, pa\u00eds y continente.<\/li>\n<\/ol>\n<p>Para obtener m\u00e1s informaci\u00f3n sobre nuestros PIB para todas las edades, visite nuestro <a href=\"https:\/\/generousgenerations.org\/es\/resources\/\">p\u00e1gina de recursos<\/a>.<\/p>\n<figure itemscope itemtype=\"https:\/\/schema.org\/ImageObject\">\n\t\t\t\t<img decoding=\"async\" src=\"https:\/\/generousgenerations.org\/wp-content\/uploads\/2024\/05\/about-3.jpg\" alt=\"about 3\" height=\"900\" width=\"900\" title=\"alrededor de 3\" onerror=\"this.style.display='none'\" loading=\"lazy\" \/>\n\t<\/figure>\n<h1>\n\t\t\tNuestro equipo\t<\/h1>\n\t\t\t\t\t\t<img decoding=\"async\" src=\"https:\/\/generousgenerations.org\/wp-content\/uploads\/2024\/03\/GG-Brand-Mark-Blue-400-trimmed-64.png\" alt=\"GG Brand Mark Blue 400 trimmed 64\" \/>\n\t<p>El movimiento Generaciones Generosas est\u00e1 compuesto por una combinaci\u00f3n extraordinaria de voluntarios globales y l\u00edderes visionarios, que se dedican a ayudar a encender el esp\u00edritu b\u00edblico de generosidad en cada rinc\u00f3n del mundo.<\/p>\n<h3>\n\t\t\tLiderazgo de servicio\t<\/h3>\n\t<p>Al frente de este viaje intercultural hay algunos l\u00edderes serviciales que dirigen nuestra visi\u00f3n con precisi\u00f3n y brindan orientaci\u00f3n estrat\u00e9gica. Con el apoyo de nuestros socios, como el Foro Mundial de la Infancia (GCF) y el Movimiento Deportivo Internacional, construimos sobre la base de un movimiento de Generosidad mundial.<\/p>\n<figure itemscope itemtype=\"https:\/\/schema.org\/ImageObject\">\n\t\t\t\t<img decoding=\"async\" src=\"https:\/\/generousgenerations.org\/wp-content\/uploads\/2024\/05\/cherise-final.png\" alt=\"cherise final\" height=\"586\" width=\"500\" title=\"apreciaci\u00f3n final\" onerror=\"this.style.display='none'\" loading=\"lazy\" \/>\n\t<\/figure>\n<h4>\n\t\t\tCherise Vermeulen\t<\/h4>\n<h5>\n\t\t\tDirector ejecutivo\t<\/h5>\n\t<p>Cuando la visi\u00f3n de Generous Generations fue concebida en su coraz\u00f3n y en el coraz\u00f3n de los dem\u00e1s, Cherise aprovech\u00f3 la oportunidad de liderarla y nutrirla. Opera con una mentalidad visionaria y estrat\u00e9gica, impulsada por la pasi\u00f3n de crear un trabajo impactante que deje un legado duradero. La trayectoria profesional de Cherise abarca \u00e1mbitos corporativos y caritativos, y su entusiasmo por cultivar a los dadores del Reino del ma\u00f1ana es contagioso. Durante los \u00faltimos 28 a\u00f1os, se ha destacado como productora de medios, escritora, especialista en comunicaciones y fundadora de su propia productora de cine y v\u00eddeo, <a href=\"https:\/\/philm48.com\" target=\"_blank\" rel=\"noopener\">philm48.com<\/a>. Ella ayuda a encabezar la visi\u00f3n y la direcci\u00f3n estrat\u00e9gica de Generous Generations bajo la gu\u00eda experta y la supervisi\u00f3n de otros l\u00edderes confiables del movimiento.<\/p>\n<h4>\n\t\t\tDaniel Vermeulen\t<\/h4>\n<h5>\n\t\t\tDirector de Desarrollo e Impacto Global\t<\/h5>\n\t<p>Con m\u00e1s de 43 a\u00f1os de experiencia combinada en trabajo ministerial, plantaci\u00f3n de iglesias y filantrop\u00eda, el liderazgo estrat\u00e9gico y visionario de Danie es fundamental para guiar el movimiento Generaciones Generosas a nivel mundial. Apoya a Generous Generations en el desarrollo de fondos y asesora al equipo de liderazgo. Adem\u00e1s, brinda capacitaci\u00f3n en liderazgo de movimientos a varios ministerios. Danie ha pasado las \u00faltimas cuatro d\u00e9cadas trabajando en \u00c1frica, impactando significativamente los sectores filantr\u00f3picos y sin fines de lucro. En los \u00faltimos a\u00f1os, ha liderado un movimiento a gran escala para inspirar generosidad entre los africanos. El liderazgo de Danie en Generous Generations es muy influyente y profundamente valioso.<\/p>\n<figure itemscope itemtype=\"https:\/\/schema.org\/ImageObject\">\n\t\t\t\t<img decoding=\"async\" src=\"https:\/\/generousgenerations.org\/wp-content\/uploads\/2024\/05\/danie-final.png\" alt=\"danie final\" height=\"586\" width=\"500\" title=\"danie final\" onerror=\"this.style.display='none'\" loading=\"lazy\" \/>\n\t<\/figure>\n<figure itemscope itemtype=\"https:\/\/schema.org\/ImageObject\">\n\t\t\t\t<img decoding=\"async\" src=\"https:\/\/generousgenerations.org\/wp-content\/uploads\/2024\/05\/j-paul-v2-final.png\" alt=\"j paul v2 final\" height=\"586\" width=\"500\" title=\"j pablo v2 final\" onerror=\"this.style.display='none'\" loading=\"lazy\" \/>\n\t<\/figure>\n<h4>\n\t\t\tJ. Paul Fridenmaker\t<\/h4>\n<h5>\n\t\t\tSocio de financiaci\u00f3n y recursos\t<\/h5>\n\t<p>J.Paul Fridenmaker ha pasado 30 a\u00f1os en el ministerio y la filantrop\u00eda. Ofrece su tiempo como voluntario para apoyar al equipo de Generous Generations mediante la recaudaci\u00f3n de fondos y otros socios de recursos. De 2012 a 2021, trabaj\u00f3 con Daryl Heald y la Fundaci\u00f3n Maclellan para construir una iniciativa global llamada Generosity Path. Durante este tiempo, \u00e9l y Daryl so\u00f1aron con c\u00f3mo ser\u00eda desarrollar retiros de Journey of Generosity para ni\u00f1os y adolescentes. J.Paul y su esposa Julie tienen cuatro hijos adultos j\u00f3venes y viven al norte de Seattle, Washington.<\/p>\n<h4>\n\t\t\tCharn\u00e9 van der Merwe\t<\/h4>\n<h5>\n\t\t\tEstrategia creativa\t<\/h5>\n\t<p>Con una profunda pasi\u00f3n por generar un impacto significativo, Charn\u00e9 se embarc\u00f3 en un viaje hacia la industria cinematogr\u00e1fica, reconociendo que los medios son una poderosa plataforma y herramienta para impulsar el cambio. Despu\u00e9s de realizar sus estudios de cine y medios en el extranjero, ha pasado los \u00faltimos siete a\u00f1os inmersa en varias facetas de la industria, abarcando funciones de preproducci\u00f3n, producci\u00f3n y posproducci\u00f3n. Recientemente, se le present\u00f3 la oportunidad de unirse a Generous Generations como gerente de estrategia creativa. Despu\u00e9s de conocer la misi\u00f3n y la visi\u00f3n, acept\u00f3 el puesto con entusiasmo. Charn\u00e9 es una persona motivada, entusiasta y apasionada, profundamente comprometida con la colaboraci\u00f3n con otros para crear cambios positivos, ya sean grandes o peque\u00f1os.<\/p>\n<figure itemscope itemtype=\"https:\/\/schema.org\/ImageObject\">\n\t\t\t\t<img decoding=\"async\" src=\"https:\/\/generousgenerations.org\/wp-content\/uploads\/2025\/01\/Charne-van-der-Merwe-586.png\" alt=\"Charne\u0301 van der Merwe 586\" height=\"586\" width=\"500\" title=\"Charn\u00e9 van der Merwe 586\" onerror=\"this.style.display='none'\" loading=\"lazy\" \/>\n\t<\/figure>\n<figure itemscope itemtype=\"https:\/\/schema.org\/ImageObject\">\n\t\t\t\t<img decoding=\"async\" src=\"https:\/\/generousgenerations.org\/wp-content\/uploads\/2025\/08\/Danica-van-der-Merwe.png\" alt=\"Danica van der Merwe\" height=\"586\" width=\"500\" title=\"Danica van der Merwe\" onerror=\"this.style.display='none'\" loading=\"lazy\" \/>\n\t<\/figure>\n<h4>\n\t\t\tDanica van der Merwe\t<\/h4>\n<h5>\n\t\t\tAnalista de impacto y l\u00edder de dise\u00f1o\t<\/h5>\n\t<p>Impulsada por un profundo compromiso con el Reino de Dios, a Danica le apasiona vivir cada d\u00eda con un prop\u00f3sito, buscando marcar una diferencia significativa y agregar valor a quienes la rodean.<\/p>\n<p>Con formaci\u00f3n en dise\u00f1o y pasi\u00f3n por la creatividad, desempe\u00f1a un papel clave para hacer realidad la visi\u00f3n de Generous Generations. Su experiencia abarca el trabajo con ni\u00f1os, la ense\u00f1anza del arte y el servicio en el campo misionero, lo que le ha proporcionado un gran cari\u00f1o por las personas y un liderazgo pr\u00e1ctico y servicial. Colaboradora por naturaleza, Danica prospera en entornos de equipo y aporta dedicaci\u00f3n e inspiraci\u00f3n a cada proyecto que emprende.<\/p>\n<h4>\n\t\t\tRayno Diedericks\t<\/h4>\n<h5>\n\t\t\tOperaciones y traducciones\t<\/h5>\n\t<p>Tras a\u00f1os perfeccionando sus habilidades en la industria de la construcci\u00f3n, Rayno ahora ayuda a desarrollar los procesos operativos del Reino. Fue invitado a unirse al movimiento de generosidad para adultos como Coordinador Local de Anfitriones en \u00c1frica, sirviendo fielmente a la regi\u00f3n antes de dedicarse a su pasi\u00f3n por ayudar a ni\u00f1os y j\u00f3venes a descubrir la alegr\u00eda de vivir con generosidad. Con una atenci\u00f3n meticulosa y un s\u00f3lido pensamiento estrat\u00e9gico, desempe\u00f1a un papel crucial en el equipo de Generous Generations. Rayno supervisa los procesos de Operaciones y Traducciones en Generous Generations y colabora estrechamente con nuestros Multiplicadores para garantizar la implementaci\u00f3n eficaz de nuestras iniciativas.<\/p>\n<figure itemscope itemtype=\"https:\/\/schema.org\/ImageObject\">\n\t\t\t\t<img decoding=\"async\" src=\"https:\/\/generousgenerations.org\/wp-content\/uploads\/2025\/05\/rayno-500.png\" alt=\"rayno 500\" height=\"586\" width=\"500\" title=\"rayo 500\" onerror=\"this.style.display='none'\" loading=\"lazy\" \/>\n\t<\/figure>\n<h3>\n\t\t\tVoluntarios de traducci\u00f3n\t<\/h3>\n\t<p>Tras bambalinas, tambi\u00e9n contamos con traductores voluntarios fieles que ofrecen desinteresadamente su tiempo para ayudar a coordinar las iniciativas de traducci\u00f3n de nuestros recursos a m\u00e1s de 25 idiomas. Esta funci\u00f3n es crucial, ya que nos esforzamos por garantizar que nuestros recursos est\u00e9n disponibles en el mayor n\u00famero de idiomas posible.<\/p>\n<p>Juntas, cada persona que ofrece su tiempo como voluntaria a Generous Generations forma la columna vertebral de nuestro movimiento, impulsando el liderazgo, la recaudaci\u00f3n de fondos, la creaci\u00f3n de contenido, las traducciones, la capacitaci\u00f3n, el coaching y la expansi\u00f3n global. Su dedicaci\u00f3n no es s\u00f3lo inspiradora: es la fuerza impulsora detr\u00e1s de este movimiento para empoderar a generaciones con el poder transformador de la generosidad del Reino.<\/p>\n<h3>\n\t\t\tVoluntarios globales\t<\/h3>\n\t<p>\u00a1Algunos de nuestros seguidores voluntarios de lugares como: Egipto, EE. UU., Pakist\u00e1n, India, Australia, Brasil, Siria, Zambia, Burundi, Nigeria, Etiop\u00eda y m\u00e1s!<\/p>\n<figure data-animation-delay=\"0\" data-animation-duration=\"2\" itemscope itemtype=\"https:\/\/schema.org\/ImageObject\">\n\t\t\t\t<img decoding=\"async\" src=\"https:\/\/generousgenerations.org\/wp-content\/uploads\/2024\/05\/gg-brazil.png\" alt=\"gg brazil\" height=\"563\" width=\"590\" title=\"gg brasil\" onerror=\"this.style.display='none'\" loading=\"lazy\" \/>\n\t<\/figure>\n<figure data-animation-delay=\"0\" data-animation-duration=\"2\" itemscope itemtype=\"https:\/\/schema.org\/ImageObject\">\n\t\t\t\t<img decoding=\"async\" src=\"https:\/\/generousgenerations.org\/wp-content\/uploads\/2024\/05\/gg-ethiopia.png\" alt=\"gg ethiopia\" height=\"563\" width=\"590\" title=\"gg etiop\u00eda\" onerror=\"this.style.display='none'\" loading=\"lazy\" \/>\n\t<\/figure>","protected":false},"excerpt":{"rendered":"<p>Generous Generations es parte de la red de socios del Foro Mundial de la Infancia (GCF) y del Movimiento Deportivo Mundial, ReadySetGo. A trav\u00e9s de estas valiosas asociaciones, trabajamos incansablemente para difundir el mensaje de generosidad b\u00edblica a ni\u00f1os, j\u00f3venes y adultos j\u00f3venes de todo el mundo.<\/p>","protected":false},"author":1,"featured_media":0,"parent":0,"menu_order":0,"comment_status":"closed","ping_status":"closed","template":"","meta":{"_acf_changed":false,"give_campaign_id":0,"_seopress_robots_primary_cat":"","_seopress_titles_title":"About | Generous Generations","_seopress_titles_desc":"Generous Generations is part of the Global Children\u2019s Forum (GCF) partnering network and the Global Sports Movement, ReadySetGo.","_seopress_robots_index":"","footnotes":""},"class_list":["post-141","page","type-page","status-publish"],"acf":[],"campaignId":"","_links":{"self":[{"href":"https:\/\/generousgenerations.org\/es\/wp-json\/wp\/v2\/pages\/141","targetHints":{"allow":["GET"]}}],"collection":[{"href":"https:\/\/generousgenerations.org\/es\/wp-json\/wp\/v2\/pages"}],"about":[{"href":"https:\/\/generousgenerations.org\/es\/wp-json\/wp\/v2\/types\/page"}],"author":[{"embeddable":true,"href":"https:\/\/generousgenerations.org\/es\/wp-json\/wp\/v2\/users\/1"}],"replies":[{"embeddable":true,"href":"https:\/\/generousgenerations.org\/es\/wp-json\/wp\/v2\/comments?post=141"}],"version-history":[{"count":11,"href":"https:\/\/generousgenerations.org\/es\/wp-json\/wp\/v2\/pages\/141\/revisions"}],"predecessor-version":[{"id":2453,"href":"https:\/\/generousgenerations.org\/es\/wp-json\/wp\/v2\/pages\/141\/revisions\/2453"}],"wp:attachment":[{"href":"https:\/\/generousgenerations.org\/es\/wp-json\/wp\/v2\/media?parent=141"}],"curies":[{"name":"gracias","href":"https:\/\/api.w.org\/{rel}","templated":true}]}}