{"id":2273,"date":"2025-11-21T12:03:35","date_gmt":"2025-11-21T12:03:35","guid":{"rendered":"https:\/\/generousgenerations.org\/?page_id=2273"},"modified":"2026-05-13T16:51:54","modified_gmt":"2026-05-13T16:51:54","slug":"generosity-projects","status":"publish","type":"page","link":"https:\/\/generousgenerations.org\/es\/generosity-projects\/","title":{"rendered":"Proyectos de generosidad"},"content":{"rendered":"<h1>\n\t\t\tProyectos de generosidad\t<\/h1>\n\t\t\t\t\t\t<img decoding=\"async\" src=\"https:\/\/generousgenerations.org\/wp-content\/uploads\/2024\/03\/GG-Brand-Mark-Blue-400-trimmed-64.png\" alt=\"GG Brand Mark Blue 400 trimmed 64\" \/>\n<h2>\n\t\t\tHistorias e ideas reales que ayudan a las familias a compartir el amor de Dios de forma tangible.\t<\/h2>\n\t<p>Los Proyectos de Generosidad invitan a ni\u00f1os, j\u00f3venes y familias a adentrarse en la historia de Dios al ver la generosidad en acci\u00f3n en la vida real y luego formar parte de ella.<\/p>\n<p>Descubre historias inspiradoras sobre el impacto social y ideas de proyectos sencillas y pr\u00e1cticas que te ayudar\u00e1n a cultivar juntos un estilo de vida basado en la generosidad.<\/p>\n\t\t\t<a href=\"https:\/\/generousgenerations.org\/es\/generosity-projects\/impact-stories\/\" target=\"_self\">\n\t\t\t\t\t\t<h4>Historias de impacto<\/h4>\t\t\t\t\t\n\t\t<\/a>\n\t\t\t<a href=\"https:\/\/generousgenerations.org\/es\/generosity-projects\/project-ideas\/\" target=\"_self\">\n\t\t\t\t\t\t<h4>Ideas para proyectos<\/h4>\t\t\t\t\t\n\t\t<\/a>\n\t<p>Ad\u00e9ntrate en historias reales de ni\u00f1os y j\u00f3venes que est\u00e1n descubriendo la alegr\u00eda de compartir el amor de Jes\u00fas a trav\u00e9s de una generosidad radical y b\u00edblica.<\/p>\n<p>A trav\u00e9s de v\u00eddeos cortos y animaciones, ver\u00e1s c\u00f3mo ni\u00f1os corrientes, en lugares corrientes, demuestran una generosidad extraordinaria en su vida cotidiana.<\/p>\n\t<p>\u00bfEst\u00e1s listo para guiar a tu familia en la pr\u00e1ctica de la generosidad juntos?<\/p>\n<p>Descubre ideas de proyectos para familias, adaptadas a cada edad, que facilitan compartir el amor de Dios con los dem\u00e1s y brindar consuelo a un mundo que sufre. F\u00e1ciles de implementar en casa, en tu iglesia y en tu comunidad.<\/p>","protected":false},"excerpt":{"rendered":"<p>Generosity Projects Real stories and ideas that help families share the love of God in tangible ways Generosity Projects invite children, youth and families to step into God&#8217;s story by seeing real-life generosity in action and then becoming part of it themselves. Explore inspiring impact stories and simple, practical project ideas that help you grow &#8230; <a title=\"Proyectos de generosidad\" class=\"read-more\" href=\"https:\/\/generousgenerations.org\/es\/generosity-projects\/\" aria-label=\"Leer m\u00e1s sobre Proyectos de Generosidad\">Leer m\u00e1s<\/a><\/p>","protected":false},"author":1,"featured_media":0,"parent":0,"menu_order":0,"comment_status":"closed","ping_status":"closed","template":"","meta":{"_acf_changed":false,"give_campaign_id":0,"_seopress_robots_primary_cat":"","_seopress_titles_title":"","_seopress_titles_desc":"","_seopress_robots_index":"","_seopress_analysis_target_kw":"","footnotes":""},"class_list":["post-2273","page","type-page","status-publish"],"acf":[],"campaignId":"","_links":{"self":[{"href":"https:\/\/generousgenerations.org\/es\/wp-json\/wp\/v2\/pages\/2273","targetHints":{"allow":["GET"]}}],"collection":[{"href":"https:\/\/generousgenerations.org\/es\/wp-json\/wp\/v2\/pages"}],"about":[{"href":"https:\/\/generousgenerations.org\/es\/wp-json\/wp\/v2\/types\/page"}],"author":[{"embeddable":true,"href":"https:\/\/generousgenerations.org\/es\/wp-json\/wp\/v2\/users\/1"}],"replies":[{"embeddable":true,"href":"https:\/\/generousgenerations.org\/es\/wp-json\/wp\/v2\/comments?post=2273"}],"version-history":[{"count":8,"href":"https:\/\/generousgenerations.org\/es\/wp-json\/wp\/v2\/pages\/2273\/revisions"}],"predecessor-version":[{"id":2577,"href":"https:\/\/generousgenerations.org\/es\/wp-json\/wp\/v2\/pages\/2273\/revisions\/2577"}],"wp:attachment":[{"href":"https:\/\/generousgenerations.org\/es\/wp-json\/wp\/v2\/media?parent=2273"}],"curies":[{"name":"gracias","href":"https:\/\/api.w.org\/{rel}","templated":true}]}}