{"id":2439,"date":"2026-04-07T14:23:44","date_gmt":"2026-04-07T14:23:44","guid":{"rendered":"https:\/\/generousgenerations.org\/?page_id=2439"},"modified":"2026-04-07T15:30:38","modified_gmt":"2026-04-07T15:30:38","slug":"home-new","status":"publish","type":"page","link":"https:\/\/generousgenerations.org\/es\/home-new\/","title":{"rendered":"Home (new)"},"content":{"rendered":"<h2>\n\t\t\tQui\u00e9nes somos\t<\/h2>\n\t<iframe allowfullscreen allow=\"autoplay\" data-src=\"https:\/\/www.youtube.com\/embed\/HxmvTuRuNlU?feature=oembed&amp;start&amp;end&amp;wmode=opaque&amp;loop=0&amp;controls=1&amp;mute=0&amp;rel=0&amp;modestbranding=0\"><\/iframe>\t\t\n\t\t\t\t\tReproducir v\u00eddeo\n<h2>\n\t\t\tLo que hacemos\t<\/h2>\n\t<iframe allowfullscreen allow=\"autoplay\" data-src=\"https:\/\/www.youtube.com\/embed\/WAn8fDLPhvk?feature=oembed&amp;start&amp;end&amp;wmode=opaque&amp;loop=0&amp;controls=1&amp;mute=0&amp;rel=0&amp;modestbranding=0\"><\/iframe>\t\t\n\t\t\t\t\tReproducir v\u00eddeo\n\t<p>Gen-G (Generous Generations) helps children and youth discover the joy of biblical generosity-because generosity isn&#8217;t just something you do, it&#8217;s who you become.<\/p>\n<p>Creamos experiencias y capacitaciones de discipulado creativas y basadas en la Biblia que son f\u00e1ciles de dirigir en iglesias, escuelas y hogares, para que los j\u00f3venes no solo aprendan sobre Dios, sino que tambi\u00e9n reflejen su coraz\u00f3n en un mundo que sufre.<\/p>\n<p>By the age of 13, a child&#8217;s worldview is largely formed. If we don&#8217;t shape generous stewardship early, scarcity and entitlement will.<\/p>\n\t<a href=\"https:\/\/generousgenerations.org\/es\/resources\/\" target=\"_self\" role=\"button\" aria-label=\"EXPLORA LOS RECURSOS\">\n\t\t\t\t\t\tEXPLORA LOS RECURSOS\n\t\t\t\t\t<\/a>\n\t<a href=\"https:\/\/generousgenerations.org\/es\/get-involved\/\" target=\"_self\" role=\"button\" aria-label=\"INICIAR UNA SESI\u00d3N\">\n\t\t\t\t\t\tINICIAR UNA SESI\u00d3N\n\t\t\t\t\t<\/a>\n\t<a href=\"#\" target=\"_self\" role=\"button\" aria-label=\"CRIAR UNA GENERACI\u00d3N GENEROSA\">\n\t\t\t\t\t\tCRIAR UNA GENERACI\u00d3N GENEROSA\n\t\t\t\t\t<\/a>\n\t<em>\u201cInstruye al ni\u00f1o en el camino que debe seguir, y aun cuando sea viejo no se apartar\u00e1 de \u00e9l.\u201d<\/em><br \/>\nProverbios 22:6 NVI\n\t<a href=\"https:\/\/generousgenerations.org\/es\/get-involved\/\" target=\"_self\" role=\"button\" aria-label=\"COMPLICARSE\">\n\t\t\t\t\t\tCOMPLICARSE\n\t\t\t\t\t<\/a>\n<h2>\n\t\t\tallanar el camino\t<\/h2>\n\t\t\t\t\t\t<img decoding=\"async\" src=\"https:\/\/generousgenerations.org\/wp-content\/uploads\/2024\/03\/GG-Brand-Mark-Blue-400-trimmed-64.png\" alt=\"GG Brand Mark Blue 400 trimmed 64\" \/>\n\t<p>Movilizar a todas las generaciones a trav\u00e9s de experiencias de generosidad interactivas y allanar el camino para una vida de vida generosa. Al fomentar estos valores desde una edad temprana, damos a los ni\u00f1os oportunidades para su futuro. Al equipar a j\u00f3venes y adultos, les damos el poder para impartir estos valores a los dem\u00e1s.<\/p>\n\t<a href=\"https:\/\/generousgenerations.org\/es\/about\/#our-strategy\" target=\"_self\" role=\"button\" aria-label=\"CONOCE M\u00c1S SOBRE NUESTRA ESTRATEGIA\">\n\t\t\t\t\t\tCONOCE M\u00c1S SOBRE NUESTRA ESTRATEGIA\n\t\t\t\t\t<\/a>\n<figure itemscope itemtype=\"https:\/\/schema.org\/ImageObject\">\n\t\t\t\t<img decoding=\"async\" src=\"https:\/\/generousgenerations.org\/wp-content\/uploads\/2024\/05\/home-2.jpg\" alt=\"Senior man giving sandwich to his little grandson in park\" height=\"900\" width=\"900\" title=\"Hombre mayor dando s\u00e1ndwich a su nieto en el parque\" onerror=\"this.style.display='none'\" loading=\"lazy\" \/>\n\t<\/figure>\n<figure itemscope itemtype=\"https:\/\/schema.org\/ImageObject\">\n\t\t\t\t<img decoding=\"async\" src=\"https:\/\/generousgenerations.org\/wp-content\/uploads\/2024\/05\/home-3.jpg\" alt=\"Help Concept hands reaching out to help each other in dark tone\" height=\"900\" width=\"900\" title=\"Las manos de Help Concept se extienden para ayudarse mutuamente en tono oscuro.\" onerror=\"this.style.display='none'\" loading=\"lazy\" \/>\n\t<\/figure>\n<h2>\n\t\t\tInspirar y empoderar\t<\/h2>\n\t\t\t\t\t\t<img decoding=\"async\" src=\"https:\/\/generousgenerations.org\/wp-content\/uploads\/2024\/03\/GG-Brand-Mark-Blue-400-trimmed-64.png\" alt=\"GG Brand Mark Blue 400 trimmed 64\" \/>\n\t<p>Descubra c\u00f3mo puede convertirse en un Multiplicador de Generaciones Generosas y ayudar a orientar a los Dadores del Reino del ma\u00f1ana.<\/p>\n\t<a href=\"https:\/\/generousgenerations.org\/es\/resources\/multiplier-training\/\" target=\"_self\" role=\"button\" aria-label=\"APRENDE M\u00c1S SOBRE EL ENTRENAMIENTO MULTIPLICADOR\">\n\t\t\t\t\t\tAPRENDE M\u00c1S SOBRE EL ENTRENAMIENTO MULTIPLICADOR\n\t\t\t\t\t<\/a>\n<h2>\n\t\t\tTransformar Corazones\t<\/h2>\n\t\t\t\t\t\t<img decoding=\"async\" src=\"https:\/\/generousgenerations.org\/wp-content\/uploads\/2024\/03\/GG-Brand-Mark-Blue-400-trimmed-64.png\" alt=\"GG Brand Mark Blue 400 trimmed 64\" \/>\n\t<p>Descubra c\u00f3mo Generous Generations est\u00e1 dando forma a una generaci\u00f3n de ni\u00f1os, j\u00f3venes y familias compasivos, y fomentando una cultura de generosidad.<\/p>\n\t<a href=\"https:\/\/generousgenerations.org\/es\/stories-of-generosity\/\" target=\"_self\" role=\"button\" aria-label=\"VER UNA HISTORIA DE GENEROSIDAD\">\n\t\t\t\t\t\tVER UNA HISTORIA DE GENEROSIDAD\n\t\t\t\t\t<\/a>\n<figure itemscope itemtype=\"https:\/\/schema.org\/ImageObject\">\n\t\t\t\t<img decoding=\"async\" src=\"https:\/\/generousgenerations.org\/wp-content\/uploads\/2024\/05\/home-4.jpg\" alt=\"Donation concept - boy holding box with toys for donation, copy space, isolated\" height=\"900\" width=\"900\" title=\"Concepto de donaci\u00f3n: ni\u00f1o sosteniendo una caja con juguetes para donaci\u00f3n\" onerror=\"this.style.display='none'\" loading=\"lazy\" \/>\n\t<\/figure>\n<figure itemscope itemtype=\"https:\/\/schema.org\/ImageObject\">\n\t\t\t\t<img decoding=\"async\" src=\"https:\/\/generousgenerations.org\/wp-content\/uploads\/2024\/05\/home-5v2.jpg\" alt=\"home 5v2\" height=\"900\" width=\"900\" title=\"casa 5v2\" onerror=\"this.style.display='none'\" loading=\"lazy\" \/>\n\t<\/figure>\n<h2>\n\t\t\tAs\u00f3ciate con nosotros\t<\/h2>\n\t\t\t\t\t\t<img decoding=\"async\" src=\"https:\/\/generousgenerations.org\/wp-content\/uploads\/2024\/03\/GG-Brand-Mark-Blue-400-trimmed-64.png\" alt=\"GG Brand Mark Blue 400 trimmed 64\" \/>\n\t<p>\u00a1Todos pueden ser parte de Generaciones Generosas!<\/p>\n<ul>\n<li><strong>Orar<\/strong>: <a href=\"https:\/\/generousgenerations.org\/es\/contact\/\">Cont\u00e1ctenos<\/a> para obtener detalles sobre nuestra pr\u00f3xima reuni\u00f3n de oraci\u00f3n<\/li>\n<li><strong>Convi\u00e9rtete en un multiplicador<\/strong>: Un embajador u organizaci\u00f3n asociada<\/li>\n<li><strong>Voluntario<\/strong>: Ayude a traducir nuestros recursos a su idioma local<\/li>\n<li><strong>Donar<\/strong>:Ay\u00fadanos a cultivar a los Dadores del Ma\u00f1ana <a href=\"https:\/\/generousgenerations.org\/es\/donate\/\">donando<\/a> hoy.<\/li>\n<\/ul>\n\t<a href=\"https:\/\/generousgenerations.org\/es\/resources\/multiplier-training\/\" target=\"_self\" role=\"button\" aria-label=\"APRENDE M\u00c1S SOBRE EL ENTRENAMIENTO MULTIPLICADOR\">\n\t\t\t\t\t\tAPRENDE M\u00c1S SOBRE EL ENTRENAMIENTO MULTIPLICADOR\n\t\t\t\t\t<\/a>","protected":false},"excerpt":{"rendered":"<p>Who We Are Play Video What We Do Play Video Gen-G (Generous Generations) helps children and youth discover the joy of biblical generosity-because generosity isn&#8217;t just something you do, it&#8217;s who you become. We create creative, Bible-based discipleship experiences and training that are easy to lead in churches, schools, and homes-so young people don&#8217;t just &#8230; <a title=\"Home (new)\" class=\"read-more\" href=\"https:\/\/generousgenerations.org\/es\/home-new\/\" aria-label=\"Leer m\u00e1s sobre Home (new)\">Leer m\u00e1s<\/a><\/p>","protected":false},"author":1,"featured_media":0,"parent":0,"menu_order":0,"comment_status":"closed","ping_status":"closed","template":"","meta":{"_acf_changed":false,"give_campaign_id":0,"_seopress_robots_primary_cat":"","_seopress_titles_title":"","_seopress_titles_desc":"","_seopress_robots_index":"","footnotes":""},"class_list":["post-2439","page","type-page","status-publish"],"acf":[],"campaignId":"","_links":{"self":[{"href":"https:\/\/generousgenerations.org\/es\/wp-json\/wp\/v2\/pages\/2439","targetHints":{"allow":["GET"]}}],"collection":[{"href":"https:\/\/generousgenerations.org\/es\/wp-json\/wp\/v2\/pages"}],"about":[{"href":"https:\/\/generousgenerations.org\/es\/wp-json\/wp\/v2\/types\/page"}],"author":[{"embeddable":true,"href":"https:\/\/generousgenerations.org\/es\/wp-json\/wp\/v2\/users\/1"}],"replies":[{"embeddable":true,"href":"https:\/\/generousgenerations.org\/es\/wp-json\/wp\/v2\/comments?post=2439"}],"version-history":[{"count":4,"href":"https:\/\/generousgenerations.org\/es\/wp-json\/wp\/v2\/pages\/2439\/revisions"}],"predecessor-version":[{"id":2456,"href":"https:\/\/generousgenerations.org\/es\/wp-json\/wp\/v2\/pages\/2439\/revisions\/2456"}],"wp:attachment":[{"href":"https:\/\/generousgenerations.org\/es\/wp-json\/wp\/v2\/media?parent=2439"}],"curies":[{"name":"gracias","href":"https:\/\/api.w.org\/{rel}","templated":true}]}}