{"id":2457,"date":"2026-04-07T17:26:39","date_gmt":"2026-04-07T17:26:39","guid":{"rendered":"https:\/\/generousgenerations.org\/?page_id=2457"},"modified":"2026-04-09T14:13:28","modified_gmt":"2026-04-09T14:13:28","slug":"get-involved-new","status":"publish","type":"page","link":"https:\/\/generousgenerations.org\/es\/get-involved-new\/","title":{"rendered":"Get Involved (new)"},"content":{"rendered":"<h1>\n\t\t\tInvolucrarse\t<\/h1>\n\t\t\t\t\t\t<img decoding=\"async\" src=\"https:\/\/generousgenerations.org\/wp-content\/uploads\/2024\/03\/GG-Brand-Mark-Blue-400-trimmed-64.png\" alt=\"GG Brand Mark Blue 400 trimmed 64\" \/>\n\t<p>If you want children and youth to grow up with a Kingdom view of money, time, and talent, it won&#8217;t happen by accident &#8211; it takes discipleship.<\/p>\n<p>La forma m\u00e1s sencilla de participar es convertirse en un Multiplicador de Gen-G: utilice nuestros recursos listos para usar para dirigir Experiencias de Discipulado de la Generosidad (EDG) y aprenda a capacitar a otros para que hagan lo mismo. Las iglesias y los ministerios tambi\u00e9n pueden colaborar con Gen-G para ayudar a implementar el discipulado de la generosidad a gran escala.<\/p>\n<p>We&#8217;re always looking for volunteers too &#8211; especially for translations.<\/p>\n<p>\u00bfListo para empezar? <a href=\"https:\/\/generousgenerations.org\/es\/contact\/\">Cont\u00e1ctenos<\/a> and we&#8217;ll help you take your next step.<\/p>\n\t<em>\u201cLas ganancias del hombre bueno hacen avanzar la causa de la justicia\u2026\u201d<br \/>\n<\/em>Proverbios 10:16\n<h1>\n\t\t\tC\u00f3mo participar\t<\/h1>\n\t\t\t\t\t\t<img decoding=\"async\" src=\"https:\/\/generousgenerations.org\/wp-content\/uploads\/2024\/03\/GG-Brand-Mark-Blue-400-trimmed-64.png\" alt=\"GG Brand Mark Blue 400 trimmed 64\" \/>\n\t<p>Correct link needed for this video &#8211; placeholder only below.<\/p>\n\t<iframe allowfullscreen allow=\"autoplay\" data-src=\"https:\/\/www.youtube.com\/embed\/A7ZkZazfvao?feature=oembed&amp;start&amp;end&amp;wmode=opaque&amp;loop=0&amp;controls=1&amp;mute=0&amp;rel=0&amp;modestbranding=0\"><\/iframe>\t\t\n\t\t\t\t\tReproducir v\u00eddeo\n<figure itemscope itemtype=\"https:\/\/schema.org\/ImageObject\">\n\t\t\t\t<img decoding=\"async\" src=\"https:\/\/generousgenerations.org\/wp-content\/uploads\/2024\/05\/get-involved-1.jpg\" alt=\"get involved 1\" height=\"900\" width=\"900\" title=\"involucrarse 1\" onerror=\"this.style.display='none'\" loading=\"lazy\" \/>\n\t<\/figure>\n<h1>\n\t\t\tConvi\u00e9rtete en un multiplicador\t<\/h1>\n\t\t\t\t\t\t<img decoding=\"async\" src=\"https:\/\/generousgenerations.org\/wp-content\/uploads\/2024\/03\/GG-Brand-Mark-Blue-400-trimmed-64.png\" alt=\"GG Brand Mark Blue 400 trimmed 64\" \/>\n\t<h4><strong>Piensa en el Reino, no en el Imperio<\/strong><\/h4>\n<p>Multipliers are Kingdom-minded leaders who inspire others to live generously &#8211; starting in their homes, churches, and communities. They don&#8217;t build platforms. They build people.<\/p>\n<h4><strong>\u00bfQu\u00e9 hacen los multiplicadores?<\/strong><\/h4>\n<ul>\n<li>Viva la visi\u00f3n de Generaciones Generosas<\/li>\n<li>Capacitar a otros para liderar la Experiencia de Discipulado de Generosidad<\/li>\n<li>Empoderar a los j\u00f3venes para que crezcan como l\u00edderes del Reino<\/li>\n<li>Multiplicar la generosidad dondequiera que vayan<\/li>\n<\/ul>\n<h4><strong>\u00bfQui\u00e9n puede ser un multiplicador?<\/strong><\/h4>\n<p>Padres. Pastores. Maestros. Adolescentes. Entrenadores. Cualquiera dispuesto a crecer y liderar con prop\u00f3sito. No se requiere t\u00edtulo.<\/p>\n<h4><strong>Formar a los j\u00f3venes para que tambi\u00e9n se multipliquen<\/strong><\/h4>\n<p>We&#8217;re raising up a generation of young leaders who don&#8217;t wait for permission to lead &#8211; and we want you to help them get there.<\/p>\n<h4><strong>Equipamiento que se adapta a ti<\/strong><\/h4>\n<p>Our video-based training is free, flexible, and designed for real-life leaders. Just bring your yes &#8211; we&#8217;ll walk with you from there.<\/p>\n\t<a href=\"https:\/\/generousgenerations.org\/es\/resources\/multiplier-training\/\" target=\"_self\" role=\"button\" aria-label=\"Iniciar equipamiento multiplicador\">\n\t\t\t\t\t\tIniciar equipamiento multiplicador\n\t\t\t\t\t<\/a>\n<h1>\n\t\t\tPareja\t<\/h1>\n\t\t\t\t\t\t<img decoding=\"async\" src=\"https:\/\/generousgenerations.org\/wp-content\/uploads\/2024\/03\/GG-Brand-Mark-Blue-400-trimmed-64.png\" alt=\"GG Brand Mark Blue 400 trimmed 64\" \/>\n\t<p>Generous Generations colabora con redes como el Foro Global para la Infancia (GCF) y ReadySetGo para llevar el discipulado b\u00edblico de la generosidad m\u00e1s lejos y m\u00e1s r\u00e1pido. Estas alianzas de confianza nos ayudan a capacitar a l\u00edderes locales y llegar a m\u00e1s ni\u00f1os y j\u00f3venes en comunidades reales, de modo que el impacto se multiplica mucho m\u00e1s all\u00e1 de lo que podr\u00edamos lograr individualmente.<\/p>\n<h4>\n\t\t\tAlgunos de nuestros socios actuales\t<\/h4>\n<figure itemscope itemtype=\"https:\/\/schema.org\/ImageObject\">\n\t\t\t\t<img decoding=\"async\" src=\"https:\/\/generousgenerations.org\/wp-content\/uploads\/2024\/07\/GCF-t.png\" alt=\"GCF t\" height=\"500\" width=\"500\" title=\"FBC t\" onerror=\"this.style.display='none'\" loading=\"lazy\" \/>\n\t<\/figure>\n<figure itemscope itemtype=\"https:\/\/schema.org\/ImageObject\">\n\t\t\t\t<img decoding=\"async\" src=\"https:\/\/generousgenerations.org\/wp-content\/uploads\/2024\/07\/faithnet-t.png\" alt=\"faithnet t\" height=\"500\" width=\"500\" title=\"fenet t\" onerror=\"this.style.display='none'\" loading=\"lazy\" \/>\n\t<\/figure>\n<figure itemscope itemtype=\"https:\/\/schema.org\/ImageObject\">\n\t\t\t\t<img decoding=\"async\" src=\"https:\/\/generousgenerations.org\/wp-content\/uploads\/2024\/07\/suk-t.png\" alt=\"suk t\" height=\"500\" width=\"500\" title=\"suk t\" onerror=\"this.style.display='none'\" loading=\"lazy\" \/>\n\t<\/figure>\n<figure itemscope itemtype=\"https:\/\/schema.org\/ImageObject\">\n\t\t\t\t<img decoding=\"async\" src=\"https:\/\/generousgenerations.org\/wp-content\/uploads\/2024\/07\/rsg-t.png\" alt=\"rsg t\" height=\"500\" width=\"500\" title=\"rsg t\" onerror=\"this.style.display='none'\" loading=\"lazy\" \/>\n\t<\/figure>\n<figure itemscope itemtype=\"https:\/\/schema.org\/ImageObject\">\n\t\t\t\t<img decoding=\"async\" src=\"https:\/\/generousgenerations.org\/wp-content\/uploads\/2024\/07\/logosdor-t.png\" alt=\"logosdor t\" height=\"500\" width=\"500\" title=\"logosdor t\" onerror=\"this.style.display='none'\" loading=\"lazy\" \/>\n\t<\/figure>\n<figure itemscope itemtype=\"https:\/\/schema.org\/ImageObject\">\n\t\t\t\t<img decoding=\"async\" src=\"https:\/\/generousgenerations.org\/wp-content\/uploads\/2024\/07\/goplay-t.png\" alt=\"goplay t\" height=\"500\" width=\"500\" title=\"goplay t\" onerror=\"this.style.display='none'\" loading=\"lazy\" \/>\n\t<\/figure>\n<figure itemscope itemtype=\"https:\/\/schema.org\/ImageObject\">\n\t\t\t\t<img decoding=\"async\" src=\"https:\/\/generousgenerations.org\/wp-content\/uploads\/2024\/07\/rag-t.png\" alt=\"rag t\" height=\"500\" width=\"500\" title=\"trapo t\" onerror=\"this.style.display='none'\" loading=\"lazy\" \/>\n\t<\/figure>\n<figure itemscope itemtype=\"https:\/\/schema.org\/ImageObject\">\n\t\t\t\t<img decoding=\"async\" src=\"https:\/\/generousgenerations.org\/wp-content\/uploads\/2024\/07\/gen-church-t.png\" alt=\"gen church t\" height=\"500\" width=\"500\" title=\"iglesia gen t\" onerror=\"this.style.display='none'\" loading=\"lazy\" \/>\n\t<\/figure>\n<h4>\n\t\t\tTipos de asociaciones\t<\/h4>\n\t<p>Hay muchas maneras de asociarnos con Generous Generations, cada una de las cuales beneficia tanto a nuestros socios como a nuestra misi\u00f3n. Nuestros recursos son utilizados por iglesias, l\u00edderes ministeriales u organizacionales, padres, l\u00edderes juveniles y muchos m\u00e1s. Puedes unirte al movimiento de cualquiera de las siguientes formas:<\/p>\n<ul>\n<li><strong>Embajador<\/strong>: Alguien que ama la visi\u00f3n de Generaciones Generosas y quiere compartirla con ni\u00f1os, j\u00f3venes y adultos j\u00f3venes de su comunidad o pa\u00eds. Brindamos capacitaci\u00f3n continua a medida que producimos continuamente nuevos contenidos y recursos.<\/li>\n<li><strong>Organizaci\u00f3n asociada<\/strong>: Una organizaci\u00f3n que quiere asociarse con Generous Generations para implementar o integrar nuestros recursos en su comunidad o pa\u00eds. Ofrecemos capacitaci\u00f3n continua para respaldar el uso de nuestro contenido y recursos m\u00e1s recientes.<\/li>\n<li><strong>Asociaci\u00f3n financiera<\/strong>: Si la visi\u00f3n de cultivar a los dadores del Reino del ma\u00f1ana resuena en usted, considere asociarse financieramente con nosotros. Su apoyo tendr\u00e1 un impacto directo en nuestra misi\u00f3n y nos ayudar\u00e1 a ampliar nuestro alcance. \u00danase a nosotros en este viaje transformador visitando nuestro <a href=\"https:\/\/generousgenerations.org\/es\/donate\/\">Donar p\u00e1gina<\/a> para m\u00e1s informaci\u00f3n. Su asociaci\u00f3n financiera puede marcar una diferencia significativa. Juntos, podemos inspirar y equipar a la pr\u00f3xima generaci\u00f3n para que viva con generosidad.<\/li>\n<\/ul>\n\t<a href=\"https:\/\/generousgenerations.org\/es\/contact\/\" target=\"_self\" role=\"button\" aria-label=\"PONTE EN CONTACTO SOBRE ASOCIACI\u00d3N\">\n\t\t\t\t\t\tPONTE EN CONTACTO SOBRE ASOCIACI\u00d3N\n\t\t\t\t\t<\/a>\n<figure itemscope itemtype=\"https:\/\/schema.org\/ImageObject\">\n\t\t\t\t<img decoding=\"async\" src=\"https:\/\/generousgenerations.org\/wp-content\/uploads\/2024\/05\/get-involved-4.jpg\" alt=\"Earth against happy friends in the park lying in circle\" height=\"900\" width=\"900\" title=\"Tierra contra amigos felices en el parque en c\u00edrculo\" onerror=\"this.style.display='none'\" loading=\"lazy\" \/>\n\t<\/figure>\n<h1>\n\t\t\tVoluntario\t<\/h1>\n\t\t\t\t\t\t<img decoding=\"async\" src=\"https:\/\/generousgenerations.org\/wp-content\/uploads\/2024\/03\/GG-Brand-Mark-Blue-400-trimmed-64.png\" alt=\"GG Brand Mark Blue 400 trimmed 64\" \/>\n\t<p>El contenido ir\u00e1 aqu\u00ed.<\/p>\n<figure itemscope itemtype=\"https:\/\/schema.org\/ImageObject\">\n\t\t\t\t<img decoding=\"async\" src=\"https:\/\/generousgenerations.org\/wp-content\/plugins\/bb-plugin\/img\/pixel.png\" alt=\"\" onerror=\"this.style.display='none'\" loading=\"lazy\" \/>\n\t<\/figure>\n<figure itemscope itemtype=\"https:\/\/schema.org\/ImageObject\">\n\t\t\t\t<img decoding=\"async\" src=\"https:\/\/generousgenerations.org\/wp-content\/uploads\/2024\/05\/get-involved-2.jpg\" alt=\"Earth planet in human hands. Elements of this image are furnished by NASA\" height=\"900\" width=\"900\" title=\"Nuestro planeta necesita cuidado y amor. T\u00e9cnica mixta\" onerror=\"this.style.display='none'\" loading=\"lazy\" \/>\n\t<\/figure>\n<h1>\n\t\t\tOrar\t<\/h1>\n\t\t\t\t\t\t<img decoding=\"async\" src=\"https:\/\/generousgenerations.org\/wp-content\/uploads\/2024\/03\/GG-Brand-Mark-Blue-400-trimmed-64.png\" alt=\"GG Brand Mark Blue 400 trimmed 64\" \/>\n\t<p>Ora con nosotros por el trabajo de Generaciones Generosas. Discipular a diversas generaciones para que comprendan y vivan vidas generosas comienza con un cambio de <strong>mente<\/strong>, provoca un cambio de <strong>coraz\u00f3n<\/strong>, y da como resultado <strong>manos<\/strong> que dan. Este estilo de vida desaf\u00eda directamente la narrativa consumista y reconocemos que este mensaje cambiar\u00e1 profundamente los corazones, las familias y las culturas.<\/p>\n<p>Suscr\u00edbase a nuestro bolet\u00edn a continuaci\u00f3n para mantenerse conectado.<\/p>\n\t<form action=\"https:\/\/generousgenerations.org\/es\/wp-json\/ws-form\/v1\/submit\" class=\"wsf-form wsf-form-canvas\" id=\"ws-form-1\" data-id=\"1\" method=\"POST\" data-instance-id=\"1\" data-wsf-style-id=\"1\" data-trp-original-action=\"https:\/\/generousgenerations.org\/es\/wp-json\/ws-form\/v1\/submit\"><input type=\"hidden\" name=\"trp-form-language\" value=\"es\"\/><\/form>","protected":false},"excerpt":{"rendered":"<p>Get involved If you want children and youth to grow up with a Kingdom view of money, time, and talent, it won&#8217;t happen by accident &#8211; it takes discipleship. The simplest way to get involved is to become a Gen-G Multiplier: use our ready-to-lead resources to run Generosity Discipleship Experiences (GDEs), and learn how to &#8230; <a title=\"Get Involved (new)\" class=\"read-more\" href=\"https:\/\/generousgenerations.org\/es\/get-involved-new\/\" aria-label=\"Leer m\u00e1s sobre Get Involved (new)\">Leer m\u00e1s<\/a><\/p>","protected":false},"author":1,"featured_media":0,"parent":0,"menu_order":0,"comment_status":"closed","ping_status":"closed","template":"","meta":{"_acf_changed":false,"give_campaign_id":0,"_seopress_robots_primary_cat":"","_seopress_titles_title":"","_seopress_titles_desc":"","_seopress_robots_index":"","footnotes":""},"class_list":["post-2457","page","type-page","status-publish"],"acf":[],"campaignId":"","_links":{"self":[{"href":"https:\/\/generousgenerations.org\/es\/wp-json\/wp\/v2\/pages\/2457","targetHints":{"allow":["GET"]}}],"collection":[{"href":"https:\/\/generousgenerations.org\/es\/wp-json\/wp\/v2\/pages"}],"about":[{"href":"https:\/\/generousgenerations.org\/es\/wp-json\/wp\/v2\/types\/page"}],"author":[{"embeddable":true,"href":"https:\/\/generousgenerations.org\/es\/wp-json\/wp\/v2\/users\/1"}],"replies":[{"embeddable":true,"href":"https:\/\/generousgenerations.org\/es\/wp-json\/wp\/v2\/comments?post=2457"}],"version-history":[{"count":4,"href":"https:\/\/generousgenerations.org\/es\/wp-json\/wp\/v2\/pages\/2457\/revisions"}],"predecessor-version":[{"id":2477,"href":"https:\/\/generousgenerations.org\/es\/wp-json\/wp\/v2\/pages\/2457\/revisions\/2477"}],"wp:attachment":[{"href":"https:\/\/generousgenerations.org\/es\/wp-json\/wp\/v2\/media?parent=2457"}],"curies":[{"name":"gracias","href":"https:\/\/api.w.org\/{rel}","templated":true}]}}