{"id":581,"date":"2024-04-26T12:36:33","date_gmt":"2024-04-26T12:36:33","guid":{"rendered":"https:\/\/gg.perfectlydigital.dev\/?page_id=581"},"modified":"2024-05-27T12:29:04","modified_gmt":"2024-05-27T12:29:04","slug":"privacy","status":"publish","type":"page","link":"https:\/\/generousgenerations.org\/es\/privacy\/","title":{"rendered":"Privacidad"},"content":{"rendered":"<h1>\n\t\tPrivacidad\n\t<\/h1>\n\t\t\t\t\t\t<img decoding=\"async\" src=\"https:\/\/generousgenerations.org\/wp-content\/uploads\/2024\/03\/GG-Brand-Mark-Blue-400-trimmed-64.png\" alt=\"GG Brand Mark Blue 400 trimmed 64\" \/>\n\t<p>La privacidad importa, pero puede resultar confusa. Esta p\u00e1gina explica nuestro enfoque sobre la privacidad y c\u00f3mo le afecta.<\/p>\n<h4>Version corta<\/h4>\n<p>Recopilamos estad\u00edsticas an\u00f3nimas sobre su visita, como cu\u00e1l de nuestras p\u00e1ginas visit\u00f3.<\/p>\n<p>Es posible que algunos terceros, como Facebook, sepan que has visitado este sitio web si utilizas sus servicios. No podemos controlarlos, pero no creemos que este conocimiento suponga una amenaza para ti.<\/p>\n<p>Si se registra con nosotros, nos esforzamos mucho en mantener su informaci\u00f3n segura y nunca la compartiremos con otras personas sin su permiso expreso.<\/p>\n<p>Nunca compartimos sus datos con terceros, excepto para ayudarnos a brindar nuestros propios servicios.<\/p>\n<p>Estos son s\u00f3lo los puntos clave. Si necesitas m\u00e1s detalles, sigue leyendo.<\/p>\n<h4>Midiendo a nuestros visitantes<\/h4>\n<p>Medimos los visitantes de nuestro sitio web mediante Google Analytics. Esto registra qu\u00e9 p\u00e1ginas ve dentro de nuestro sitio, c\u00f3mo lleg\u00f3 a nuestro sitio y cierta informaci\u00f3n b\u00e1sica sobre su computadora. Toda esa informaci\u00f3n es an\u00f3nima, por lo que no sabemos qui\u00e9n es usted; solo que alguien visit\u00f3 nuestro sitio.<\/p>\n<p>La informaci\u00f3n que recopilamos de los an\u00e1lisis nos ayuda a comprender qu\u00e9 partes de nuestros sitios funcionan bien, c\u00f3mo llegan las personas a nuestro sitio, etc. Como la mayor\u00eda de los sitios web, utilizamos esta informaci\u00f3n para mejorar nuestro sitio web.<\/p>\n<p>Puede <a href=\"https:\/\/support.google.com\/analytics\/answer\/6004245\" target=\"_blank\" rel=\"noopener\">Obtenga m\u00e1s informaci\u00f3n sobre Google Analytics aqu\u00ed<\/a>.<\/p>\n<h4>Contenido incrustado de otros sitios web<\/h4>\n<p>El contenido de este sitio puede incluir contenido incrustado (por ejemplo, v\u00eddeos, im\u00e1genes, art\u00edculos, etc.). El contenido incrustado de otros sitios web se comporta exactamente de la misma manera que si el visitante hubiera visitado el sitio web de origen.<\/p>\n<p>Estos sitios web pueden recopilar datos sobre usted, utilizar cookies, incorporar seguimiento adicional de terceros y monitorear su interacci\u00f3n con ese contenido incrustado, incluido el seguimiento de su interacci\u00f3n con el contenido incrustado si tiene una cuenta y ha iniciado sesi\u00f3n en ese sitio web.<\/p>\n<h4>Anuncios y enlaces patrocinados<\/h4>\n<p>Este sitio web no contiene enlaces patrocinados ni publicidad.<\/p>\n<h4>Descargas y archivos multimedia<\/h4>\n<p>Cualquier documento, archivo o medio descargable disponible en este sitio web se le proporciona bajo su propia responsabilidad. Si bien se han tomado todas las precauciones para garantizar que solo est\u00e9n disponibles descargas originales, se recomienda verificar su autenticidad utilizando software antivirus de terceros o aplicaciones similares.<\/p>\n<p>No aceptamos ninguna responsabilidad por las descargas de terceros y las descargas proporcionadas por sitios web externos de terceros. Le recomendamos que verifique su autenticidad utilizando software antivirus de terceros o aplicaciones similares.<\/p>\n<h4>Si te registras en un servicio<\/h4>\n<p>Cuando se registra en cualquiera de nuestros servicios (por ejemplo, se registra en la lista de correo), registraremos informaci\u00f3n personal espec\u00edfica sobre usted, como su nombre y direcci\u00f3n de correo electr\u00f3nico.<\/p>\n<h4>Correos electr\u00f3nicos<\/h4>\n<p>Podemos enviarle notificaciones por correo electr\u00f3nico que haya solicitado espec\u00edficamente (como boletines informativos o notificaciones). Usted tiene la posibilidad de optar por no recibir esta comunicaci\u00f3n en cualquier momento.<\/p>\n<p>Nunca proporcionaremos su informaci\u00f3n personal o direcci\u00f3n de correo electr\u00f3nico a terceros, excepto cuando sean empleados espec\u00edficamente para ayudar a brindar nuestros propios servicios, como se detalla anteriormente.<\/p>\n<h4>Seguridad<\/h4>\n<p>Tomamos muchas precauciones para evitar la p\u00e9rdida, mal uso o alteraci\u00f3n de su informaci\u00f3n personal. Estas precauciones incluyen:<\/p>\n<ul>\n<li>Uso de cifrado SSL para todo el contenido de la p\u00e1gina y cualquier dato recopilado<\/li>\n<li>Hardware almacenado en centros de datos seguros detr\u00e1s de firewalls<\/li>\n<li>Todo acceso a la informaci\u00f3n restringido por contrase\u00f1a y\/o clave segura<\/li>\n<li>Restricciones sobre la informaci\u00f3n a la que se puede acceder a trav\u00e9s de cualquier ubicaci\u00f3n<\/li>\n<\/ul>\n<p>Si bien ponemos mucho cuidado en garantizar que la informaci\u00f3n confidencial permanezca protegida, no podemos garantizar la seguridad de los datos enviados a trav\u00e9s de Internet.<\/p>\n<h4>Actualizaciones de esta pol\u00edtica<\/h4>\n<p>Es posible que actualicemos esta pol\u00edtica de privacidad de vez en cuando, especialmente a medida que cambia la tecnolog\u00eda. Siempre puedes consultar esta p\u00e1gina para obtener la \u00faltima versi\u00f3n. Tambi\u00e9n podemos notificarle sobre cambios en nuestra pol\u00edtica de privacidad por correo electr\u00f3nico.<\/p>","protected":false},"excerpt":{"rendered":"<p>La privacidad importa, pero puede resultar confusa. Esta p\u00e1gina explica nuestro enfoque sobre la privacidad y c\u00f3mo le afecta.<\/p>","protected":false},"author":1,"featured_media":0,"parent":0,"menu_order":0,"comment_status":"closed","ping_status":"closed","template":"","meta":{"_acf_changed":false,"give_campaign_id":0,"_seopress_robots_primary_cat":"","_seopress_titles_title":"Privacy | Generous Generations","_seopress_titles_desc":"Privacy matters, but it can be confusing. This page explains our approach to privacy and how it affects you.","_seopress_robots_index":"","footnotes":""},"class_list":["post-581","page","type-page","status-publish"],"acf":[],"campaignId":"","_links":{"self":[{"href":"https:\/\/generousgenerations.org\/es\/wp-json\/wp\/v2\/pages\/581","targetHints":{"allow":["GET"]}}],"collection":[{"href":"https:\/\/generousgenerations.org\/es\/wp-json\/wp\/v2\/pages"}],"about":[{"href":"https:\/\/generousgenerations.org\/es\/wp-json\/wp\/v2\/types\/page"}],"author":[{"embeddable":true,"href":"https:\/\/generousgenerations.org\/es\/wp-json\/wp\/v2\/users\/1"}],"replies":[{"embeddable":true,"href":"https:\/\/generousgenerations.org\/es\/wp-json\/wp\/v2\/comments?post=581"}],"version-history":[{"count":0,"href":"https:\/\/generousgenerations.org\/es\/wp-json\/wp\/v2\/pages\/581\/revisions"}],"wp:attachment":[{"href":"https:\/\/generousgenerations.org\/es\/wp-json\/wp\/v2\/media?parent=581"}],"curies":[{"name":"gracias","href":"https:\/\/api.w.org\/{rel}","templated":true}]}}