{"id":583,"date":"2024-04-26T12:36:52","date_gmt":"2024-04-26T12:36:52","guid":{"rendered":"https:\/\/gg.perfectlydigital.dev\/?page_id=583"},"modified":"2024-05-27T12:31:09","modified_gmt":"2024-05-27T12:31:09","slug":"terms-and-conditions","status":"publish","type":"page","link":"https:\/\/generousgenerations.org\/es\/terms-and-conditions\/","title":{"rendered":"T\u00e9rminos y condiciones"},"content":{"rendered":"<h1>\n\t\tT\u00e9rminos y condiciones\n\t<\/h1>\n\t\t\t\t\t\t<img decoding=\"async\" src=\"https:\/\/generousgenerations.org\/wp-content\/uploads\/2024\/03\/GG-Brand-Mark-Blue-400-trimmed-64.png\" alt=\"GG Brand Mark Blue 400 trimmed 64\" \/>\n\t<h4>\u00bfQu\u00e9 hay en estos t\u00e9rminos?<\/h4>\n<p>Estos t\u00e9rminos le indican las reglas para usar nuestro sitio web https:\/\/generousgenerations.org (nuestro sitio).<\/p>\n<h4>Al utilizar nuestro sitio usted acepta estos t\u00e9rminos<\/h4>\n<p>Al utilizar nuestro sitio, usted confirma que acepta estos t\u00e9rminos y que acepta cumplirlos. Si no est\u00e1 de acuerdo con estos t\u00e9rminos, no debe utilizar nuestro sitio.<\/p>\n<h4>Hay otros t\u00e9rminos que se aplican a usted<\/h4>\n<p>Estos t\u00e9rminos se refieren a los siguientes t\u00e9rminos adicionales, que tambi\u00e9n se aplican a su uso de nuestro sitio:<\/p>\n<ul>\n<li>Nuestro <a href=\"https:\/\/generousgenerations.org\/es\/privacy\/\">pol\u00edtica de privacidad<\/a> (ver m\u00e1s en C\u00f3mo podemos usar su informaci\u00f3n personal).<\/li>\n<li>Nuestro <a href=\"https:\/\/generousgenerations.org\/es\/cookies\/\">Pol\u00edtica de cookies<\/a> (Esto establece informaci\u00f3n sobre las cookies en nuestro sitio).<\/li>\n<\/ul>\n<h4>Podemos hacer cambios a estos t\u00e9rminos.<\/h4>\n<p>Modificamos estos t\u00e9rminos de vez en cuando. Cada vez que desee utilizar nuestro sitio, verifique estos t\u00e9rminos para asegurarse de comprender los t\u00e9rminos que se aplican en ese momento.<\/p>\n<h4>Podemos realizar cambios en nuestro sitio.<\/h4>\n<p>Podemos actualizar y cambiar nuestro sitio de vez en cuando.<\/p>\n<h4>Podemos suspender o retirar nuestro sitio.<\/h4>\n<p>Nuestro sitio est\u00e1 disponible de forma gratuita.<\/p>\n<p>No garantizamos que nuestro sitio, o cualquier contenido del mismo, est\u00e9 siempre disponible. Podemos suspender, retirar o restringir la disponibilidad de todo o parte de nuestro sitio por razones operativas.<\/p>\n<p>Tambi\u00e9n es responsable de garantizar que todas las personas que accedan a nuestro sitio a trav\u00e9s de su conexi\u00f3n a Internet conozcan todos los t\u00e9rminos y condiciones aplicables y los cumplan.<\/p>\n<h4>No conf\u00ede en la informaci\u00f3n de este sitio<\/h4>\n<p>Aunque hacemos esfuerzos razonables para actualizar la informaci\u00f3n de nuestro sitio, no hacemos ninguna declaraci\u00f3n ni garant\u00eda, ya sea expresa o impl\u00edcita, de que el contenido de nuestro sitio sea preciso, completo o est\u00e9 actualizado.<\/p>\n<h4>No somos responsables de los sitios web a los que enlazamos.<\/h4>\n<p>Cuando nuestro sitio contiene enlaces a otros sitios y recursos proporcionados por terceros, estos enlaces se proporcionan \u00fanicamente para su informaci\u00f3n. Dichos enlaces no deben interpretarse como nuestra aprobaci\u00f3n de esos sitios web vinculados o de la informaci\u00f3n que usted pueda obtener de ellos.<\/p>\n<p>No tenemos control sobre el contenido de esos sitios o recursos.<\/p>\n<h4>C\u00f3mo podemos utilizar su informaci\u00f3n personal<\/h4>\n<p>S\u00f3lo utilizaremos su informaci\u00f3n personal como se establece en nuestra <a href=\"https:\/\/generousgenerations.org\/es\/privacy\/\">pol\u00edtica de privacidad<\/a>.<\/p>\n<h4>No somos responsables de los virus y no debes introducirlos.<\/h4>\n<p>No garantizamos que nuestro sitio sea seguro o est\u00e9 libre de errores o virus.<\/p>\n<p>Usted es responsable de configurar su tecnolog\u00eda de la informaci\u00f3n, sus programas inform\u00e1ticos y su plataforma para acceder a nuestro sitio. Debe utilizar su propio software de protecci\u00f3n antivirus.<\/p>\n<p>No debe hacer un mal uso de nuestro sitio introduciendo deliberadamente virus, troyanos, gusanos, bombas l\u00f3gicas u otro material que sea malicioso o tecnol\u00f3gicamente da\u00f1ino. No debe intentar obtener acceso no autorizado a nuestro sitio, al servidor en el que est\u00e1 almacenado nuestro sitio ni a ning\u00fan servidor, computadora o base de datos conectada a nuestro sitio. No debe atacar nuestro sitio mediante un ataque de denegaci\u00f3n de servicio o un ataque distribuido de denegaci\u00f3n de servicio. Al incumplir esta disposici\u00f3n, cometer\u00eda un delito penal seg\u00fan la Ley de uso indebido de computadoras de 1990. Informaremos de cualquier incumplimiento de este tipo a las autoridades policiales pertinentes y cooperaremos con dichas autoridades revel\u00e1ndoles su identidad. En caso de tal incumplimiento, su derecho a utilizar nuestro sitio cesar\u00e1 inmediatamente.<\/p>\n<h4>Reglas sobre enlaces a nuestro sitio<\/h4>\n<p>Puede vincular a nuestra p\u00e1gina de inicio, siempre que lo haga de manera justa y legal y no da\u00f1e nuestra reputaci\u00f3n ni se aproveche de ella.<\/p>\n<p>No debe establecer un v\u00ednculo de tal manera que sugiera cualquier forma de asociaci\u00f3n, aprobaci\u00f3n o respaldo por nuestra parte cuando no exista ninguno.<\/p>\n<p>No debe establecer un enlace a nuestro sitio en ning\u00fan sitio web que no sea de su propiedad.<\/p>\n<p>Nuestro sitio no debe estar enmarcado en ning\u00fan otro sitio, ni usted puede crear un enlace a ninguna parte de nuestro sitio que no sea la p\u00e1gina de inicio.<\/p>\n<p>Nos reservamos el derecho de retirar el permiso de vinculaci\u00f3n sin previo aviso.<\/p>","protected":false},"excerpt":{"rendered":"<p>\u00bfQu\u00e9 contienen estos t\u00e9rminos? Estos t\u00e9rminos le indican las reglas para utilizar nuestro sitio web.<\/p>","protected":false},"author":1,"featured_media":0,"parent":0,"menu_order":0,"comment_status":"closed","ping_status":"closed","template":"","meta":{"_acf_changed":false,"give_campaign_id":0,"_seopress_robots_primary_cat":"","_seopress_titles_title":"Terms and Conditions | Generous Generations","_seopress_titles_desc":"What is in these terms? These terms tell you the rules for using our website.","_seopress_robots_index":"","footnotes":""},"class_list":["post-583","page","type-page","status-publish"],"acf":[],"campaignId":"","_links":{"self":[{"href":"https:\/\/generousgenerations.org\/es\/wp-json\/wp\/v2\/pages\/583","targetHints":{"allow":["GET"]}}],"collection":[{"href":"https:\/\/generousgenerations.org\/es\/wp-json\/wp\/v2\/pages"}],"about":[{"href":"https:\/\/generousgenerations.org\/es\/wp-json\/wp\/v2\/types\/page"}],"author":[{"embeddable":true,"href":"https:\/\/generousgenerations.org\/es\/wp-json\/wp\/v2\/users\/1"}],"replies":[{"embeddable":true,"href":"https:\/\/generousgenerations.org\/es\/wp-json\/wp\/v2\/comments?post=583"}],"version-history":[{"count":0,"href":"https:\/\/generousgenerations.org\/es\/wp-json\/wp\/v2\/pages\/583\/revisions"}],"wp:attachment":[{"href":"https:\/\/generousgenerations.org\/es\/wp-json\/wp\/v2\/media?parent=583"}],"curies":[{"name":"gracias","href":"https:\/\/api.w.org\/{rel}","templated":true}]}}