{"id":63,"date":"2022-11-28T16:16:45","date_gmt":"2022-11-28T16:16:45","guid":{"rendered":"https:\/\/generate.perfectlydigital.dev\/?page_id=63"},"modified":"2026-04-07T14:24:51","modified_gmt":"2026-04-07T14:24:51","slug":"home","status":"publish","type":"page","link":"https:\/\/generousgenerations.org\/es\/","title":{"rendered":"Hogar"},"content":{"rendered":"<h1>Descubre un<br \/>\n<strong>-Mundo<\/strong><strong>\u2013<\/strong><br \/>\nde generosidad<\/h1>\n\t<a href=\"https:\/\/generousgenerations.org\/es\/about\/\" target=\"_self\" role=\"button\" aria-label=\"SABER M\u00c1S\">\n\t\t\t\t\t\tSABER M\u00c1S\n\t\t\t\t\t<\/a>\n\t<a href=\"https:\/\/generousgenerations.org\/es\/resources\/\" target=\"_self\" role=\"button\" aria-label=\"VER RECURSOS\">\n\t\t\t\t\t\tVER RECURSOS\n\t\t\t\t\t<\/a>\n\tGeneraciones Generosas crea<br \/>\nExperiencias de discipulado de generosidad<br \/>\nPara los ni\u00f1os y j\u00f3venes de hoy.\n<p>Vivir generosamente, empezando joven.<\/p>\n\t<em>\u201cInstruye al ni\u00f1o en el camino que debe seguir, y aun cuando sea viejo no se apartar\u00e1 de \u00e9l.\u201d<\/em><br \/>\nProverbios 22:6 NVI\n\t\n<h2>\n\t\t\tExperiencia de Discipulado de Generosidad (EDG)\t<\/h2>\n\t\t\t\t\t\t<img decoding=\"async\" src=\"https:\/\/generousgenerations.org\/wp-content\/uploads\/2024\/03\/GG-Brand-Mark-Blue-400-trimmed-64.png\" alt=\"GG Brand Mark Blue 400 trimmed 64\" \/>\n\t<p>Descubra c\u00f3mo nuestros recursos ayudan a discipular a ni\u00f1os, j\u00f3venes, adultos j\u00f3venes y adultos a trav\u00e9s de Procesos de Discipulado de Generosidad (PIB) de libre acceso y con los que se pueden identificar y descubrir la propia historia de generosidad de su familia.<\/p>\n\t<a href=\"https:\/\/generousgenerations.org\/es\/resources\/\" target=\"_self\" role=\"button\" aria-label=\"Explora las experiencias de discipulado de generosidad (EDG)\">\n\t\t\t\t\t\tExplora las experiencias de discipulado de generosidad (EDG)\n\t\t\t\t\t<\/a>\n<figure itemscope itemtype=\"https:\/\/schema.org\/ImageObject\">\n\t\t\t\t<img decoding=\"async\" src=\"https:\/\/generousgenerations.org\/wp-content\/uploads\/2024\/05\/home-1.jpg\" alt=\"Happy African American family reading The Bible.\" height=\"900\" width=\"900\" title=\"Familia multicultural afroamericana leyendo la Biblia.\" onerror=\"this.style.display='none'\" loading=\"lazy\" \/>\n\t<\/figure>\n<figure itemscope itemtype=\"https:\/\/schema.org\/ImageObject\">\n\t\t\t\t<img decoding=\"async\" src=\"https:\/\/generousgenerations.org\/wp-content\/uploads\/2024\/05\/home-2.jpg\" alt=\"Senior man giving sandwich to his little grandson in park\" height=\"900\" width=\"900\" title=\"Hombre mayor dando s\u00e1ndwich a su nieto en el parque\" onerror=\"this.style.display='none'\" loading=\"lazy\" \/>\n\t<\/figure>\n<h2>\n\t\t\tallanar el camino\t<\/h2>\n\t\t\t\t\t\t<img decoding=\"async\" src=\"https:\/\/generousgenerations.org\/wp-content\/uploads\/2024\/03\/GG-Brand-Mark-Blue-400-trimmed-64.png\" alt=\"GG Brand Mark Blue 400 trimmed 64\" \/>\n\t<p>Movilizar a todas las generaciones a trav\u00e9s de experiencias de generosidad interactivas y allanar el camino para una vida de vida generosa. Al fomentar estos valores desde una edad temprana, damos a los ni\u00f1os oportunidades para su futuro. Al equipar a j\u00f3venes y adultos, les damos el poder para impartir estos valores a los dem\u00e1s.<\/p>\n\t<a href=\"https:\/\/generousgenerations.org\/es\/about\/#our-strategy\" target=\"_self\" role=\"button\" aria-label=\"CONOCE M\u00c1S SOBRE NUESTRA ESTRATEGIA\">\n\t\t\t\t\t\tCONOCE M\u00c1S SOBRE NUESTRA ESTRATEGIA\n\t\t\t\t\t<\/a>\n<h2>\n\t\t\tInspirar y empoderar\t<\/h2>\n\t\t\t\t\t\t<img decoding=\"async\" src=\"https:\/\/generousgenerations.org\/wp-content\/uploads\/2024\/03\/GG-Brand-Mark-Blue-400-trimmed-64.png\" alt=\"GG Brand Mark Blue 400 trimmed 64\" \/>\n\t<p>Descubra c\u00f3mo puede convertirse en un Multiplicador de Generaciones Generosas y ayudar a orientar a los Dadores del Reino del ma\u00f1ana.<\/p>\n\t<a href=\"https:\/\/generousgenerations.org\/es\/resources\/multiplier-training\/\" target=\"_self\" role=\"button\" aria-label=\"APRENDE M\u00c1S SOBRE EL ENTRENAMIENTO MULTIPLICADOR\">\n\t\t\t\t\t\tAPRENDE M\u00c1S SOBRE EL ENTRENAMIENTO MULTIPLICADOR\n\t\t\t\t\t<\/a>\n<figure itemscope itemtype=\"https:\/\/schema.org\/ImageObject\">\n\t\t\t\t<img decoding=\"async\" src=\"https:\/\/generousgenerations.org\/wp-content\/uploads\/2024\/05\/home-3.jpg\" alt=\"Help Concept hands reaching out to help each other in dark tone\" height=\"900\" width=\"900\" title=\"Las manos de Help Concept se extienden para ayudarse mutuamente en tono oscuro.\" onerror=\"this.style.display='none'\" loading=\"lazy\" \/>\n\t<\/figure>\n<figure itemscope itemtype=\"https:\/\/schema.org\/ImageObject\">\n\t\t\t\t<img decoding=\"async\" src=\"https:\/\/generousgenerations.org\/wp-content\/uploads\/2024\/05\/home-4.jpg\" alt=\"Donation concept - boy holding box with toys for donation, copy space, isolated\" height=\"900\" width=\"900\" title=\"Concepto de donaci\u00f3n: ni\u00f1o sosteniendo una caja con juguetes para donaci\u00f3n\" onerror=\"this.style.display='none'\" loading=\"lazy\" \/>\n\t<\/figure>\n<h2>\n\t\t\tTransformar Corazones\t<\/h2>\n\t\t\t\t\t\t<img decoding=\"async\" src=\"https:\/\/generousgenerations.org\/wp-content\/uploads\/2024\/03\/GG-Brand-Mark-Blue-400-trimmed-64.png\" alt=\"GG Brand Mark Blue 400 trimmed 64\" \/>\n\t<p>Descubra c\u00f3mo Generous Generations est\u00e1 dando forma a una generaci\u00f3n de ni\u00f1os, j\u00f3venes y familias compasivos, y fomentando una cultura de generosidad.<\/p>\n\t<a href=\"https:\/\/generousgenerations.org\/es\/stories-of-generosity\/\" target=\"_self\" role=\"button\" aria-label=\"VER UNA HISTORIA DE GENEROSIDAD\">\n\t\t\t\t\t\tVER UNA HISTORIA DE GENEROSIDAD\n\t\t\t\t\t<\/a>\n<h2>\n\t\t\tAs\u00f3ciate con nosotros\t<\/h2>\n\t\t\t\t\t\t<img decoding=\"async\" src=\"https:\/\/generousgenerations.org\/wp-content\/uploads\/2024\/03\/GG-Brand-Mark-Blue-400-trimmed-64.png\" alt=\"GG Brand Mark Blue 400 trimmed 64\" \/>\n\t<p>\u00a1Todos pueden ser parte de Generaciones Generosas!<\/p>\n<ul>\n<li><strong>Orar<\/strong>: <a href=\"https:\/\/generousgenerations.org\/es\/contact\/\">Cont\u00e1ctenos<\/a> para obtener detalles sobre nuestra pr\u00f3xima reuni\u00f3n de oraci\u00f3n<\/li>\n<li><strong>Convi\u00e9rtete en un multiplicador<\/strong>: Un embajador u organizaci\u00f3n asociada<\/li>\n<li><strong>Voluntario<\/strong>: Ayude a traducir nuestros recursos a su idioma local<\/li>\n<li><strong>Donar<\/strong>:Ay\u00fadanos a cultivar a los Dadores del Ma\u00f1ana <a href=\"https:\/\/generousgenerations.org\/es\/donate\/\">donando<\/a> hoy.<\/li>\n<\/ul>\n\t<a href=\"https:\/\/generousgenerations.org\/es\/resources\/multiplier-training\/\" target=\"_self\" role=\"button\" aria-label=\"APRENDE M\u00c1S SOBRE EL ENTRENAMIENTO MULTIPLICADOR\">\n\t\t\t\t\t\tAPRENDE M\u00c1S SOBRE EL ENTRENAMIENTO MULTIPLICADOR\n\t\t\t\t\t<\/a>\n<figure itemscope itemtype=\"https:\/\/schema.org\/ImageObject\">\n\t\t\t\t<img decoding=\"async\" src=\"https:\/\/generousgenerations.org\/wp-content\/uploads\/2024\/05\/home-5v2.jpg\" alt=\"home 5v2\" height=\"900\" width=\"900\" title=\"casa 5v2\" onerror=\"this.style.display='none'\" loading=\"lazy\" \/>\n\t<\/figure>\n<h2>\n\t\t\tdonde nos enfocamos\t<\/h2>\n\t\t\t\t\t\t<img decoding=\"async\" src=\"https:\/\/generousgenerations.org\/wp-content\/uploads\/2024\/03\/GG-Brand-Mark-Blue-400-trimmed-64.png\" alt=\"GG Brand Mark Blue 400 trimmed 64\" \/>\n\t<p>Trabajamos con una variedad de grupos de edades para inspirar, equipar y facilitar la generosidad. Haga clic en los paneles a continuaci\u00f3n para obtener m\u00e1s informaci\u00f3n sobre los recursos para cada generaci\u00f3n.<\/p>\n\t<a href=\"https:\/\/generousgenerations.org\/es\/resources\/children\/\" target=\"_self\" role=\"button\" aria-label=\"Ni\u00f1os\">\n\t\t\t\t\t\tNi\u00f1os\n\t\t\t\t\t<\/a>\n\t<a href=\"#\" target=\"_self\" role=\"button\" aria-label=\"Juventud\">\n\t\t\t\tPr\u00f3ximamente, j\u00f3venes\n\t\t\t\t\t<\/a>\n\t<a href=\"#\" target=\"_self\" role=\"button\" aria-label=\"Adultos jovenes\">\n\t\t\t\tPr\u00f3ximamente para adultos j\u00f3venes\n\t\t\t\t\t<\/a>\n\t<a href=\"#\" target=\"_self\" role=\"button\" aria-label=\"Adultos\">\n\t\t\t\tPr\u00f3ximamente adultos\n\t\t\t\t\t<\/a>","protected":false},"excerpt":{"rendered":"<p>Descubra c\u00f3mo nuestros recursos ayudan a discipular a ni\u00f1os, j\u00f3venes, adultos j\u00f3venes y adultos a trav\u00e9s de Procesos de Discipulado de Generosidad (PIB) de libre acceso y con los que se pueden identificar y descubrir la propia historia de generosidad de su familia.<\/p>","protected":false},"author":1,"featured_media":0,"parent":0,"menu_order":0,"comment_status":"closed","ping_status":"closed","template":"","meta":{"_acf_changed":false,"give_campaign_id":0,"_seopress_robots_primary_cat":"","_seopress_titles_title":"Discover a World of Generosity | Generous Generations","_seopress_titles_desc":"Discover how our resources help disciple children, youth, young adults and adults through relatable, freely accessible Generosity Discipleship Processes (GDPs) and uncover your family\u2019s own generosity story.","_seopress_robots_index":"","footnotes":""},"class_list":["post-63","page","type-page","status-publish"],"acf":[],"campaignId":"","_links":{"self":[{"href":"https:\/\/generousgenerations.org\/es\/wp-json\/wp\/v2\/pages\/63","targetHints":{"allow":["GET"]}}],"collection":[{"href":"https:\/\/generousgenerations.org\/es\/wp-json\/wp\/v2\/pages"}],"about":[{"href":"https:\/\/generousgenerations.org\/es\/wp-json\/wp\/v2\/types\/page"}],"author":[{"embeddable":true,"href":"https:\/\/generousgenerations.org\/es\/wp-json\/wp\/v2\/users\/1"}],"replies":[{"embeddable":true,"href":"https:\/\/generousgenerations.org\/es\/wp-json\/wp\/v2\/comments?post=63"}],"version-history":[{"count":9,"href":"https:\/\/generousgenerations.org\/es\/wp-json\/wp\/v2\/pages\/63\/revisions"}],"predecessor-version":[{"id":2443,"href":"https:\/\/generousgenerations.org\/es\/wp-json\/wp\/v2\/pages\/63\/revisions\/2443"}],"wp:attachment":[{"href":"https:\/\/generousgenerations.org\/es\/wp-json\/wp\/v2\/media?parent=63"}],"curies":[{"name":"gracias","href":"https:\/\/api.w.org\/{rel}","templated":true}]}}