{"id":79,"date":"2024-03-25T17:34:44","date_gmt":"2024-03-25T17:34:44","guid":{"rendered":"https:\/\/gg.perfectlydigital.dev\/?page_id=79"},"modified":"2024-05-27T12:18:44","modified_gmt":"2024-05-27T12:18:44","slug":"faqs","status":"publish","type":"page","link":"https:\/\/generousgenerations.org\/es\/faqs\/","title":{"rendered":"Preguntas frecuentes"},"content":{"rendered":"<h1>\n\t\tPreguntas frecuentes\n\t<\/h1>\n\t\t\t\t\t\t<img decoding=\"async\" src=\"https:\/\/generousgenerations.org\/wp-content\/uploads\/2024\/03\/GG-Brand-Mark-Blue-400-trimmed-64.png\" alt=\"GG Brand Mark Blue 400 trimmed 64\" \/>\n<h3>\n\t\t\u00bfTienes alguna pregunta? \u00a1Estamos aqu\u00ed para ayudarte!\n\t<\/h3>\n\t\t\t<a href=\"https:\/\/generousgenerations.org\/es\/faqs\/getting-started\/\" target=\"_self\" rel=\"noopener\">\n\t\t<h4>Empezando<\/h4>\n\t\t<\/a>\n\t\t\t<a href=\"https:\/\/generousgenerations.org\/es\/faqs\/building-blocks\/\" target=\"_self\" rel=\"noopener\">\n\t\t<h4>Bloques de construcci\u00f3n<\/h4>\n\t\t<\/a>\n\t\t\t<a href=\"https:\/\/generousgenerations.org\/es\/faqs\/principles\/\" target=\"_self\" rel=\"noopener\">\n\t\t<h4>Principios<\/h4>\n\t\t<\/a>\n\t\t\t<a href=\"https:\/\/generousgenerations.org\/es\/faqs\/children-and-youth\/\" target=\"_self\" rel=\"noopener\">\n\t\t<h4>Ni\u00f1os y J\u00f3venes<\/h4>\n\t\t<\/a>\n\t\t\t<a href=\"https:\/\/generousgenerations.org\/es\/faqs\/generosity-multiply-training\/\" target=\"_self\" rel=\"noopener\">\n\t\t<h4>Capacitaci\u00f3n para multiplicar la generosidad<\/h4>\n\t\t<\/a>\n\t<p>\u00bfTiene alguna pregunta que no se haya respondido anteriormente? \u00a1Nos encantar\u00eda saber de usted! Utilice el formulario a continuaci\u00f3n para hacer su pregunta y nos comunicaremos con usted lo antes posible.<\/p>\n\t<form action=\"https:\/\/generousgenerations.org\/es\/wp-json\/ws-form\/v1\/submit\" class=\"wsf-form wsf-form-canvas\" id=\"ws-form-1\" data-id=\"3\" method=\"POST\" data-instance-id=\"1\" data-wsf-style-id=\"1\" data-trp-original-action=\"https:\/\/generousgenerations.org\/es\/wp-json\/ws-form\/v1\/submit\"><input type=\"hidden\" name=\"trp-form-language\" value=\"es\"\/><\/form>","protected":false},"excerpt":{"rendered":"<p>\u00bfTienes alguna pregunta? \u00a1Estamos aqu\u00ed para ayudarte! Primeros pasos | Elementos b\u00e1sicos | Principios | Ni\u00f1os y j\u00f3venes | Capacitaci\u00f3n Generosity Multiply<\/p>","protected":false},"author":1,"featured_media":0,"parent":0,"menu_order":0,"comment_status":"closed","ping_status":"closed","template":"","meta":{"_acf_changed":false,"give_campaign_id":0,"_seopress_robots_primary_cat":"","_seopress_titles_title":"Frequently Asked Questions | Generous Generations","_seopress_titles_desc":"Do you have a question? We're here to help! Getting Started | Building Blocks | Principles | Children and Youth | Generosity Multiply Training","_seopress_robots_index":"","footnotes":""},"class_list":["post-79","page","type-page","status-publish"],"acf":[],"campaignId":"","_links":{"self":[{"href":"https:\/\/generousgenerations.org\/es\/wp-json\/wp\/v2\/pages\/79","targetHints":{"allow":["GET"]}}],"collection":[{"href":"https:\/\/generousgenerations.org\/es\/wp-json\/wp\/v2\/pages"}],"about":[{"href":"https:\/\/generousgenerations.org\/es\/wp-json\/wp\/v2\/types\/page"}],"author":[{"embeddable":true,"href":"https:\/\/generousgenerations.org\/es\/wp-json\/wp\/v2\/users\/1"}],"replies":[{"embeddable":true,"href":"https:\/\/generousgenerations.org\/es\/wp-json\/wp\/v2\/comments?post=79"}],"version-history":[{"count":0,"href":"https:\/\/generousgenerations.org\/es\/wp-json\/wp\/v2\/pages\/79\/revisions"}],"wp:attachment":[{"href":"https:\/\/generousgenerations.org\/es\/wp-json\/wp\/v2\/media?parent=79"}],"curies":[{"name":"gracias","href":"https:\/\/api.w.org\/{rel}","templated":true}]}}