{"id":859,"date":"2024-05-12T17:56:19","date_gmt":"2024-05-12T17:56:19","guid":{"rendered":"https:\/\/gg.perfectlydigital.dev\/?page_id=859"},"modified":"2024-08-27T21:06:15","modified_gmt":"2024-08-27T21:06:15","slug":"getting-started","status":"publish","type":"page","link":"https:\/\/generousgenerations.org\/es\/faqs\/getting-started\/","title":{"rendered":"Empezando"},"content":{"rendered":"<h1>\n\t\tEmpezando\n\t<\/h1>\n\t<a href=\"https:\/\/generousgenerations.org\/es\/faqs\/\" target=\"_self\" role=\"button\" aria-label=\"VOLVER A TODAS LAS PREGUNTAS FRECUENTES\" rel=\"noopener\">\n\t\t\t\t\t\tVOLVER A TODAS LAS PREGUNTAS FRECUENTES\n\t\t\t\t\t<\/a>\n\t\t\t\t\t\t<img decoding=\"async\" src=\"https:\/\/generousgenerations.org\/wp-content\/uploads\/2024\/03\/GG-Brand-Mark-Blue-400-trimmed-64.png\" alt=\"GG Brand Mark Blue 400 trimmed 64\" \/>\n\t\t\t\t\u00bfQu\u00e9 es Generous Generations? \u00bfC\u00f3mo funciona Generous Generations? \u00bfD\u00f3nde puedo unirme o ser anfitri\u00f3n de una Experiencia Generous Generations? \u00bfC\u00f3mo puedo involucrarme con Generous Generations? \u00bfC\u00f3mo puedo unirme al movimiento de Generosidad? \u00bfGenerous Generations es solo para audiencias cristianas? \u00bfC\u00f3mo puedo convertirme en presentador de Generous Generations? \u00bfC\u00f3mo puedo apoyar a Generous Generations? \u00bfQu\u00e9 sucede despu\u00e9s de que completamos una Experiencia de Discipulado de Generosidad? \u00bfCu\u00e1nto tiempo lleva pasar por una Experiencia de Discipulado de Generosidad? \u00bfQu\u00e9 es Generous Generations?\n\t\t\t\t<p>Generous Generations es un movimiento global intercultural enfocado en inculcar valores de generosidad b\u00edblica en ni\u00f1os, j\u00f3venes y adultos j\u00f3venes.<\/p>\n<p>Nuestro objetivo es facilitar que estas generaciones aprendan a ser generosos de una manera que se ajuste a su cultura y creencias. Muchos padres, iglesias y l\u00edderes ministeriales tienen problemas para encontrar materiales gratuitos sobre la generosidad para ni\u00f1os, j\u00f3venes y adultos j\u00f3venes en su idioma y que tambi\u00e9n coincidan con su contexto. De la misma manera, muchos l\u00edderes tambi\u00e9n buscan recursos de Discipulado Generosidad para adultos j\u00f3venes.<\/p>\n<p>Queremos ayudar entregando estos materiales a padres y l\u00edderes de todo el mundo, para que puedan ense\u00f1ar a todas las generaciones sobre la generosidad de una manera significativa y memorable.<\/p>\n\t\t\t\t\t\t\t\u00bfC\u00f3mo funciona Generaciones Generosas?\n\t\t\t\t<p>Generous Generations proporciona gratuitamente recursos, incluidos videos, experiencias, procesos de discipulado, juegos, animaciones y m\u00e1s, dise\u00f1ados para ense\u00f1ar a ni\u00f1os, j\u00f3venes y adultos j\u00f3venes sobre el gozo de dar.<\/p>\n<p>Estos recursos se pueden utilizar en iglesias, hogares, escuelas y otros entornos donde se re\u00fanen ni\u00f1os, j\u00f3venes o adultos j\u00f3venes.<\/p>\n\t\t\t\t\t\t\t\u00bfD\u00f3nde puedo unirme u organizar una Experiencia Generaciones Generosas?\n\t\t\t\t<p>Esta experiencia puede tener lugar en ambientes de iglesias, hogares, reuniones con amigos o cualquier espacio donde se re\u00fanan ni\u00f1os, j\u00f3venes y adultos j\u00f3venes. Lo mejor de todo es que cualquiera puede organizar una Experiencia Generaciones Generosas, no necesita capacitaci\u00f3n especial.<\/p>\n\t\t\t\t\t\t\t\u00bfC\u00f3mo puedo involucrarme con Generaciones Generosas?\n\t\t\t\t<p>Puedes participar explorando nuestro <a href=\"https:\/\/generousgenerations.org\/es\/get-involved\/\">Involucrarse<\/a> p\u00e1gina aqu\u00ed en el sitio web oficial de Generous Generations.<\/p>\n<p><a href=\"https:\/\/generousgenerations.org\/es\/contact\/\">Cont\u00e1ctenos<\/a> para descubrir c\u00f3mo puedes vivir una Experiencia Generaciones Generosas gratuita para cualquier grupo de edad.<\/p>\n\t\t\t\t\t\t\t\u00bfC\u00f3mo puedo unirme al movimiento de Generosidad?\n\t\t\t\t<p>La Experiencia del Proceso de Discipulado de Generosidad (GPD) es una puerta de entrada a una experiencia de generosidad para toda la vida. Al aprovechar los medios convincentes del cine, la animaci\u00f3n y las historias en video, inspiramos a ni\u00f1os, j\u00f3venes y adultos j\u00f3venes a encarnar el esp\u00edritu de generosidad.<\/p>\n<p>\u00danase a nosotros en este viaje de descubrimiento, aprendizaje y transformaci\u00f3n, a medida que los valores de la generosidad se arraigan en los corazones j\u00f3venes, impactando a las familias, las comunidades y al mundo en general.<\/p>\n\t\t\t\t\t\t\t\u00bfGeneraciones Generosas es s\u00f3lo para audiencias cristianas?\n\t\t\t\t<p>Generous Generations tiene sus ra\u00edces en principios b\u00edblicos y sus valores de generosidad, bondad y administraci\u00f3n pueden resonar en una audiencia diversa.<\/p>\n<p>Creemos que cuando las personas descubran al Dios de la Biblia y su generosidad hacia nosotros, sus corazones se mover\u00e1n a conocerlo m\u00e1s.<\/p>\n\t\t\t\t\t\t\t\u00bfC\u00f3mo puedo convertirme en presentador de Generaciones Generosas?\n\t\t\t\t<p>Para convertirse en presentador de Generous Generations, por favor <a href=\"https:\/\/generousgenerations.org\/es\/contact\/\">Cont\u00e1ctenos<\/a> para expresar su inter\u00e9s y le proporcionaremos las herramientas y la capacitaci\u00f3n necesarias. Los presentadores desempe\u00f1an un papel crucial en la difusi\u00f3n del mensaje de generosidad. No se necesita ninguna formaci\u00f3n especial.<\/p>\n\t\t\t\t\t\t\t\u00bfC\u00f3mo puedo apoyar a Generaciones Generosas?\n\t\t\t\t<p>Puedes apoyar a Generous Generations creando conciencia, utilizando nuestros recursos en tu comunidad, haci\u00e9ndote socio o contribuyendo al movimiento a trav\u00e9s de donaciones. Visita nuestro <a href=\"https:\/\/generousgenerations.org\/es\/get-involved\/\">Involucrarse<\/a> p\u00e1gina para obtener m\u00e1s informaci\u00f3n sobre c\u00f3mo participar.<\/p>\n\t\t\t\t\t\t\t\u00bfQu\u00e9 sucede despu\u00e9s de que hemos completado una Experiencia de Discipulado de Generosidad?\n\t\t\t\t<p>Esta experiencia es s\u00f3lo el comienzo del viaje. Despu\u00e9s de un PIB, los ni\u00f1os, los j\u00f3venes y los adultos j\u00f3venes suelen descubrir la profunda alegr\u00eda de dar y quieren hacer m\u00e1s.<\/p>\n<p>Actualmente tenemos m\u00faltiples PIB centrados en Dios, nosotros mismos y los dem\u00e1s. Puedes repetir la misma experiencia con amigos o elegir una diferente cada semana o mes.<\/p>\n\t\t\t\t\t\t\t\u00bfCu\u00e1nto tiempo lleva pasar por una Experiencia de Discipulado de Generosidad?\n\t\t\t\t<p>Cada PIB est\u00e1 dise\u00f1ado para durar entre 30 minutos y una hora. Actualmente, todas nuestras experiencias o GPD se entrelazan perfectamente con el tapiz m\u00e1s amplio de comprender el coraz\u00f3n generoso de Dios para con nosotros, sus hijos.<\/p>","protected":false},"excerpt":{"rendered":"<p>Preguntas frecuentes | Primeros pasos | \u00bfTiene alguna pregunta? \u00a1Estamos aqu\u00ed para ayudar! <\/p>","protected":false},"author":1,"featured_media":0,"parent":79,"menu_order":0,"comment_status":"closed","ping_status":"closed","template":"","meta":{"_acf_changed":false,"give_campaign_id":0,"_seopress_robots_primary_cat":"","_seopress_titles_title":"FAQs | Getting Started | Generous Generations","_seopress_titles_desc":"FAQs | Getting Started | Do you have a question? We're here to help!","_seopress_robots_index":"","footnotes":""},"class_list":["post-859","page","type-page","status-publish"],"acf":[],"campaignId":"","_links":{"self":[{"href":"https:\/\/generousgenerations.org\/es\/wp-json\/wp\/v2\/pages\/859","targetHints":{"allow":["GET"]}}],"collection":[{"href":"https:\/\/generousgenerations.org\/es\/wp-json\/wp\/v2\/pages"}],"about":[{"href":"https:\/\/generousgenerations.org\/es\/wp-json\/wp\/v2\/types\/page"}],"author":[{"embeddable":true,"href":"https:\/\/generousgenerations.org\/es\/wp-json\/wp\/v2\/users\/1"}],"replies":[{"embeddable":true,"href":"https:\/\/generousgenerations.org\/es\/wp-json\/wp\/v2\/comments?post=859"}],"version-history":[{"count":1,"href":"https:\/\/generousgenerations.org\/es\/wp-json\/wp\/v2\/pages\/859\/revisions"}],"predecessor-version":[{"id":1738,"href":"https:\/\/generousgenerations.org\/es\/wp-json\/wp\/v2\/pages\/859\/revisions\/1738"}],"up":[{"embeddable":true,"href":"https:\/\/generousgenerations.org\/es\/wp-json\/wp\/v2\/pages\/79"}],"wp:attachment":[{"href":"https:\/\/generousgenerations.org\/es\/wp-json\/wp\/v2\/media?parent=859"}],"curies":[{"name":"gracias","href":"https:\/\/api.w.org\/{rel}","templated":true}]}}