{"id":897,"date":"2024-05-13T14:10:30","date_gmt":"2024-05-13T14:10:30","guid":{"rendered":"https:\/\/gg.perfectlydigital.dev\/?page_id=897"},"modified":"2026-03-16T14:15:06","modified_gmt":"2026-03-16T14:15:06","slug":"multiplier-training","status":"publish","type":"page","link":"https:\/\/generousgenerations.org\/es\/resources\/multiplier-training\/","title":{"rendered":"Entrenamiento multiplicador"},"content":{"rendered":"<h1>\n\t\t\tEntrenamiento multiplicador\t<\/h1>\n\t\t\t\t\t\t<img decoding=\"async\" src=\"https:\/\/generousgenerations.org\/wp-content\/uploads\/2024\/03\/GG-Brand-Mark-Blue-400-trimmed-64.png\" alt=\"GG Brand Mark Blue 400 trimmed 64\" \/>\n<h3>\n\t\t\tEl Manual del Multiplicador: Herramientas Pr\u00e1cticas para la Multiplicaci\u00f3n del Reino\t<\/h3>\n\t<p>Generous Generations is not an event-based model &#8211; it&#8217;s a\u00a0<strong>Estrategia de multiplicaci\u00f3n<\/strong>\u00a0Dise\u00f1ado para generar chispas duraderas\u00a0<strong>Movimientos del Reino<\/strong>.<\/p>\n<p>En el coraz\u00f3n de esta estrategia se encuentra la\u00a0<strong>Manual del multiplicador<\/strong>\u00a0&#8211; a guide inspired by the Apostle Paul&#8217;s words in\u00a0<em>1 Corinthians 3:6-10<\/em>:<\/p>\n<p><em>&#8220;I planted the seed, Apollos watered it, but God has been making it grow&#8230;&#8221;<\/em><\/p>\n<figure itemscope itemtype=\"https:\/\/schema.org\/ImageObject\">\n\t\t\t\t<img decoding=\"async\" src=\"https:\/\/generousgenerations.org\/wp-content\/uploads\/2025\/12\/Slide-3-Planting-the-Seed-trim.png\" alt=\"Slide 3 - Planting the Seed trim\" height=\"786\" width=\"789\" title=\"Diapositiva 3 - Plantando la semilla\" onerror=\"this.style.display='none'\" loading=\"lazy\" \/>\n\t<\/figure>\n<figure itemscope itemtype=\"https:\/\/schema.org\/ImageObject\">\n\t\t\t\t<img decoding=\"async\" src=\"https:\/\/generousgenerations.org\/wp-content\/uploads\/2025\/12\/Slide-18-Watering-the-Soil-1.png\" alt=\"Slide 18 - Watering the Soil (1)\" height=\"1024\" width=\"1024\" title=\"Diapositiva 18 - Riego del suelo (1)\" onerror=\"this.style.display='none'\" loading=\"lazy\" \/>\n\t<\/figure>\n<h4>\n\t\t\t\u00bfPor qu\u00e9 convertirse en un multiplicador?\t<\/h4>\n\t<p>Whether you&#8217;re sowing into a church, a sports team, a classroom, or your own home &#8211; becoming a\u00a0<strong>Multiplicador<\/strong>\u00a0means you&#8217;re stepping into God&#8217;s bigger harvest field.<\/p>\n<ul>\n<li>Te convertir\u00e1s en un agricultor del Reino.<\/li>\n<li>Plantas semillas de generosidad en tu comunidad.<\/li>\n<li>Riegas el discipulado y nutres el crecimiento de ni\u00f1os y j\u00f3venes.<\/li>\n<li>Y equipas a otros para que hagan lo mismo.<\/li>\n<\/ul>\n<p>You don&#8217;t need to be an expert &#8211; just bring a\u00a0<em>voluntad de multiplicarse<\/em>. We&#8217;ll walk with you from seed to harvest.<\/p>\n\t<a href=\"https:\/\/generousgenerations.org\/es\/resources\/multiplier-training\/videos\/\" target=\"_self\" role=\"button\" aria-label=\"Comience la capacitaci\u00f3n en video ahora\">\n\t\t\t\t\t\tComience la capacitaci\u00f3n en video ahora\n\t\t\t\t\t<\/a>\n\t<a href=\"https:\/\/chat.whatsapp.com\/Fm88YSvEwNz6EedNLKfRlX?mode=hqrt3\" target=\"_blank\" role=\"button\" rel=\"noopener\" aria-label=\"\u00danase a una sesi\u00f3n de Multiply Connect\">\n\t\t\t\t\t\t\u00danase a una sesi\u00f3n de Multiply Connect\n\t\t\t\t\t<\/a>\n<h5>\n\t\t\t\u00a1\u00danase a las filas de Multiplicadores Gen-G y convi\u00e9rtase en un catalizador del discipulado de generosidad en su comunidad hoy mismo!\t<\/h5>","protected":false},"excerpt":{"rendered":"<p>Capacitaci\u00f3n en multiplicadores. El poder de la capacitaci\u00f3n en multiplicadores: capacitar a l\u00edderes para generar impacto.<\/p>","protected":false},"author":1,"featured_media":0,"parent":75,"menu_order":0,"comment_status":"closed","ping_status":"closed","template":"","meta":{"_acf_changed":false,"give_campaign_id":0,"_seopress_robots_primary_cat":"","_seopress_titles_title":"Multiplier Training | Resources | Generous Generations","_seopress_titles_desc":"Multiplier Training. The Power of Multiplier Training: Equipping Leaders for Impact.","_seopress_robots_index":"","footnotes":""},"class_list":["post-897","page","type-page","status-publish"],"acf":[],"campaignId":"","_links":{"self":[{"href":"https:\/\/generousgenerations.org\/es\/wp-json\/wp\/v2\/pages\/897","targetHints":{"allow":["GET"]}}],"collection":[{"href":"https:\/\/generousgenerations.org\/es\/wp-json\/wp\/v2\/pages"}],"about":[{"href":"https:\/\/generousgenerations.org\/es\/wp-json\/wp\/v2\/types\/page"}],"author":[{"embeddable":true,"href":"https:\/\/generousgenerations.org\/es\/wp-json\/wp\/v2\/users\/1"}],"replies":[{"embeddable":true,"href":"https:\/\/generousgenerations.org\/es\/wp-json\/wp\/v2\/comments?post=897"}],"version-history":[{"count":6,"href":"https:\/\/generousgenerations.org\/es\/wp-json\/wp\/v2\/pages\/897\/revisions"}],"predecessor-version":[{"id":2396,"href":"https:\/\/generousgenerations.org\/es\/wp-json\/wp\/v2\/pages\/897\/revisions\/2396"}],"up":[{"embeddable":true,"href":"https:\/\/generousgenerations.org\/es\/wp-json\/wp\/v2\/pages\/75"}],"wp:attachment":[{"href":"https:\/\/generousgenerations.org\/es\/wp-json\/wp\/v2\/media?parent=897"}],"curies":[{"name":"gracias","href":"https:\/\/api.w.org\/{rel}","templated":true}]}}