{"id":961,"date":"2024-05-14T04:45:40","date_gmt":"2024-05-14T04:45:40","guid":{"rendered":"https:\/\/gg.perfectlydigital.dev\/?page_id=961"},"modified":"2026-04-07T17:26:34","modified_gmt":"2026-04-07T17:26:34","slug":"get-involved","status":"publish","type":"page","link":"https:\/\/generousgenerations.org\/es\/get-involved\/","title":{"rendered":"Involucrarse"},"content":{"rendered":"<h1>\n\t\t\tInvolucrarse\t<\/h1>\n\t\t\t\t\t\t<img decoding=\"async\" src=\"https:\/\/generousgenerations.org\/wp-content\/uploads\/2024\/03\/GG-Brand-Mark-Blue-400-trimmed-64.png\" alt=\"GG Brand Mark Blue 400 trimmed 64\" \/>\n\t<p>Mucha gente ha preguntado c\u00f3mo pueden involucrarse en el movimiento Generaciones Generosas. Puedes convertirte en un <a href=\"#partner\"><strong>Embajador<\/strong><\/a> para Generaciones Generosas o puedes registrarte para ser un <a href=\"#partner\"><strong>Organizaci\u00f3n asociada<\/strong><\/a>. (Detalles abajo)<\/p>\n<p>Esta p\u00e1gina ofrece sugerencias sobre c\u00f3mo participar, pero siempre estamos buscando voluntarios en diversas \u00e1reas, como las traducciones.<\/p>\n<p>Si desea organizar un campamento para ni\u00f1os o presentar recursos de Generous Generations a ni\u00f1os, j\u00f3venes o adultos j\u00f3venes de su comunidad, podemos organizar la capacitaci\u00f3n para usted. Por favor contacta <a href=\"https:\/\/generousgenerations.org\/es\/contact\/\">P\u00e1gina de contacto<\/a>.<\/p>\n\t<em>\u201cLas ganancias del hombre bueno hacen avanzar la causa de la justicia\u2026\u201d<br \/>\n<\/em>Proverbios 10:16\n<h1>\n\t\t\tHazte parte del movimiento\t<\/h1>\n\t\t\t\t\t\t<img decoding=\"async\" src=\"https:\/\/generousgenerations.org\/wp-content\/uploads\/2024\/03\/GG-Brand-Mark-Blue-400-trimmed-64.png\" alt=\"GG Brand Mark Blue 400 trimmed 64\" \/>\n\t<p>Comienza con el deseo de marcar la diferencia y demostrar el amor de Cristo a un mundo herido. Percibes una necesidad e instintivamente act\u00faas para ayudar a satisfacerla. Esto desencadena un efecto domin\u00f3: las familias cambian, las culturas se ven impactadas y el mundo se cura con un acto de bondad a la vez. Quiz\u00e1s nunca comprendas del todo c\u00f3mo un peque\u00f1o acto de bondad puede influir en toda una generaci\u00f3n.<\/p>\n<figure itemscope itemtype=\"https:\/\/schema.org\/ImageObject\">\n\t\t\t\t<img decoding=\"async\" src=\"https:\/\/generousgenerations.org\/wp-content\/uploads\/2024\/05\/get-involved-3.jpg\" alt=\"get involved 3\" height=\"900\" width=\"900\" title=\"involucrarse 3\" onerror=\"this.style.display='none'\" loading=\"lazy\" \/>\n\t<\/figure>\n<figure itemscope itemtype=\"https:\/\/schema.org\/ImageObject\">\n\t\t\t\t<img decoding=\"async\" src=\"https:\/\/generousgenerations.org\/wp-content\/uploads\/2024\/05\/get-involved-2.jpg\" alt=\"Earth planet in human hands. Elements of this image are furnished by NASA\" height=\"900\" width=\"900\" title=\"Nuestro planeta necesita cuidado y amor. T\u00e9cnica mixta\" onerror=\"this.style.display='none'\" loading=\"lazy\" \/>\n\t<\/figure>\n<h1>\n\t\t\tOrar\t<\/h1>\n\t\t\t\t\t\t<img decoding=\"async\" src=\"https:\/\/generousgenerations.org\/wp-content\/uploads\/2024\/03\/GG-Brand-Mark-Blue-400-trimmed-64.png\" alt=\"GG Brand Mark Blue 400 trimmed 64\" \/>\n\t<p>Ora con nosotros por el trabajo de Generaciones Generosas. Discipular a diversas generaciones para que comprendan y vivan vidas generosas comienza con un cambio de <strong>mente<\/strong>, provoca un cambio de <strong>coraz\u00f3n<\/strong>, y da como resultado <strong>manos<\/strong> que dan. Este estilo de vida desaf\u00eda directamente la narrativa consumista y reconocemos que este mensaje cambiar\u00e1 profundamente los corazones, las familias y las culturas.<\/p>\n<p>Suscr\u00edbase a nuestro bolet\u00edn a continuaci\u00f3n para mantenerse conectado.<\/p>\n\t<form action=\"https:\/\/generousgenerations.org\/es\/wp-json\/ws-form\/v1\/submit\" class=\"wsf-form wsf-form-canvas\" id=\"ws-form-1\" data-id=\"1\" method=\"POST\" data-instance-id=\"1\" data-wsf-style-id=\"1\" data-trp-original-action=\"https:\/\/generousgenerations.org\/es\/wp-json\/ws-form\/v1\/submit\"><input type=\"hidden\" name=\"trp-form-language\" value=\"es\"\/><\/form>\n<h1>\n\t\t\tPareja\t<\/h1>\n\t\t\t\t\t\t<img decoding=\"async\" src=\"https:\/\/generousgenerations.org\/wp-content\/uploads\/2024\/03\/GG-Brand-Mark-Blue-400-trimmed-64.png\" alt=\"GG Brand Mark Blue 400 trimmed 64\" \/>\n<h3>\n\t\t\tSu asociaci\u00f3n con Generous Generations: empoder\u00e1ndolo en cada paso del camino\t<\/h3>\n<h4>\n\t\t\tAlgunos de nuestros socios actuales\t<\/h4>\n<figure itemscope itemtype=\"https:\/\/schema.org\/ImageObject\">\n\t\t\t\t<img decoding=\"async\" src=\"https:\/\/generousgenerations.org\/wp-content\/uploads\/2024\/07\/GCF-t.png\" alt=\"GCF t\" height=\"500\" width=\"500\" title=\"FBC t\" onerror=\"this.style.display='none'\" loading=\"lazy\" \/>\n\t<\/figure>\n<figure itemscope itemtype=\"https:\/\/schema.org\/ImageObject\">\n\t\t\t\t<img decoding=\"async\" src=\"https:\/\/generousgenerations.org\/wp-content\/uploads\/2024\/07\/faithnet-t.png\" alt=\"faithnet t\" height=\"500\" width=\"500\" title=\"fenet t\" onerror=\"this.style.display='none'\" loading=\"lazy\" \/>\n\t<\/figure>\n<figure itemscope itemtype=\"https:\/\/schema.org\/ImageObject\">\n\t\t\t\t<img decoding=\"async\" src=\"https:\/\/generousgenerations.org\/wp-content\/uploads\/2024\/07\/suk-t.png\" alt=\"suk t\" height=\"500\" width=\"500\" title=\"suk t\" onerror=\"this.style.display='none'\" loading=\"lazy\" \/>\n\t<\/figure>\n<figure itemscope itemtype=\"https:\/\/schema.org\/ImageObject\">\n\t\t\t\t<img decoding=\"async\" src=\"https:\/\/generousgenerations.org\/wp-content\/uploads\/2024\/07\/rsg-t.png\" alt=\"rsg t\" height=\"500\" width=\"500\" title=\"rsg t\" onerror=\"this.style.display='none'\" loading=\"lazy\" \/>\n\t<\/figure>\n<figure itemscope itemtype=\"https:\/\/schema.org\/ImageObject\">\n\t\t\t\t<img decoding=\"async\" src=\"https:\/\/generousgenerations.org\/wp-content\/uploads\/2024\/07\/logosdor-t.png\" alt=\"logosdor t\" height=\"500\" width=\"500\" title=\"logosdor t\" onerror=\"this.style.display='none'\" loading=\"lazy\" \/>\n\t<\/figure>\n<figure itemscope itemtype=\"https:\/\/schema.org\/ImageObject\">\n\t\t\t\t<img decoding=\"async\" src=\"https:\/\/generousgenerations.org\/wp-content\/uploads\/2024\/07\/goplay-t.png\" alt=\"goplay t\" height=\"500\" width=\"500\" title=\"goplay t\" onerror=\"this.style.display='none'\" loading=\"lazy\" \/>\n\t<\/figure>\n<figure itemscope itemtype=\"https:\/\/schema.org\/ImageObject\">\n\t\t\t\t<img decoding=\"async\" src=\"https:\/\/generousgenerations.org\/wp-content\/uploads\/2024\/07\/rag-t.png\" alt=\"rag t\" height=\"500\" width=\"500\" title=\"trapo t\" onerror=\"this.style.display='none'\" loading=\"lazy\" \/>\n\t<\/figure>\n<figure itemscope itemtype=\"https:\/\/schema.org\/ImageObject\">\n\t\t\t\t<img decoding=\"async\" src=\"https:\/\/generousgenerations.org\/wp-content\/uploads\/2024\/07\/gen-church-t.png\" alt=\"gen church t\" height=\"500\" width=\"500\" title=\"iglesia gen t\" onerror=\"this.style.display='none'\" loading=\"lazy\" \/>\n\t<\/figure>\n<h4>\n\t\t\tTipos de asociaciones\t<\/h4>\n\t<p>Hay muchas maneras de asociarnos con Generous Generations, cada una de las cuales beneficia tanto a nuestros socios como a nuestra misi\u00f3n. Nuestros recursos son utilizados por iglesias, l\u00edderes ministeriales u organizacionales, padres, l\u00edderes juveniles y muchos m\u00e1s. Puedes unirte al movimiento de cualquiera de las siguientes formas:<\/p>\n<ul>\n<li><strong>Embajador<\/strong>: Alguien que ama la visi\u00f3n de Generaciones Generosas y quiere compartirla con ni\u00f1os, j\u00f3venes y adultos j\u00f3venes de su comunidad o pa\u00eds. Brindamos capacitaci\u00f3n continua a medida que producimos continuamente nuevos contenidos y recursos.<\/li>\n<li><strong>Organizaci\u00f3n asociada<\/strong>: Una organizaci\u00f3n que quiere asociarse con Generous Generations para implementar o integrar nuestros recursos en su comunidad o pa\u00eds. Ofrecemos capacitaci\u00f3n continua para respaldar el uso de nuestro contenido y recursos m\u00e1s recientes.<\/li>\n<li><strong>Asociaci\u00f3n financiera<\/strong>: Si la visi\u00f3n de cultivar a los dadores del Reino del ma\u00f1ana resuena en usted, considere asociarse financieramente con nosotros. Su apoyo tendr\u00e1 un impacto directo en nuestra misi\u00f3n y nos ayudar\u00e1 a ampliar nuestro alcance. \u00danase a nosotros en este viaje transformador visitando nuestro <a href=\"https:\/\/generousgenerations.org\/es\/donate\/\">Donar p\u00e1gina<\/a> para m\u00e1s informaci\u00f3n. Su asociaci\u00f3n financiera puede marcar una diferencia significativa. Juntos, podemos inspirar y equipar a la pr\u00f3xima generaci\u00f3n para que viva con generosidad.<\/li>\n<\/ul>\n\t<a href=\"https:\/\/generousgenerations.org\/es\/contact\/\" target=\"_self\" role=\"button\" aria-label=\"PONTE EN CONTACTO SOBRE ASOCIACI\u00d3N\">\n\t\t\t\t\t\tPONTE EN CONTACTO SOBRE ASOCIACI\u00d3N\n\t\t\t\t\t<\/a>\n<figure itemscope itemtype=\"https:\/\/schema.org\/ImageObject\">\n\t\t\t\t<img decoding=\"async\" src=\"https:\/\/generousgenerations.org\/wp-content\/uploads\/2024\/05\/get-involved-4.jpg\" alt=\"Earth against happy friends in the park lying in circle\" height=\"900\" width=\"900\" title=\"Tierra contra amigos felices en el parque en c\u00edrculo\" onerror=\"this.style.display='none'\" loading=\"lazy\" \/>\n\t<\/figure>\n<figure itemscope itemtype=\"https:\/\/schema.org\/ImageObject\">\n\t\t\t\t<img decoding=\"async\" src=\"https:\/\/generousgenerations.org\/wp-content\/uploads\/2024\/05\/get-involved-1.jpg\" alt=\"get involved 1\" height=\"900\" width=\"900\" title=\"involucrarse 1\" onerror=\"this.style.display='none'\" loading=\"lazy\" \/>\n\t<\/figure>\n<h1>\n\t\t\tConvi\u00e9rtete en un multiplicador\t<\/h1>\n\t\t\t\t\t\t<img decoding=\"async\" src=\"https:\/\/generousgenerations.org\/wp-content\/uploads\/2024\/03\/GG-Brand-Mark-Blue-400-trimmed-64.png\" alt=\"GG Brand Mark Blue 400 trimmed 64\" \/>\n\t<h4><strong>Piensa en el Reino, no en el Imperio<\/strong><\/h4>\n<p>Multipliers are Kingdom-minded leaders who inspire others to live generously &#8211; starting in their homes, churches, and communities. They don&#8217;t build platforms. They build people.<\/p>\n<h4><strong>\u00bfQu\u00e9 hacen los multiplicadores?<\/strong><\/h4>\n<ul>\n<li>Viva la visi\u00f3n de Generaciones Generosas<\/li>\n<li>Capacitar a otros para liderar la Experiencia de Discipulado de Generosidad<\/li>\n<li>Empoderar a los j\u00f3venes para que crezcan como l\u00edderes del Reino<\/li>\n<li>Multiplicar la generosidad dondequiera que vayan<\/li>\n<\/ul>\n<h4><strong>\u00bfQui\u00e9n puede ser un multiplicador?<\/strong><\/h4>\n<p>Padres. Pastores. Maestros. Adolescentes. Entrenadores. Cualquiera dispuesto a crecer y liderar con prop\u00f3sito. No se requiere t\u00edtulo.<\/p>\n<h4><strong>Formar a los j\u00f3venes para que tambi\u00e9n se multipliquen<\/strong><\/h4>\n<p>We&#8217;re raising up a generation of young leaders who don&#8217;t wait for permission to lead &#8211; and we want you to help them get there.<\/p>\n<h4><strong>Equipamiento que se adapta a ti<\/strong><\/h4>\n<p>Our video-based training is free, flexible, and designed for real-life leaders. Just bring your yes &#8211; we&#8217;ll walk with you from there.<\/p>\n\t<a href=\"https:\/\/generousgenerations.org\/es\/resources\/multiplier-training\/\" target=\"_self\" role=\"button\" aria-label=\"Iniciar equipamiento multiplicador\">\n\t\t\t\t\t\tIniciar equipamiento multiplicador\n\t\t\t\t\t<\/a>","protected":false},"excerpt":{"rendered":"<p>Forme parte del movimiento. Comienza con el deseo de marcar una diferencia y demostrar el amor de Cristo a un mundo herido. Percibe una necesidad y, instintivamente, se mueve para ayudar a satisfacerla. Esto desencadena un efecto domin\u00f3.<\/p>","protected":false},"author":1,"featured_media":0,"parent":0,"menu_order":0,"comment_status":"closed","ping_status":"closed","template":"","meta":{"_acf_changed":false,"give_campaign_id":0,"_seopress_robots_primary_cat":"","_seopress_titles_title":"Get Involved | Generous Generations","_seopress_titles_desc":"It begins with a desire to make a difference and demonstrate the love of Christ to a hurting world. You perceive a need and instinctively move to help meet it.","_seopress_robots_index":"","footnotes":""},"class_list":["post-961","page","type-page","status-publish"],"acf":[],"campaignId":"","_links":{"self":[{"href":"https:\/\/generousgenerations.org\/es\/wp-json\/wp\/v2\/pages\/961","targetHints":{"allow":["GET"]}}],"collection":[{"href":"https:\/\/generousgenerations.org\/es\/wp-json\/wp\/v2\/pages"}],"about":[{"href":"https:\/\/generousgenerations.org\/es\/wp-json\/wp\/v2\/types\/page"}],"author":[{"embeddable":true,"href":"https:\/\/generousgenerations.org\/es\/wp-json\/wp\/v2\/users\/1"}],"replies":[{"embeddable":true,"href":"https:\/\/generousgenerations.org\/es\/wp-json\/wp\/v2\/comments?post=961"}],"version-history":[{"count":7,"href":"https:\/\/generousgenerations.org\/es\/wp-json\/wp\/v2\/pages\/961\/revisions"}],"predecessor-version":[{"id":2460,"href":"https:\/\/generousgenerations.org\/es\/wp-json\/wp\/v2\/pages\/961\/revisions\/2460"}],"wp:attachment":[{"href":"https:\/\/generousgenerations.org\/es\/wp-json\/wp\/v2\/media?parent=961"}],"curies":[{"name":"gracias","href":"https:\/\/api.w.org\/{rel}","templated":true}]}}