{"id":971,"date":"2024-05-14T04:59:57","date_gmt":"2024-05-14T04:59:57","guid":{"rendered":"https:\/\/gg.perfectlydigital.dev\/?page_id=971"},"modified":"2024-05-27T12:24:54","modified_gmt":"2024-05-27T12:24:54","slug":"building-blocks","status":"publish","type":"page","link":"https:\/\/generousgenerations.org\/es\/faqs\/building-blocks\/","title":{"rendered":"Building blocks"},"content":{"rendered":"<h1>\n\t\tBloques de construcci\u00f3n\n\t<\/h1>\n\t<a href=\"https:\/\/generousgenerations.org\/es\/faqs\/\" target=\"_self\" role=\"button\" aria-label=\"VOLVER A TODAS LAS PREGUNTAS FRECUENTES\" rel=\"noopener\">\n\t\t\t\t\t\tVOLVER A TODAS LAS PREGUNTAS FRECUENTES\n\t\t\t\t\t<\/a>\n\t\t\t\t\t\t<img decoding=\"async\" src=\"https:\/\/generousgenerations.org\/wp-content\/uploads\/2024\/03\/GG-Brand-Mark-Blue-400-trimmed-64.png\" alt=\"GG Brand Mark Blue 400 trimmed 64\" \/>\n\t\t\t\tWhat are the core principles of Generous Generations?\n\t\t\t\tWhat are the six building blocks of Generous Generations?\n\t\t\t\t\t\t\tWhat are the core principles of Generous Generations?\n\t\t\t\t<p>Generous Generations is built on biblical principles of generosity such as: God&#8217;s generosity started in Genesis; Jesus: God&#8217;s greatest gift; God owns everything; God provides enough; God sees our hearts etc.<\/p>\n<p>We try to teach children, youth and young adults in age-appropriate ways about what we call the &#8220;Seeds of Generosity&#8221;. These are seeds a leader or parent sow into the lives of God&#8217;s children, youth and young adults, giving them opportunity to grow in their hearts and minds.<\/p>\n\t\t\t\t\t\t\t\u00bfCu\u00e1les son los seis pilares de Generaciones Generosas?\n\t\t\t\t<p>Los componentes b\u00e1sicos de Generous Generations son:<\/p>\n<ol>\n<li>Relaciones a trav\u00e9s del discipulado<\/li>\n<li>estrategia de regalo<\/li>\n<li>Interdependencia y colaboraci\u00f3n<\/li>\n<li>Servidumbre<\/li>\n<li>Impulsado por voluntarios<\/li>\n<li>Ni\u00f1os, j\u00f3venes y j\u00f3venes con una perspectiva global<\/li>\n<\/ol>","protected":false},"excerpt":{"rendered":"<p>FAQs | Building Blocks | Do you have a question? We&#8217;re here to help! <\/p>","protected":false},"author":1,"featured_media":0,"parent":79,"menu_order":0,"comment_status":"closed","ping_status":"closed","template":"","meta":{"_acf_changed":false,"give_campaign_id":0,"_seopress_robots_primary_cat":"","_seopress_titles_title":"FAQs | Building Blocks | Generous Generations","_seopress_titles_desc":"FAQs | Building Blocks | Do you have a question? We're here to help!","_seopress_robots_index":"","footnotes":""},"class_list":["post-971","page","type-page","status-publish"],"acf":[],"campaignId":"","_links":{"self":[{"href":"https:\/\/generousgenerations.org\/es\/wp-json\/wp\/v2\/pages\/971","targetHints":{"allow":["GET"]}}],"collection":[{"href":"https:\/\/generousgenerations.org\/es\/wp-json\/wp\/v2\/pages"}],"about":[{"href":"https:\/\/generousgenerations.org\/es\/wp-json\/wp\/v2\/types\/page"}],"author":[{"embeddable":true,"href":"https:\/\/generousgenerations.org\/es\/wp-json\/wp\/v2\/users\/1"}],"replies":[{"embeddable":true,"href":"https:\/\/generousgenerations.org\/es\/wp-json\/wp\/v2\/comments?post=971"}],"version-history":[{"count":0,"href":"https:\/\/generousgenerations.org\/es\/wp-json\/wp\/v2\/pages\/971\/revisions"}],"up":[{"embeddable":true,"href":"https:\/\/generousgenerations.org\/es\/wp-json\/wp\/v2\/pages\/79"}],"wp:attachment":[{"href":"https:\/\/generousgenerations.org\/es\/wp-json\/wp\/v2\/media?parent=971"}],"curies":[{"name":"gracias","href":"https:\/\/api.w.org\/{rel}","templated":true}]}}