{"id":974,"date":"2024-05-14T05:00:38","date_gmt":"2024-05-14T05:00:38","guid":{"rendered":"https:\/\/gg.perfectlydigital.dev\/?page_id=974"},"modified":"2024-05-27T12:22:57","modified_gmt":"2024-05-27T12:22:57","slug":"principles","status":"publish","type":"page","link":"https:\/\/generousgenerations.org\/es\/faqs\/principles\/","title":{"rendered":"Principios"},"content":{"rendered":"<h1>\n\t\tPrincipios\n\t<\/h1>\n\t<a href=\"https:\/\/generousgenerations.org\/es\/faqs\/\" target=\"_self\" role=\"button\" aria-label=\"VOLVER A TODAS LAS PREGUNTAS FRECUENTES\" rel=\"noopener\">\n\t\t\t\t\t\tVOLVER A TODAS LAS PREGUNTAS FRECUENTES\n\t\t\t\t\t<\/a>\n\t\t\t\t\t\t<img decoding=\"async\" src=\"https:\/\/generousgenerations.org\/wp-content\/uploads\/2024\/03\/GG-Brand-Mark-Blue-400-trimmed-64.png\" alt=\"GG Brand Mark Blue 400 trimmed 64\" \/>\n\t\t\t\t\u00bfQu\u00e9 inspir\u00f3 la creaci\u00f3n de Generous Generations? \u00bfQu\u00e9 diferencia a Generous Generations de otros movimientos? \u00bfTenemos que dar dinero? \u00bfPor qu\u00e9 Generosidad? \u00bfQu\u00e9 inspir\u00f3 la creaci\u00f3n de Generous Generations?\n\t\t\t\t<p>Generous Generations se inspir\u00f3 en el reconocimiento de que los ni\u00f1os, los j\u00f3venes y los adultos j\u00f3venes a menudo est\u00e1n expuestos a valores consumistas. El movimiento pretende contrarrestar esto fomentando una generaci\u00f3n de donantes generosos, guiados por principios b\u00edblicos.<\/p>\n\t\t\t\t\t\t\t\u00bfQu\u00e9 diferencia a Generaciones Generosas de otros movimientos?\n\t\t\t\t<p>Generous Generations se destaca por su enfoque hol\u00edstico, que combina atractivos recursos digitales con recursos t\u00e1ctiles, amplificando claramente los principios b\u00edblicos. El movimiento enfatiza no s\u00f3lo la generosidad financiera sino tambi\u00e9n el tiempo, el talento, la conservaci\u00f3n y la amabilidad.<\/p>\n\t\t\t\t\t\t\t\u00bfTenemos que dar dinero?\n\t\t\t\t<p>No, puedes dar tiempo, bondad y compasi\u00f3n, aliento, talentos o habilidades, o cualquier cosa que Dios te lleve a darle a alguien.<\/p>\n\t\t\t\t\t\t\t\u00bfPor qu\u00e9 generosidad? \n\t\t\t\t<p>Nos mueve un profundo deseo de sanar el mundo a trav\u00e9s de nuestros actos de generosidad, inspirados por la generosidad sin l\u00edmites de Jes\u00fas, nuestro Salvador. A lo largo de las p\u00e1ginas de las Escrituras, se nos recuerdan los innumerables dones que Dios nos ha concedido:<\/p>\n<ul>\n<li>\u00c9l sopl\u00f3 vida en nuestro ser (G\u00e9nesis 2:7)<\/li>\n<li>Cre\u00f3 un mundo impresionante (G\u00e9nesis 1:31)<\/li>\n<li>Nos regal\u00f3 la sabidur\u00eda iluminadora de la Biblia (Salmo 119:105). <\/li>\n<li>A trav\u00e9s de Su resurrecci\u00f3n, \u00c9l nos dio el don gratuito de la vida eterna (Mateo 28:6), junto con Su Esp\u00edritu, varios talentos y la promesa de Su regreso para compartir la eternidad con nosotros (Apocalipsis 22:20).<\/li>\n<\/ul>\n<p>Su generosidad toca todos los aspectos de nuestras vidas y, a medida que los ni\u00f1os, j\u00f3venes y adultos j\u00f3venes se aventuran en el emocionante viaje de una vida generosa, se convierten en adultos capaces de sanar el mundo a trav\u00e9s de sus acciones compasivas.<\/p>","protected":false},"excerpt":{"rendered":"<p>Preguntas frecuentes | Principios | \u00bfTienes alguna pregunta? \u00a1Estamos aqu\u00ed para ayudarte! <\/p>","protected":false},"author":1,"featured_media":0,"parent":79,"menu_order":0,"comment_status":"closed","ping_status":"closed","template":"","meta":{"_acf_changed":false,"give_campaign_id":0,"_seopress_robots_primary_cat":"","_seopress_titles_title":"FAQs | Principles | Generous Generations","_seopress_titles_desc":"FAQs | Principles | Do you have a question? We're here to help!","_seopress_robots_index":"","footnotes":""},"class_list":["post-974","page","type-page","status-publish"],"acf":[],"campaignId":"","_links":{"self":[{"href":"https:\/\/generousgenerations.org\/es\/wp-json\/wp\/v2\/pages\/974","targetHints":{"allow":["GET"]}}],"collection":[{"href":"https:\/\/generousgenerations.org\/es\/wp-json\/wp\/v2\/pages"}],"about":[{"href":"https:\/\/generousgenerations.org\/es\/wp-json\/wp\/v2\/types\/page"}],"author":[{"embeddable":true,"href":"https:\/\/generousgenerations.org\/es\/wp-json\/wp\/v2\/users\/1"}],"replies":[{"embeddable":true,"href":"https:\/\/generousgenerations.org\/es\/wp-json\/wp\/v2\/comments?post=974"}],"version-history":[{"count":0,"href":"https:\/\/generousgenerations.org\/es\/wp-json\/wp\/v2\/pages\/974\/revisions"}],"up":[{"embeddable":true,"href":"https:\/\/generousgenerations.org\/es\/wp-json\/wp\/v2\/pages\/79"}],"wp:attachment":[{"href":"https:\/\/generousgenerations.org\/es\/wp-json\/wp\/v2\/media?parent=974"}],"curies":[{"name":"gracias","href":"https:\/\/api.w.org\/{rel}","templated":true}]}}