{"id":975,"date":"2024-05-14T05:00:50","date_gmt":"2024-05-14T05:00:50","guid":{"rendered":"https:\/\/gg.perfectlydigital.dev\/?page_id=975"},"modified":"2024-08-27T21:07:41","modified_gmt":"2024-08-27T21:07:41","slug":"children-and-youth","status":"publish","type":"page","link":"https:\/\/generousgenerations.org\/es\/faqs\/children-and-youth\/","title":{"rendered":"Ni\u00f1os y j\u00f3venes"},"content":{"rendered":"<h1>\n\t\tNi\u00f1os y J\u00f3venes\n\t<\/h1>\n\t<a href=\"https:\/\/generousgenerations.org\/es\/faqs\/\" target=\"_self\" role=\"button\" aria-label=\"VOLVER A TODAS LAS PREGUNTAS FRECUENTES\" rel=\"noopener\">\n\t\t\t\t\t\tVOLVER A TODAS LAS PREGUNTAS FRECUENTES\n\t\t\t\t\t<\/a>\n\t\t\t\t\t\t<img decoding=\"async\" src=\"https:\/\/generousgenerations.org\/wp-content\/uploads\/2024\/03\/GG-Brand-Mark-Blue-400-trimmed-64.png\" alt=\"GG Brand Mark Blue 400 trimmed 64\" \/>\n\t\t\t\t\u00bfQui\u00e9n es el p\u00fablico objetivo de Generous Generations? \u00bfLas experiencias son apropiadas para cada edad y contextualizadas? \u00bfQu\u00e9 sucede en una experiencia de Generous Generations? \u00bfQui\u00e9n es el p\u00fablico objetivo de Generous Generations?\n\t\t\t\t<p>Generous Generations est\u00e1 dise\u00f1ado para todas las generaciones, con especial enfoque en ni\u00f1os, j\u00f3venes y adultos j\u00f3venes. Nuestros recursos se presentan con un enfoque en los procesos de discipulado y el aprendizaje experiencial. <\/p>\n<p>Las audiencias principales incluyen padres, iglesias, l\u00edderes ministeriales y maestros.<\/p>\n<p>Nuestra experiencia para ni\u00f1os de 6 a 12 a\u00f1os se conoce como Aventura Gen-G, porque la generosidad es una aventura para toda la vida y a los ni\u00f1os peque\u00f1os les encantan las aventuras.<\/p>\n\t\t\t\t\t\t\t\u00bfLas Experiencias son apropiadas para la edad y contextualizadas?\n\t\t\t\t<p>S\u00ed, los Procesos de Discipulado de Generosidad est\u00e1n cuidadosamente elaborados para ni\u00f1os, j\u00f3venes y adultos j\u00f3venes, dise\u00f1ados de manera \u00fanica para cada edad, y abarcan diversas fortalezas de aprendizaje para crear una experiencia atractiva y contextualizada.<\/p>\n\t\t\t\t\t\t\t\u00bfQu\u00e9 sucede en una Experiencia Generaciones Generosas?\n\t\t\t\t<p>\u00a1Es una aventura! Nuestro enfoque se centra en tres elementos fundamentales:<\/p>\n<ul>\n<li>GGG: <strong>Recolectar<\/strong>, <strong>Juego<\/strong>, <strong>Dar<\/strong>. Reunimos a ni\u00f1os, j\u00f3venes y adultos j\u00f3venes, en cualquier lugar donde se re\u00fanan ni\u00f1os, j\u00f3venes y adultos j\u00f3venes, guiamos a los participantes a trav\u00e9s del marco de Reunir, Jugar, Dar. Con cada tema, facilitamos una experiencia de aprendizaje integral y atractiva.<\/li>\n<li>A medida que exploramos la generosidad, la autorreflexi\u00f3n y el cuidado de Dios por nuestro pr\u00f3jimo, cada elemento de Reunir, Jugar, Dar contribuye a una comprensi\u00f3n integral del poder transformador de la generosidad.<\/li>\n<\/ul>","protected":false},"excerpt":{"rendered":"<p>Preguntas frecuentes | Ni\u00f1os y j\u00f3venes | \u00bfTienes alguna pregunta? \u00a1Estamos aqu\u00ed para ayudarte! <\/p>","protected":false},"author":1,"featured_media":0,"parent":79,"menu_order":0,"comment_status":"closed","ping_status":"closed","template":"","meta":{"_acf_changed":false,"give_campaign_id":0,"_seopress_robots_primary_cat":"","_seopress_titles_title":"FAQs | Children and Youth | Generous Generations","_seopress_titles_desc":"FAQs | Children and Youth | Do you have a question? We're here to help!","_seopress_robots_index":"","footnotes":""},"class_list":["post-975","page","type-page","status-publish"],"acf":[],"campaignId":"","_links":{"self":[{"href":"https:\/\/generousgenerations.org\/es\/wp-json\/wp\/v2\/pages\/975","targetHints":{"allow":["GET"]}}],"collection":[{"href":"https:\/\/generousgenerations.org\/es\/wp-json\/wp\/v2\/pages"}],"about":[{"href":"https:\/\/generousgenerations.org\/es\/wp-json\/wp\/v2\/types\/page"}],"author":[{"embeddable":true,"href":"https:\/\/generousgenerations.org\/es\/wp-json\/wp\/v2\/users\/1"}],"replies":[{"embeddable":true,"href":"https:\/\/generousgenerations.org\/es\/wp-json\/wp\/v2\/comments?post=975"}],"version-history":[{"count":1,"href":"https:\/\/generousgenerations.org\/es\/wp-json\/wp\/v2\/pages\/975\/revisions"}],"predecessor-version":[{"id":1739,"href":"https:\/\/generousgenerations.org\/es\/wp-json\/wp\/v2\/pages\/975\/revisions\/1739"}],"up":[{"embeddable":true,"href":"https:\/\/generousgenerations.org\/es\/wp-json\/wp\/v2\/pages\/79"}],"wp:attachment":[{"href":"https:\/\/generousgenerations.org\/es\/wp-json\/wp\/v2\/media?parent=975"}],"curies":[{"name":"gracias","href":"https:\/\/api.w.org\/{rel}","templated":true}]}}