{"id":977,"date":"2024-05-14T05:01:22","date_gmt":"2024-05-14T05:01:22","guid":{"rendered":"https:\/\/gg.perfectlydigital.dev\/?page_id=977"},"modified":"2024-05-27T12:21:50","modified_gmt":"2024-05-27T12:21:50","slug":"generosity-multiply-training","status":"publish","type":"page","link":"https:\/\/generousgenerations.org\/es\/faqs\/generosity-multiply-training\/","title":{"rendered":"Capacitaci\u00f3n para multiplicar la generosidad"},"content":{"rendered":"<h1>\n\t\tCapacitaci\u00f3n para multiplicar la generosidad\n\t<\/h1>\n\t<a href=\"https:\/\/generousgenerations.org\/es\/faqs\/\" target=\"_self\" role=\"button\" aria-label=\"VOLVER A TODAS LAS PREGUNTAS FRECUENTES\" rel=\"noopener\">\n\t\t\t\t\t\tVOLVER A TODAS LAS PREGUNTAS FRECUENTES\n\t\t\t\t\t<\/a>\n\t\t\t\t\t\t<img decoding=\"async\" src=\"https:\/\/generousgenerations.org\/wp-content\/uploads\/2024\/03\/GG-Brand-Mark-Blue-400-trimmed-64.png\" alt=\"GG Brand Mark Blue 400 trimmed 64\" \/>\n\t\t\t\t\u00bfQu\u00e9 es el Entrenamiento Multiplicado? \u00bfQui\u00e9n puede ser Multiplicador? \u00bfD\u00f3nde puedo obtener m\u00e1s informaci\u00f3n sobre el Entrenamiento Multiplicado? \u00bfQu\u00e9 es el Entrenamiento Multiplicado?\n\t\t\t\t<p>Multiplier Training es una serie de capacitaci\u00f3n y equipamiento que presentamos a l\u00edderes que ya han presentado recursos a Generous Generations y desean convertirse en capacitadores de capacitadores.<\/p>\n\t\t\t\t\t\t\t\u00bfQui\u00e9n puede ser Multiplicador?\n\t\t\t\t<p>Los multiplicadores son personas que no s\u00f3lo se alinean con nuestra visi\u00f3n sino que buscan activamente integrar los valores de Generaciones Generosas en sus comunidades.<\/p>\n\t\t\t\t\t\t\t\u00bfD\u00f3nde obtengo m\u00e1s informaci\u00f3n sobre Multiply Training?\n\t\t\t\t<p>Por favor visite nuestro <a href=\"https:\/\/generousgenerations.org\/es\/resources\/multiplier-training\/\">Entrenamiento multiplicador<\/a> p\u00e1gina para obtener m\u00e1s informaci\u00f3n sobre Multiply Training.<\/p>","protected":false},"excerpt":{"rendered":"<p>Preguntas frecuentes | Capacitaci\u00f3n Generosity Multiply | \u00bfTiene alguna pregunta? \u00a1Estamos aqu\u00ed para ayudar! <\/p>","protected":false},"author":1,"featured_media":0,"parent":79,"menu_order":0,"comment_status":"closed","ping_status":"closed","template":"","meta":{"_acf_changed":false,"give_campaign_id":0,"_seopress_robots_primary_cat":"","_seopress_titles_title":"FAQs | Generosity Multiply Training | Generous Generations","_seopress_titles_desc":"FAQs | Generosity Multiply Training | Do you have a question? We're here to help!","_seopress_robots_index":"","_seopress_analysis_target_kw":"","footnotes":""},"class_list":["post-977","page","type-page","status-publish"],"acf":[],"campaignId":"","_links":{"self":[{"href":"https:\/\/generousgenerations.org\/es\/wp-json\/wp\/v2\/pages\/977","targetHints":{"allow":["GET"]}}],"collection":[{"href":"https:\/\/generousgenerations.org\/es\/wp-json\/wp\/v2\/pages"}],"about":[{"href":"https:\/\/generousgenerations.org\/es\/wp-json\/wp\/v2\/types\/page"}],"author":[{"embeddable":true,"href":"https:\/\/generousgenerations.org\/es\/wp-json\/wp\/v2\/users\/1"}],"replies":[{"embeddable":true,"href":"https:\/\/generousgenerations.org\/es\/wp-json\/wp\/v2\/comments?post=977"}],"version-history":[{"count":0,"href":"https:\/\/generousgenerations.org\/es\/wp-json\/wp\/v2\/pages\/977\/revisions"}],"up":[{"embeddable":true,"href":"https:\/\/generousgenerations.org\/es\/wp-json\/wp\/v2\/pages\/79"}],"wp:attachment":[{"href":"https:\/\/generousgenerations.org\/es\/wp-json\/wp\/v2\/media?parent=977"}],"curies":[{"name":"gracias","href":"https:\/\/api.w.org\/{rel}","templated":true}]}}