{"id":2273,"date":"2025-11-21T12:03:35","date_gmt":"2025-11-21T12:03:35","guid":{"rendered":"https:\/\/generousgenerations.org\/?page_id=2273"},"modified":"2026-05-13T16:51:54","modified_gmt":"2026-05-13T16:51:54","slug":"generosity-projects","status":"publish","type":"page","link":"https:\/\/generousgenerations.org\/fr\/generosity-projects\/","title":{"rendered":"Projets de g\u00e9n\u00e9rosit\u00e9"},"content":{"rendered":"<h1>\n\t\t\tProjets de g\u00e9n\u00e9rosit\u00e9\t<\/h1>\n\t\t\t\t\t\t<img decoding=\"async\" src=\"https:\/\/generousgenerations.org\/wp-content\/uploads\/2024\/03\/GG-Brand-Mark-Blue-400-trimmed-64.png\" alt=\"GG Brand Mark Blue 400 trimmed 64\" \/>\n<h2>\n\t\t\tDes histoires et des id\u00e9es concr\u00e8tes pour aider les familles \u00e0 partager l&#039;amour de Dieu de mani\u00e8re tangible.\t<\/h2>\n\t<p>Les projets de g\u00e9n\u00e9rosit\u00e9 invitent les enfants, les jeunes et les familles \u00e0 s&#039;immerger dans l&#039;histoire de Dieu en observant la g\u00e9n\u00e9rosit\u00e9 en action dans la vie r\u00e9elle, puis en y participant eux-m\u00eames.<\/p>\n<p>D\u00e9couvrez des histoires inspirantes et des id\u00e9es de projets simples et pratiques qui vous aideront \u00e0 cultiver ensemble un mode de vie g\u00e9n\u00e9reux.<\/p>\n\t\t\t<a href=\"https:\/\/generousgenerations.org\/fr\/generosity-projects\/impact-stories\/\" target=\"_self\">\n\t\t\t\t\t\t<h4>Histoires d&#039;impact<\/h4>\t\t\t\t\t\n\t\t<\/a>\n\t\t\t<a href=\"https:\/\/generousgenerations.org\/fr\/generosity-projects\/project-ideas\/\" target=\"_self\">\n\t\t\t\t\t\t<h4>Id\u00e9es de projets<\/h4>\t\t\t\t\t\n\t\t<\/a>\n\t<p>Plongez au c\u0153ur d&#039;histoires vraies d&#039;enfants et de jeunes qui d\u00e9couvrent la joie de partager l&#039;amour de J\u00e9sus \u00e0 travers une g\u00e9n\u00e9rosit\u00e9 radicale et biblique.<\/p>\n<p>\u00c0 travers de courtes vid\u00e9os et des animations, vous verrez comment des enfants ordinaires, dans des lieux ordinaires, font preuve d&#039;une g\u00e9n\u00e9rosit\u00e9 extraordinaire au quotidien.<\/p>\n\t<p>Pr\u00eats \u00e0 guider votre famille dans la pratique de la g\u00e9n\u00e9rosit\u00e9 ?<\/p>\n<p>D\u00e9couvrez des id\u00e9es de projets adapt\u00e9s \u00e0 l&#039;\u00e2ge des enfants, pour partager facilement l&#039;amour de Dieu en famille et apporter du r\u00e9confort dans un monde souffrant. Faciles \u00e0 mettre en \u0153uvre \u00e0 la maison, \u00e0 l&#039;\u00e9glise et dans votre communaut\u00e9.<\/p>","protected":false},"excerpt":{"rendered":"<p>Generosity Projects Real stories and ideas that help families share the love of God in tangible ways Generosity Projects invite children, youth and families to step into God&#8217;s story by seeing real-life generosity in action and then becoming part of it themselves. Explore inspiring impact stories and simple, practical project ideas that help you grow &#8230; <a title=\"Projets de g\u00e9n\u00e9rosit\u00e9\" class=\"read-more\" href=\"https:\/\/generousgenerations.org\/fr\/generosity-projects\/\" aria-label=\"En savoir plus sur Generosity Projects\">Lire plus<\/a><\/p>","protected":false},"author":1,"featured_media":0,"parent":0,"menu_order":0,"comment_status":"closed","ping_status":"closed","template":"","meta":{"_acf_changed":false,"give_campaign_id":0,"_seopress_robots_primary_cat":"","_seopress_titles_title":"","_seopress_titles_desc":"","_seopress_robots_index":"","_seopress_analysis_target_kw":"","footnotes":""},"class_list":["post-2273","page","type-page","status-publish"],"acf":[],"campaignId":"","_links":{"self":[{"href":"https:\/\/generousgenerations.org\/fr\/wp-json\/wp\/v2\/pages\/2273","targetHints":{"allow":["GET"]}}],"collection":[{"href":"https:\/\/generousgenerations.org\/fr\/wp-json\/wp\/v2\/pages"}],"about":[{"href":"https:\/\/generousgenerations.org\/fr\/wp-json\/wp\/v2\/types\/page"}],"author":[{"embeddable":true,"href":"https:\/\/generousgenerations.org\/fr\/wp-json\/wp\/v2\/users\/1"}],"replies":[{"embeddable":true,"href":"https:\/\/generousgenerations.org\/fr\/wp-json\/wp\/v2\/comments?post=2273"}],"version-history":[{"count":8,"href":"https:\/\/generousgenerations.org\/fr\/wp-json\/wp\/v2\/pages\/2273\/revisions"}],"predecessor-version":[{"id":2577,"href":"https:\/\/generousgenerations.org\/fr\/wp-json\/wp\/v2\/pages\/2273\/revisions\/2577"}],"wp:attachment":[{"href":"https:\/\/generousgenerations.org\/fr\/wp-json\/wp\/v2\/media?parent=2273"}],"curies":[{"name":"wp","href":"https:\/\/api.w.org\/{rel}","templated":true}]}}