{"id":2439,"date":"2026-04-07T14:23:44","date_gmt":"2026-04-07T14:23:44","guid":{"rendered":"https:\/\/generousgenerations.org\/?page_id=2439"},"modified":"2026-04-07T15:30:38","modified_gmt":"2026-04-07T15:30:38","slug":"home-new","status":"publish","type":"page","link":"https:\/\/generousgenerations.org\/fr\/home-new\/","title":{"rendered":"Home (new)"},"content":{"rendered":"<h2>\n\t\t\tWho We Are\t<\/h2>\n\t<iframe allowfullscreen allow=\"autoplay\" data-src=\"https:\/\/www.youtube.com\/embed\/HxmvTuRuNlU?feature=oembed&amp;start&amp;end&amp;wmode=opaque&amp;loop=0&amp;controls=1&amp;mute=0&amp;rel=0&amp;modestbranding=0\"><\/iframe>\t\t\n\t\t\t\t\tPlay Video\n<h2>\n\t\t\tWhat We Do\t<\/h2>\n\t<iframe allowfullscreen allow=\"autoplay\" data-src=\"https:\/\/www.youtube.com\/embed\/WAn8fDLPhvk?feature=oembed&amp;start&amp;end&amp;wmode=opaque&amp;loop=0&amp;controls=1&amp;mute=0&amp;rel=0&amp;modestbranding=0\"><\/iframe>\t\t\n\t\t\t\t\tPlay Video\n\t<p>Gen-G (Generous Generations) helps children and youth discover the joy of biblical generosity-because generosity isn&#8217;t just something you do, it&#8217;s who you become.<\/p>\n<p>We create creative, Bible-based discipleship experiences and training that are easy to lead in churches, schools, and homes-so young people don&#8217;t just learn about God, they reflect His heart to a hurting world.<\/p>\n<p>By the age of 13, a child&#8217;s worldview is largely formed. If we don&#8217;t shape generous stewardship early, scarcity and entitlement will.<\/p>\n\t<a href=\"https:\/\/generousgenerations.org\/fr\/resources\/\" target=\"_self\" role=\"button\" aria-label=\"EXPLORE THE RESOURCES\">\n\t\t\t\t\t\tEXPLORE THE RESOURCES\n\t\t\t\t\t<\/a>\n\t<a href=\"https:\/\/generousgenerations.org\/fr\/get-involved\/\" target=\"_self\" role=\"button\" aria-label=\"START A SESSION\">\n\t\t\t\t\t\tSTART A SESSION\n\t\t\t\t\t<\/a>\n\t<a href=\"#\" target=\"_self\" role=\"button\" aria-label=\"RAISE A GENEROUS GENERATION\">\n\t\t\t\t\t\tRAISE A GENEROUS GENERATION\n\t\t\t\t\t<\/a>\n\t<em>\u201c Instruis l\u2019enfant selon la voie qu\u2019il doit suivre ; et quand il sera vieux, il ne s\u2019en d\u00e9tournera pas. \u201d<\/em><br \/>\nProverbes 22:6 NKJV\n\t<a href=\"https:\/\/generousgenerations.org\/fr\/get-involved\/\" target=\"_self\" role=\"button\" aria-label=\"GET INVOLVED\">\n\t\t\t\t\t\tGET INVOLVED\n\t\t\t\t\t<\/a>\n<h2>\n\t\t\tTracer le chemin\t<\/h2>\n\t\t\t\t\t\t<img decoding=\"async\" src=\"https:\/\/generousgenerations.org\/wp-content\/uploads\/2024\/03\/GG-Brand-Mark-Blue-400-trimmed-64.png\" alt=\"GG Brand Mark Blue 400 trimmed 64\" \/>\n\t<p>Mobilisez toutes les g\u00e9n\u00e9rations \u00e0 travers des exp\u00e9riences interactives de g\u00e9n\u00e9rosit\u00e9 et ouvrez la voie \u00e0 une vie de vie g\u00e9n\u00e9reuse. En cultivant ces valeurs d\u00e8s le plus jeune \u00e2ge, nous donnons aux enfants les cl\u00e9s de leur avenir. En \u00e9quipant les jeunes adultes et les adultes, nous leur donnons les moyens de transmettre ces valeurs aux autres.<\/p>\n\t<a href=\"https:\/\/generousgenerations.org\/fr\/about\/#our-strategy\" target=\"_self\" role=\"button\" aria-label=\"EN SAVOIR PLUS SUR NOTRE STRAT\u00c9GIE\">\n\t\t\t\t\t\tEN SAVOIR PLUS SUR NOTRE STRAT\u00c9GIE\n\t\t\t\t\t<\/a>\n<figure itemscope itemtype=\"https:\/\/schema.org\/ImageObject\">\n\t\t\t\t<img decoding=\"async\" src=\"https:\/\/generousgenerations.org\/wp-content\/uploads\/2024\/05\/home-2.jpg\" alt=\"Senior man giving sandwich to his little grandson in park\" height=\"900\" width=\"900\" title=\"Man donnant un sandwich \u00e0 son petit-fils dans le parc\" onerror=\"this.style.display='none'\" loading=\"lazy\" \/>\n\t<\/figure>\n<figure itemscope itemtype=\"https:\/\/schema.org\/ImageObject\">\n\t\t\t\t<img decoding=\"async\" src=\"https:\/\/generousgenerations.org\/wp-content\/uploads\/2024\/05\/home-3.jpg\" alt=\"Help Concept hands reaching out to help each other in dark tone\" height=\"900\" width=\"900\" title=\"Aidez les mains du concept \u00e0 s&#039;entraider dans un ton sombre.\" onerror=\"this.style.display='none'\" loading=\"lazy\" \/>\n\t<\/figure>\n<h2>\n\t\t\tInspirer et responsabiliser\t<\/h2>\n\t\t\t\t\t\t<img decoding=\"async\" src=\"https:\/\/generousgenerations.org\/wp-content\/uploads\/2024\/03\/GG-Brand-Mark-Blue-400-trimmed-64.png\" alt=\"GG Brand Mark Blue 400 trimmed 64\" \/>\n\t<p>D\u00e9couvrez comment vous pouvez devenir un multiplicateur de g\u00e9n\u00e9rations g\u00e9n\u00e9reuses et aider \u00e0 encadrer les donateurs du Royaume de demain.<\/p>\n\t<a href=\"https:\/\/generousgenerations.org\/fr\/resources\/multiplier-training\/\" target=\"_self\" role=\"button\" aria-label=\"EN SAVOIR PLUS SUR LA FORMATION MULTIPLICATEUR\">\n\t\t\t\t\t\tEN SAVOIR PLUS SUR LA FORMATION MULTIPLICATEUR\n\t\t\t\t\t<\/a>\n<h2>\n\t\t\tTransformez les c\u0153urs\t<\/h2>\n\t\t\t\t\t\t<img decoding=\"async\" src=\"https:\/\/generousgenerations.org\/wp-content\/uploads\/2024\/03\/GG-Brand-Mark-Blue-400-trimmed-64.png\" alt=\"GG Brand Mark Blue 400 trimmed 64\" \/>\n\t<p>D\u00e9couvrez comment Generous Generations fa\u00e7onne une g\u00e9n\u00e9ration d\u2019enfants, de jeunes et de familles compatissants et favorise une culture de g\u00e9n\u00e9rosit\u00e9.<\/p>\n\t<a href=\"https:\/\/generousgenerations.org\/fr\/stories-of-generosity\/\" target=\"_self\" role=\"button\" aria-label=\"REGARDEZ UNE HISTOIRE DE G\u00c9N\u00c9ROSIT\u00c9\">\n\t\t\t\t\t\tREGARDEZ UNE HISTOIRE DE G\u00c9N\u00c9ROSIT\u00c9\n\t\t\t\t\t<\/a>\n<figure itemscope itemtype=\"https:\/\/schema.org\/ImageObject\">\n\t\t\t\t<img decoding=\"async\" src=\"https:\/\/generousgenerations.org\/wp-content\/uploads\/2024\/05\/home-4.jpg\" alt=\"Donation concept - boy holding box with toys for donation, copy space, isolated\" height=\"900\" width=\"900\" title=\"Concept de don - gar\u00e7on tenant une bo\u00eete avec des jouets pour don\" onerror=\"this.style.display='none'\" loading=\"lazy\" \/>\n\t<\/figure>\n<figure itemscope itemtype=\"https:\/\/schema.org\/ImageObject\">\n\t\t\t\t<img decoding=\"async\" src=\"https:\/\/generousgenerations.org\/wp-content\/uploads\/2024\/05\/home-5v2.jpg\" alt=\"home 5v2\" height=\"900\" width=\"900\" title=\"maison 5v2\" onerror=\"this.style.display='none'\" loading=\"lazy\" \/>\n\t<\/figure>\n<h2>\n\t\t\tDevenez partenaire avec nous\t<\/h2>\n\t\t\t\t\t\t<img decoding=\"async\" src=\"https:\/\/generousgenerations.org\/wp-content\/uploads\/2024\/03\/GG-Brand-Mark-Blue-400-trimmed-64.png\" alt=\"GG Brand Mark Blue 400 trimmed 64\" \/>\n\t<p>Tout le monde peut faire partie des G\u00e9n\u00e9rations G\u00e9n\u00e9reuses !<\/p>\n<ul>\n<li><strong>Prier<\/strong>: <a href=\"https:\/\/generousgenerations.org\/fr\/contact\/\">Contactez-nous<\/a> pour plus de d\u00e9tails sur notre prochaine r\u00e9union de pri\u00e8re<\/li>\n<li><strong>Devenez un multiplicateur<\/strong>: Un ambassadeur ou une organisation partenaire<\/li>\n<li><strong>B\u00e9n\u00e9vole<\/strong>: Aidez-nous \u00e0 traduire nos ressources dans votre langue locale<\/li>\n<li><strong>Faire un don<\/strong>: Aidez-nous \u00e0 cultiver les donateurs de demain en <a href=\"https:\/\/generousgenerations.org\/fr\/donate\/\">faire un don<\/a> aujourd&#039;hui.<\/li>\n<\/ul>\n\t<a href=\"https:\/\/generousgenerations.org\/fr\/resources\/multiplier-training\/\" target=\"_self\" role=\"button\" aria-label=\"EN SAVOIR PLUS SUR LA FORMATION MULTIPLICATEUR\">\n\t\t\t\t\t\tEN SAVOIR PLUS SUR LA FORMATION MULTIPLICATEUR\n\t\t\t\t\t<\/a>","protected":false},"excerpt":{"rendered":"<p>Who We Are Play Video What We Do Play Video Gen-G (Generous Generations) helps children and youth discover the joy of biblical generosity-because generosity isn&#8217;t just something you do, it&#8217;s who you become. We create creative, Bible-based discipleship experiences and training that are easy to lead in churches, schools, and homes-so young people don&#8217;t just &#8230; <a title=\"Home (new)\" class=\"read-more\" href=\"https:\/\/generousgenerations.org\/fr\/home-new\/\" aria-label=\"En savoir plus sur Home (new)\">Lire plus<\/a><\/p>","protected":false},"author":1,"featured_media":0,"parent":0,"menu_order":0,"comment_status":"closed","ping_status":"closed","template":"","meta":{"_acf_changed":false,"give_campaign_id":0,"_seopress_robots_primary_cat":"","_seopress_titles_title":"","_seopress_titles_desc":"","_seopress_robots_index":"","footnotes":""},"class_list":["post-2439","page","type-page","status-publish"],"acf":[],"campaignId":"","_links":{"self":[{"href":"https:\/\/generousgenerations.org\/fr\/wp-json\/wp\/v2\/pages\/2439","targetHints":{"allow":["GET"]}}],"collection":[{"href":"https:\/\/generousgenerations.org\/fr\/wp-json\/wp\/v2\/pages"}],"about":[{"href":"https:\/\/generousgenerations.org\/fr\/wp-json\/wp\/v2\/types\/page"}],"author":[{"embeddable":true,"href":"https:\/\/generousgenerations.org\/fr\/wp-json\/wp\/v2\/users\/1"}],"replies":[{"embeddable":true,"href":"https:\/\/generousgenerations.org\/fr\/wp-json\/wp\/v2\/comments?post=2439"}],"version-history":[{"count":4,"href":"https:\/\/generousgenerations.org\/fr\/wp-json\/wp\/v2\/pages\/2439\/revisions"}],"predecessor-version":[{"id":2456,"href":"https:\/\/generousgenerations.org\/fr\/wp-json\/wp\/v2\/pages\/2439\/revisions\/2456"}],"wp:attachment":[{"href":"https:\/\/generousgenerations.org\/fr\/wp-json\/wp\/v2\/media?parent=2439"}],"curies":[{"name":"wp","href":"https:\/\/api.w.org\/{rel}","templated":true}]}}