{"id":2457,"date":"2026-04-07T17:26:39","date_gmt":"2026-04-07T17:26:39","guid":{"rendered":"https:\/\/generousgenerations.org\/?page_id=2457"},"modified":"2026-04-09T14:13:28","modified_gmt":"2026-04-09T14:13:28","slug":"get-involved-new","status":"publish","type":"page","link":"https:\/\/generousgenerations.org\/fr\/get-involved-new\/","title":{"rendered":"Get Involved (new)"},"content":{"rendered":"<h1>\n\t\t\t\u00catre impliqu\u00e9\t<\/h1>\n\t\t\t\t\t\t<img decoding=\"async\" src=\"https:\/\/generousgenerations.org\/wp-content\/uploads\/2024\/03\/GG-Brand-Mark-Blue-400-trimmed-64.png\" alt=\"GG Brand Mark Blue 400 trimmed 64\" \/>\n\t<p>If you want children and youth to grow up with a Kingdom view of money, time, and talent, it won&#8217;t happen by accident &#8211; it takes discipleship.<\/p>\n<p>Le moyen le plus simple de s&#039;impliquer est de devenir un Multiplicateur Gen-G\u00a0: utilisez nos ressources pr\u00eates \u00e0 l&#039;emploi pour animer des Exp\u00e9riences de Disciples \u00e0 la G\u00e9n\u00e9rosit\u00e9 (EDG) et apprenez \u00e0 former d&#039;autres personnes \u00e0 faire de m\u00eame. Les \u00e9glises et les minist\u00e8res peuvent \u00e9galement s&#039;associer \u00e0 Gen-G pour contribuer \u00e0 l&#039;int\u00e9gration \u00e0 grande \u00e9chelle de la formation \u00e0 la g\u00e9n\u00e9rosit\u00e9.<\/p>\n<p>We&#8217;re always looking for volunteers too &#8211; especially for translations.<\/p>\n<p>Pr\u00eat \u00e0 commencer ? <a href=\"https:\/\/generousgenerations.org\/fr\/contact\/\">Contactez-nous<\/a> and we&#8217;ll help you take your next step.<\/p>\n\t<em>\u00ab Les gains de l\u2019homme de bien font avancer la cause de la justice\u2026 \u00bb<br \/>\n<\/em>Proverbes 10:16\n<h1>\n\t\t\tComment participer\t<\/h1>\n\t\t\t\t\t\t<img decoding=\"async\" src=\"https:\/\/generousgenerations.org\/wp-content\/uploads\/2024\/03\/GG-Brand-Mark-Blue-400-trimmed-64.png\" alt=\"GG Brand Mark Blue 400 trimmed 64\" \/>\n\t<p>Correct link needed for this video &#8211; placeholder only below.<\/p>\n\t<iframe allowfullscreen allow=\"autoplay\" data-src=\"https:\/\/www.youtube.com\/embed\/A7ZkZazfvao?feature=oembed&amp;start&amp;end&amp;wmode=opaque&amp;loop=0&amp;controls=1&amp;mute=0&amp;rel=0&amp;modestbranding=0\"><\/iframe>\t\t\n\t\t\t\t\tPlay Video\n<figure itemscope itemtype=\"https:\/\/schema.org\/ImageObject\">\n\t\t\t\t<img decoding=\"async\" src=\"https:\/\/generousgenerations.org\/wp-content\/uploads\/2024\/05\/get-involved-1.jpg\" alt=\"get involved 1\" height=\"900\" width=\"900\" title=\"s&#039;impliquer 1\" onerror=\"this.style.display='none'\" loading=\"lazy\" \/>\n\t<\/figure>\n<h1>\n\t\t\tDevenez un multiplicateur\t<\/h1>\n\t\t\t\t\t\t<img decoding=\"async\" src=\"https:\/\/generousgenerations.org\/wp-content\/uploads\/2024\/03\/GG-Brand-Mark-Blue-400-trimmed-64.png\" alt=\"GG Brand Mark Blue 400 trimmed 64\" \/>\n\t<h4><strong>Pensez royaume, pas empire<\/strong><\/h4>\n<p>Les multiplicateurs sont des leaders anim\u00e9s par une vision chr\u00e9tienne qui inspirent les autres \u00e0 vivre g\u00e9n\u00e9reusement, en commen\u00e7ant par leurs foyers, leurs \u00e9glises et leurs communaut\u00e9s. Ils ne cr\u00e9ent pas de plateformes, ils forment des personnes.<\/p>\n<h4><strong>Que font les multiplicateurs ?<\/strong><\/h4>\n<ul>\n<li>Vivre la vision de G\u00e9n\u00e9rations G\u00e9n\u00e9reuses<\/li>\n<li>Former d&#039;autres personnes \u00e0 diriger l&#039;exp\u00e9rience de disciple de la g\u00e9n\u00e9rosit\u00e9<\/li>\n<li>Donner aux jeunes les moyens de devenir des leaders du Royaume<\/li>\n<li>Multipliez la g\u00e9n\u00e9rosit\u00e9 partout o\u00f9 ils vont<\/li>\n<\/ul>\n<h4><strong>Qui peut \u00eatre un multiplicateur ?<\/strong><\/h4>\n<p>Parents. Pasteurs. Enseignants. Adolescents. Entra\u00eeneurs. Toute personne d\u00e9sireuse de progresser et d&#039;exercer un leadership porteur de sens. Aucun titre requis.<\/p>\n<h4><strong>Former les jeunes \u00e0 se multiplier aussi<\/strong><\/h4>\n<p>Nous formons une g\u00e9n\u00e9ration de jeunes leaders qui n&#039;attendent pas d&#039;autorisation pour diriger \u2013 et nous voulons que vous les aidiez \u00e0 y parvenir.<\/p>\n<h4><strong>Un \u00e9quipement adapt\u00e9 \u00e0 vos besoins<\/strong><\/h4>\n<p>Notre formation vid\u00e9o est gratuite, flexible et con\u00e7ue pour les leaders d&#039;aujourd&#039;hui. Il vous suffit d&#039;\u00eatre motiv\u00e9\u00b7e\u00a0; nous vous accompagnerons ensuite.<\/p>\n\t<a href=\"https:\/\/generousgenerations.org\/fr\/resources\/multiplier-training\/\" target=\"_self\" role=\"button\" aria-label=\"\u00c9quipement du multiplicateur de d\u00e9part\">\n\t\t\t\t\t\t\u00c9quipement du multiplicateur de d\u00e9part\n\t\t\t\t\t<\/a>\n<h1>\n\t\t\tPartenaire\t<\/h1>\n\t\t\t\t\t\t<img decoding=\"async\" src=\"https:\/\/generousgenerations.org\/wp-content\/uploads\/2024\/03\/GG-Brand-Mark-Blue-400-trimmed-64.png\" alt=\"GG Brand Mark Blue 400 trimmed 64\" \/>\n\t<p>Generous Generations collabore avec des r\u00e9seaux comme le Global Children&#039;s Forum (GCF) et ReadySetGo pour diffuser plus largement et plus rapidement les enseignements bibliques sur la g\u00e9n\u00e9rosit\u00e9. Ces partenariats de confiance nous permettent de former des responsables locaux et de toucher davantage d&#039;enfants et de jeunes au sein de leurs communaut\u00e9s, ce qui d\u00e9multiplie consid\u00e9rablement notre impact.<\/p>\n<h4>\n\t\t\tCertains de nos partenaires actuels\t<\/h4>\n<figure itemscope itemtype=\"https:\/\/schema.org\/ImageObject\">\n\t\t\t\t<img decoding=\"async\" src=\"https:\/\/generousgenerations.org\/wp-content\/uploads\/2024\/07\/GCF-t.png\" alt=\"GCF t\" height=\"500\" width=\"500\" title=\"GCF t\" onerror=\"this.style.display='none'\" loading=\"lazy\" \/>\n\t<\/figure>\n<figure itemscope itemtype=\"https:\/\/schema.org\/ImageObject\">\n\t\t\t\t<img decoding=\"async\" src=\"https:\/\/generousgenerations.org\/wp-content\/uploads\/2024\/07\/faithnet-t.png\" alt=\"faithnet t\" height=\"500\" width=\"500\" title=\"Faithnet T\" onerror=\"this.style.display='none'\" loading=\"lazy\" \/>\n\t<\/figure>\n<figure itemscope itemtype=\"https:\/\/schema.org\/ImageObject\">\n\t\t\t\t<img decoding=\"async\" src=\"https:\/\/generousgenerations.org\/wp-content\/uploads\/2024\/07\/suk-t.png\" alt=\"suk t\" height=\"500\" width=\"500\" title=\"suk t\" onerror=\"this.style.display='none'\" loading=\"lazy\" \/>\n\t<\/figure>\n<figure itemscope itemtype=\"https:\/\/schema.org\/ImageObject\">\n\t\t\t\t<img decoding=\"async\" src=\"https:\/\/generousgenerations.org\/wp-content\/uploads\/2024\/07\/rsg-t.png\" alt=\"rsg t\" height=\"500\" width=\"500\" title=\"rsg t\" onerror=\"this.style.display='none'\" loading=\"lazy\" \/>\n\t<\/figure>\n<figure itemscope itemtype=\"https:\/\/schema.org\/ImageObject\">\n\t\t\t\t<img decoding=\"async\" src=\"https:\/\/generousgenerations.org\/wp-content\/uploads\/2024\/07\/logosdor-t.png\" alt=\"logosdor t\" height=\"500\" width=\"500\" title=\"logosdor t\" onerror=\"this.style.display='none'\" loading=\"lazy\" \/>\n\t<\/figure>\n<figure itemscope itemtype=\"https:\/\/schema.org\/ImageObject\">\n\t\t\t\t<img decoding=\"async\" src=\"https:\/\/generousgenerations.org\/wp-content\/uploads\/2024\/07\/goplay-t.png\" alt=\"goplay t\" height=\"500\" width=\"500\" title=\"aller jouer \u00e0 t\" onerror=\"this.style.display='none'\" loading=\"lazy\" \/>\n\t<\/figure>\n<figure itemscope itemtype=\"https:\/\/schema.org\/ImageObject\">\n\t\t\t\t<img decoding=\"async\" src=\"https:\/\/generousgenerations.org\/wp-content\/uploads\/2024\/07\/rag-t.png\" alt=\"rag t\" height=\"500\" width=\"500\" title=\"chiffon t\" onerror=\"this.style.display='none'\" loading=\"lazy\" \/>\n\t<\/figure>\n<figure itemscope itemtype=\"https:\/\/schema.org\/ImageObject\">\n\t\t\t\t<img decoding=\"async\" src=\"https:\/\/generousgenerations.org\/wp-content\/uploads\/2024\/07\/gen-church-t.png\" alt=\"gen church t\" height=\"500\" width=\"500\" title=\"gen \u00e9glise t\" onerror=\"this.style.display='none'\" loading=\"lazy\" \/>\n\t<\/figure>\n<h4>\n\t\t\tTypes de partenariats\t<\/h4>\n\t<p>Il existe de nombreuses fa\u00e7ons de collaborer avec Generous Generations, chacune b\u00e9n\u00e9ficiant \u00e0 la fois \u00e0 nos partenaires et \u00e0 notre mission. Nos ressources sont utilis\u00e9es par les \u00e9glises, les dirigeants minist\u00e9riels ou organisationnels, les parents, les leaders de la jeunesse et bien d&#039;autres encore. Vous pouvez rejoindre le mouvement de l\u2019une des mani\u00e8res suivantes\u00a0:<\/p>\n<ul>\n<li><strong>Ambassadeur<\/strong>: Quelqu&#039;un qui aime la vision G\u00e9n\u00e9rations G\u00e9n\u00e9reuses et souhaite la partager avec les enfants, les jeunes et les jeunes adultes de sa communaut\u00e9 ou de son pays. Nous proposons une formation continue tout en produisant continuellement de nouveaux contenus et ressources.<\/li>\n<li><strong>Organisation partenaire<\/strong>: Une organisation qui souhaite s&#039;associer \u00e0 Generous Generations pour d\u00e9ployer ou int\u00e9grer nos ressources dans leur communaut\u00e9 ou leur pays. Nous proposons une formation continue pour soutenir l\u2019utilisation de nos derniers contenus et ressources.<\/li>\n<li><strong>Partenariat Financier<\/strong>: Si la vision de cultiver les donneurs du Royaume de demain vous int\u00e9resse, envisagez de vous associer financi\u00e8rement \u00e0 nous. Votre soutien aura un impact direct sur notre mission et nous aidera \u00e0 \u00e9tendre notre port\u00e9e. Rejoignez-nous dans ce voyage transformateur en visitant notre <a href=\"https:\/\/generousgenerations.org\/fr\/donate\/\">Faire un don<\/a> pour plus d&#039;informations. Votre partenariat financier peut faire une diff\u00e9rence significative. Ensemble, nous pouvons inspirer et \u00e9quiper la prochaine g\u00e9n\u00e9ration pour qu\u2019elle vive g\u00e9n\u00e9reusement.<\/li>\n<\/ul>\n\t<a href=\"https:\/\/generousgenerations.org\/fr\/contact\/\" target=\"_self\" role=\"button\" aria-label=\"CONTACTEZ-NOUS \u00c0 PROPOS DU PARTENARIAT\">\n\t\t\t\t\t\tCONTACTEZ-NOUS \u00c0 PROPOS DU PARTENARIAT\n\t\t\t\t\t<\/a>\n<figure itemscope itemtype=\"https:\/\/schema.org\/ImageObject\">\n\t\t\t\t<img decoding=\"async\" src=\"https:\/\/generousgenerations.org\/wp-content\/uploads\/2024\/05\/get-involved-4.jpg\" alt=\"Earth against happy friends in the park lying in circle\" height=\"900\" width=\"900\" title=\"Terre contre des amis heureux dans le parc couch\u00e9s en cercle\" onerror=\"this.style.display='none'\" loading=\"lazy\" \/>\n\t<\/figure>\n<h1>\n\t\t\tB\u00e9n\u00e9vole\t<\/h1>\n\t\t\t\t\t\t<img decoding=\"async\" src=\"https:\/\/generousgenerations.org\/wp-content\/uploads\/2024\/03\/GG-Brand-Mark-Blue-400-trimmed-64.png\" alt=\"GG Brand Mark Blue 400 trimmed 64\" \/>\n\t<p>Contenu \u00e0 ins\u00e9rer ici.<\/p>\n<figure itemscope itemtype=\"https:\/\/schema.org\/ImageObject\">\n\t\t\t\t<img decoding=\"async\" src=\"https:\/\/generousgenerations.org\/wp-content\/plugins\/bb-plugin\/img\/pixel.png\" alt=\"\" onerror=\"this.style.display='none'\" loading=\"lazy\" \/>\n\t<\/figure>\n<figure itemscope itemtype=\"https:\/\/schema.org\/ImageObject\">\n\t\t\t\t<img decoding=\"async\" src=\"https:\/\/generousgenerations.org\/wp-content\/uploads\/2024\/05\/get-involved-2.jpg\" alt=\"Earth planet in human hands. Elements of this image are furnished by NASA\" height=\"900\" width=\"900\" title=\"Notre plan\u00e8te a besoin de soins et d&#039;amour. Technique mixte\" onerror=\"this.style.display='none'\" loading=\"lazy\" \/>\n\t<\/figure>\n<h1>\n\t\t\tPrier\t<\/h1>\n\t\t\t\t\t\t<img decoding=\"async\" src=\"https:\/\/generousgenerations.org\/wp-content\/uploads\/2024\/03\/GG-Brand-Mark-Blue-400-trimmed-64.png\" alt=\"GG Brand Mark Blue 400 trimmed 64\" \/>\n\t<p>Priez avec nous pour le travail des G\u00e9n\u00e9rations G\u00e9n\u00e9reuses. Former des g\u00e9n\u00e9rations diverses \u00e0 comprendre et \u00e0 vivre une vie g\u00e9n\u00e9reuse commence par un changement de <strong>esprit<\/strong>, entra\u00eene un changement de <strong>c\u0153ur<\/strong>, et aboutit \u00e0 <strong>mains<\/strong> Cela donne. Ce mode de vie remet directement en question le discours consum\u00e9riste, et nous reconnaissons que ce message changera profond\u00e9ment les c\u0153urs, les familles et les cultures.<\/p>\n<p>Inscrivez-vous \u00e0 notre newsletter ci-dessous pour rester connect\u00e9.<\/p>\n\t<form action=\"https:\/\/generousgenerations.org\/fr\/wp-json\/ws-form\/v1\/submit\" class=\"wsf-form wsf-form-canvas\" id=\"ws-form-1\" data-id=\"1\" method=\"POST\" data-instance-id=\"1\" data-wsf-style-id=\"1\" data-trp-original-action=\"https:\/\/generousgenerations.org\/fr\/wp-json\/ws-form\/v1\/submit\"><input type=\"hidden\" name=\"trp-form-language\" value=\"fr\"\/><\/form>","protected":false},"excerpt":{"rendered":"<p>Get involved If you want children and youth to grow up with a Kingdom view of money, time, and talent, it won&#8217;t happen by accident &#8211; it takes discipleship. The simplest way to get involved is to become a Gen-G Multiplier: use our ready-to-lead resources to run Generosity Discipleship Experiences (GDEs), and learn how to &#8230; <a title=\"Get Involved (new)\" class=\"read-more\" href=\"https:\/\/generousgenerations.org\/fr\/get-involved-new\/\" aria-label=\"En savoir plus sur Get Involved (new)\">Lire plus<\/a><\/p>","protected":false},"author":1,"featured_media":0,"parent":0,"menu_order":0,"comment_status":"closed","ping_status":"closed","template":"","meta":{"_acf_changed":false,"give_campaign_id":0,"_seopress_robots_primary_cat":"","_seopress_titles_title":"","_seopress_titles_desc":"","_seopress_robots_index":"","footnotes":""},"class_list":["post-2457","page","type-page","status-publish"],"acf":[],"campaignId":"","_links":{"self":[{"href":"https:\/\/generousgenerations.org\/fr\/wp-json\/wp\/v2\/pages\/2457","targetHints":{"allow":["GET"]}}],"collection":[{"href":"https:\/\/generousgenerations.org\/fr\/wp-json\/wp\/v2\/pages"}],"about":[{"href":"https:\/\/generousgenerations.org\/fr\/wp-json\/wp\/v2\/types\/page"}],"author":[{"embeddable":true,"href":"https:\/\/generousgenerations.org\/fr\/wp-json\/wp\/v2\/users\/1"}],"replies":[{"embeddable":true,"href":"https:\/\/generousgenerations.org\/fr\/wp-json\/wp\/v2\/comments?post=2457"}],"version-history":[{"count":4,"href":"https:\/\/generousgenerations.org\/fr\/wp-json\/wp\/v2\/pages\/2457\/revisions"}],"predecessor-version":[{"id":2477,"href":"https:\/\/generousgenerations.org\/fr\/wp-json\/wp\/v2\/pages\/2457\/revisions\/2477"}],"wp:attachment":[{"href":"https:\/\/generousgenerations.org\/fr\/wp-json\/wp\/v2\/media?parent=2457"}],"curies":[{"name":"wp","href":"https:\/\/api.w.org\/{rel}","templated":true}]}}