{"id":249,"date":"2024-04-16T10:11:58","date_gmt":"2024-04-16T10:11:58","guid":{"rendered":"https:\/\/gg.perfectlydigital.dev\/donation-failed\/"},"modified":"2024-04-16T10:11:58","modified_gmt":"2024-04-16T10:11:58","slug":"donation-failed","status":"publish","type":"page","link":"https:\/\/generousgenerations.org\/fr\/donation-failed\/","title":{"rendered":"Donation Failed"},"content":{"rendered":"<p>Nous sommes d\u00e9sol\u00e9s, votre don n&#039;a pas pu \u00eatre trait\u00e9. Veuillez r\u00e9essayer ou contacter le support du site.<\/p>","protected":false},"excerpt":{"rendered":"<p>Nous sommes d\u00e9sol\u00e9s, votre don n&#039;a pas pu \u00eatre trait\u00e9. Veuillez r\u00e9essayer ou contacter le support du site.<\/p>","protected":false},"author":1,"featured_media":0,"parent":0,"menu_order":0,"comment_status":"closed","ping_status":"closed","template":"","meta":{"_acf_changed":false,"give_campaign_id":0,"_seopress_robots_primary_cat":"","_seopress_titles_title":"","_seopress_titles_desc":"","_seopress_robots_index":"","footnotes":""},"class_list":["post-249","page","type-page","status-publish"],"acf":[],"campaignId":"","_links":{"self":[{"href":"https:\/\/generousgenerations.org\/fr\/wp-json\/wp\/v2\/pages\/249","targetHints":{"allow":["GET"]}}],"collection":[{"href":"https:\/\/generousgenerations.org\/fr\/wp-json\/wp\/v2\/pages"}],"about":[{"href":"https:\/\/generousgenerations.org\/fr\/wp-json\/wp\/v2\/types\/page"}],"author":[{"embeddable":true,"href":"https:\/\/generousgenerations.org\/fr\/wp-json\/wp\/v2\/users\/1"}],"replies":[{"embeddable":true,"href":"https:\/\/generousgenerations.org\/fr\/wp-json\/wp\/v2\/comments?post=249"}],"version-history":[{"count":0,"href":"https:\/\/generousgenerations.org\/fr\/wp-json\/wp\/v2\/pages\/249\/revisions"}],"wp:attachment":[{"href":"https:\/\/generousgenerations.org\/fr\/wp-json\/wp\/v2\/media?parent=249"}],"curies":[{"name":"wp","href":"https:\/\/api.w.org\/{rel}","templated":true}]}}