{"id":581,"date":"2024-04-26T12:36:33","date_gmt":"2024-04-26T12:36:33","guid":{"rendered":"https:\/\/gg.perfectlydigital.dev\/?page_id=581"},"modified":"2024-05-27T12:29:04","modified_gmt":"2024-05-27T12:29:04","slug":"privacy","status":"publish","type":"page","link":"https:\/\/generousgenerations.org\/fr\/privacy\/","title":{"rendered":"Confidentialit\u00e9"},"content":{"rendered":"<h1>\n\t\tConfidentialit\u00e9\n\t<\/h1>\n\t\t\t\t\t\t<img decoding=\"async\" src=\"https:\/\/generousgenerations.org\/wp-content\/uploads\/2024\/03\/GG-Brand-Mark-Blue-400-trimmed-64.png\" alt=\"GG Brand Mark Blue 400 trimmed 64\" \/>\n\t<p>La confidentialit\u00e9 est importante, mais elle peut pr\u00eater \u00e0 confusion. Cette page explique notre approche en mati\u00e8re de confidentialit\u00e9 et comment elle vous affecte.<\/p>\n<h4>Version courte<\/h4>\n<p>Nous collectons des statistiques anonymes sur votre visite, comme celle de nos pages que vous avez consult\u00e9e.<\/p>\n<p>Certains tiers comme Facebook peuvent savoir que vous avez visit\u00e9 ce site Web si vous utilisez leurs services. Nous ne pouvons pas les contr\u00f4ler, mais nous ne pensons pas que cette information constitue une menace pour vous.<\/p>\n<p>Si vous vous inscrivez chez nous, nous prenons grand soin de prot\u00e9ger vos informations et nous ne les partagerons jamais avec d&#039;autres sans votre autorisation expresse.<\/p>\n<p>Nous ne partageons jamais vos donn\u00e9es avec des tiers, sauf pour nous aider \u00e0 fournir nos propres services.<\/p>\n<p>Ce ne sont l\u00e0 que les points cl\u00e9s. Si vous avez besoin de plus de d\u00e9tails, continuez \u00e0 lire.<\/p>\n<h4>Mesurer nos visiteurs<\/h4>\n<p>Nous mesurons les visiteurs de notre site Web \u00e0 l&#039;aide de Google Analytics. Ceci enregistre les pages que vous consultez sur notre site, comment vous \u00eates arriv\u00e9 sur notre site et certaines informations de base sur votre ordinateur. Toutes ces informations sont anonymes \u2013 nous ne savons donc pas qui vous \u00eates ; juste que quelqu&#039;un a visit\u00e9 notre site.<\/p>\n<p>Les informations que nous collectons gr\u00e2ce aux analyses nous aident \u00e0 comprendre quelles parties de nos sites fonctionnent bien, comment les gens arrivent sur notre site, etc. Comme la plupart des sites Web, nous utilisons ces informations pour am\u00e9liorer notre site Web.<\/p>\n<p>Tu peux <a href=\"https:\/\/support.google.com\/analytics\/answer\/6004245\" target=\"_blank\" rel=\"noopener\">en savoir plus sur Google Analytics ici<\/a>.<\/p>\n<h4>Contenu int\u00e9gr\u00e9 provenant d&#039;autres sites Web<\/h4>\n<p>Le contenu de ce site peut inclure du contenu int\u00e9gr\u00e9 (par exemple des vid\u00e9os, des images, des articles, etc.). Le contenu int\u00e9gr\u00e9 provenant d&#039;autres sites Web se comporte exactement de la m\u00eame mani\u00e8re que si le visiteur avait visit\u00e9 le site Web d&#039;origine.<\/p>\n<p>Ces sites Web peuvent collecter des donn\u00e9es sur vous, utiliser des cookies, int\u00e9grer un suivi tiers suppl\u00e9mentaire et surveiller votre interaction avec ce contenu int\u00e9gr\u00e9, y compris le suivi de votre interaction avec le contenu int\u00e9gr\u00e9 si vous disposez d&#039;un compte et \u00eates connect\u00e9 \u00e0 ce site Web.<\/p>\n<h4>Annonces et liens sponsoris\u00e9s<\/h4>\n<p>Ce site Web ne contient aucun lien sponsoris\u00e9 ni publicit\u00e9.<\/p>\n<h4>T\u00e9l\u00e9chargements et fichiers multim\u00e9dias<\/h4>\n<p>Tous les documents, fichiers ou m\u00e9dias t\u00e9l\u00e9chargeables mis \u00e0 disposition sur ce site vous sont fournis \u00e0 vos propres risques. Bien que toutes les pr\u00e9cautions aient \u00e9t\u00e9 prises pour garantir que seuls les t\u00e9l\u00e9chargements authentiques soient disponibles, il vous est conseill\u00e9 de v\u00e9rifier leur authenticit\u00e9 \u00e0 l&#039;aide d&#039;un logiciel antivirus tiers ou d&#039;applications similaires.<\/p>\n<p>Nous n&#039;acceptons aucune responsabilit\u00e9 pour les t\u00e9l\u00e9chargements de tiers et les t\u00e9l\u00e9chargements fournis par des sites Web tiers externes. Nous vous conseillons de v\u00e9rifier leur authenticit\u00e9 \u00e0 l&#039;aide d&#039;un logiciel antivirus tiers ou d&#039;applications similaires.<\/p>\n<h4>Si vous vous inscrivez \u00e0 un service<\/h4>\n<p>Lorsque vous vous inscrivez \u00e0 l&#039;un de nos services (par exemple, en vous inscrivant \u00e0 la liste de diffusion), nous enregistrerons des informations personnelles sp\u00e9cifiques vous concernant, telles que votre nom et votre adresse e-mail.<\/p>\n<h4>E-mails<\/h4>\n<p>Nous pouvons vous envoyer des notifications par e-mail que vous avez sp\u00e9cifiquement demand\u00e9es (telles que des newsletters ou des notifications). Vous avez la possibilit\u00e9 de vous d\u00e9sinscrire de toute communication \u00e0 tout moment.<\/p>\n<p>Nous ne fournirons jamais vos informations personnelles ou votre adresse e-mail \u00e0 des tiers, sauf lorsqu&#039;ils sont sp\u00e9cifiquement employ\u00e9s pour nous aider \u00e0 fournir nos propres services, comme d\u00e9taill\u00e9 ci-dessus.<\/p>\n<h4>S\u00e9curit\u00e9<\/h4>\n<p>Nous prenons de nombreuses pr\u00e9cautions pour \u00e9viter la perte, la mauvaise utilisation ou l&#039;alt\u00e9ration de vos informations personnelles. Ces pr\u00e9cautions comprennent\u00a0:<\/p>\n<ul>\n<li>Utilisation du cryptage SSL pour tout le contenu de la page et toutes les donn\u00e9es collect\u00e9es<\/li>\n<li>Mat\u00e9riel stock\u00e9 dans des centres de donn\u00e9es s\u00e9curis\u00e9s derri\u00e8re des pare-feu<\/li>\n<li>Tout acc\u00e8s aux informations restreint par mot de passe et\/ou cl\u00e9 s\u00e9curis\u00e9e<\/li>\n<li>Restrictions quant aux informations accessibles via n&#039;importe quel emplacement<\/li>\n<\/ul>\n<p>M\u00eame si nous prenons grand soin de garantir la protection de toutes les informations confidentielles, nous ne pouvons pas garantir la s\u00e9curit\u00e9 des donn\u00e9es envoy\u00e9es sur Internet.<\/p>\n<h4>Mises \u00e0 jour de cette politique<\/h4>\n<p>Nous pouvons mettre \u00e0 jour cette politique de confidentialit\u00e9 de temps \u00e0 autre, notamment \u00e0 mesure que la technologie \u00e9volue. Vous pouvez toujours consulter cette page pour la derni\u00e8re version. Nous pouvons \u00e9galement vous informer des modifications apport\u00e9es \u00e0 notre politique de confidentialit\u00e9 par courrier \u00e9lectronique.<\/p>","protected":false},"excerpt":{"rendered":"<p>La confidentialit\u00e9 est importante, mais elle peut pr\u00eater \u00e0 confusion. Cette page explique notre approche en mati\u00e8re de confidentialit\u00e9 et comment elle vous affecte.<\/p>","protected":false},"author":1,"featured_media":0,"parent":0,"menu_order":0,"comment_status":"closed","ping_status":"closed","template":"","meta":{"_acf_changed":false,"give_campaign_id":0,"_seopress_robots_primary_cat":"","_seopress_titles_title":"Privacy | Generous Generations","_seopress_titles_desc":"Privacy matters, but it can be confusing. This page explains our approach to privacy and how it affects you.","_seopress_robots_index":"","footnotes":""},"class_list":["post-581","page","type-page","status-publish"],"acf":[],"campaignId":"","_links":{"self":[{"href":"https:\/\/generousgenerations.org\/fr\/wp-json\/wp\/v2\/pages\/581","targetHints":{"allow":["GET"]}}],"collection":[{"href":"https:\/\/generousgenerations.org\/fr\/wp-json\/wp\/v2\/pages"}],"about":[{"href":"https:\/\/generousgenerations.org\/fr\/wp-json\/wp\/v2\/types\/page"}],"author":[{"embeddable":true,"href":"https:\/\/generousgenerations.org\/fr\/wp-json\/wp\/v2\/users\/1"}],"replies":[{"embeddable":true,"href":"https:\/\/generousgenerations.org\/fr\/wp-json\/wp\/v2\/comments?post=581"}],"version-history":[{"count":0,"href":"https:\/\/generousgenerations.org\/fr\/wp-json\/wp\/v2\/pages\/581\/revisions"}],"wp:attachment":[{"href":"https:\/\/generousgenerations.org\/fr\/wp-json\/wp\/v2\/media?parent=581"}],"curies":[{"name":"wp","href":"https:\/\/api.w.org\/{rel}","templated":true}]}}