{"id":583,"date":"2024-04-26T12:36:52","date_gmt":"2024-04-26T12:36:52","guid":{"rendered":"https:\/\/gg.perfectlydigital.dev\/?page_id=583"},"modified":"2024-05-27T12:31:09","modified_gmt":"2024-05-27T12:31:09","slug":"terms-and-conditions","status":"publish","type":"page","link":"https:\/\/generousgenerations.org\/fr\/terms-and-conditions\/","title":{"rendered":"Termes et conditions"},"content":{"rendered":"<h1>\n\t\tTermes et conditions\n\t<\/h1>\n\t\t\t\t\t\t<img decoding=\"async\" src=\"https:\/\/generousgenerations.org\/wp-content\/uploads\/2024\/03\/GG-Brand-Mark-Blue-400-trimmed-64.png\" alt=\"GG Brand Mark Blue 400 trimmed 64\" \/>\n\t<h4>Qu&#039;y a-t-il dans ces termes ?<\/h4>\n<p>Ces conditions vous indiquent les r\u00e8gles d&#039;utilisation de notre site Internet https:\/\/generousgenerous.org (notre site).<\/p>\n<h4>En utilisant notre site, vous acceptez ces conditions<\/h4>\n<p>En utilisant notre site, vous confirmez que vous acceptez ces conditions et que vous vous engagez \u00e0 les respecter. Si vous n&#039;acceptez pas ces conditions, vous ne devez pas utiliser notre site.<\/p>\n<h4>Il existe d&#039;autres conditions qui s&#039;appliquent \u00e0 vous<\/h4>\n<p>Ces conditions font r\u00e9f\u00e9rence aux conditions suppl\u00e9mentaires suivantes, qui s&#039;appliquent \u00e9galement \u00e0 votre utilisation de notre site\u00a0:<\/p>\n<ul>\n<li>Notre <a href=\"https:\/\/generousgenerations.org\/fr\/privacy\/\">politique de confidentialit\u00e9<\/a> (voir plus loin sous Comment nous pouvons utiliser vos informations personnelles).<\/li>\n<li>Notre <a href=\"https:\/\/generousgenerations.org\/fr\/cookies\/\">Politique en mati\u00e8re de cookies<\/a> (ceci d\u00e9finit des informations sur les cookies de notre site).<\/li>\n<\/ul>\n<h4>Nous pouvons apporter des modifications \u00e0 ces conditions<\/h4>\n<p>Nous modifions ces conditions de temps \u00e0 autre. Chaque fois que vous souhaitez utiliser notre site, veuillez v\u00e9rifier ces conditions pour vous assurer que vous comprenez les conditions qui s&#039;appliquent \u00e0 ce moment-l\u00e0.<\/p>\n<h4>Nous pouvons apporter des modifications \u00e0 notre site<\/h4>\n<p>Nous pouvons mettre \u00e0 jour et modifier notre site de temps \u00e0 autre.<\/p>\n<h4>Nous pouvons suspendre ou retirer notre site<\/h4>\n<p>Notre site est mis \u00e0 disposition gratuitement.<\/p>\n<p>Nous ne garantissons pas que notre site, ou tout contenu qu&#039;il contient, sera toujours disponible. Nous pouvons suspendre, retirer ou restreindre la disponibilit\u00e9 de tout ou partie de notre site pour des raisons op\u00e9rationnelles.<\/p>\n<p>Vous \u00eates \u00e9galement responsable de vous assurer que toutes les personnes qui acc\u00e8dent \u00e0 notre site via votre connexion Internet connaissent tous les termes et conditions applicables et qu&#039;elles les respectent.<\/p>\n<h4>Ne vous fiez pas aux informations de ce site<\/h4>\n<p>Bien que nous fassions des efforts raisonnables pour mettre \u00e0 jour les informations sur notre site, nous ne faisons aucune d\u00e9claration, garantie ou garantie, expresse ou implicite, que le contenu de notre site est exact, complet ou \u00e0 jour.<\/p>\n<h4>Nous ne sommes pas responsables des sites Web vers lesquels nous \u00e9tablissons des liens<\/h4>\n<p>Lorsque notre site contient des liens vers d&#039;autres sites et ressources fournis par des tiers, ces liens sont fournis \u00e0 titre d&#039;information uniquement. Ces liens ne doivent pas \u00eatre interpr\u00e9t\u00e9s comme une approbation de notre part de ces sites Web li\u00e9s ou des informations que vous pouvez en obtenir.<\/p>\n<p>Nous n&#039;avons aucun contr\u00f4le sur le contenu de ces sites ou ressources.<\/p>\n<h4>Comment nous pouvons utiliser vos informations personnelles<\/h4>\n<p>Nous utiliserons vos informations personnelles uniquement comme indiqu\u00e9 dans notre <a href=\"https:\/\/generousgenerations.org\/fr\/privacy\/\">politique de confidentialit\u00e9<\/a>.<\/p>\n<h4>Nous ne sommes pas responsables des virus et vous ne devez pas les introduire<\/h4>\n<p>Nous ne garantissons pas que notre site sera s\u00e9curis\u00e9 ou exempt de bugs ou de virus.<\/p>\n<p>Vous \u00eates responsable de la configuration de votre technologie de l\u2019information, de vos programmes informatiques et de votre plateforme pour acc\u00e9der \u00e0 notre site. Vous devez utiliser votre propre logiciel de protection antivirus.<\/p>\n<p>Vous ne devez pas utiliser notre site \u00e0 mauvais escient en introduisant sciemment des virus, des chevaux de Troie, des vers, des bombes logiques ou tout autre mat\u00e9riel malveillant ou technologiquement nuisible. Vous ne devez pas tenter d&#039;obtenir un acc\u00e8s non autoris\u00e9 \u00e0 notre site, au serveur sur lequel notre site est stock\u00e9 ou \u00e0 tout serveur, ordinateur ou base de donn\u00e9es connect\u00e9 \u00e0 notre site. Vous ne devez pas attaquer notre site via une attaque par d\u00e9ni de service ou une attaque par d\u00e9ni de service distribu\u00e9. En violant cette disposition, vous commettriez une infraction p\u00e9nale en vertu du Computer Misuse Act 1990. Nous signalerons toute violation de ce type aux autorit\u00e9s charg\u00e9es de l&#039;application de la loi comp\u00e9tentes et nous coop\u00e9rerons avec ces autorit\u00e9s en leur r\u00e9v\u00e9lant votre identit\u00e9. Dans le cas d&#039;une telle violation, votre droit d&#039;utiliser notre site cessera imm\u00e9diatement.<\/p>\n<h4>R\u00e8gles concernant les liens vers notre site<\/h4>\n<p>Vous pouvez cr\u00e9er un lien vers notre page d&#039;accueil, \u00e0 condition de le faire d&#039;une mani\u00e8re juste et l\u00e9gale et de ne pas nuire \u00e0 notre r\u00e9putation ni d&#039;en profiter.<\/p>\n<p>Vous ne devez pas \u00e9tablir de lien de mani\u00e8re \u00e0 sugg\u00e9rer une quelconque forme d&#039;association, d&#039;approbation ou d&#039;adh\u00e9sion de notre part l\u00e0 o\u00f9 il n&#039;en existe pas.<\/p>\n<p>Vous ne devez pas \u00e9tablir de lien vers notre site sur un site Web qui ne vous appartient pas.<\/p>\n<p>Notre site ne doit pas \u00eatre encadr\u00e9 sur un autre site, et vous ne pouvez pas non plus cr\u00e9er de lien vers une partie de notre site autre que la page d&#039;accueil.<\/p>\n<p>Nous nous r\u00e9servons le droit de retirer l&#039;autorisation de cr\u00e9ation de liens sans pr\u00e9avis.<\/p>","protected":false},"excerpt":{"rendered":"<p>Que contiennent ces conditions ? Ces conditions vous indiquent les r\u00e8gles d&#039;utilisation de notre site Web.<\/p>","protected":false},"author":1,"featured_media":0,"parent":0,"menu_order":0,"comment_status":"closed","ping_status":"closed","template":"","meta":{"_acf_changed":false,"give_campaign_id":0,"_seopress_robots_primary_cat":"","_seopress_titles_title":"Terms and Conditions | Generous Generations","_seopress_titles_desc":"What is in these terms? These terms tell you the rules for using our website.","_seopress_robots_index":"","footnotes":""},"class_list":["post-583","page","type-page","status-publish"],"acf":[],"campaignId":"","_links":{"self":[{"href":"https:\/\/generousgenerations.org\/fr\/wp-json\/wp\/v2\/pages\/583","targetHints":{"allow":["GET"]}}],"collection":[{"href":"https:\/\/generousgenerations.org\/fr\/wp-json\/wp\/v2\/pages"}],"about":[{"href":"https:\/\/generousgenerations.org\/fr\/wp-json\/wp\/v2\/types\/page"}],"author":[{"embeddable":true,"href":"https:\/\/generousgenerations.org\/fr\/wp-json\/wp\/v2\/users\/1"}],"replies":[{"embeddable":true,"href":"https:\/\/generousgenerations.org\/fr\/wp-json\/wp\/v2\/comments?post=583"}],"version-history":[{"count":0,"href":"https:\/\/generousgenerations.org\/fr\/wp-json\/wp\/v2\/pages\/583\/revisions"}],"wp:attachment":[{"href":"https:\/\/generousgenerations.org\/fr\/wp-json\/wp\/v2\/media?parent=583"}],"curies":[{"name":"wp","href":"https:\/\/api.w.org\/{rel}","templated":true}]}}