{"id":63,"date":"2022-11-28T16:16:45","date_gmt":"2022-11-28T16:16:45","guid":{"rendered":"https:\/\/generate.perfectlydigital.dev\/?page_id=63"},"modified":"2026-05-14T11:40:45","modified_gmt":"2026-05-14T11:40:45","slug":"home","status":"publish","type":"page","link":"https:\/\/generousgenerations.org\/fr\/","title":{"rendered":"Maison"},"content":{"rendered":"<h3>\n\t\t\tQui sommes-nous ?\t<\/h3>\n\t<iframe allowfullscreen allow=\"autoplay\" data-src=\"https:\/\/www.youtube.com\/embed\/HxmvTuRuNlU?feature=oembed&amp;start&amp;end&amp;wmode=opaque&amp;loop=0&amp;controls=1&amp;mute=0&amp;rel=0&amp;modestbranding=0\"><\/iframe>\t\t\n\t\t\t\t\tLire la vid\u00e9o\n\t<p>Les enfants sont les <strong>le plus grand champ de r\u00e9colte du monde<\/strong>. Ils sont aussi souvent les <strong>les plus r\u00e9ceptifs \u00e0 l&#039;\u00c9vangile<\/strong>.<\/p>\n<p>Nous croyons que le plus grand don de g\u00e9n\u00e9rosit\u00e9 jamais fait est celui de la vie \u00e9ternelle par J\u00e9sus.<\/p>\n<p><em>\u201c Car Dieu ainsi <strong>aim\u00e9<\/strong> le monde qu&#039;il <strong>a donn\u00e9<\/strong> Son Fils unique\u2026\u201d<\/em> (Jean 3:16).<\/p>\n<p>Parce que <strong>Il a donn\u00e9 le premier, nous donnons<\/strong>.<\/p>\n<h3>\n\t\t\tCe que nous faisons\t<\/h3>\n\t<iframe allowfullscreen allow=\"autoplay\" data-src=\"https:\/\/www.youtube.com\/embed\/PtrSoiRbFpg?feature=oembed&amp;start&amp;end&amp;wmode=opaque&amp;loop=0&amp;controls=1&amp;mute=0&amp;rel=0&amp;modestbranding=0\"><\/iframe>\t\t\n\t\t\t\t\tLire la vid\u00e9o\n\t<p>Nous cr\u00e9ons des ressources qui inspirent et mobilisent les enfants et les jeunes \u00e0 partager la Bonne Nouvelle de J\u00e9sus par une g\u00e9n\u00e9rosit\u00e9 biblique radicale \u2014 et nous les rendons librement accessibles.<\/p>\n<p>Tous les Multiplicateurs sont form\u00e9s pour donner aux enfants l&#039;occasion de prendre un engagement personnel envers le Christ \u00e0 chaque s\u00e9ance.<\/p>\n<p><em>\u201c Vous avez re\u00e7u gratuitement, donnez gratuitement. \u201d<\/em> (Matthieu 10:8).<\/p>\n\t\t\t\t\t\t<img decoding=\"async\" src=\"https:\/\/generousgenerations.org\/wp-content\/uploads\/2024\/03\/GG-Brand-Mark-Blue-400-trimmed-64.png\" alt=\"GG Brand Mark Blue 400 trimmed 64\" \/>\n\t<p>Gen-G (Generous Generations) aide les enfants et les jeunes \u00e0 d\u00e9couvrir la joie de la g\u00e9n\u00e9rosit\u00e9 biblique.<\/p>\n<p>Nous y parvenons gr\u00e2ce \u00e0 des exp\u00e9riences de formation de disciples bas\u00e9es sur la Bible, simples \u00e0 mettre en \u0153uvre dans les \u00e9glises, les \u00e9coles et les foyers.<\/p>\n<p>Notre souhait le plus cher est que les jeunes apprennent non seulement \u00e0 conna\u00eetre Dieu, mais qu&#039;ils commencent aussi \u00e0 refl\u00e9ter son amour \u00e0 un monde souffrant.<\/p>\n<p>\u00c0 l&#039;\u00e2ge de 13 ans, une grande partie de la vision du monde d&#039;un enfant est d\u00e9j\u00e0 form\u00e9e.<\/p>\n<p>C\u2019est pourquoi nous contribuons \u00e0 fa\u00e7onner tr\u00e8s t\u00f4t une gestion g\u00e9n\u00e9reuse, avant que la raret\u00e9, le sentiment d\u2019avoir droit \u00e0 tout et une mentalit\u00e9 \u00e9gocentrique ne s\u2019installent.<\/p>\n\t<em>\u201c Instruis l\u2019enfant selon la voie qu\u2019il doit suivre ; et quand il sera vieux, il ne s\u2019en d\u00e9tournera pas. \u201d<\/em><br \/>\nProverbes 22:6 NKJV\n\t<a href=\"https:\/\/generousgenerations.org\/fr\/resources\/\" target=\"_self\" role=\"button\" aria-label=\"T\u00c9L\u00c9CHARGER DES RESSOURCES GRATUITES\">\n\t\t\t\t\t\tT\u00c9L\u00c9CHARGER DES RESSOURCES GRATUITES\n\t\t\t\t\t<\/a>\n<h2>\n\t\t\tTracer le chemin\t<\/h2>\n\t\t\t\t\t\t<img decoding=\"async\" src=\"https:\/\/generousgenerations.org\/wp-content\/uploads\/2024\/03\/GG-Brand-Mark-Blue-400-trimmed-64.png\" alt=\"GG Brand Mark Blue 400 trimmed 64\" \/>\n\t<p>Mobilisez toutes les g\u00e9n\u00e9rations \u00e0 travers des exp\u00e9riences interactives de g\u00e9n\u00e9rosit\u00e9 et ouvrez la voie \u00e0 une vie de vie g\u00e9n\u00e9reuse. En cultivant ces valeurs d\u00e8s le plus jeune \u00e2ge, nous donnons aux enfants les cl\u00e9s de leur avenir. En \u00e9quipant les jeunes adultes et les adultes, nous leur donnons les moyens de transmettre ces valeurs aux autres.<\/p>\n\t<a href=\"https:\/\/generousgenerations.org\/fr\/about\/#our-strategy\" target=\"_self\" role=\"button\" aria-label=\"EN SAVOIR PLUS SUR NOTRE STRAT\u00c9GIE\">\n\t\t\t\t\t\tEN SAVOIR PLUS SUR NOTRE STRAT\u00c9GIE\n\t\t\t\t\t<\/a>\n<figure itemscope itemtype=\"https:\/\/schema.org\/ImageObject\">\n\t\t\t\t<img decoding=\"async\" src=\"https:\/\/generousgenerations.org\/wp-content\/uploads\/2024\/05\/home-2.jpg\" alt=\"Senior man giving sandwich to his little grandson in park\" height=\"900\" width=\"900\" title=\"Man donnant un sandwich \u00e0 son petit-fils dans le parc\" onerror=\"this.style.display='none'\" loading=\"lazy\" \/>\n\t<\/figure>\n<figure itemscope itemtype=\"https:\/\/schema.org\/ImageObject\">\n\t\t\t\t<img decoding=\"async\" src=\"https:\/\/generousgenerations.org\/wp-content\/uploads\/2024\/05\/home-3.jpg\" alt=\"Help Concept hands reaching out to help each other in dark tone\" height=\"900\" width=\"900\" title=\"Aidez les mains du concept \u00e0 s&#039;entraider dans un ton sombre.\" onerror=\"this.style.display='none'\" loading=\"lazy\" \/>\n\t<\/figure>\n<h2>\n\t\t\tInspirer et responsabiliser\t<\/h2>\n\t\t\t\t\t\t<img decoding=\"async\" src=\"https:\/\/generousgenerations.org\/wp-content\/uploads\/2024\/03\/GG-Brand-Mark-Blue-400-trimmed-64.png\" alt=\"GG Brand Mark Blue 400 trimmed 64\" \/>\n\t<p>D\u00e9couvrez comment vous pouvez devenir un multiplicateur de g\u00e9n\u00e9rations g\u00e9n\u00e9reuses et aider \u00e0 encadrer les donateurs du Royaume de demain.<\/p>\n\t<a href=\"https:\/\/generousgenerations.org\/fr\/resources\/multiplier-training\/\" target=\"_self\" role=\"button\" aria-label=\"EN SAVOIR PLUS SUR LA FORMATION MULTIPLICATEUR\">\n\t\t\t\t\t\tEN SAVOIR PLUS SUR LA FORMATION MULTIPLICATEUR\n\t\t\t\t\t<\/a>\n<h2>\n\t\t\tTransformez les c\u0153urs\t<\/h2>\n\t\t\t\t\t\t<img decoding=\"async\" src=\"https:\/\/generousgenerations.org\/wp-content\/uploads\/2024\/03\/GG-Brand-Mark-Blue-400-trimmed-64.png\" alt=\"GG Brand Mark Blue 400 trimmed 64\" \/>\n\t<p>D\u00e9couvrez comment Generous Generations fa\u00e7onne une g\u00e9n\u00e9ration d\u2019enfants, de jeunes et de familles compatissants et favorise une culture de g\u00e9n\u00e9rosit\u00e9.<\/p>\n\t<a href=\"https:\/\/generousgenerations.org\/fr\/stories-of-generosity\/\" target=\"_self\" role=\"button\" aria-label=\"REGARDEZ UNE HISTOIRE DE G\u00c9N\u00c9ROSIT\u00c9\">\n\t\t\t\t\t\tREGARDEZ UNE HISTOIRE DE G\u00c9N\u00c9ROSIT\u00c9\n\t\t\t\t\t<\/a>\n<figure itemscope itemtype=\"https:\/\/schema.org\/ImageObject\">\n\t\t\t\t<img decoding=\"async\" src=\"https:\/\/generousgenerations.org\/wp-content\/uploads\/2024\/05\/home-4.jpg\" alt=\"Donation concept - boy holding box with toys for donation, copy space, isolated\" height=\"900\" width=\"900\" title=\"Concept de don - gar\u00e7on tenant une bo\u00eete avec des jouets pour don\" onerror=\"this.style.display='none'\" loading=\"lazy\" \/>\n\t<\/figure>\n<figure itemscope itemtype=\"https:\/\/schema.org\/ImageObject\">\n\t\t\t\t<img decoding=\"async\" src=\"https:\/\/generousgenerations.org\/wp-content\/uploads\/2024\/05\/home-5v2.jpg\" alt=\"home 5v2\" height=\"900\" width=\"900\" title=\"maison 5v2\" onerror=\"this.style.display='none'\" loading=\"lazy\" \/>\n\t<\/figure>\n<h2>\n\t\t\tDevenez partenaire avec nous\t<\/h2>\n\t\t\t\t\t\t<img decoding=\"async\" src=\"https:\/\/generousgenerations.org\/wp-content\/uploads\/2024\/03\/GG-Brand-Mark-Blue-400-trimmed-64.png\" alt=\"GG Brand Mark Blue 400 trimmed 64\" \/>\n\t<p>Tout le monde peut faire partie des G\u00e9n\u00e9rations G\u00e9n\u00e9reuses !<\/p>\n<ul>\n<li><strong>Devenez un multiplicateur<\/strong>: Organisez une exp\u00e9rience de formation \u00e0 la g\u00e9n\u00e9rosit\u00e9 (GDE) en utilisant nos ressources et recevez une formation pour permettre \u00e0 d&#039;autres d&#039;en faire autant.<\/li>\n<li><strong>Devenez partenaire\u00a0: <\/strong>Que ce soit en tant qu&#039;ambassadeur, organisation ou partenaire financier, vous pouvez contribuer \u00e0 d\u00e9velopper le mouvement de g\u00e9n\u00e9rosit\u00e9 dans votre communaut\u00e9.<\/li>\n<li><strong>B\u00e9n\u00e9vole<\/strong>: Aidez-nous \u00e0 traduire nos ressources dans votre langue locale<\/li>\n<li><strong>Prier<\/strong>Soutenez le mouvement par la pri\u00e8re en priant pour les enfants, les familles, les \u00e9coles et les communaut\u00e9s. Chacun, o\u00f9 qu&#039;il soit, peut participer \u00e0 G\u00e9n\u00e9rations G\u00e9n\u00e9reuses par la pri\u00e8re.<\/li>\n<li><strong>Faire un don<\/strong>: Aidez-nous \u00e0 cultiver les donateurs de demain en <a href=\"https:\/\/generousgenerations.org\/fr\/donate\/\">faire un don<\/a> aujourd&#039;hui.<\/li>\n<\/ul>\n\t<a href=\"https:\/\/generousgenerations.org\/fr\/resources\/multiplier-training\/\" target=\"_self\" role=\"button\" aria-label=\"EN SAVOIR PLUS SUR LA FORMATION MULTIPLICATEUR\">\n\t\t\t\t\t\tEN SAVOIR PLUS SUR LA FORMATION MULTIPLICATEUR\n\t\t\t\t\t<\/a>","protected":false},"excerpt":{"rendered":"<p>D\u00e9couvrez comment nos ressources aident les enfants, les jeunes, les jeunes adultes et les adultes \u00e0 travers des processus de disciple de g\u00e9n\u00e9rosit\u00e9 (GDP) accessibles gratuitement et d\u00e9couvrez la propre histoire de g\u00e9n\u00e9rosit\u00e9 de votre famille.<\/p>","protected":false},"author":1,"featured_media":0,"parent":0,"menu_order":0,"comment_status":"closed","ping_status":"closed","template":"","meta":{"_acf_changed":false,"give_campaign_id":0,"_seopress_robots_primary_cat":"","_seopress_titles_title":"Discover a World of Generosity | Generous Generations","_seopress_titles_desc":"Discover how our resources help disciple children, youth, young adults and adults through relatable, freely accessible Generosity Discipleship Processes (GDPs) and uncover your family\u2019s own generosity story.","_seopress_robots_index":"","_seopress_analysis_target_kw":"","footnotes":""},"class_list":["post-63","page","type-page","status-publish"],"acf":[],"campaignId":"","_links":{"self":[{"href":"https:\/\/generousgenerations.org\/fr\/wp-json\/wp\/v2\/pages\/63","targetHints":{"allow":["GET"]}}],"collection":[{"href":"https:\/\/generousgenerations.org\/fr\/wp-json\/wp\/v2\/pages"}],"about":[{"href":"https:\/\/generousgenerations.org\/fr\/wp-json\/wp\/v2\/types\/page"}],"author":[{"embeddable":true,"href":"https:\/\/generousgenerations.org\/fr\/wp-json\/wp\/v2\/users\/1"}],"replies":[{"embeddable":true,"href":"https:\/\/generousgenerations.org\/fr\/wp-json\/wp\/v2\/comments?post=63"}],"version-history":[{"count":11,"href":"https:\/\/generousgenerations.org\/fr\/wp-json\/wp\/v2\/pages\/63\/revisions"}],"predecessor-version":[{"id":2594,"href":"https:\/\/generousgenerations.org\/fr\/wp-json\/wp\/v2\/pages\/63\/revisions\/2594"}],"wp:attachment":[{"href":"https:\/\/generousgenerations.org\/fr\/wp-json\/wp\/v2\/media?parent=63"}],"curies":[{"name":"wp","href":"https:\/\/api.w.org\/{rel}","templated":true}]}}