{"id":79,"date":"2024-03-25T17:34:44","date_gmt":"2024-03-25T17:34:44","guid":{"rendered":"https:\/\/gg.perfectlydigital.dev\/?page_id=79"},"modified":"2024-05-27T12:18:44","modified_gmt":"2024-05-27T12:18:44","slug":"faqs","status":"publish","type":"page","link":"https:\/\/generousgenerations.org\/fr\/faqs\/","title":{"rendered":"FAQ"},"content":{"rendered":"<h1>\n\t\tQuestions fr\u00e9quemment pos\u00e9es\n\t<\/h1>\n\t\t\t\t\t\t<img decoding=\"async\" src=\"https:\/\/generousgenerations.org\/wp-content\/uploads\/2024\/03\/GG-Brand-Mark-Blue-400-trimmed-64.png\" alt=\"GG Brand Mark Blue 400 trimmed 64\" \/>\n<h3>\n\t\tDes questions ? Nous sommes l\u00e0 pour vous aider !\n\t<\/h3>\n\t\t\t<a href=\"https:\/\/generousgenerations.org\/fr\/faqs\/getting-started\/\" target=\"_self\" rel=\"noopener\">\n\t\t<h4>Commencer<\/h4>\n\t\t<\/a>\n\t\t\t<a href=\"https:\/\/generousgenerations.org\/fr\/faqs\/building-blocks\/\" target=\"_self\" rel=\"noopener\">\n\t\t<h4>Blocs de construction<\/h4>\n\t\t<\/a>\n\t\t\t<a href=\"https:\/\/generousgenerations.org\/fr\/faqs\/principles\/\" target=\"_self\" rel=\"noopener\">\n\t\t<h4>Des principes<\/h4>\n\t\t<\/a>\n\t\t\t<a href=\"https:\/\/generousgenerations.org\/fr\/faqs\/children-and-youth\/\" target=\"_self\" rel=\"noopener\">\n\t\t<h4>Enfants et jeunes<\/h4>\n\t\t<\/a>\n\t\t\t<a href=\"https:\/\/generousgenerations.org\/fr\/faqs\/generosity-multiply-training\/\" target=\"_self\" rel=\"noopener\">\n\t\t<h4>Formation Multiplier la G\u00e9n\u00e9rosit\u00e9<\/h4>\n\t\t<\/a>\n\t<p>Vous avez une question \u00e0 laquelle nous n&#039;avons pas r\u00e9pondu ci-dessus ? Nous serions ravis de vous entendre ! Veuillez utiliser le formulaire ci-dessous pour poser votre question et nous vous r\u00e9pondrons tr\u00e8s rapidement.<\/p>\n\t<form action=\"https:\/\/generousgenerations.org\/fr\/wp-json\/ws-form\/v1\/submit\" class=\"wsf-form wsf-form-canvas\" id=\"ws-form-1\" data-id=\"3\" method=\"POST\" data-instance-id=\"1\" data-wsf-style-id=\"1\" data-trp-original-action=\"https:\/\/generousgenerations.org\/fr\/wp-json\/ws-form\/v1\/submit\"><input type=\"hidden\" name=\"trp-form-language\" value=\"fr\"\/><\/form>","protected":false},"excerpt":{"rendered":"<p>Avez-vous une question ? Nous sommes l\u00e0 pour vous aider ! Mise en route | Blocs de construction | Principes | Enfants et jeunes | Formation G\u00e9n\u00e9rosit\u00e9 Multipliez<\/p>","protected":false},"author":1,"featured_media":0,"parent":0,"menu_order":0,"comment_status":"closed","ping_status":"closed","template":"","meta":{"_acf_changed":false,"give_campaign_id":0,"_seopress_robots_primary_cat":"","_seopress_titles_title":"Frequently Asked Questions | Generous Generations","_seopress_titles_desc":"Do you have a question? We're here to help! Getting Started | Building Blocks | Principles | Children and Youth | Generosity Multiply Training","_seopress_robots_index":"","footnotes":""},"class_list":["post-79","page","type-page","status-publish"],"acf":[],"campaignId":"","_links":{"self":[{"href":"https:\/\/generousgenerations.org\/fr\/wp-json\/wp\/v2\/pages\/79","targetHints":{"allow":["GET"]}}],"collection":[{"href":"https:\/\/generousgenerations.org\/fr\/wp-json\/wp\/v2\/pages"}],"about":[{"href":"https:\/\/generousgenerations.org\/fr\/wp-json\/wp\/v2\/types\/page"}],"author":[{"embeddable":true,"href":"https:\/\/generousgenerations.org\/fr\/wp-json\/wp\/v2\/users\/1"}],"replies":[{"embeddable":true,"href":"https:\/\/generousgenerations.org\/fr\/wp-json\/wp\/v2\/comments?post=79"}],"version-history":[{"count":0,"href":"https:\/\/generousgenerations.org\/fr\/wp-json\/wp\/v2\/pages\/79\/revisions"}],"wp:attachment":[{"href":"https:\/\/generousgenerations.org\/fr\/wp-json\/wp\/v2\/media?parent=79"}],"curies":[{"name":"wp","href":"https:\/\/api.w.org\/{rel}","templated":true}]}}