{"id":859,"date":"2024-05-12T17:56:19","date_gmt":"2024-05-12T17:56:19","guid":{"rendered":"https:\/\/gg.perfectlydigital.dev\/?page_id=859"},"modified":"2024-08-27T21:06:15","modified_gmt":"2024-08-27T21:06:15","slug":"getting-started","status":"publish","type":"page","link":"https:\/\/generousgenerations.org\/fr\/faqs\/getting-started\/","title":{"rendered":"Commencer"},"content":{"rendered":"<h1>\n\t\tCommencer\n\t<\/h1>\n\t<a href=\"https:\/\/generousgenerations.org\/fr\/faqs\/\" target=\"_self\" role=\"button\" aria-label=\"RETOUR \u00c0 TOUTES LES FAQ\" rel=\"noopener\">\n\t\t\t\t\t\tRETOUR \u00c0 TOUTES LES FAQ\n\t\t\t\t\t<\/a>\n\t\t\t\t\t\t<img decoding=\"async\" src=\"https:\/\/generousgenerations.org\/wp-content\/uploads\/2024\/03\/GG-Brand-Mark-Blue-400-trimmed-64.png\" alt=\"GG Brand Mark Blue 400 trimmed 64\" \/>\n\t\t\t\tQu&#039;est-ce que G\u00e9n\u00e9rations G\u00e9n\u00e9reuses ? Comment fonctionne G\u00e9n\u00e9rations G\u00e9n\u00e9reuses ? O\u00f9 puis-je rejoindre ou organiser une exp\u00e9rience G\u00e9n\u00e9rations G\u00e9n\u00e9reuses ? Comment puis-je m&#039;impliquer dans G\u00e9n\u00e9rations G\u00e9n\u00e9reuses ? Comment puis-je rejoindre le mouvement de g\u00e9n\u00e9rosit\u00e9 ? G\u00e9n\u00e9rations G\u00e9n\u00e9reuses est-elle r\u00e9serv\u00e9e au public chr\u00e9tien ? Comment puis-je devenir pr\u00e9sentateur G\u00e9n\u00e9rations G\u00e9n\u00e9reuses ? Comment puis-je soutenir G\u00e9n\u00e9rations G\u00e9n\u00e9reuses ? Que se passe-t-il apr\u00e8s avoir termin\u00e9 une exp\u00e9rience de discipulat de g\u00e9n\u00e9rosit\u00e9 ? Combien de temps faut-il pour vivre une exp\u00e9rience de discipulat de g\u00e9n\u00e9rosit\u00e9 ? Qu&#039;est-ce que G\u00e9n\u00e9rations G\u00e9n\u00e9reuses ?\n\t\t\t\t<p>Generous Generations est un mouvement interculturel et mondial visant \u00e0 inculquer les valeurs de g\u00e9n\u00e9rosit\u00e9 biblique aux enfants, aux jeunes et aux jeunes adultes.<\/p>\n<p>Notre objectif est de permettre \u00e0 ces g\u00e9n\u00e9rations d\u2019apprendre facilement \u00e0 \u00eatre g\u00e9n\u00e9reuses d\u2019une mani\u00e8re qui correspond \u00e0 leur culture et leurs croyances. De nombreux parents, \u00e9glises et responsables minist\u00e9riels ont du mal \u00e0 trouver du mat\u00e9riel gratuit sur la g\u00e9n\u00e9rosit\u00e9 envers les enfants, les jeunes et les jeunes adultes dans leur langue et qui correspond \u00e9galement \u00e0 leur contexte. De la m\u00eame mani\u00e8re, de nombreux dirigeants recherchent \u00e9galement des ressources sur le Discipulat de G\u00e9n\u00e9rosit\u00e9 pour les jeunes adultes.<\/p>\n<p>Nous voulons aider en fournissant ce mat\u00e9riel aux parents et aux dirigeants du monde entier, afin qu&#039;ils puissent enseigner la g\u00e9n\u00e9rosit\u00e9 \u00e0 toutes les g\u00e9n\u00e9rations d&#039;une mani\u00e8re significative et m\u00e9morable.<\/p>\n\t\t\t\t\t\t\tComment fonctionne G\u00e9n\u00e9rations G\u00e9n\u00e9reuses ?\n\t\t\t\t<p>Generous Generations fournit gratuitement des ressources, notamment des vid\u00e9os, des exp\u00e9riences, des processus de formation de disciples, des jeux, des animations et bien plus encore, con\u00e7ues pour enseigner aux enfants, aux jeunes et aux jeunes adultes la joie de donner.<\/p>\n<p>Ces ressources peuvent \u00eatre utilis\u00e9es dans les \u00e9glises, les foyers, les \u00e9coles et autres lieux o\u00f9 se rassemblent des enfants, des jeunes ou des jeunes adultes.<\/p>\n\t\t\t\t\t\t\tO\u00f9 puis-je rejoindre ou h\u00e9berger une Exp\u00e9rience G\u00e9n\u00e9rations G\u00e9n\u00e9reuses\u00a0?\n\t\t\t\t<p>Cette exp\u00e9rience peut avoir lieu dans le cadre d\u2019une \u00e9glise, \u00e0 la maison, lors de r\u00e9unions entre amis ou dans tout espace o\u00f9 les enfants, les jeunes et les jeunes adultes se r\u00e9unissent. Mieux encore, n\u2019importe qui peut organiser une Exp\u00e9rience G\u00e9n\u00e9rations G\u00e9n\u00e9reuses, vous n\u2019avez pas besoin de formation sp\u00e9ciale.<\/p>\n\t\t\t\t\t\t\tComment puis-je m\u2019impliquer aupr\u00e8s de G\u00e9n\u00e9rations G\u00e9n\u00e9reuses ?\n\t\t\t\t<p>Vous pouvez vous impliquer en explorant notre <a href=\"https:\/\/generousgenerations.org\/fr\/get-involved\/\">\u00catre impliqu\u00e9<\/a> ici sur le site officiel de Generous Generations.<\/p>\n<p><a href=\"https:\/\/generousgenerations.org\/fr\/contact\/\">Contactez-nous<\/a> pour d\u00e9couvrir comment vous pouvez vivre une exp\u00e9rience G\u00e9n\u00e9rations G\u00e9n\u00e9reuses gratuite pour tous les groupes d&#039;\u00e2ge.<\/p>\n\t\t\t\t\t\t\tComment puis-je rejoindre le mouvement de la G\u00e9n\u00e9rosit\u00e9 ?\n\t\t\t\t<p>L\u2019exp\u00e9rience du Processus de Disciple de G\u00e9n\u00e9rosit\u00e9 (GPD) est une passerelle vers une exp\u00e9rience de g\u00e9n\u00e9rosit\u00e9 qui durera toute une vie. En exploitant les m\u00e9diums fascinants du cin\u00e9ma, de l\u2019animation et des histoires vid\u00e9o, nous incitons les enfants, les jeunes et les jeunes adultes \u00e0 incarner l\u2019esprit de g\u00e9n\u00e9rosit\u00e9.<\/p>\n<p>Rejoignez-nous dans ce voyage de d\u00e9couverte, d&#039;apprentissage et de transformation, alors que les valeurs de g\u00e9n\u00e9rosit\u00e9 s&#039;enracinent dans le c\u0153ur des jeunes, ayant un impact sur les familles, les communaut\u00e9s et le monde en g\u00e9n\u00e9ral.<\/p>\n\t\t\t\t\t\t\tGenerous Generations est-il r\u00e9serv\u00e9 au public chr\u00e9tien ?\n\t\t\t\t<p>Generous Generations est enracin\u00e9 dans les principes bibliques et ses valeurs de g\u00e9n\u00e9rosit\u00e9, de gentillesse et d\u2019intendance peuvent trouver un \u00e9cho aupr\u00e8s d\u2019un public diversifi\u00e9.<\/p>\n<p>Nous croyons que lorsque les gens d\u00e9couvriront le Dieu de la Bible et sa g\u00e9n\u00e9rosit\u00e9 envers nous, leur c\u0153ur sera pouss\u00e9 \u00e0 mieux le conna\u00eetre.<\/p>\n\t\t\t\t\t\t\tComment puis-je devenir pr\u00e9sentateur G\u00e9n\u00e9rations G\u00e9n\u00e9reuses ?\n\t\t\t\t<p>Pour devenir pr\u00e9sentateur G\u00e9n\u00e9rations G\u00e9n\u00e9reuses, veuillez <a href=\"https:\/\/generousgenerations.org\/fr\/contact\/\">Contactez-nous<\/a> pour exprimer votre int\u00e9r\u00eat, et nous vous fournirons les outils et la formation n\u00e9cessaires. Les pr\u00e9sentateurs jouent un r\u00f4le crucial dans la diffusion du message de g\u00e9n\u00e9rosit\u00e9. Aucune formation particuli\u00e8re n&#039;est n\u00e9cessaire.<\/p>\n\t\t\t\t\t\t\tComment puis-je soutenir les G\u00e9n\u00e9rations G\u00e9n\u00e9reuses ?\n\t\t\t\t<p>Vous pouvez soutenir G\u00e9n\u00e9rations G\u00e9n\u00e9reuses en sensibilisant, en utilisant nos ressources dans votre communaut\u00e9, en devenant partenaire ou en contribuant au mouvement par des dons. Visitez notre <a href=\"https:\/\/generousgenerations.org\/fr\/get-involved\/\">\u00catre impliqu\u00e9<\/a> page pour plus d\u2019informations sur la fa\u00e7on de s\u2019impliquer.<\/p>\n\t\t\t\t\t\t\tQue se passe-t-il apr\u00e8s avoir termin\u00e9 une exp\u00e9rience de discipulat de g\u00e9n\u00e9rosit\u00e9\u00a0?\n\t\t\t\t<p>Cette exp\u00e9rience n&#039;est que le d\u00e9but du voyage. Apr\u00e8s un seul PIB, les enfants, les jeunes et les jeunes adultes d\u00e9couvrent souvent la profonde joie de donner et veulent en faire plus.<\/p>\n<p>Nous avons actuellement plusieurs PIB ax\u00e9s sur Dieu, nous-m\u00eames et les autres. Vous pouvez r\u00e9p\u00e9ter la m\u00eame exp\u00e9rience avec des amis ou en choisir une diff\u00e9rente chaque semaine ou mois.<\/p>\n\t\t\t\t\t\t\tCombien de temps faut-il pour vivre une exp\u00e9rience de discipulat de g\u00e9n\u00e9rosit\u00e9\u00a0?\n\t\t\t\t<p>Chaque PIB est con\u00e7u pour durer de 30 minutes \u00e0 une heure. Actuellement, toutes nos exp\u00e9riences ou GPD s&#039;int\u00e8grent harmonieusement dans la tapisserie plus vaste de la compr\u00e9hension du c\u0153ur g\u00e9n\u00e9reux de Dieu pour nous, ses enfants.<\/p>","protected":false},"excerpt":{"rendered":"<p>FAQ | Mise en route | Vous avez une question ? Nous sommes l\u00e0 pour vous aider ! <\/p>","protected":false},"author":1,"featured_media":0,"parent":79,"menu_order":0,"comment_status":"closed","ping_status":"closed","template":"","meta":{"_acf_changed":false,"give_campaign_id":0,"_seopress_robots_primary_cat":"","_seopress_titles_title":"FAQs | Getting Started | Generous Generations","_seopress_titles_desc":"FAQs | Getting Started | Do you have a question? We're here to help!","_seopress_robots_index":"","footnotes":""},"class_list":["post-859","page","type-page","status-publish"],"acf":[],"campaignId":"","_links":{"self":[{"href":"https:\/\/generousgenerations.org\/fr\/wp-json\/wp\/v2\/pages\/859","targetHints":{"allow":["GET"]}}],"collection":[{"href":"https:\/\/generousgenerations.org\/fr\/wp-json\/wp\/v2\/pages"}],"about":[{"href":"https:\/\/generousgenerations.org\/fr\/wp-json\/wp\/v2\/types\/page"}],"author":[{"embeddable":true,"href":"https:\/\/generousgenerations.org\/fr\/wp-json\/wp\/v2\/users\/1"}],"replies":[{"embeddable":true,"href":"https:\/\/generousgenerations.org\/fr\/wp-json\/wp\/v2\/comments?post=859"}],"version-history":[{"count":1,"href":"https:\/\/generousgenerations.org\/fr\/wp-json\/wp\/v2\/pages\/859\/revisions"}],"predecessor-version":[{"id":1738,"href":"https:\/\/generousgenerations.org\/fr\/wp-json\/wp\/v2\/pages\/859\/revisions\/1738"}],"up":[{"embeddable":true,"href":"https:\/\/generousgenerations.org\/fr\/wp-json\/wp\/v2\/pages\/79"}],"wp:attachment":[{"href":"https:\/\/generousgenerations.org\/fr\/wp-json\/wp\/v2\/media?parent=859"}],"curies":[{"name":"wp","href":"https:\/\/api.w.org\/{rel}","templated":true}]}}