{"id":897,"date":"2024-05-13T14:10:30","date_gmt":"2024-05-13T14:10:30","guid":{"rendered":"https:\/\/gg.perfectlydigital.dev\/?page_id=897"},"modified":"2026-03-16T14:15:06","modified_gmt":"2026-03-16T14:15:06","slug":"multiplier-training","status":"publish","type":"page","link":"https:\/\/generousgenerations.org\/fr\/resources\/multiplier-training\/","title":{"rendered":"Formation multiplicateur"},"content":{"rendered":"<h1>\n\t\t\tFormation multiplicateur\t<\/h1>\n\t\t\t\t\t\t<img decoding=\"async\" src=\"https:\/\/generousgenerations.org\/wp-content\/uploads\/2024\/03\/GG-Brand-Mark-Blue-400-trimmed-64.png\" alt=\"GG Brand Mark Blue 400 trimmed 64\" \/>\n<h3>\n\t\t\tLe guide du multiplicateur : des outils pratiques pour la multiplication du Royaume\t<\/h3>\n\t<p>Generous Generations is not an event-based model &#8211; it&#8217;s a\u00a0<strong>Strat\u00e9gie de multiplication<\/strong>\u00a0con\u00e7u pour susciter des \u00e9tincelles durables\u00a0<strong>Mouvements du Royaume<\/strong>.<\/p>\n<p>Au c\u0153ur de cette strat\u00e9gie se trouve le\u00a0<strong>Manuel du multiplicateur<\/strong>\u00a0&#8211; a guide inspired by the Apostle Paul&#8217;s words in\u00a0<em>1 Corinthians 3:6-10<\/em>:<\/p>\n<p><em>&#8220;I planted the seed, Apollos watered it, but God has been making it grow&#8230;&#8221;<\/em><\/p>\n<figure itemscope itemtype=\"https:\/\/schema.org\/ImageObject\">\n\t\t\t\t<img decoding=\"async\" src=\"https:\/\/generousgenerations.org\/wp-content\/uploads\/2025\/12\/Slide-3-Planting-the-Seed-trim.png\" alt=\"Slide 3 - Planting the Seed trim\" height=\"786\" width=\"789\" title=\"Diapositive 3 - Planter la graine\" onerror=\"this.style.display='none'\" loading=\"lazy\" \/>\n\t<\/figure>\n<figure itemscope itemtype=\"https:\/\/schema.org\/ImageObject\">\n\t\t\t\t<img decoding=\"async\" src=\"https:\/\/generousgenerations.org\/wp-content\/uploads\/2025\/12\/Slide-18-Watering-the-Soil-1.png\" alt=\"Slide 18 - Watering the Soil (1)\" height=\"1024\" width=\"1024\" title=\"Diapositive 18 - Arroser le sol (1)\" onerror=\"this.style.display='none'\" loading=\"lazy\" \/>\n\t<\/figure>\n<h4>\n\t\t\tPourquoi devenir un multiplicateur ?\t<\/h4>\n\t<p>Whether you&#8217;re sowing into a church, a sports team, a classroom, or your own home &#8211; becoming a\u00a0<strong>Multiplicateur<\/strong>\u00a0means you&#8217;re stepping into God&#8217;s bigger harvest field.<\/p>\n<ul>\n<li>Vous devenez fermier du Royaume.<\/li>\n<li>Vous semez des graines de g\u00e9n\u00e9rosit\u00e9 dans votre communaut\u00e9.<\/li>\n<li>Vous nourrissez la formation des disciples et favorisez la croissance des enfants et des jeunes.<\/li>\n<li>Et vous donnez aux autres les moyens d&#039;en faire autant.<\/li>\n<\/ul>\n<p>You don&#8217;t need to be an expert &#8211; just bring a\u00a0<em>volont\u00e9 de multiplier<\/em>. We&#8217;ll walk with you from seed to harvest.<\/p>\n\t<a href=\"https:\/\/generousgenerations.org\/fr\/resources\/multiplier-training\/videos\/\" target=\"_self\" role=\"button\" aria-label=\"Commencez la formation vid\u00e9o d\u00e8s maintenant\">\n\t\t\t\t\t\tCommencez la formation vid\u00e9o d\u00e8s maintenant\n\t\t\t\t\t<\/a>\n\t<a href=\"https:\/\/chat.whatsapp.com\/Fm88YSvEwNz6EedNLKfRlX?mode=hqrt3\" target=\"_blank\" role=\"button\" rel=\"noopener\" aria-label=\"Participez \u00e0 une session Multiply Connect\">\n\t\t\t\t\t\tParticipez \u00e0 une session Multiply Connect\n\t\t\t\t\t<\/a>\n<h5>\n\t\t\tRejoignez les rangs des Multiplicateurs Gen-G et devenez d\u00e8s aujourd&#039;hui un catalyseur pour la promotion de la g\u00e9n\u00e9rosit\u00e9 dans votre communaut\u00e9 !\t<\/h5>","protected":false},"excerpt":{"rendered":"<p>Formation multiplicatrice. Le pouvoir de la formation multiplicatrice : \u00e9quiper les dirigeants pour avoir un impact.<\/p>","protected":false},"author":1,"featured_media":0,"parent":75,"menu_order":0,"comment_status":"closed","ping_status":"closed","template":"","meta":{"_acf_changed":false,"give_campaign_id":0,"_seopress_robots_primary_cat":"","_seopress_titles_title":"Multiplier Training | Resources | Generous Generations","_seopress_titles_desc":"Multiplier Training. The Power of Multiplier Training: Equipping Leaders for Impact.","_seopress_robots_index":"","footnotes":""},"class_list":["post-897","page","type-page","status-publish"],"acf":[],"campaignId":"","_links":{"self":[{"href":"https:\/\/generousgenerations.org\/fr\/wp-json\/wp\/v2\/pages\/897","targetHints":{"allow":["GET"]}}],"collection":[{"href":"https:\/\/generousgenerations.org\/fr\/wp-json\/wp\/v2\/pages"}],"about":[{"href":"https:\/\/generousgenerations.org\/fr\/wp-json\/wp\/v2\/types\/page"}],"author":[{"embeddable":true,"href":"https:\/\/generousgenerations.org\/fr\/wp-json\/wp\/v2\/users\/1"}],"replies":[{"embeddable":true,"href":"https:\/\/generousgenerations.org\/fr\/wp-json\/wp\/v2\/comments?post=897"}],"version-history":[{"count":6,"href":"https:\/\/generousgenerations.org\/fr\/wp-json\/wp\/v2\/pages\/897\/revisions"}],"predecessor-version":[{"id":2396,"href":"https:\/\/generousgenerations.org\/fr\/wp-json\/wp\/v2\/pages\/897\/revisions\/2396"}],"up":[{"embeddable":true,"href":"https:\/\/generousgenerations.org\/fr\/wp-json\/wp\/v2\/pages\/75"}],"wp:attachment":[{"href":"https:\/\/generousgenerations.org\/fr\/wp-json\/wp\/v2\/media?parent=897"}],"curies":[{"name":"wp","href":"https:\/\/api.w.org\/{rel}","templated":true}]}}