{"id":961,"date":"2024-05-14T04:45:40","date_gmt":"2024-05-14T04:45:40","guid":{"rendered":"https:\/\/gg.perfectlydigital.dev\/?page_id=961"},"modified":"2026-04-07T17:26:34","modified_gmt":"2026-04-07T17:26:34","slug":"get-involved","status":"publish","type":"page","link":"https:\/\/generousgenerations.org\/fr\/get-involved\/","title":{"rendered":"\u00catre impliqu\u00e9"},"content":{"rendered":"<h1>\n\t\t\t\u00catre impliqu\u00e9\t<\/h1>\n\t\t\t\t\t\t<img decoding=\"async\" src=\"https:\/\/generousgenerations.org\/wp-content\/uploads\/2024\/03\/GG-Brand-Mark-Blue-400-trimmed-64.png\" alt=\"GG Brand Mark Blue 400 trimmed 64\" \/>\n\t<p>De nombreuses personnes nous demandent comment s\u2019impliquer dans le mouvement G\u00e9n\u00e9rations G\u00e9n\u00e9reuses. Vous pouvez devenir un <a href=\"#partner\"><strong>Ambassadeur<\/strong><\/a> pour les g\u00e9n\u00e9rations g\u00e9n\u00e9reuses ou vous pouvez vous inscrire pour devenir <a href=\"#partner\"><strong>Organisation partenaire<\/strong><\/a>. (D\u00e9tails ci-dessous)<\/p>\n<p>Cette page propose des suggestions sur la fa\u00e7on de s&#039;impliquer, mais nous sommes toujours \u00e0 la recherche de b\u00e9n\u00e9voles dans divers domaines, comme les traductions.<\/p>\n<p>Si vous souhaitez organiser un camp pour enfants ou pr\u00e9senter des ressources G\u00e9n\u00e9rations g\u00e9n\u00e9reuses aux enfants, aux jeunes ou aux jeunes adultes de votre communaut\u00e9, nous pouvons organiser une formation pour vous. S&#039;il vous pla\u00eet tendre la main <a href=\"https:\/\/generousgenerations.org\/fr\/contact\/\">Page Contactez-nous<\/a>.<\/p>\n\t<em>\u00ab Les gains de l\u2019homme de bien font avancer la cause de la justice\u2026 \u00bb<br \/>\n<\/em>Proverbes 10:16\n<h1>\n\t\t\tFaites partie du mouvement\t<\/h1>\n\t\t\t\t\t\t<img decoding=\"async\" src=\"https:\/\/generousgenerations.org\/wp-content\/uploads\/2024\/03\/GG-Brand-Mark-Blue-400-trimmed-64.png\" alt=\"GG Brand Mark Blue 400 trimmed 64\" \/>\n\t<p>Cela commence par le d\u00e9sir de faire une diff\u00e9rence et de d\u00e9montrer l\u2019amour du Christ \u00e0 un monde en souffrance. Vous percevez un besoin et vous bougez instinctivement pour y r\u00e9pondre. Cela d\u00e9clenche un effet d\u2019entra\u00eenement : les familles sont transform\u00e9es, les cultures sont touch\u00e9es et le monde est gu\u00e9ri, un acte de gentillesse \u00e0 la fois. Vous ne comprendrez peut-\u00eatre jamais pleinement comment un petit acte de gentillesse peut influencer une g\u00e9n\u00e9ration enti\u00e8re.<\/p>\n<figure itemscope itemtype=\"https:\/\/schema.org\/ImageObject\">\n\t\t\t\t<img decoding=\"async\" src=\"https:\/\/generousgenerations.org\/wp-content\/uploads\/2024\/05\/get-involved-3.jpg\" alt=\"get involved 3\" height=\"900\" width=\"900\" title=\"s&#039;impliquer 3\" onerror=\"this.style.display='none'\" loading=\"lazy\" \/>\n\t<\/figure>\n<figure itemscope itemtype=\"https:\/\/schema.org\/ImageObject\">\n\t\t\t\t<img decoding=\"async\" src=\"https:\/\/generousgenerations.org\/wp-content\/uploads\/2024\/05\/get-involved-2.jpg\" alt=\"Earth planet in human hands. Elements of this image are furnished by NASA\" height=\"900\" width=\"900\" title=\"Notre plan\u00e8te a besoin de soins et d&#039;amour. Technique mixte\" onerror=\"this.style.display='none'\" loading=\"lazy\" \/>\n\t<\/figure>\n<h1>\n\t\t\tPrier\t<\/h1>\n\t\t\t\t\t\t<img decoding=\"async\" src=\"https:\/\/generousgenerations.org\/wp-content\/uploads\/2024\/03\/GG-Brand-Mark-Blue-400-trimmed-64.png\" alt=\"GG Brand Mark Blue 400 trimmed 64\" \/>\n\t<p>Priez avec nous pour le travail des G\u00e9n\u00e9rations G\u00e9n\u00e9reuses. Former des g\u00e9n\u00e9rations diverses \u00e0 comprendre et \u00e0 vivre une vie g\u00e9n\u00e9reuse commence par un changement de <strong>esprit<\/strong>, entra\u00eene un changement de <strong>c\u0153ur<\/strong>, et aboutit \u00e0 <strong>mains<\/strong> Cela donne. Ce mode de vie remet directement en question le discours consum\u00e9riste, et nous reconnaissons que ce message changera profond\u00e9ment les c\u0153urs, les familles et les cultures.<\/p>\n<p>Inscrivez-vous \u00e0 notre newsletter ci-dessous pour rester connect\u00e9.<\/p>\n\t<form action=\"https:\/\/generousgenerations.org\/fr\/wp-json\/ws-form\/v1\/submit\" class=\"wsf-form wsf-form-canvas\" id=\"ws-form-1\" data-id=\"1\" method=\"POST\" data-instance-id=\"1\" data-wsf-style-id=\"1\" data-trp-original-action=\"https:\/\/generousgenerations.org\/fr\/wp-json\/ws-form\/v1\/submit\"><input type=\"hidden\" name=\"trp-form-language\" value=\"fr\"\/><\/form>\n<h1>\n\t\t\tPartenaire\t<\/h1>\n\t\t\t\t\t\t<img decoding=\"async\" src=\"https:\/\/generousgenerations.org\/wp-content\/uploads\/2024\/03\/GG-Brand-Mark-Blue-400-trimmed-64.png\" alt=\"GG Brand Mark Blue 400 trimmed 64\" \/>\n<h3>\n\t\t\tVotre partenariat avec Generous Generations : vous accompagner \u00e0 chaque \u00e9tape\t<\/h3>\n<h4>\n\t\t\tCertains de nos partenaires actuels\t<\/h4>\n<figure itemscope itemtype=\"https:\/\/schema.org\/ImageObject\">\n\t\t\t\t<img decoding=\"async\" src=\"https:\/\/generousgenerations.org\/wp-content\/uploads\/2024\/07\/GCF-t.png\" alt=\"GCF t\" height=\"500\" width=\"500\" title=\"GCF t\" onerror=\"this.style.display='none'\" loading=\"lazy\" \/>\n\t<\/figure>\n<figure itemscope itemtype=\"https:\/\/schema.org\/ImageObject\">\n\t\t\t\t<img decoding=\"async\" src=\"https:\/\/generousgenerations.org\/wp-content\/uploads\/2024\/07\/faithnet-t.png\" alt=\"faithnet t\" height=\"500\" width=\"500\" title=\"Faithnet T\" onerror=\"this.style.display='none'\" loading=\"lazy\" \/>\n\t<\/figure>\n<figure itemscope itemtype=\"https:\/\/schema.org\/ImageObject\">\n\t\t\t\t<img decoding=\"async\" src=\"https:\/\/generousgenerations.org\/wp-content\/uploads\/2024\/07\/suk-t.png\" alt=\"suk t\" height=\"500\" width=\"500\" title=\"suk t\" onerror=\"this.style.display='none'\" loading=\"lazy\" \/>\n\t<\/figure>\n<figure itemscope itemtype=\"https:\/\/schema.org\/ImageObject\">\n\t\t\t\t<img decoding=\"async\" src=\"https:\/\/generousgenerations.org\/wp-content\/uploads\/2024\/07\/rsg-t.png\" alt=\"rsg t\" height=\"500\" width=\"500\" title=\"rsg t\" onerror=\"this.style.display='none'\" loading=\"lazy\" \/>\n\t<\/figure>\n<figure itemscope itemtype=\"https:\/\/schema.org\/ImageObject\">\n\t\t\t\t<img decoding=\"async\" src=\"https:\/\/generousgenerations.org\/wp-content\/uploads\/2024\/07\/logosdor-t.png\" alt=\"logosdor t\" height=\"500\" width=\"500\" title=\"logosdor t\" onerror=\"this.style.display='none'\" loading=\"lazy\" \/>\n\t<\/figure>\n<figure itemscope itemtype=\"https:\/\/schema.org\/ImageObject\">\n\t\t\t\t<img decoding=\"async\" src=\"https:\/\/generousgenerations.org\/wp-content\/uploads\/2024\/07\/goplay-t.png\" alt=\"goplay t\" height=\"500\" width=\"500\" title=\"aller jouer \u00e0 t\" onerror=\"this.style.display='none'\" loading=\"lazy\" \/>\n\t<\/figure>\n<figure itemscope itemtype=\"https:\/\/schema.org\/ImageObject\">\n\t\t\t\t<img decoding=\"async\" src=\"https:\/\/generousgenerations.org\/wp-content\/uploads\/2024\/07\/rag-t.png\" alt=\"rag t\" height=\"500\" width=\"500\" title=\"chiffon t\" onerror=\"this.style.display='none'\" loading=\"lazy\" \/>\n\t<\/figure>\n<figure itemscope itemtype=\"https:\/\/schema.org\/ImageObject\">\n\t\t\t\t<img decoding=\"async\" src=\"https:\/\/generousgenerations.org\/wp-content\/uploads\/2024\/07\/gen-church-t.png\" alt=\"gen church t\" height=\"500\" width=\"500\" title=\"gen \u00e9glise t\" onerror=\"this.style.display='none'\" loading=\"lazy\" \/>\n\t<\/figure>\n<h4>\n\t\t\tTypes de partenariats\t<\/h4>\n\t<p>Il existe de nombreuses fa\u00e7ons de collaborer avec Generous Generations, chacune b\u00e9n\u00e9ficiant \u00e0 la fois \u00e0 nos partenaires et \u00e0 notre mission. Nos ressources sont utilis\u00e9es par les \u00e9glises, les dirigeants minist\u00e9riels ou organisationnels, les parents, les leaders de la jeunesse et bien d&#039;autres encore. Vous pouvez rejoindre le mouvement de l\u2019une des mani\u00e8res suivantes\u00a0:<\/p>\n<ul>\n<li><strong>Ambassadeur<\/strong>: Quelqu&#039;un qui aime la vision G\u00e9n\u00e9rations G\u00e9n\u00e9reuses et souhaite la partager avec les enfants, les jeunes et les jeunes adultes de sa communaut\u00e9 ou de son pays. Nous proposons une formation continue tout en produisant continuellement de nouveaux contenus et ressources.<\/li>\n<li><strong>Organisation partenaire<\/strong>: Une organisation qui souhaite s&#039;associer \u00e0 Generous Generations pour d\u00e9ployer ou int\u00e9grer nos ressources dans leur communaut\u00e9 ou leur pays. Nous proposons une formation continue pour soutenir l\u2019utilisation de nos derniers contenus et ressources.<\/li>\n<li><strong>Partenariat Financier<\/strong>: Si la vision de cultiver les donneurs du Royaume de demain vous int\u00e9resse, envisagez de vous associer financi\u00e8rement \u00e0 nous. Votre soutien aura un impact direct sur notre mission et nous aidera \u00e0 \u00e9tendre notre port\u00e9e. Rejoignez-nous dans ce voyage transformateur en visitant notre <a href=\"https:\/\/generousgenerations.org\/fr\/donate\/\">Faire un don<\/a> pour plus d&#039;informations. Votre partenariat financier peut faire une diff\u00e9rence significative. Ensemble, nous pouvons inspirer et \u00e9quiper la prochaine g\u00e9n\u00e9ration pour qu\u2019elle vive g\u00e9n\u00e9reusement.<\/li>\n<\/ul>\n\t<a href=\"https:\/\/generousgenerations.org\/fr\/contact\/\" target=\"_self\" role=\"button\" aria-label=\"CONTACTEZ-NOUS \u00c0 PROPOS DU PARTENARIAT\">\n\t\t\t\t\t\tCONTACTEZ-NOUS \u00c0 PROPOS DU PARTENARIAT\n\t\t\t\t\t<\/a>\n<figure itemscope itemtype=\"https:\/\/schema.org\/ImageObject\">\n\t\t\t\t<img decoding=\"async\" src=\"https:\/\/generousgenerations.org\/wp-content\/uploads\/2024\/05\/get-involved-4.jpg\" alt=\"Earth against happy friends in the park lying in circle\" height=\"900\" width=\"900\" title=\"Terre contre des amis heureux dans le parc couch\u00e9s en cercle\" onerror=\"this.style.display='none'\" loading=\"lazy\" \/>\n\t<\/figure>\n<figure itemscope itemtype=\"https:\/\/schema.org\/ImageObject\">\n\t\t\t\t<img decoding=\"async\" src=\"https:\/\/generousgenerations.org\/wp-content\/uploads\/2024\/05\/get-involved-1.jpg\" alt=\"get involved 1\" height=\"900\" width=\"900\" title=\"s&#039;impliquer 1\" onerror=\"this.style.display='none'\" loading=\"lazy\" \/>\n\t<\/figure>\n<h1>\n\t\t\tDevenez un multiplicateur\t<\/h1>\n\t\t\t\t\t\t<img decoding=\"async\" src=\"https:\/\/generousgenerations.org\/wp-content\/uploads\/2024\/03\/GG-Brand-Mark-Blue-400-trimmed-64.png\" alt=\"GG Brand Mark Blue 400 trimmed 64\" \/>\n\t<h4><strong>Pensez royaume, pas empire<\/strong><\/h4>\n<p>Les multiplicateurs sont des leaders anim\u00e9s par une vision chr\u00e9tienne qui inspirent les autres \u00e0 vivre g\u00e9n\u00e9reusement, en commen\u00e7ant par leurs foyers, leurs \u00e9glises et leurs communaut\u00e9s. Ils ne cr\u00e9ent pas de plateformes, ils forment des personnes.<\/p>\n<h4><strong>Que font les multiplicateurs ?<\/strong><\/h4>\n<ul>\n<li>Vivre la vision de G\u00e9n\u00e9rations G\u00e9n\u00e9reuses<\/li>\n<li>Former d&#039;autres personnes \u00e0 diriger l&#039;exp\u00e9rience de disciple de la g\u00e9n\u00e9rosit\u00e9<\/li>\n<li>Donner aux jeunes les moyens de devenir des leaders du Royaume<\/li>\n<li>Multipliez la g\u00e9n\u00e9rosit\u00e9 partout o\u00f9 ils vont<\/li>\n<\/ul>\n<h4><strong>Qui peut \u00eatre un multiplicateur ?<\/strong><\/h4>\n<p>Parents. Pasteurs. Enseignants. Adolescents. Entra\u00eeneurs. Toute personne d\u00e9sireuse de progresser et d&#039;exercer un leadership porteur de sens. Aucun titre requis.<\/p>\n<h4><strong>Former les jeunes \u00e0 se multiplier aussi<\/strong><\/h4>\n<p>Nous formons une g\u00e9n\u00e9ration de jeunes leaders qui n&#039;attendent pas d&#039;autorisation pour diriger \u2013 et nous voulons que vous les aidiez \u00e0 y parvenir.<\/p>\n<h4><strong>Un \u00e9quipement adapt\u00e9 \u00e0 vos besoins<\/strong><\/h4>\n<p>Notre formation vid\u00e9o est gratuite, flexible et con\u00e7ue pour les leaders d&#039;aujourd&#039;hui. Il vous suffit d&#039;\u00eatre motiv\u00e9\u00b7e\u00a0; nous vous accompagnerons ensuite.<\/p>\n\t<a href=\"https:\/\/generousgenerations.org\/fr\/resources\/multiplier-training\/\" target=\"_self\" role=\"button\" aria-label=\"\u00c9quipement du multiplicateur de d\u00e9part\">\n\t\t\t\t\t\t\u00c9quipement du multiplicateur de d\u00e9part\n\t\t\t\t\t<\/a>","protected":false},"excerpt":{"rendered":"<p>Devenez membre du mouvement. Tout commence par le d\u00e9sir de faire une diff\u00e9rence et de d\u00e9montrer l\u2019amour du Christ \u00e0 un monde en souffrance. Vous percevez un besoin et vous vous mobilisez instinctivement pour y r\u00e9pondre. Cela d\u00e9clenche un effet d\u2019entra\u00eenement<\/p>","protected":false},"author":1,"featured_media":0,"parent":0,"menu_order":0,"comment_status":"closed","ping_status":"closed","template":"","meta":{"_acf_changed":false,"give_campaign_id":0,"_seopress_robots_primary_cat":"","_seopress_titles_title":"Get Involved | Generous Generations","_seopress_titles_desc":"It begins with a desire to make a difference and demonstrate the love of Christ to a hurting world. You perceive a need and instinctively move to help meet it.","_seopress_robots_index":"","footnotes":""},"class_list":["post-961","page","type-page","status-publish"],"acf":[],"campaignId":"","_links":{"self":[{"href":"https:\/\/generousgenerations.org\/fr\/wp-json\/wp\/v2\/pages\/961","targetHints":{"allow":["GET"]}}],"collection":[{"href":"https:\/\/generousgenerations.org\/fr\/wp-json\/wp\/v2\/pages"}],"about":[{"href":"https:\/\/generousgenerations.org\/fr\/wp-json\/wp\/v2\/types\/page"}],"author":[{"embeddable":true,"href":"https:\/\/generousgenerations.org\/fr\/wp-json\/wp\/v2\/users\/1"}],"replies":[{"embeddable":true,"href":"https:\/\/generousgenerations.org\/fr\/wp-json\/wp\/v2\/comments?post=961"}],"version-history":[{"count":7,"href":"https:\/\/generousgenerations.org\/fr\/wp-json\/wp\/v2\/pages\/961\/revisions"}],"predecessor-version":[{"id":2460,"href":"https:\/\/generousgenerations.org\/fr\/wp-json\/wp\/v2\/pages\/961\/revisions\/2460"}],"wp:attachment":[{"href":"https:\/\/generousgenerations.org\/fr\/wp-json\/wp\/v2\/media?parent=961"}],"curies":[{"name":"wp","href":"https:\/\/api.w.org\/{rel}","templated":true}]}}