{"id":971,"date":"2024-05-14T04:59:57","date_gmt":"2024-05-14T04:59:57","guid":{"rendered":"https:\/\/gg.perfectlydigital.dev\/?page_id=971"},"modified":"2024-05-27T12:24:54","modified_gmt":"2024-05-27T12:24:54","slug":"building-blocks","status":"publish","type":"page","link":"https:\/\/generousgenerations.org\/fr\/faqs\/building-blocks\/","title":{"rendered":"Blocs de construction"},"content":{"rendered":"<h1>\n\t\tBlocs de construction\n\t<\/h1>\n\t<a href=\"https:\/\/generousgenerations.org\/fr\/faqs\/\" target=\"_self\" role=\"button\" aria-label=\"RETOUR \u00c0 TOUTES LES FAQ\" rel=\"noopener\">\n\t\t\t\t\t\tRETOUR \u00c0 TOUTES LES FAQ\n\t\t\t\t\t<\/a>\n\t\t\t\t\t\t<img decoding=\"async\" src=\"https:\/\/generousgenerations.org\/wp-content\/uploads\/2024\/03\/GG-Brand-Mark-Blue-400-trimmed-64.png\" alt=\"GG Brand Mark Blue 400 trimmed 64\" \/>\n\t\t\t\tQuels sont les principes fondamentaux de G\u00e9n\u00e9rations G\u00e9n\u00e9reuses ? Quels sont les six \u00e9l\u00e9ments constitutifs de G\u00e9n\u00e9rations G\u00e9n\u00e9reuses ? Quels sont les principes fondamentaux de G\u00e9n\u00e9rations G\u00e9n\u00e9reuses ?\n\t\t\t\t<p>G\u00e9n\u00e9rations G\u00e9n\u00e9reuses est construit sur des principes bibliques de g\u00e9n\u00e9rosit\u00e9 tels que : la g\u00e9n\u00e9rosit\u00e9 de Dieu a commenc\u00e9 dans la Gen\u00e8se ; J\u00e9sus : le plus grand don de Dieu ; Dieu poss\u00e8de tout ; Dieu fournit suffisamment ; Dieu voit nos c\u0153urs, etc.<\/p>\n<p>Nous essayons d&#039;enseigner aux enfants, aux jeunes et aux jeunes adultes, de mani\u00e8re adapt\u00e9e \u00e0 leur \u00e2ge, ce que nous appelons les \u00ab graines de g\u00e9n\u00e9rosit\u00e9 \u00bb. Ce sont des graines qu&#039;un dirigeant ou un parent s\u00e8me dans la vie des enfants, des jeunes et des jeunes adultes de Dieu, leur donnant l&#039;occasion de grandir dans leur c\u0153ur et leur esprit.<\/p>\n\t\t\t\t\t\t\tQuels sont les six \u00e9l\u00e9ments constitutifs des G\u00e9n\u00e9rations G\u00e9n\u00e9reuses\u00a0?\n\t\t\t\t<p>Les \u00e9l\u00e9ments constitutifs de Generous Generations sont\u00a0:<\/p>\n<ol>\n<li>Relations \u00e0 travers le discipulat<\/li>\n<li>Strat\u00e9gie de cadeaux<\/li>\n<li>Interd\u00e9pendance et collaboration<\/li>\n<li>Servitude<\/li>\n<li>Pilot\u00e9 par les b\u00e9n\u00e9voles<\/li>\n<li>Enfants, jeunes et jeunes adultes dans une perspective mondiale<\/li>\n<\/ol>","protected":false},"excerpt":{"rendered":"<p>FAQ | Blocs de construction | Vous avez une question ? Nous sommes l\u00e0 pour vous aider ! <\/p>","protected":false},"author":1,"featured_media":0,"parent":79,"menu_order":0,"comment_status":"closed","ping_status":"closed","template":"","meta":{"_acf_changed":false,"give_campaign_id":0,"_seopress_robots_primary_cat":"","_seopress_titles_title":"FAQs | Building Blocks | Generous Generations","_seopress_titles_desc":"FAQs | Building Blocks | Do you have a question? We're here to help!","_seopress_robots_index":"","footnotes":""},"class_list":["post-971","page","type-page","status-publish"],"acf":[],"campaignId":"","_links":{"self":[{"href":"https:\/\/generousgenerations.org\/fr\/wp-json\/wp\/v2\/pages\/971","targetHints":{"allow":["GET"]}}],"collection":[{"href":"https:\/\/generousgenerations.org\/fr\/wp-json\/wp\/v2\/pages"}],"about":[{"href":"https:\/\/generousgenerations.org\/fr\/wp-json\/wp\/v2\/types\/page"}],"author":[{"embeddable":true,"href":"https:\/\/generousgenerations.org\/fr\/wp-json\/wp\/v2\/users\/1"}],"replies":[{"embeddable":true,"href":"https:\/\/generousgenerations.org\/fr\/wp-json\/wp\/v2\/comments?post=971"}],"version-history":[{"count":0,"href":"https:\/\/generousgenerations.org\/fr\/wp-json\/wp\/v2\/pages\/971\/revisions"}],"up":[{"embeddable":true,"href":"https:\/\/generousgenerations.org\/fr\/wp-json\/wp\/v2\/pages\/79"}],"wp:attachment":[{"href":"https:\/\/generousgenerations.org\/fr\/wp-json\/wp\/v2\/media?parent=971"}],"curies":[{"name":"wp","href":"https:\/\/api.w.org\/{rel}","templated":true}]}}