{"id":974,"date":"2024-05-14T05:00:38","date_gmt":"2024-05-14T05:00:38","guid":{"rendered":"https:\/\/gg.perfectlydigital.dev\/?page_id=974"},"modified":"2024-05-27T12:22:57","modified_gmt":"2024-05-27T12:22:57","slug":"principles","status":"publish","type":"page","link":"https:\/\/generousgenerations.org\/fr\/faqs\/principles\/","title":{"rendered":"Des principes"},"content":{"rendered":"<h1>\n\t\tDes principes\n\t<\/h1>\n\t<a href=\"https:\/\/generousgenerations.org\/fr\/faqs\/\" target=\"_self\" role=\"button\" aria-label=\"RETOUR \u00c0 TOUTES LES FAQ\" rel=\"noopener\">\n\t\t\t\t\t\tRETOUR \u00c0 TOUTES LES FAQ\n\t\t\t\t\t<\/a>\n\t\t\t\t\t\t<img decoding=\"async\" src=\"https:\/\/generousgenerations.org\/wp-content\/uploads\/2024\/03\/GG-Brand-Mark-Blue-400-trimmed-64.png\" alt=\"GG Brand Mark Blue 400 trimmed 64\" \/>\n\t\t\t\tQu&#039;est-ce qui a inspir\u00e9 la cr\u00e9ation de G\u00e9n\u00e9rations G\u00e9n\u00e9reuses Qu&#039;est-ce qui distingue G\u00e9n\u00e9rations G\u00e9n\u00e9reuses des autres mouvements ? Devons-nous donner de l&#039;argent ? Pourquoi G\u00e9n\u00e9rosit\u00e9 ? Qu&#039;est-ce qui a inspir\u00e9 la cr\u00e9ation de G\u00e9n\u00e9rations G\u00e9n\u00e9reuses\n\t\t\t\t<p>Generous Generations a \u00e9t\u00e9 inspir\u00e9 par la reconnaissance du fait que les enfants, les jeunes et les jeunes adultes sont souvent expos\u00e9s aux valeurs consum\u00e9ristes. Le mouvement vise \u00e0 contrecarrer cela en encourageant une g\u00e9n\u00e9ration de donateurs g\u00e9n\u00e9reux, guid\u00e9s par les principes bibliques.<\/p>\n\t\t\t\t\t\t\tQu\u2019est-ce qui distingue G\u00e9n\u00e9rations G\u00e9n\u00e9reuses des autres mouvements ?\n\t\t\t\t<p>Generous Generations se distingue par son approche holistique, combinant des ressources num\u00e9riques engageantes avec des ressources tactiles, amplifiant clairement les principes bibliques. Le mouvement met l&#039;accent non seulement sur la g\u00e9n\u00e9rosit\u00e9 financi\u00e8re, mais aussi sur le don de temps, de talent, de conservation et de gentillesse.<\/p>\n\t\t\t\t\t\t\tDevons-nous donner de l&#039;argent ?\n\t\t\t\t<p>Non, vous pouvez donner du temps, de la gentillesse et de la compassion, des encouragements, des talents ou des comp\u00e9tences, ou tout ce que Dieu vous am\u00e8ne \u00e0 donner \u00e0 quelqu&#039;un.<\/p>\n\t\t\t\t\t\t\tPourquoi la g\u00e9n\u00e9rosit\u00e9 ? \n\t\t\t\t<p>Nous sommes anim\u00e9s par un profond d\u00e9sir de gu\u00e9rir le monde par nos actes de g\u00e9n\u00e9rosit\u00e9, inspir\u00e9s par la g\u00e9n\u00e9rosit\u00e9 sans bornes de J\u00e9sus notre Sauveur. Au fil des pages de l&#039;\u00c9criture, nous nous souvenons des innombrables dons que Dieu nous a faits :<\/p>\n<ul>\n<li>Il a insuffl\u00e9 la vie \u00e0 nos \u00eatres (Gen\u00e8se 2\u00a0:\u00a07)<\/li>\n<li>A fa\u00e7onn\u00e9 un monde \u00e0 couper le souffle (Gen\u00e8se 1:31)<\/li>\n<li>Nous a offert la sagesse \u00e9clairante de la Bible (Psaume 119\u00a0:\u00a0105). <\/li>\n<li>Par sa r\u00e9surrection, il nous a fait don gratuit de la vie \u00e9ternelle (Matthieu 28\u00a0:6), aux c\u00f4t\u00e9s de son Esprit, de divers talents et de la promesse de son retour pour partager l\u2019\u00e9ternit\u00e9 avec nous (Apocalypse 22\u00a0:20).<\/li>\n<\/ul>\n<p>Sa g\u00e9n\u00e9rosit\u00e9 touche tous les aspects de nos vies et, \u00e0 mesure que les enfants, les jeunes et les jeunes adultes s&#039;aventurent dans le voyage passionnant d&#039;une vie g\u00e9n\u00e9reuse, ils deviennent des adultes capables de gu\u00e9rir le monde gr\u00e2ce \u00e0 leurs actions compatissantes.<\/p>","protected":false},"excerpt":{"rendered":"<p>FAQ | Principes | Vous avez une question ? Nous sommes l\u00e0 pour vous aider ! <\/p>","protected":false},"author":1,"featured_media":0,"parent":79,"menu_order":0,"comment_status":"closed","ping_status":"closed","template":"","meta":{"_acf_changed":false,"give_campaign_id":0,"_seopress_robots_primary_cat":"","_seopress_titles_title":"FAQs | Principles | Generous Generations","_seopress_titles_desc":"FAQs | Principles | Do you have a question? We're here to help!","_seopress_robots_index":"","footnotes":""},"class_list":["post-974","page","type-page","status-publish"],"acf":[],"campaignId":"","_links":{"self":[{"href":"https:\/\/generousgenerations.org\/fr\/wp-json\/wp\/v2\/pages\/974","targetHints":{"allow":["GET"]}}],"collection":[{"href":"https:\/\/generousgenerations.org\/fr\/wp-json\/wp\/v2\/pages"}],"about":[{"href":"https:\/\/generousgenerations.org\/fr\/wp-json\/wp\/v2\/types\/page"}],"author":[{"embeddable":true,"href":"https:\/\/generousgenerations.org\/fr\/wp-json\/wp\/v2\/users\/1"}],"replies":[{"embeddable":true,"href":"https:\/\/generousgenerations.org\/fr\/wp-json\/wp\/v2\/comments?post=974"}],"version-history":[{"count":0,"href":"https:\/\/generousgenerations.org\/fr\/wp-json\/wp\/v2\/pages\/974\/revisions"}],"up":[{"embeddable":true,"href":"https:\/\/generousgenerations.org\/fr\/wp-json\/wp\/v2\/pages\/79"}],"wp:attachment":[{"href":"https:\/\/generousgenerations.org\/fr\/wp-json\/wp\/v2\/media?parent=974"}],"curies":[{"name":"wp","href":"https:\/\/api.w.org\/{rel}","templated":true}]}}