{"id":975,"date":"2024-05-14T05:00:50","date_gmt":"2024-05-14T05:00:50","guid":{"rendered":"https:\/\/gg.perfectlydigital.dev\/?page_id=975"},"modified":"2024-08-27T21:07:41","modified_gmt":"2024-08-27T21:07:41","slug":"children-and-youth","status":"publish","type":"page","link":"https:\/\/generousgenerations.org\/fr\/faqs\/children-and-youth\/","title":{"rendered":"Enfants et jeunes"},"content":{"rendered":"<h1>\n\t\tEnfants et jeunes\n\t<\/h1>\n\t<a href=\"https:\/\/generousgenerations.org\/fr\/faqs\/\" target=\"_self\" role=\"button\" aria-label=\"RETOUR \u00c0 TOUTES LES FAQ\" rel=\"noopener\">\n\t\t\t\t\t\tRETOUR \u00c0 TOUTES LES FAQ\n\t\t\t\t\t<\/a>\n\t\t\t\t\t\t<img decoding=\"async\" src=\"https:\/\/generousgenerations.org\/wp-content\/uploads\/2024\/03\/GG-Brand-Mark-Blue-400-trimmed-64.png\" alt=\"GG Brand Mark Blue 400 trimmed 64\" \/>\n\t\t\t\t\u00c0 qui s&#039;adresse G\u00e9n\u00e9rations G\u00e9n\u00e9reuses ? Les exp\u00e9riences sont-elles adapt\u00e9es \u00e0 l&#039;\u00e2ge et au contexte ? Que se passe-t-il lors d&#039;une exp\u00e9rience G\u00e9n\u00e9rations G\u00e9n\u00e9reuses ? \u00c0 qui s&#039;adresse G\u00e9n\u00e9rations G\u00e9n\u00e9reuses ?\n\t\t\t\t<p>Generous Generations est con\u00e7u pour toutes les g\u00e9n\u00e9rations, avec un accent particulier sur les enfants, les jeunes et les jeunes adultes. Nos ressources sont pr\u00e9sent\u00e9es en mettant l\u2019accent sur les processus de discipulat et l\u2019apprentissage exp\u00e9rientiel. <\/p>\n<p>Le public principal comprend les parents, les \u00e9glises, les dirigeants minist\u00e9riels et les enseignants.<\/p>\n<p>Notre exp\u00e9rience pour les enfants \u00e2g\u00e9s de 6 \u00e0 12 ans est appel\u00e9e Gen-G Adventure, car la g\u00e9n\u00e9rosit\u00e9 est une aventure qui dure toute la vie et les jeunes enfants adorent les aventures.<\/p>\n\t\t\t\t\t\t\tLes exp\u00e9riences sont-elles adapt\u00e9es \u00e0 l\u2019\u00e2ge et contextualis\u00e9es\u00a0?\n\t\t\t\t<p>Oui, les processus de formation de disciple de g\u00e9n\u00e9rosit\u00e9 sont soigneusement con\u00e7us pour les enfants, les jeunes et les jeunes adultes, adapt\u00e9s de mani\u00e8re unique \u00e0 chaque \u00e2ge, int\u00e9grant diverses forces d&#039;apprentissage pour cr\u00e9er une exp\u00e9rience engageante et contextualis\u00e9e.<\/p>\n\t\t\t\t\t\t\tQue se passe-t-il lors d\u2019une Exp\u00e9rience G\u00e9n\u00e9rations G\u00e9n\u00e9reuses ?\n\t\t\t\t<p>C&#039;est une aventure ! Notre d\u00e9marche s&#039;articule autour de trois axes :<\/p>\n<ul>\n<li>GGG\u00a0: <strong>Rassembler<\/strong>, <strong>Jeu<\/strong>, <strong>Donner<\/strong>. Nous rassemblons des enfants, des jeunes et des jeunes adultes. Partout o\u00f9 les enfants, les jeunes et les jeunes adultes se rassemblent, nous guidons les participants \u00e0 travers le cadre Gather, Game, Give. Pour chaque sujet, nous facilitons une exp\u00e9rience d\u2019apprentissage compl\u00e8te et engageante.<\/li>\n<li>Alors que nous explorons la g\u00e9n\u00e9rosit\u00e9 de Dieu, l\u2019introspection et le souci de nos voisins, chaque \u00e9l\u00e9ment de Gather, Game, Give contribue \u00e0 une compr\u00e9hension compl\u00e8te du pouvoir transformateur de la g\u00e9n\u00e9rosit\u00e9.<\/li>\n<\/ul>","protected":false},"excerpt":{"rendered":"<p>FAQ | Enfants et jeunes | Vous avez une question? Nous sommes l\u00e0 pour vous aider! <\/p>","protected":false},"author":1,"featured_media":0,"parent":79,"menu_order":0,"comment_status":"closed","ping_status":"closed","template":"","meta":{"_acf_changed":false,"give_campaign_id":0,"_seopress_robots_primary_cat":"","_seopress_titles_title":"FAQs | Children and Youth | Generous Generations","_seopress_titles_desc":"FAQs | Children and Youth | Do you have a question? We're here to help!","_seopress_robots_index":"","footnotes":""},"class_list":["post-975","page","type-page","status-publish"],"acf":[],"campaignId":"","_links":{"self":[{"href":"https:\/\/generousgenerations.org\/fr\/wp-json\/wp\/v2\/pages\/975","targetHints":{"allow":["GET"]}}],"collection":[{"href":"https:\/\/generousgenerations.org\/fr\/wp-json\/wp\/v2\/pages"}],"about":[{"href":"https:\/\/generousgenerations.org\/fr\/wp-json\/wp\/v2\/types\/page"}],"author":[{"embeddable":true,"href":"https:\/\/generousgenerations.org\/fr\/wp-json\/wp\/v2\/users\/1"}],"replies":[{"embeddable":true,"href":"https:\/\/generousgenerations.org\/fr\/wp-json\/wp\/v2\/comments?post=975"}],"version-history":[{"count":1,"href":"https:\/\/generousgenerations.org\/fr\/wp-json\/wp\/v2\/pages\/975\/revisions"}],"predecessor-version":[{"id":1739,"href":"https:\/\/generousgenerations.org\/fr\/wp-json\/wp\/v2\/pages\/975\/revisions\/1739"}],"up":[{"embeddable":true,"href":"https:\/\/generousgenerations.org\/fr\/wp-json\/wp\/v2\/pages\/79"}],"wp:attachment":[{"href":"https:\/\/generousgenerations.org\/fr\/wp-json\/wp\/v2\/media?parent=975"}],"curies":[{"name":"wp","href":"https:\/\/api.w.org\/{rel}","templated":true}]}}