{"id":977,"date":"2024-05-14T05:01:22","date_gmt":"2024-05-14T05:01:22","guid":{"rendered":"https:\/\/gg.perfectlydigital.dev\/?page_id=977"},"modified":"2024-05-27T12:21:50","modified_gmt":"2024-05-27T12:21:50","slug":"generosity-multiply-training","status":"publish","type":"page","link":"https:\/\/generousgenerations.org\/fr\/faqs\/generosity-multiply-training\/","title":{"rendered":"Formation Multiplier la G\u00e9n\u00e9rosit\u00e9"},"content":{"rendered":"<h1>\n\t\tFormation Multiplier la G\u00e9n\u00e9rosit\u00e9\n\t<\/h1>\n\t<a href=\"https:\/\/generousgenerations.org\/fr\/faqs\/\" target=\"_self\" role=\"button\" aria-label=\"RETOUR \u00c0 TOUTES LES FAQ\" rel=\"noopener\">\n\t\t\t\t\t\tRETOUR \u00c0 TOUTES LES FAQ\n\t\t\t\t\t<\/a>\n\t\t\t\t\t\t<img decoding=\"async\" src=\"https:\/\/generousgenerations.org\/wp-content\/uploads\/2024\/03\/GG-Brand-Mark-Blue-400-trimmed-64.png\" alt=\"GG Brand Mark Blue 400 trimmed 64\" \/>\n\t\t\t\tQu&#039;est-ce que la formation Multiply ? Qui peut \u00eatre multiplicateur ? O\u00f9 puis-je obtenir plus d&#039;informations sur la formation Multiply ? Qu&#039;est-ce que la formation Multiply ?\n\t\t\t\t<p>Multiplier Training est une s\u00e9rie de formation et d&#039;\u00e9quipement que nous pr\u00e9sentons aux dirigeants qui ont d\u00e9j\u00e0 pr\u00e9sent\u00e9 les ressources de Generous Generations et souhaitent devenir formateurs de formateurs.<\/p>\n\t\t\t\t\t\t\tQui peut \u00eatre un multiplicateur\u00a0?\n\t\t\t\t<p>Les multiplicateurs sont des individus qui non seulement s&#039;alignent sur notre vision, mais cherchent activement \u00e0 int\u00e9grer les valeurs de Generous Generations dans leurs communaut\u00e9s.<\/p>\n\t\t\t\t\t\t\tO\u00f9 puis-je obtenir plus d\u2019informations sur la formation Multiply\u00a0?\n\t\t\t\t<p>Veuillez visiter notre <a href=\"https:\/\/generousgenerations.org\/fr\/resources\/multiplier-training\/\">Formation multiplicateur<\/a> pour plus d\u2019informations sur la formation Multiply.<\/p>","protected":false},"excerpt":{"rendered":"<p>FAQ | Formation Generosity Multiply | Avez-vous une question ? Nous sommes l\u00e0 pour vous aider ! <\/p>","protected":false},"author":1,"featured_media":0,"parent":79,"menu_order":0,"comment_status":"closed","ping_status":"closed","template":"","meta":{"_acf_changed":false,"give_campaign_id":0,"_seopress_robots_primary_cat":"","_seopress_titles_title":"FAQs | Generosity Multiply Training | Generous Generations","_seopress_titles_desc":"FAQs | Generosity Multiply Training | Do you have a question? We're here to help!","_seopress_robots_index":"","footnotes":""},"class_list":["post-977","page","type-page","status-publish"],"acf":[],"campaignId":"","_links":{"self":[{"href":"https:\/\/generousgenerations.org\/fr\/wp-json\/wp\/v2\/pages\/977","targetHints":{"allow":["GET"]}}],"collection":[{"href":"https:\/\/generousgenerations.org\/fr\/wp-json\/wp\/v2\/pages"}],"about":[{"href":"https:\/\/generousgenerations.org\/fr\/wp-json\/wp\/v2\/types\/page"}],"author":[{"embeddable":true,"href":"https:\/\/generousgenerations.org\/fr\/wp-json\/wp\/v2\/users\/1"}],"replies":[{"embeddable":true,"href":"https:\/\/generousgenerations.org\/fr\/wp-json\/wp\/v2\/comments?post=977"}],"version-history":[{"count":0,"href":"https:\/\/generousgenerations.org\/fr\/wp-json\/wp\/v2\/pages\/977\/revisions"}],"up":[{"embeddable":true,"href":"https:\/\/generousgenerations.org\/fr\/wp-json\/wp\/v2\/pages\/79"}],"wp:attachment":[{"href":"https:\/\/generousgenerations.org\/fr\/wp-json\/wp\/v2\/media?parent=977"}],"curies":[{"name":"wp","href":"https:\/\/api.w.org\/{rel}","templated":true}]}}