{"id":2273,"date":"2025-11-21T12:03:35","date_gmt":"2025-11-21T12:03:35","guid":{"rendered":"https:\/\/generousgenerations.org\/?page_id=2273"},"modified":"2026-05-13T16:51:54","modified_gmt":"2026-05-13T16:51:54","slug":"generosity-projects","status":"publish","type":"page","link":"https:\/\/generousgenerations.org\/pt\/generosity-projects\/","title":{"rendered":"Projetos de Generosidade"},"content":{"rendered":"<h1>\n\t\t\tProjetos de Generosidade\t<\/h1>\n\t\t\t\t\t\t<img decoding=\"async\" src=\"https:\/\/generousgenerations.org\/wp-content\/uploads\/2024\/03\/GG-Brand-Mark-Blue-400-trimmed-64.png\" alt=\"GG Brand Mark Blue 400 trimmed 64\" \/>\n<h2>\n\t\t\tHist\u00f3rias reais e ideias que ajudam as fam\u00edlias a compartilhar o amor de Deus de maneiras concretas.\t<\/h2>\n\t<p>Os Projetos de Generosidade convidam crian\u00e7as, jovens e fam\u00edlias a vivenciarem a hist\u00f3ria de Deus, testemunhando a generosidade em a\u00e7\u00e3o na vida real e, em seguida, tornando-se parte dela.<\/p>\n<p>Descubra hist\u00f3rias inspiradoras de impacto e ideias de projetos simples e pr\u00e1ticos que ajudar\u00e3o voc\u00ea a cultivar um estilo de vida de generosidade em conjunto.<\/p>\n\t\t\t<a href=\"https:\/\/generousgenerations.org\/pt\/generosity-projects\/impact-stories\/\" target=\"_self\">\n\t\t\t\t\t\t<h4>Hist\u00f3rias de impacto<\/h4>\t\t\t\t\t\n\t\t<\/a>\n\t\t\t<a href=\"https:\/\/generousgenerations.org\/pt\/generosity-projects\/project-ideas\/\" target=\"_self\">\n\t\t\t\t\t\t<h4>Ideias de projetos<\/h4>\t\t\t\t\t\n\t\t<\/a>\n\t<p>Conhe\u00e7a hist\u00f3rias reais de crian\u00e7as e jovens que est\u00e3o descobrindo a alegria de compartilhar o amor de Jesus por meio de uma generosidade radical e b\u00edblica.<\/p>\n<p>Por meio de v\u00eddeos curtos e anima\u00e7\u00f5es, voc\u00ea ver\u00e1 como crian\u00e7as comuns, em lugares comuns, demonstram uma generosidade extraordin\u00e1ria no dia a dia.<\/p>\n\t<p>Pronto para liderar sua fam\u00edlia na pr\u00e1tica da generosidade em conjunto?<\/p>\n<p>Descubra ideias de projetos adequados para cada faixa et\u00e1ria, que facilitam compartilhar o amor de Deus com outras pessoas e levar cura a um mundo que sofre. F\u00e1ceis de implementar em casa, na sua igreja e na sua comunidade.<\/p>","protected":false},"excerpt":{"rendered":"<p>Generosity Projects Real stories and ideas that help families share the love of God in tangible ways Generosity Projects invite children, youth and families to step into God&#8217;s story by seeing real-life generosity in action and then becoming part of it themselves. Explore inspiring impact stories and simple, practical project ideas that help you grow &#8230; <a title=\"Projetos de Generosidade\" class=\"read-more\" href=\"https:\/\/generousgenerations.org\/pt\/generosity-projects\/\" aria-label=\"Read more about Generosity Projects\">Leia mais<\/a><\/p>","protected":false},"author":1,"featured_media":0,"parent":0,"menu_order":0,"comment_status":"closed","ping_status":"closed","template":"","meta":{"_acf_changed":false,"give_campaign_id":0,"_seopress_robots_primary_cat":"","_seopress_titles_title":"","_seopress_titles_desc":"","_seopress_robots_index":"","_seopress_analysis_target_kw":"","footnotes":""},"class_list":["post-2273","page","type-page","status-publish"],"acf":[],"campaignId":"","_links":{"self":[{"href":"https:\/\/generousgenerations.org\/pt\/wp-json\/wp\/v2\/pages\/2273","targetHints":{"allow":["GET"]}}],"collection":[{"href":"https:\/\/generousgenerations.org\/pt\/wp-json\/wp\/v2\/pages"}],"about":[{"href":"https:\/\/generousgenerations.org\/pt\/wp-json\/wp\/v2\/types\/page"}],"author":[{"embeddable":true,"href":"https:\/\/generousgenerations.org\/pt\/wp-json\/wp\/v2\/users\/1"}],"replies":[{"embeddable":true,"href":"https:\/\/generousgenerations.org\/pt\/wp-json\/wp\/v2\/comments?post=2273"}],"version-history":[{"count":8,"href":"https:\/\/generousgenerations.org\/pt\/wp-json\/wp\/v2\/pages\/2273\/revisions"}],"predecessor-version":[{"id":2577,"href":"https:\/\/generousgenerations.org\/pt\/wp-json\/wp\/v2\/pages\/2273\/revisions\/2577"}],"wp:attachment":[{"href":"https:\/\/generousgenerations.org\/pt\/wp-json\/wp\/v2\/media?parent=2273"}],"curies":[{"name":"wp","href":"https:\/\/api.w.org\/{rel}","templated":true}]}}