{"id":2439,"date":"2026-04-07T14:23:44","date_gmt":"2026-04-07T14:23:44","guid":{"rendered":"https:\/\/generousgenerations.org\/?page_id=2439"},"modified":"2026-04-07T15:30:38","modified_gmt":"2026-04-07T15:30:38","slug":"home-new","status":"publish","type":"page","link":"https:\/\/generousgenerations.org\/pt\/home-new\/","title":{"rendered":"Home (new)"},"content":{"rendered":"<h2>\n\t\t\tWho We Are\t<\/h2>\n\t<iframe allowfullscreen allow=\"autoplay\" data-src=\"https:\/\/www.youtube.com\/embed\/HxmvTuRuNlU?feature=oembed&amp;start&amp;end&amp;wmode=opaque&amp;loop=0&amp;controls=1&amp;mute=0&amp;rel=0&amp;modestbranding=0\"><\/iframe>\t\t\n\t\t\t\t\tPlay Video\n<h2>\n\t\t\tWhat We Do\t<\/h2>\n\t<iframe allowfullscreen allow=\"autoplay\" data-src=\"https:\/\/www.youtube.com\/embed\/WAn8fDLPhvk?feature=oembed&amp;start&amp;end&amp;wmode=opaque&amp;loop=0&amp;controls=1&amp;mute=0&amp;rel=0&amp;modestbranding=0\"><\/iframe>\t\t\n\t\t\t\t\tPlay Video\n\t<p>Gen-G (Generous Generations) helps children and youth discover the joy of biblical generosity-because generosity isn&#8217;t just something you do, it&#8217;s who you become.<\/p>\n<p>We create creative, Bible-based discipleship experiences and training that are easy to lead in churches, schools, and homes-so young people don&#8217;t just learn about God, they reflect His heart to a hurting world.<\/p>\n<p>By the age of 13, a child&#8217;s worldview is largely formed. If we don&#8217;t shape generous stewardship early, scarcity and entitlement will.<\/p>\n\t<a href=\"https:\/\/generousgenerations.org\/pt\/resources\/\" target=\"_self\" role=\"button\" aria-label=\"EXPLORE THE RESOURCES\">\n\t\t\t\t\t\tEXPLORE THE RESOURCES\n\t\t\t\t\t<\/a>\n\t<a href=\"https:\/\/generousgenerations.org\/pt\/get-involved\/\" target=\"_self\" role=\"button\" aria-label=\"START A SESSION\">\n\t\t\t\t\t\tSTART A SESSION\n\t\t\t\t\t<\/a>\n\t<a href=\"#\" target=\"_self\" role=\"button\" aria-label=\"RAISE A GENEROUS GENERATION\">\n\t\t\t\t\t\tRAISE A GENEROUS GENERATION\n\t\t\t\t\t<\/a>\n\t<em>&#8220;Train up a child in the way he should go, and when he is old he will not depart from it.&#8221;<\/em><br \/>\nProv\u00e9rbios 22:6 NVI\n\t<a href=\"https:\/\/generousgenerations.org\/pt\/get-involved\/\" target=\"_self\" role=\"button\" aria-label=\"GET INVOLVED\">\n\t\t\t\t\t\tGET INVOLVED\n\t\t\t\t\t<\/a>\n<h2>\n\t\t\tPavimente o caminho\t<\/h2>\n\t\t\t\t\t\t<img decoding=\"async\" src=\"https:\/\/generousgenerations.org\/wp-content\/uploads\/2024\/03\/GG-Brand-Mark-Blue-400-trimmed-64.png\" alt=\"GG Brand Mark Blue 400 trimmed 64\" \/>\n\t<p>Mobilize todas as gera\u00e7\u00f5es atrav\u00e9s de experi\u00eancias interativas de generosidade e prepare o caminho para uma vida inteira de generosidade. Ao nutrirmos estes valores desde tenra idade, damos \u00e0s crian\u00e7as solu\u00e7\u00f5es para o seu futuro. Ao equipar jovens e adultos, n\u00f3s os capacitamos a transmitir esses valores a outras pessoas.<\/p>\n\t<a href=\"https:\/\/generousgenerations.org\/pt\/about\/#our-strategy\" target=\"_self\" role=\"button\" aria-label=\"SAIBA MAIS SOBRE NOSSA ESTRAT\u00c9GIA\">\n\t\t\t\t\t\tSAIBA MAIS SOBRE NOSSA ESTRAT\u00c9GIA\n\t\t\t\t\t<\/a>\n<figure itemscope itemtype=\"https:\/\/schema.org\/ImageObject\">\n\t\t\t\t<img decoding=\"async\" src=\"https:\/\/generousgenerations.org\/wp-content\/uploads\/2024\/05\/home-2.jpg\" alt=\"Senior man giving sandwich to his little grandson in park\" height=\"900\" width=\"900\" title=\"\u00daltimo homem dando sandu\u00edche para seu neto no parque\" onerror=\"this.style.display='none'\" loading=\"lazy\" \/>\n\t<\/figure>\n<figure itemscope itemtype=\"https:\/\/schema.org\/ImageObject\">\n\t\t\t\t<img decoding=\"async\" src=\"https:\/\/generousgenerations.org\/wp-content\/uploads\/2024\/05\/home-3.jpg\" alt=\"Help Concept hands reaching out to help each other in dark tone\" height=\"900\" width=\"900\" title=\"Ajude as m\u00e3os do Conceito estendendo a m\u00e3o para ajudar uns aos outros em tom escuro.\" onerror=\"this.style.display='none'\" loading=\"lazy\" \/>\n\t<\/figure>\n<h2>\n\t\t\tInspirar e capacitar\t<\/h2>\n\t\t\t\t\t\t<img decoding=\"async\" src=\"https:\/\/generousgenerations.org\/wp-content\/uploads\/2024\/03\/GG-Brand-Mark-Blue-400-trimmed-64.png\" alt=\"GG Brand Mark Blue 400 trimmed 64\" \/>\n\t<p>Aprenda como voc\u00ea pode se tornar um Multiplicador de Gera\u00e7\u00f5es Generosas e ajudar a orientar os Doadores do Reino de amanh\u00e3.<\/p>\n\t<a href=\"https:\/\/generousgenerations.org\/pt\/resources\/multiplier-training\/\" target=\"_self\" role=\"button\" aria-label=\"SAIBA MAIS SOBRE O TREINAMENTO DE MULTIPLICADORES\">\n\t\t\t\t\t\tSAIBA MAIS SOBRE O TREINAMENTO DE MULTIPLICADORES\n\t\t\t\t\t<\/a>\n<h2>\n\t\t\tTransformar Cora\u00e7\u00f5es\t<\/h2>\n\t\t\t\t\t\t<img decoding=\"async\" src=\"https:\/\/generousgenerations.org\/wp-content\/uploads\/2024\/03\/GG-Brand-Mark-Blue-400-trimmed-64.png\" alt=\"GG Brand Mark Blue 400 trimmed 64\" \/>\n\t<p>Descubra como Generous Generations est\u00e1 moldando uma gera\u00e7\u00e3o de crian\u00e7as, jovens e fam\u00edlias compassivas e promovendo uma cultura de generosidade.<\/p>\n\t<a href=\"https:\/\/generousgenerations.org\/pt\/stories-of-generosity\/\" target=\"_self\" role=\"button\" aria-label=\"ASSISTA A UMA HIST\u00d3RIA DE GENEROSIDADE\">\n\t\t\t\t\t\tASSISTA A UMA HIST\u00d3RIA DE GENEROSIDADE\n\t\t\t\t\t<\/a>\n<figure itemscope itemtype=\"https:\/\/schema.org\/ImageObject\">\n\t\t\t\t<img decoding=\"async\" src=\"https:\/\/generousgenerations.org\/wp-content\/uploads\/2024\/05\/home-4.jpg\" alt=\"Donation concept - boy holding box with toys for donation, copy space, isolated\" height=\"900\" width=\"900\" title=\"Conceito de doa\u00e7\u00e3o - menino segurando caixa com brinquedos para doa\u00e7\u00e3o\" onerror=\"this.style.display='none'\" loading=\"lazy\" \/>\n\t<\/figure>\n<figure itemscope itemtype=\"https:\/\/schema.org\/ImageObject\">\n\t\t\t\t<img decoding=\"async\" src=\"https:\/\/generousgenerations.org\/wp-content\/uploads\/2024\/05\/home-5v2.jpg\" alt=\"home 5v2\" height=\"900\" width=\"900\" title=\"casa 5v2\" onerror=\"this.style.display='none'\" loading=\"lazy\" \/>\n\t<\/figure>\n<h2>\n\t\t\tSeja nosso parceiro\t<\/h2>\n\t\t\t\t\t\t<img decoding=\"async\" src=\"https:\/\/generousgenerations.org\/wp-content\/uploads\/2024\/03\/GG-Brand-Mark-Blue-400-trimmed-64.png\" alt=\"GG Brand Mark Blue 400 trimmed 64\" \/>\n\t<p>Todos podem fazer parte de Gera\u00e7\u00f5es Generosas!<\/p>\n<ul>\n<li><strong>Rezar<\/strong>: <a href=\"https:\/\/generousgenerations.org\/pt\/contact\/\">Contate-nos<\/a> para obter detalhes sobre nossa pr\u00f3xima Reuni\u00e3o de Ora\u00e7\u00e3o<\/li>\n<li><strong>Torne-se um multiplicador<\/strong>: Um Embaixador ou Organiza\u00e7\u00e3o Parceira<\/li>\n<li><strong>Volunt\u00e1rio<\/strong>: Ajude a traduzir nossos recursos para o seu idioma local<\/li>\n<li><strong>Doar<\/strong>: Ajude-nos a cultivar os Doadores do Amanh\u00e3 <a href=\"https:\/\/generousgenerations.org\/pt\/donate\/\">doando<\/a> hoje.<\/li>\n<\/ul>\n\t<a href=\"https:\/\/generousgenerations.org\/pt\/resources\/multiplier-training\/\" target=\"_self\" role=\"button\" aria-label=\"SAIBA MAIS SOBRE O TREINAMENTO DE MULTIPLICADORES\">\n\t\t\t\t\t\tSAIBA MAIS SOBRE O TREINAMENTO DE MULTIPLICADORES\n\t\t\t\t\t<\/a>","protected":false},"excerpt":{"rendered":"<p>Who We Are Play Video What We Do Play Video Gen-G (Generous Generations) helps children and youth discover the joy of biblical generosity-because generosity isn&#8217;t just something you do, it&#8217;s who you become. We create creative, Bible-based discipleship experiences and training that are easy to lead in churches, schools, and homes-so young people don&#8217;t just &#8230; <a title=\"Home (new)\" class=\"read-more\" href=\"https:\/\/generousgenerations.org\/pt\/home-new\/\" aria-label=\"Read more about Home (new)\">Leia mais<\/a><\/p>","protected":false},"author":1,"featured_media":0,"parent":0,"menu_order":0,"comment_status":"closed","ping_status":"closed","template":"","meta":{"_acf_changed":false,"give_campaign_id":0,"_seopress_robots_primary_cat":"","_seopress_titles_title":"","_seopress_titles_desc":"","_seopress_robots_index":"","footnotes":""},"class_list":["post-2439","page","type-page","status-publish"],"acf":[],"campaignId":"","_links":{"self":[{"href":"https:\/\/generousgenerations.org\/pt\/wp-json\/wp\/v2\/pages\/2439","targetHints":{"allow":["GET"]}}],"collection":[{"href":"https:\/\/generousgenerations.org\/pt\/wp-json\/wp\/v2\/pages"}],"about":[{"href":"https:\/\/generousgenerations.org\/pt\/wp-json\/wp\/v2\/types\/page"}],"author":[{"embeddable":true,"href":"https:\/\/generousgenerations.org\/pt\/wp-json\/wp\/v2\/users\/1"}],"replies":[{"embeddable":true,"href":"https:\/\/generousgenerations.org\/pt\/wp-json\/wp\/v2\/comments?post=2439"}],"version-history":[{"count":4,"href":"https:\/\/generousgenerations.org\/pt\/wp-json\/wp\/v2\/pages\/2439\/revisions"}],"predecessor-version":[{"id":2456,"href":"https:\/\/generousgenerations.org\/pt\/wp-json\/wp\/v2\/pages\/2439\/revisions\/2456"}],"wp:attachment":[{"href":"https:\/\/generousgenerations.org\/pt\/wp-json\/wp\/v2\/media?parent=2439"}],"curies":[{"name":"wp","href":"https:\/\/api.w.org\/{rel}","templated":true}]}}