{"id":2449,"date":"2026-04-07T14:49:09","date_gmt":"2026-04-07T14:49:09","guid":{"rendered":"https:\/\/generousgenerations.org\/?page_id=2449"},"modified":"2026-04-07T14:51:23","modified_gmt":"2026-04-07T14:51:23","slug":"about-new","status":"publish","type":"page","link":"https:\/\/generousgenerations.org\/pt\/about-new\/","title":{"rendered":"Sobre (novo)"},"content":{"rendered":"<img decoding=\"async\" src=\"https:\/\/generousgenerations.org\/wp-content\/uploads\/2024\/03\/GG-Brand-Mark-Blue-400-trimmed-64.png\" alt=\"GG Brand Mark Blue 400 trimmed 64\" \/>\n\t<p>Generous Generations faz parte da rede de parceria do Global Children&#039;s Forum (GCF) e do Movimento Esportivo Global, ReadySetGo. Atrav\u00e9s destas parcerias valiosas, trabalhamos incansavelmente para espalhar a mensagem da generosidade b\u00edblica para crian\u00e7as, jovens e jovens adultos em todo o mundo.<\/p>\n\t<em>\u201cVoc\u00eas devem se lembrar das palavras do Senhor Jesus: &#039;\u00c9 mais bem-aventurado dar do que receber.&#039;\u201d <\/em><br \/>\nAtos 20:35 NLT\n\t<p>Igrejas, minist\u00e9rios, organiza\u00e7\u00f5es e indiv\u00edduos em todo o mundo recorrem \u00e0s Gera\u00e7\u00f5es Generosas para os nossos Processos de Discipulado de Generosidade (GPDs), concebidos exclusivamente para ressoar em todas as idades.<\/p>\n<h1>\n\t\t\tNossa hist\u00f3ria\t<\/h1>\n\t\t\t\t\t\t<img decoding=\"async\" src=\"https:\/\/generousgenerations.org\/wp-content\/uploads\/2024\/03\/GG-Brand-Mark-Blue-400-trimmed-64.png\" alt=\"GG Brand Mark Blue 400 trimmed 64\" \/>\n\t<p>Em 2020, depois de participar numa Jornada de Generosidade e de testemunhar o impacto transformador de viver um estilo de vida de generosidade, come\u00e7\u00e1mos a questionar: Porque \u00e9 que esperamos at\u00e9 \u00e0 idade adulta para incutir os valores transformadores da generosidade?<\/p>\n<p>Em parceria com nossos amigos do Global Children&#039;s Forum (GCF), nos reunimos em mar\u00e7o de 2023 em S\u00e3o Paulo, Brasil, para explorar o conceito de recursos de \u201cGenerosidade Infantil\u201d. Ao longo daquela semana, 14 volunt\u00e1rios globais fizeram um brainstorming conosco, e Generous Generations nasceu.<\/p>\n<p>Depois de regressar \u00e0 \u00c1frica do Sul, regist\u00e1mo-nos oficialmente como Empresa Sem Fins Lucrativos (NPC). Com a ajuda de volunt\u00e1rios dedicados, come\u00e7amos a criar conte\u00fado. Durante o ano seguinte, o Senhor trouxe volunt\u00e1rios e tradutores adicionais ansiosos para ver os recursos criados e traduzidos.<\/p>\n<p>Hoje, a nossa equipa global de volunt\u00e1rios e tradutores doa generosamente o seu tempo para tornar este sonho realidade.<\/p>\n<figure itemscope itemtype=\"https:\/\/schema.org\/ImageObject\">\n\t\t\t\t<img decoding=\"async\" src=\"https:\/\/generousgenerations.org\/wp-content\/uploads\/2024\/05\/about-1.jpg\" alt=\"Two little boys with fresh apple sit on a white background. Healthy food.\" height=\"900\" width=\"900\" title=\"Crian\u00e7as pequenas com ma\u00e7\u00e3.\" onerror=\"this.style.display='none'\" loading=\"lazy\" \/>\n\t<\/figure>\n<figure itemscope itemtype=\"https:\/\/schema.org\/ImageObject\">\n\t\t\t\t<img decoding=\"async\" src=\"https:\/\/generousgenerations.org\/wp-content\/uploads\/2024\/05\/about-2.jpg\" alt=\"about 2\" height=\"900\" width=\"900\" title=\"cerca de 2\" onerror=\"this.style.display='none'\" loading=\"lazy\" \/>\n\t<\/figure>\n<h1>\n\t\t\tNossa vis\u00e3o\t<\/h1>\n\t\t\t\t\t\t<img decoding=\"async\" src=\"https:\/\/generousgenerations.org\/wp-content\/uploads\/2024\/03\/GG-Brand-Mark-Blue-400-trimmed-64.png\" alt=\"GG Brand Mark Blue 400 trimmed 64\" \/>\n\t<p>Imaginamos um mundo de Gera\u00e7\u00f5es Generosas de diversas origens, que reconhecem as necessidades nas suas comunidades e se unem instintivamente para atend\u00ea-las. Imaginamos um movimento global de crian\u00e7as, jovens e jovens adultos, que modelam o amor de Cristo atrav\u00e9s do impacto transformador da generosidade b\u00edblica.<\/p>\n<h1>\n\t\t\tNossa Estrat\u00e9gia\t<\/h1>\n\t\t\t\t\t\t<img decoding=\"async\" src=\"https:\/\/generousgenerations.org\/wp-content\/uploads\/2024\/03\/GG-Brand-Mark-Blue-400-trimmed-64.png\" alt=\"GG Brand Mark Blue 400 trimmed 64\" \/>\n\t<p>Nossa estrat\u00e9gia gira em torno de promover uma cultura global de generosidade b\u00edblica entre todas as gera\u00e7\u00f5es: crian\u00e7as, jovens, jovens e adultos. Atrav\u00e9s de Processos de Discipulado de Generosidade (PIBs) interativos e de \u00faltima gera\u00e7\u00e3o, n\u00f3s os inspiramos, equipamos, capacitamos e os orientamos a viver uma vida de generosidade radical. Esses processos s\u00e3o elaborados exclusivamente para cada faixa et\u00e1ria, garantindo que nossa mensagem ressoe profundamente.<\/p>\n<p>Nossa estrat\u00e9gia est\u00e1 descrita abaixo:<\/p>\n<ol>\n<li><strong>Para interagir com todas as gera\u00e7\u00f5es<\/strong> \u2013 crian\u00e7as, jovens, jovens adultos e adultos em rela\u00e7\u00f5es de forma\u00e7\u00e3o de disc\u00edpulos, atrav\u00e9s de uma experi\u00eancia imersiva ou aventura de generosidade, concebida de forma \u00fanica para comunicar eficazmente com cada gera\u00e7\u00e3o.<\/li>\n<li><strong>Para desenvolver recursos e materiais<\/strong> que sejam acess\u00edveis, compreens\u00edveis e acess\u00edveis para todas as gera\u00e7\u00f5es dentro de culturas e grupos lingu\u00edsticos.<\/li>\n<li><strong>Para pavimentar o caminho e alinhar<\/strong> multiplicando movimentos e colabora\u00e7\u00f5es de generosidade dentro de cada gera\u00e7\u00e3o.<\/li>\n<li><strong>Relacionar-se<\/strong> com v\u00e1rios intervenientes no campo da generosidade.<\/li>\n<li><strong>Para equipar e orientar<\/strong> uma rede interconectada de colegas de trabalho.<\/li>\n<li><strong>Para identificar e orientar<\/strong> l\u00edderes para levar o movimento adiante.<\/li>\n<li><strong>Para construir equipes interconectadas crescentes<\/strong> levar a vis\u00e3o e catalisar o movimento em cada aldeia, comunidade, vila, cidade, pa\u00eds e continente.<\/li>\n<\/ol>\n<p>Para saber mais sobre nossos PIBs para todas as idades, visite nosso <a href=\"https:\/\/generousgenerations.org\/pt\/resources\/\">p\u00e1gina de recursos<\/a>.<\/p>\n<figure itemscope itemtype=\"https:\/\/schema.org\/ImageObject\">\n\t\t\t\t<img decoding=\"async\" src=\"https:\/\/generousgenerations.org\/wp-content\/uploads\/2024\/05\/about-3.jpg\" alt=\"about 3\" height=\"900\" width=\"900\" title=\"cerca de 3\" onerror=\"this.style.display='none'\" loading=\"lazy\" \/>\n\t<\/figure>\n<h1>\n\t\t\tNosso time\t<\/h1>\n\t\t\t\t\t\t<img decoding=\"async\" src=\"https:\/\/generousgenerations.org\/wp-content\/uploads\/2024\/03\/GG-Brand-Mark-Blue-400-trimmed-64.png\" alt=\"GG Brand Mark Blue 400 trimmed 64\" \/>\n\t<p>O movimento Generous Generations \u00e9 composto por uma mistura extraordin\u00e1ria de volunt\u00e1rios globais e l\u00edderes vision\u00e1rios, que se dedicam a ajudar a acender o esp\u00edrito b\u00edblico de generosidade em todos os cantos do mundo.<\/p>\n<h3>\n\t\t\tLideran\u00e7a Servidora\t<\/h3>\n\t<p>No comando desta jornada intercultural est\u00e3o alguns l\u00edderes servidores que orientam a nossa vis\u00e3o com precis\u00e3o e fornecem orienta\u00e7\u00e3o estrat\u00e9gica. Apoiados pelos nossos parceiros, como o F\u00f3rum Global das Crian\u00e7as (GCF) e o Movimento Desportivo Internacional, constru\u00edmos a base de um movimento mundial de Generosidade.<\/p>\n<figure itemscope itemtype=\"https:\/\/schema.org\/ImageObject\">\n\t\t\t\t<img decoding=\"async\" src=\"https:\/\/generousgenerations.org\/wp-content\/uploads\/2024\/05\/cherise-final.png\" alt=\"cherise final\" height=\"586\" width=\"500\" title=\"querida final\" onerror=\"this.style.display='none'\" loading=\"lazy\" \/>\n\t<\/figure>\n<h4>\n\t\t\tCherise Vermeulen\t<\/h4>\n<h5>\n\t\t\tDiretor-executivo\t<\/h5>\n\t<p>Quando a vis\u00e3o para Gera\u00e7\u00f5es Generosas foi concebida em seu cora\u00e7\u00e3o e nos cora\u00e7\u00f5es de outras pessoas, Cherise abra\u00e7ou a oportunidade de lider\u00e1-la e nutri-la. Ela opera com uma mentalidade vision\u00e1ria e estrat\u00e9gica, movida pela paix\u00e3o em criar um trabalho impactante que deixe um legado duradouro. A jornada profissional de Cherise abrange dom\u00ednios corporativos e de caridade, e seu entusiasmo em cultivar os doadores do Reino de amanh\u00e3 \u00e9 contagiante. Nos \u00faltimos 28 anos ela se destacou como produtora de m\u00eddia escritora especialista em comunica\u00e7\u00e3o e fundadora de sua pr\u00f3pria produtora de filmes e v\u00eddeos <a href=\"https:\/\/philm48.com\" target=\"_blank\" rel=\"noopener\">philm48.com<\/a>. Ela ajuda a liderar a vis\u00e3o e a dire\u00e7\u00e3o estrat\u00e9gica das Gera\u00e7\u00f5es Generosas sob a orienta\u00e7\u00e3o especializada e supervis\u00e3o de outros l\u00edderes de movimento de confian\u00e7a.<\/p>\n<h4>\n\t\t\tDaniel Vermeulen\t<\/h4>\n<h5>\n\t\t\tDiretor de Desenvolvimento e Impacto Global\t<\/h5>\n\t<p>Com mais de 43 anos de experi\u00eancia combinada em trabalho ministerial, planta\u00e7\u00e3o de igrejas e filantropia, a lideran\u00e7a estrat\u00e9gica e vision\u00e1ria de Danie \u00e9 fundamental na orienta\u00e7\u00e3o global do movimento Gera\u00e7\u00f5es Generosas. Ele apoia Generous Generations no desenvolvimento de fundos e orienta a equipe de lideran\u00e7a. Al\u00e9m disso, ele fornece treinamento de lideran\u00e7a de movimento para v\u00e1rios minist\u00e9rios. Danie passou as \u00faltimas quatro d\u00e9cadas a trabalhar em \u00c1frica, impactando significativamente os setores filantr\u00f3picos e sem fins lucrativos. Nos \u00faltimos anos, liderou um movimento em grande escala para inspirar generosidade entre os africanos. A lideran\u00e7a de Danie em Generous Generations \u00e9 altamente influente e profundamente valiosa.<\/p>\n<figure itemscope itemtype=\"https:\/\/schema.org\/ImageObject\">\n\t\t\t\t<img decoding=\"async\" src=\"https:\/\/generousgenerations.org\/wp-content\/uploads\/2024\/05\/danie-final.png\" alt=\"danie final\" height=\"586\" width=\"500\" title=\"Daniel Final\" onerror=\"this.style.display='none'\" loading=\"lazy\" \/>\n\t<\/figure>\n<figure itemscope itemtype=\"https:\/\/schema.org\/ImageObject\">\n\t\t\t\t<img decoding=\"async\" src=\"https:\/\/generousgenerations.org\/wp-content\/uploads\/2024\/05\/j-paul-v2-final.png\" alt=\"j paul v2 final\" height=\"586\" width=\"500\" title=\"j paulo v2 final\" onerror=\"this.style.display='none'\" loading=\"lazy\" \/>\n\t<\/figure>\n<h4>\n\t\t\tJ.Paul Fridenmaker\t<\/h4>\n<h5>\n\t\t\tParceiro de financiamento e recursos\t<\/h5>\n\t<p>J.Paul Fridenmaker passou 30 anos no minist\u00e9rio e na filantropia. Ele oferece tempo para apoiar a equipe Generous Generations por meio de arrecada\u00e7\u00e3o de fundos e outros parceiros de recursos. De 2012 a 2021, ele trabalhou com Daryl Heald e a Funda\u00e7\u00e3o Maclellan para construir uma iniciativa global chamada Generosity Path. Durante esse per\u00edodo, ele e Daryl sonharam como seria desenvolver retiros da Jornada da Generosidade para crian\u00e7as e adolescentes. J.Paul e sua esposa Julie t\u00eam quatro filhos adultos e moram ao norte de Seattle, Washington.<\/p>\n<h4>\n\t\t\tCharn\u00e9 van der Merwe\t<\/h4>\n<h5>\n\t\t\tEstrat\u00e9gia Criativa\t<\/h5>\n\t<p>Com uma paix\u00e3o profunda por causar um impacto significativo, Charn\u00e9 embarcou em uma jornada na ind\u00fastria cinematogr\u00e1fica, reconhecendo a m\u00eddia como uma plataforma poderosa e uma ferramenta para impulsionar mudan\u00e7as. Tendo seguido seus estudos em cinema e m\u00eddia no exterior, ela passou os \u00faltimos sete anos imersa em v\u00e1rias facetas da ind\u00fastria, abrangendo fun\u00e7\u00f5es de pr\u00e9-produ\u00e7\u00e3o, produ\u00e7\u00e3o e p\u00f3s-produ\u00e7\u00e3o. Recentemente, ela recebeu a oportunidade de se juntar \u00e0 Generous Generations como gerente de estrat\u00e9gia criativa. Depois de aprender sobre a miss\u00e3o e a vis\u00e3o, ela abra\u00e7ou a fun\u00e7\u00e3o com entusiasmo. Charn\u00e9 \u00e9 uma pessoa motivada, entusiasmada e apaixonada, profundamente comprometida em colaborar com outras pessoas para criar mudan\u00e7as positivas, sejam elas grandes ou pequenas.<\/p>\n<figure itemscope itemtype=\"https:\/\/schema.org\/ImageObject\">\n\t\t\t\t<img decoding=\"async\" src=\"https:\/\/generousgenerations.org\/wp-content\/uploads\/2025\/01\/Charne-van-der-Merwe-586.png\" alt=\"Charne\u0301 van der Merwe 586\" height=\"586\" width=\"500\" title=\"Charn\u00e9 van der Merwe 586\" onerror=\"this.style.display='none'\" loading=\"lazy\" \/>\n\t<\/figure>\n<figure itemscope itemtype=\"https:\/\/schema.org\/ImageObject\">\n\t\t\t\t<img decoding=\"async\" src=\"https:\/\/generousgenerations.org\/wp-content\/uploads\/2025\/08\/Danica-van-der-Merwe.png\" alt=\"Danica van der Merwe\" height=\"586\" width=\"500\" title=\"Danica van der Merwe\" onerror=\"this.style.display='none'\" loading=\"lazy\" \/>\n\t<\/figure>\n<h4>\n\t\t\tDanica van der Merwe\t<\/h4>\n<h5>\n\t\t\tAnalista de Impacto e L\u00edder de Design\t<\/h5>\n\t<p>Motivada por um profundo comprometimento com o Reino de Deus, Danica \u00e9 apaixonada por viver cada dia com prop\u00f3sito, buscando fazer uma diferen\u00e7a significativa e agregar valor \u00e0s pessoas ao seu redor.<\/p>\n<p>Com forma\u00e7\u00e3o em design e paix\u00e3o pela criatividade, ela desempenha um papel fundamental na concretiza\u00e7\u00e3o da vis\u00e3o da Generous Generations. Sua experi\u00eancia abrange trabalho com crian\u00e7as, ensino de arte e servi\u00e7o mission\u00e1rio, o que a capacita com um cora\u00e7\u00e3o voltado para as pessoas e uma abordagem de lideran\u00e7a pr\u00e1tica e servidora. Colaborativa por natureza, Danica prospera em ambientes de equipe e traz dedica\u00e7\u00e3o e inspira\u00e7\u00e3o para cada projeto que realiza.<\/p>\n<h4>\n\t\t\tRayno Diedericks\t<\/h4>\n<h5>\n\t\t\tOpera\u00e7\u00f5es e Tradu\u00e7\u00f5es\t<\/h5>\n\t<p>Ap\u00f3s anos aprimorando suas habilidades na ind\u00fastria de constru\u00e7\u00e3o civil, Rayno agora ajuda a construir processos operacionais para o Reino! Ele foi convidado a se juntar ao movimento de generosidade adulta como seu Coordenador de Anfitri\u00f5es Locais na \u00c1frica, servindo a regi\u00e3o fielmente antes de perseguir sua paix\u00e3o por ajudar crian\u00e7as e jovens a descobrir a alegria de viver generosamente. Com um olhar atento aos detalhes e forte pensamento estrat\u00e9gico, ele desempenha um papel crucial na equipe da Generous Generations. Rayno supervisiona os processos de Opera\u00e7\u00f5es e Tradu\u00e7\u00f5es na Generous Generations e trabalha em estreita colabora\u00e7\u00e3o com nossos Multiplicadores para garantir a implementa\u00e7\u00e3o eficaz de nossas iniciativas.<\/p>\n<figure itemscope itemtype=\"https:\/\/schema.org\/ImageObject\">\n\t\t\t\t<img decoding=\"async\" src=\"https:\/\/generousgenerations.org\/wp-content\/uploads\/2025\/05\/rayno-500.png\" alt=\"rayno 500\" height=\"586\" width=\"500\" title=\"rayno 500\" onerror=\"this.style.display='none'\" loading=\"lazy\" \/>\n\t<\/figure>\n<h3>\n\t\t\tVolunt\u00e1rios de Tradu\u00e7\u00e3o\t<\/h3>\n\t<p>Nos bastidores, tamb\u00e9m temos tradutores volunt\u00e1rios fi\u00e9is que oferecem seu tempo abnegadamente para ajudar a coordenar os esfor\u00e7os de tradu\u00e7\u00e3o de nossos recursos para mais de 25 idiomas. Essa fun\u00e7\u00e3o \u00e9 essencial, pois nos esfor\u00e7amos para garantir que nossos recursos estejam dispon\u00edveis no maior n\u00famero poss\u00edvel de idiomas.<\/p>\n<p>Juntos, cada pessoa que doa seu tempo para Generous Generations forma a espinha dorsal do nosso movimento, impulsionando lideran\u00e7a, arrecada\u00e7\u00e3o de fundos, cria\u00e7\u00e3o de conte\u00fado, tradu\u00e7\u00f5es, treinamento, coaching e expans\u00e3o global. A sua dedica\u00e7\u00e3o n\u00e3o \u00e9 apenas inspiradora \u2014 \u00e9 a for\u00e7a motriz por detr\u00e1s deste movimento para capacitar gera\u00e7\u00f5es com o poder transformador da generosidade do Reino.<\/p>\n<h3>\n\t\t\tVolunt\u00e1rios Globais\t<\/h3>\n\t<p>Alguns dos nossos apoiadores volunt\u00e1rios de lugares como: Egito, EUA, Paquist\u00e3o, \u00cdndia, Austr\u00e1lia, Brasil, S\u00edria, Z\u00e2mbia, Burundi, Nig\u00e9ria, Eti\u00f3pia e muito mais!<\/p>\n<figure data-animation-delay=\"0\" data-animation-duration=\"2\" itemscope itemtype=\"https:\/\/schema.org\/ImageObject\">\n\t\t\t\t<img decoding=\"async\" src=\"https:\/\/generousgenerations.org\/wp-content\/uploads\/2024\/05\/gg-brazil.png\" alt=\"gg brazil\" height=\"563\" width=\"590\" title=\"gg brasil\" onerror=\"this.style.display='none'\" loading=\"lazy\" \/>\n\t<\/figure>\n<figure data-animation-delay=\"0\" data-animation-duration=\"2\" itemscope itemtype=\"https:\/\/schema.org\/ImageObject\">\n\t\t\t\t<img decoding=\"async\" src=\"https:\/\/generousgenerations.org\/wp-content\/uploads\/2024\/05\/gg-ethiopia.png\" alt=\"gg ethiopia\" height=\"563\" width=\"590\" title=\"g eti\u00f3pia\" onerror=\"this.style.display='none'\" loading=\"lazy\" \/>\n\t<\/figure>","protected":false},"excerpt":{"rendered":"<p>Generous Generations is part of the Global Children&#8217;s Forum (GCF) partnering network and the Global Sports Movement, ReadySetGo. Through these valued partnerships, we work tirelessly to spread the message of Biblical generosity to children, youth, and young adults worldwide. &#8220;You should remember the words of the Lord Jesus: &#8216;It is more blessed to give than &#8230; <a title=\"Sobre (novo)\" class=\"read-more\" href=\"https:\/\/generousgenerations.org\/pt\/about-new\/\" aria-label=\"Read more about About (new)\">Leia mais<\/a><\/p>","protected":false},"author":1,"featured_media":0,"parent":0,"menu_order":0,"comment_status":"closed","ping_status":"closed","template":"","meta":{"_acf_changed":false,"give_campaign_id":0,"_seopress_robots_primary_cat":"","_seopress_titles_title":"","_seopress_titles_desc":"","_seopress_robots_index":"","footnotes":""},"class_list":["post-2449","page","type-page","status-publish"],"acf":[],"campaignId":"","_links":{"self":[{"href":"https:\/\/generousgenerations.org\/pt\/wp-json\/wp\/v2\/pages\/2449","targetHints":{"allow":["GET"]}}],"collection":[{"href":"https:\/\/generousgenerations.org\/pt\/wp-json\/wp\/v2\/pages"}],"about":[{"href":"https:\/\/generousgenerations.org\/pt\/wp-json\/wp\/v2\/types\/page"}],"author":[{"embeddable":true,"href":"https:\/\/generousgenerations.org\/pt\/wp-json\/wp\/v2\/users\/1"}],"replies":[{"embeddable":true,"href":"https:\/\/generousgenerations.org\/pt\/wp-json\/wp\/v2\/comments?post=2449"}],"version-history":[{"count":2,"href":"https:\/\/generousgenerations.org\/pt\/wp-json\/wp\/v2\/pages\/2449\/revisions"}],"predecessor-version":[{"id":2452,"href":"https:\/\/generousgenerations.org\/pt\/wp-json\/wp\/v2\/pages\/2449\/revisions\/2452"}],"wp:attachment":[{"href":"https:\/\/generousgenerations.org\/pt\/wp-json\/wp\/v2\/media?parent=2449"}],"curies":[{"name":"wp","href":"https:\/\/api.w.org\/{rel}","templated":true}]}}