{"id":2457,"date":"2026-04-07T17:26:39","date_gmt":"2026-04-07T17:26:39","guid":{"rendered":"https:\/\/generousgenerations.org\/?page_id=2457"},"modified":"2026-04-09T14:13:28","modified_gmt":"2026-04-09T14:13:28","slug":"get-involved-new","status":"publish","type":"page","link":"https:\/\/generousgenerations.org\/pt\/get-involved-new\/","title":{"rendered":"Get Involved (new)"},"content":{"rendered":"<h1>\n\t\t\tEnvolver-se\t<\/h1>\n\t\t\t\t\t\t<img decoding=\"async\" src=\"https:\/\/generousgenerations.org\/wp-content\/uploads\/2024\/03\/GG-Brand-Mark-Blue-400-trimmed-64.png\" alt=\"GG Brand Mark Blue 400 trimmed 64\" \/>\n\t<p>If you want children and youth to grow up with a Kingdom view of money, time, and talent, it won&#8217;t happen by accident &#8211; it takes discipleship.<\/p>\n<p>A maneira mais simples de se envolver \u00e9 se tornar um Multiplicador Gen-G: use nossos recursos prontos para uso para conduzir Experi\u00eancias de Discipulado da Generosidade (EDGs) e aprenda como capacitar outros a fazer o mesmo. Igrejas e minist\u00e9rios tamb\u00e9m podem se associar \u00e0 Gen-G para ajudar a incorporar o discipulado da generosidade em larga escala.<\/p>\n<p>We&#8217;re always looking for volunteers too &#8211; especially for translations.<\/p>\n<p>Pronto para come\u00e7ar? <a href=\"https:\/\/generousgenerations.org\/pt\/contact\/\">Contate-nos<\/a> and we&#8217;ll help you take your next step.<\/p>\n\t<em>\u201cOs ganhos do homem bom promovem a causa da retid\u00e3o\u2026\u201d<br \/>\n<\/em>Prov\u00e9rbios 10:16\n<h1>\n\t\t\tComo participar\t<\/h1>\n\t\t\t\t\t\t<img decoding=\"async\" src=\"https:\/\/generousgenerations.org\/wp-content\/uploads\/2024\/03\/GG-Brand-Mark-Blue-400-trimmed-64.png\" alt=\"GG Brand Mark Blue 400 trimmed 64\" \/>\n\t<p>Correct link needed for this video &#8211; placeholder only below.<\/p>\n\t<iframe allowfullscreen allow=\"autoplay\" data-src=\"https:\/\/www.youtube.com\/embed\/A7ZkZazfvao?feature=oembed&amp;start&amp;end&amp;wmode=opaque&amp;loop=0&amp;controls=1&amp;mute=0&amp;rel=0&amp;modestbranding=0\"><\/iframe>\t\t\n\t\t\t\t\tPlay Video\n<figure itemscope itemtype=\"https:\/\/schema.org\/ImageObject\">\n\t\t\t\t<img decoding=\"async\" src=\"https:\/\/generousgenerations.org\/wp-content\/uploads\/2024\/05\/get-involved-1.jpg\" alt=\"get involved 1\" height=\"900\" width=\"900\" title=\"envolva-se 1\" onerror=\"this.style.display='none'\" loading=\"lazy\" \/>\n\t<\/figure>\n<h1>\n\t\t\tTorne-se um multiplicador\t<\/h1>\n\t\t\t\t\t\t<img decoding=\"async\" src=\"https:\/\/generousgenerations.org\/wp-content\/uploads\/2024\/03\/GG-Brand-Mark-Blue-400-trimmed-64.png\" alt=\"GG Brand Mark Blue 400 trimmed 64\" \/>\n\t<h4><strong>Pense em Reino, n\u00e3o em Imp\u00e9rio.<\/strong><\/h4>\n<p>Multipliers are Kingdom-minded leaders who inspire others to live generously &#8211; starting in their homes, churches, and communities. They don&#8217;t build platforms. They build people.<\/p>\n<h4><strong>O que fazem os multiplicadores<\/strong><\/h4>\n<ul>\n<li>Viva a vis\u00e3o de Generous Generations<\/li>\n<li>Capacitar outros para liderar a Experi\u00eancia de Discipulado da Generosidade<\/li>\n<li>Capacitar os jovens para que cres\u00e7am como l\u00edderes do Reino.<\/li>\n<li>Multiplique a generosidade onde quer que eles estejam.<\/li>\n<\/ul>\n<h4><strong>Quem pode ser um multiplicador?<\/strong><\/h4>\n<p>Pais. Pastores. Professores. Adolescentes. Treinadores. Qualquer pessoa disposta a crescer e liderar com prop\u00f3sito. N\u00e3o \u00e9 necess\u00e1rio ter um t\u00edtulo espec\u00edfico.<\/p>\n<h4><strong>Treine os jovens para que tamb\u00e9m se multipliquem.<\/strong><\/h4>\n<p>We&#8217;re raising up a generation of young leaders who don&#8217;t wait for permission to lead &#8211; and we want you to help them get there.<\/p>\n<h4><strong>Equipamentos que se adaptam a voc\u00ea<\/strong><\/h4>\n<p>Our video-based training is free, flexible, and designed for real-life leaders. Just bring your yes &#8211; we&#8217;ll walk with you from there.<\/p>\n\t<a href=\"https:\/\/generousgenerations.org\/pt\/resources\/multiplier-training\/\" target=\"_self\" role=\"button\" aria-label=\"Multiplicador Inicial Equipando\">\n\t\t\t\t\t\tMultiplicador Inicial Equipando\n\t\t\t\t\t<\/a>\n<h1>\n\t\t\tParceiro\t<\/h1>\n\t\t\t\t\t\t<img decoding=\"async\" src=\"https:\/\/generousgenerations.org\/wp-content\/uploads\/2024\/03\/GG-Brand-Mark-Blue-400-trimmed-64.png\" alt=\"GG Brand Mark Blue 400 trimmed 64\" \/>\n\t<p>A Generous Generations estabelece parcerias com redes como o Global Children&#039;s Forum (GCF) e o ReadySetGo para levar o discipulado b\u00edblico da generosidade mais longe e mais r\u00e1pido. Essas parcerias de confian\u00e7a nos ajudam a capacitar l\u00edderes locais e alcan\u00e7ar mais crian\u00e7as e jovens em comunidades reais \u2014 para que o impacto se multiplique muito al\u00e9m do que poder\u00edamos fazer sozinhos.<\/p>\n<h4>\n\t\t\tAlguns de nossos atuais parceiros\t<\/h4>\n<figure itemscope itemtype=\"https:\/\/schema.org\/ImageObject\">\n\t\t\t\t<img decoding=\"async\" src=\"https:\/\/generousgenerations.org\/wp-content\/uploads\/2024\/07\/GCF-t.png\" alt=\"GCF t\" height=\"500\" width=\"500\" title=\"GCF t\" onerror=\"this.style.display='none'\" loading=\"lazy\" \/>\n\t<\/figure>\n<figure itemscope itemtype=\"https:\/\/schema.org\/ImageObject\">\n\t\t\t\t<img decoding=\"async\" src=\"https:\/\/generousgenerations.org\/wp-content\/uploads\/2024\/07\/faithnet-t.png\" alt=\"faithnet t\" height=\"500\" width=\"500\" title=\"f\u00e9net t\" onerror=\"this.style.display='none'\" loading=\"lazy\" \/>\n\t<\/figure>\n<figure itemscope itemtype=\"https:\/\/schema.org\/ImageObject\">\n\t\t\t\t<img decoding=\"async\" src=\"https:\/\/generousgenerations.org\/wp-content\/uploads\/2024\/07\/suk-t.png\" alt=\"suk t\" height=\"500\" width=\"500\" title=\"suk t\" onerror=\"this.style.display='none'\" loading=\"lazy\" \/>\n\t<\/figure>\n<figure itemscope itemtype=\"https:\/\/schema.org\/ImageObject\">\n\t\t\t\t<img decoding=\"async\" src=\"https:\/\/generousgenerations.org\/wp-content\/uploads\/2024\/07\/rsg-t.png\" alt=\"rsg t\" height=\"500\" width=\"500\" title=\"rsg\" onerror=\"this.style.display='none'\" loading=\"lazy\" \/>\n\t<\/figure>\n<figure itemscope itemtype=\"https:\/\/schema.org\/ImageObject\">\n\t\t\t\t<img decoding=\"async\" src=\"https:\/\/generousgenerations.org\/wp-content\/uploads\/2024\/07\/logosdor-t.png\" alt=\"logosdor t\" height=\"500\" width=\"500\" title=\"logosdor t\" onerror=\"this.style.display='none'\" loading=\"lazy\" \/>\n\t<\/figure>\n<figure itemscope itemtype=\"https:\/\/schema.org\/ImageObject\">\n\t\t\t\t<img decoding=\"async\" src=\"https:\/\/generousgenerations.org\/wp-content\/uploads\/2024\/07\/goplay-t.png\" alt=\"goplay t\" height=\"500\" width=\"500\" title=\"goplay t\" onerror=\"this.style.display='none'\" loading=\"lazy\" \/>\n\t<\/figure>\n<figure itemscope itemtype=\"https:\/\/schema.org\/ImageObject\">\n\t\t\t\t<img decoding=\"async\" src=\"https:\/\/generousgenerations.org\/wp-content\/uploads\/2024\/07\/rag-t.png\" alt=\"rag t\" height=\"500\" width=\"500\" title=\"pano\" onerror=\"this.style.display='none'\" loading=\"lazy\" \/>\n\t<\/figure>\n<figure itemscope itemtype=\"https:\/\/schema.org\/ImageObject\">\n\t\t\t\t<img decoding=\"async\" src=\"https:\/\/generousgenerations.org\/wp-content\/uploads\/2024\/07\/gen-church-t.png\" alt=\"gen church t\" height=\"500\" width=\"500\" title=\"gen igreja t\" onerror=\"this.style.display='none'\" loading=\"lazy\" \/>\n\t<\/figure>\n<h4>\n\t\t\tTipos de parcerias\t<\/h4>\n\t<p>H\u00e1 muitas maneiras de fazer parceria com a Generous Generations, cada uma beneficiando tanto nossos parceiros quanto nossa miss\u00e3o. Nossos recursos s\u00e3o usados por igrejas, l\u00edderes ministeriais ou organizacionais, pais, l\u00edderes de jovens e muitos mais. Voc\u00ea pode aderir ao movimento de uma das seguintes maneiras:<\/p>\n<ul>\n<li><strong>Embaixador<\/strong>: Algu\u00e9m que ama a vis\u00e3o Generous Generations e deseja compartilh\u00e1-la com crian\u00e7as, jovens e jovens adultos em sua comunidade ou pa\u00eds. Oferecemos treinamento cont\u00ednuo \u00e0 medida que produzimos continuamente novos conte\u00fados e recursos.<\/li>\n<li><strong>Organiza\u00e7\u00e3o Parceira<\/strong>: Uma organiza\u00e7\u00e3o que deseja fazer parceria com Generous Generations para implementar ou integrar nossos recursos em sua comunidade ou pa\u00eds. Oferecemos treinamento cont\u00ednuo para apoiar o uso de nossos conte\u00fados e recursos mais recentes.<\/li>\n<li><strong>Parceria Financeira<\/strong>: Se a vis\u00e3o de cultivar os doadores do Reino de amanh\u00e3 ressoa em voc\u00ea, considere fazer uma parceria financeira conosco. Seu apoio impactar\u00e1 diretamente nossa miss\u00e3o e nos ajudar\u00e1 a expandir nosso alcance. Junte-se a n\u00f3s nesta jornada transformadora visitando nosso <a href=\"https:\/\/generousgenerations.org\/pt\/donate\/\">P\u00e1gina de doa\u00e7\u00f5es<\/a> Para maiores informa\u00e7\u00f5es. Sua parceria financeira pode fazer uma diferen\u00e7a significativa. Juntos, podemos inspirar e equipar a pr\u00f3xima gera\u00e7\u00e3o para viver generosamente.<\/li>\n<\/ul>\n\t<a href=\"https:\/\/generousgenerations.org\/pt\/contact\/\" target=\"_self\" role=\"button\" aria-label=\"ENTRE EM CONTATO SOBRE PARCERIA\">\n\t\t\t\t\t\tENTRE EM CONTATO SOBRE PARCERIA\n\t\t\t\t\t<\/a>\n<figure itemscope itemtype=\"https:\/\/schema.org\/ImageObject\">\n\t\t\t\t<img decoding=\"async\" src=\"https:\/\/generousgenerations.org\/wp-content\/uploads\/2024\/05\/get-involved-4.jpg\" alt=\"Earth against happy friends in the park lying in circle\" height=\"900\" width=\"900\" title=\"Terra contra amigos felizes no parque deitado em c\u00edrculo\" onerror=\"this.style.display='none'\" loading=\"lazy\" \/>\n\t<\/figure>\n<h1>\n\t\t\tVolunt\u00e1rio\t<\/h1>\n\t\t\t\t\t\t<img decoding=\"async\" src=\"https:\/\/generousgenerations.org\/wp-content\/uploads\/2024\/03\/GG-Brand-Mark-Blue-400-trimmed-64.png\" alt=\"GG Brand Mark Blue 400 trimmed 64\" \/>\n\t<p>Conte\u00fado a ser inserido aqui.<\/p>\n<figure itemscope itemtype=\"https:\/\/schema.org\/ImageObject\">\n\t\t\t\t<img decoding=\"async\" src=\"https:\/\/generousgenerations.org\/wp-content\/plugins\/bb-plugin\/img\/pixel.png\" alt=\"\" onerror=\"this.style.display='none'\" loading=\"lazy\" \/>\n\t<\/figure>\n<figure itemscope itemtype=\"https:\/\/schema.org\/ImageObject\">\n\t\t\t\t<img decoding=\"async\" src=\"https:\/\/generousgenerations.org\/wp-content\/uploads\/2024\/05\/get-involved-2.jpg\" alt=\"Earth planet in human hands. Elements of this image are furnished by NASA\" height=\"900\" width=\"900\" title=\"Nosso planeta precisa de cuidado e amor. M\u00eddia mista\" onerror=\"this.style.display='none'\" loading=\"lazy\" \/>\n\t<\/figure>\n<h1>\n\t\t\tRezar\t<\/h1>\n\t\t\t\t\t\t<img decoding=\"async\" src=\"https:\/\/generousgenerations.org\/wp-content\/uploads\/2024\/03\/GG-Brand-Mark-Blue-400-trimmed-64.png\" alt=\"GG Brand Mark Blue 400 trimmed 64\" \/>\n\t<p>Reze conosco pelo trabalho de Gera\u00e7\u00f5es Generosas. Discipular diversas gera\u00e7\u00f5es para compreender e viver vidas generosas come\u00e7a com uma mudan\u00e7a de <strong>mente<\/strong>, leva a uma mudan\u00e7a de <strong>cora\u00e7\u00e3o<\/strong>, e resulta em <strong>m\u00e3os<\/strong> isso d\u00e1. Este estilo de vida desafia diretamente a narrativa consumista e reconhecemos que esta mensagem mudar\u00e1 profundamente os cora\u00e7\u00f5es, as fam\u00edlias e as culturas.<\/p>\n<p>Assine nossa newsletter abaixo para ficar conectado.<\/p>\n\t<form action=\"https:\/\/generousgenerations.org\/pt\/wp-json\/ws-form\/v1\/submit\" class=\"wsf-form wsf-form-canvas\" id=\"ws-form-1\" data-id=\"1\" method=\"POST\" data-instance-id=\"1\" data-wsf-style-id=\"1\" data-trp-original-action=\"https:\/\/generousgenerations.org\/pt\/wp-json\/ws-form\/v1\/submit\"><input type=\"hidden\" name=\"trp-form-language\" value=\"pt\"\/><\/form>","protected":false},"excerpt":{"rendered":"<p>Get involved If you want children and youth to grow up with a Kingdom view of money, time, and talent, it won&#8217;t happen by accident &#8211; it takes discipleship. The simplest way to get involved is to become a Gen-G Multiplier: use our ready-to-lead resources to run Generosity Discipleship Experiences (GDEs), and learn how to &#8230; <a title=\"Get Involved (new)\" class=\"read-more\" href=\"https:\/\/generousgenerations.org\/pt\/get-involved-new\/\" aria-label=\"Read more about Get Involved (new)\">Leia mais<\/a><\/p>","protected":false},"author":1,"featured_media":0,"parent":0,"menu_order":0,"comment_status":"closed","ping_status":"closed","template":"","meta":{"_acf_changed":false,"give_campaign_id":0,"_seopress_robots_primary_cat":"","_seopress_titles_title":"","_seopress_titles_desc":"","_seopress_robots_index":"","footnotes":""},"class_list":["post-2457","page","type-page","status-publish"],"acf":[],"campaignId":"","_links":{"self":[{"href":"https:\/\/generousgenerations.org\/pt\/wp-json\/wp\/v2\/pages\/2457","targetHints":{"allow":["GET"]}}],"collection":[{"href":"https:\/\/generousgenerations.org\/pt\/wp-json\/wp\/v2\/pages"}],"about":[{"href":"https:\/\/generousgenerations.org\/pt\/wp-json\/wp\/v2\/types\/page"}],"author":[{"embeddable":true,"href":"https:\/\/generousgenerations.org\/pt\/wp-json\/wp\/v2\/users\/1"}],"replies":[{"embeddable":true,"href":"https:\/\/generousgenerations.org\/pt\/wp-json\/wp\/v2\/comments?post=2457"}],"version-history":[{"count":4,"href":"https:\/\/generousgenerations.org\/pt\/wp-json\/wp\/v2\/pages\/2457\/revisions"}],"predecessor-version":[{"id":2477,"href":"https:\/\/generousgenerations.org\/pt\/wp-json\/wp\/v2\/pages\/2457\/revisions\/2477"}],"wp:attachment":[{"href":"https:\/\/generousgenerations.org\/pt\/wp-json\/wp\/v2\/media?parent=2457"}],"curies":[{"name":"wp","href":"https:\/\/api.w.org\/{rel}","templated":true}]}}