{"id":581,"date":"2024-04-26T12:36:33","date_gmt":"2024-04-26T12:36:33","guid":{"rendered":"https:\/\/gg.perfectlydigital.dev\/?page_id=581"},"modified":"2024-05-27T12:29:04","modified_gmt":"2024-05-27T12:29:04","slug":"privacy","status":"publish","type":"page","link":"https:\/\/generousgenerations.org\/pt\/privacy\/","title":{"rendered":"Privacidade"},"content":{"rendered":"<h1>\n\t\tPrivacidade\n\t<\/h1>\n\t\t\t\t\t\t<img decoding=\"async\" src=\"https:\/\/generousgenerations.org\/wp-content\/uploads\/2024\/03\/GG-Brand-Mark-Blue-400-trimmed-64.png\" alt=\"GG Brand Mark Blue 400 trimmed 64\" \/>\n\t<p>A privacidade \u00e9 importante, mas pode ser confusa. Esta p\u00e1gina explica nossa abordagem \u00e0 privacidade e como ela afeta voc\u00ea.<\/p>\n<h4>Vers\u00e3o curta<\/h4>\n<p>Coletamos estat\u00edsticas an\u00f4nimas sobre sua visita, como quais p\u00e1ginas voc\u00ea visualizou.<\/p>\n<p>Alguns terceiros, como o Facebook, podem saber que voc\u00ea visitou este site, se voc\u00ea usar os servi\u00e7os deles. N\u00e3o podemos control\u00e1-los, mas n\u00e3o acreditamos que esse conhecimento represente qualquer amea\u00e7a a voc\u00ea.<\/p>\n<p>Se voc\u00ea se inscrever conosco, tomaremos muito cuidado para manter suas informa\u00e7\u00f5es seguras e nunca as compartilharemos com outras pessoas sem sua permiss\u00e3o expressa.<\/p>\n<p>Nunca compartilhamos seus dados com terceiros, exceto para nos ajudar a fornecer nossos pr\u00f3prios servi\u00e7os.<\/p>\n<p>Estes s\u00e3o apenas os pontos-chave. Se precisar de mais detalhes, continue lendo.<\/p>\n<h4>Medindo nossos visitantes<\/h4>\n<p>Medimos os visitantes do nosso site usando o Google Analytics. Isso registra quais p\u00e1ginas voc\u00ea visualiza em nosso site, como voc\u00ea chegou ao nosso site e algumas informa\u00e7\u00f5es b\u00e1sicas sobre seu computador. Todas essas informa\u00e7\u00f5es s\u00e3o an\u00f4nimas \u2013 por isso n\u00e3o sabemos quem voc\u00ea \u00e9; apenas que algu\u00e9m visitou nosso site.<\/p>\n<p>As informa\u00e7\u00f5es que coletamos das an\u00e1lises nos ajudam a entender quais partes dos nossos sites est\u00e3o indo bem, como as pessoas chegam ao nosso site e assim por diante. Como a maioria dos sites, usamos essas informa\u00e7\u00f5es para melhorar o nosso site.<\/p>\n<p>Voc\u00ea pode <a href=\"https:\/\/support.google.com\/analytics\/answer\/6004245\" target=\"_blank\" rel=\"noopener\">saiba mais sobre o Google Analytics aqui<\/a>.<\/p>\n<h4>Conte\u00fado incorporado de outros sites<\/h4>\n<p>O conte\u00fado deste site pode incluir conte\u00fado incorporado (por exemplo, v\u00eddeos, imagens, artigos, etc.). O conte\u00fado incorporado de outros sites se comporta exatamente da mesma maneira como se o visitante tivesse visitado o site de origem.<\/p>\n<p>Esses sites podem coletar dados sobre voc\u00ea, usar cookies, incorporar rastreamento adicional de terceiros e monitorar sua intera\u00e7\u00e3o com esse conte\u00fado incorporado, incluindo rastrear sua intera\u00e7\u00e3o com o conte\u00fado incorporado se voc\u00ea tiver uma conta e estiver conectado a esse site.<\/p>\n<h4>An\u00fancios e links patrocinados<\/h4>\n<p>Este site n\u00e3o cont\u00e9m links patrocinados ou an\u00fancios.<\/p>\n<h4>Downloads e arquivos de m\u00eddia<\/h4>\n<p>Quaisquer documentos, arquivos ou m\u00eddia para download disponibilizados neste site s\u00e3o fornecidos a voc\u00ea por sua pr\u00f3pria conta e risco. Embora todas as precau\u00e7\u00f5es tenham sido tomadas para garantir que apenas downloads genu\u00ednos estejam dispon\u00edveis, recomendamos que voc\u00ea verifique sua autenticidade usando software antiv\u00edrus de terceiros ou aplicativos semelhantes.<\/p>\n<p>N\u00e3o assumimos qualquer responsabilidade por downloads de terceiros e downloads fornecidos por sites externos de terceiros. Aconselhamos voc\u00ea a verificar sua autenticidade usando software antiv\u00edrus de terceiros ou aplicativos semelhantes.<\/p>\n<h4>Se voc\u00ea se inscrever em um servi\u00e7o<\/h4>\n<p>Quando voc\u00ea se inscreve em qualquer um de nossos servi\u00e7os (por exemplo, inscrevendo-se na lista de e-mails), registraremos informa\u00e7\u00f5es pessoais espec\u00edficas sobre voc\u00ea, como seu nome e endere\u00e7o de e-mail.<\/p>\n<h4>E-mails<\/h4>\n<p>Poderemos enviar-lhe notifica\u00e7\u00f5es por e-mail que voc\u00ea solicitou especificamente (como boletins informativos ou notifica\u00e7\u00f5es). Voc\u00ea tem a possibilidade de cancelar qualquer uma dessas comunica\u00e7\u00f5es a qualquer momento.<\/p>\n<p>Nunca forneceremos suas informa\u00e7\u00f5es pessoais ou endere\u00e7o de e-mail a terceiros, exceto quando eles forem especificamente empregados para ajudar a fornecer nossos pr\u00f3prios servi\u00e7os, conforme detalhado acima.<\/p>\n<h4>Seguran\u00e7a<\/h4>\n<p>Tomamos muitas precau\u00e7\u00f5es para evitar a perda, uso indevido ou altera\u00e7\u00e3o de suas informa\u00e7\u00f5es pessoais. Essas precau\u00e7\u00f5es incluem:<\/p>\n<ul>\n<li>Uso de criptografia SSL para todo o conte\u00fado da p\u00e1gina e quaisquer dados coletados<\/li>\n<li>Hardware armazenado em datacenters seguros atr\u00e1s de firewalls<\/li>\n<li>Todo o acesso \u00e0s informa\u00e7\u00f5es \u00e9 restrito por senha e\/ou chave segura<\/li>\n<li>Restri\u00e7\u00f5es sobre quais informa\u00e7\u00f5es podem ser acessadas em qualquer local<\/li>\n<\/ul>\n<p>Embora tomemos muito cuidado para garantir que qualquer informa\u00e7\u00e3o confidencial permane\u00e7a protegida, n\u00e3o podemos garantir a seguran\u00e7a dos dados enviados pela Internet.<\/p>\n<h4>Atualiza\u00e7\u00f5es nesta pol\u00edtica<\/h4>\n<p>Poderemos atualizar esta pol\u00edtica de privacidade de tempos em tempos, especialmente \u00e0 medida que a tecnologia muda. Voc\u00ea sempre pode verificar esta p\u00e1gina para obter a vers\u00e3o mais recente. Tamb\u00e9m poderemos notific\u00e1-lo sobre altera\u00e7\u00f5es em nossa pol\u00edtica de privacidade por e-mail.<\/p>","protected":false},"excerpt":{"rendered":"<p>A privacidade \u00e9 importante, mas pode ser confusa. Esta p\u00e1gina explica nossa abordagem \u00e0 privacidade e como ela afeta voc\u00ea.<\/p>","protected":false},"author":1,"featured_media":0,"parent":0,"menu_order":0,"comment_status":"closed","ping_status":"closed","template":"","meta":{"_acf_changed":false,"give_campaign_id":0,"_seopress_robots_primary_cat":"","_seopress_titles_title":"Privacy | Generous Generations","_seopress_titles_desc":"Privacy matters, but it can be confusing. This page explains our approach to privacy and how it affects you.","_seopress_robots_index":"","footnotes":""},"class_list":["post-581","page","type-page","status-publish"],"acf":[],"campaignId":"","_links":{"self":[{"href":"https:\/\/generousgenerations.org\/pt\/wp-json\/wp\/v2\/pages\/581","targetHints":{"allow":["GET"]}}],"collection":[{"href":"https:\/\/generousgenerations.org\/pt\/wp-json\/wp\/v2\/pages"}],"about":[{"href":"https:\/\/generousgenerations.org\/pt\/wp-json\/wp\/v2\/types\/page"}],"author":[{"embeddable":true,"href":"https:\/\/generousgenerations.org\/pt\/wp-json\/wp\/v2\/users\/1"}],"replies":[{"embeddable":true,"href":"https:\/\/generousgenerations.org\/pt\/wp-json\/wp\/v2\/comments?post=581"}],"version-history":[{"count":0,"href":"https:\/\/generousgenerations.org\/pt\/wp-json\/wp\/v2\/pages\/581\/revisions"}],"wp:attachment":[{"href":"https:\/\/generousgenerations.org\/pt\/wp-json\/wp\/v2\/media?parent=581"}],"curies":[{"name":"wp","href":"https:\/\/api.w.org\/{rel}","templated":true}]}}