{"id":583,"date":"2024-04-26T12:36:52","date_gmt":"2024-04-26T12:36:52","guid":{"rendered":"https:\/\/gg.perfectlydigital.dev\/?page_id=583"},"modified":"2024-05-27T12:31:09","modified_gmt":"2024-05-27T12:31:09","slug":"terms-and-conditions","status":"publish","type":"page","link":"https:\/\/generousgenerations.org\/pt\/terms-and-conditions\/","title":{"rendered":"Termos e Condi\u00e7\u00f5es"},"content":{"rendered":"<h1>\n\t\tTermos e Condi\u00e7\u00f5es\n\t<\/h1>\n\t\t\t\t\t\t<img decoding=\"async\" src=\"https:\/\/generousgenerations.org\/wp-content\/uploads\/2024\/03\/GG-Brand-Mark-Blue-400-trimmed-64.png\" alt=\"GG Brand Mark Blue 400 trimmed 64\" \/>\n\t<h4>O que h\u00e1 nesses termos?<\/h4>\n<p>Estes termos informam as regras de uso do nosso site https:\/\/generousgenerations.org (nosso site).<\/p>\n<h4>Ao utilizar nosso site voc\u00ea aceita estes termos<\/h4>\n<p>Ao utilizar nosso site, voc\u00ea confirma que aceita estes termos e que concorda em cumpri-los. Se voc\u00ea n\u00e3o concordar com estes termos, n\u00e3o dever\u00e1 usar nosso site.<\/p>\n<h4>Existem outros termos que se aplicam a voc\u00ea<\/h4>\n<p>Estes termos referem-se aos seguintes termos adicionais, que tamb\u00e9m se aplicam ao uso do nosso site:<\/p>\n<ul>\n<li>Nosso <a href=\"https:\/\/generousgenerations.org\/pt\/privacy\/\">pol\u00edtica de Privacidade<\/a> (veja mais em Como podemos usar suas informa\u00e7\u00f5es pessoais).<\/li>\n<li>Nosso <a href=\"https:\/\/generousgenerations.org\/pt\/cookies\/\">Pol\u00edtica de Cookies<\/a> (isto apresenta informa\u00e7\u00f5es sobre os cookies em nosso site).<\/li>\n<\/ul>\n<h4>Podemos fazer altera\u00e7\u00f5es nestes termos<\/h4>\n<p>Alteramos estes termos de tempos em tempos. Sempre que desejar usar nosso site, verifique estes termos para garantir que voc\u00ea entende os termos aplic\u00e1veis naquele momento.<\/p>\n<h4>Podemos fazer altera\u00e7\u00f5es em nosso site<\/h4>\n<p>Podemos atualizar e alterar nosso site de tempos em tempos.<\/p>\n<h4>Podemos suspender ou retirar nosso site<\/h4>\n<p>Nosso site \u00e9 disponibilizado gratuitamente.<\/p>\n<p>N\u00e3o garantimos que nosso site, ou qualquer conte\u00fado nele contido, estar\u00e1 sempre dispon\u00edvel. Poderemos suspender, retirar ou restringir a disponibilidade de todo ou parte do nosso site por motivos operacionais.<\/p>\n<p>Voc\u00ea tamb\u00e9m \u00e9 respons\u00e1vel por garantir que todas as pessoas que acessam nosso site atrav\u00e9s de sua conex\u00e3o com a Internet estejam cientes de todos os termos e condi\u00e7\u00f5es aplic\u00e1veis e que os cumpram.<\/p>\n<h4>N\u00e3o confie nas informa\u00e7\u00f5es deste site<\/h4>\n<p>Embora fa\u00e7amos esfor\u00e7os razo\u00e1veis para atualizar as informa\u00e7\u00f5es em nosso site, n\u00e3o fazemos representa\u00e7\u00f5es ou garantias, expressas ou impl\u00edcitas, de que o conte\u00fado de nosso site seja preciso, completo ou atualizado.<\/p>\n<h4>N\u00e3o somos respons\u00e1veis pelos sites aos quais vinculamos<\/h4>\n<p>Quando nosso site cont\u00e9m links para outros sites e recursos fornecidos por terceiros, esses links s\u00e3o fornecidos apenas para sua informa\u00e7\u00e3o. Esses links n\u00e3o devem ser interpretados como uma aprova\u00e7\u00e3o nossa desses sites vinculados ou de informa\u00e7\u00f5es que voc\u00ea possa obter deles.<\/p>\n<p>N\u00e3o temos controle sobre o conte\u00fado desses sites ou recursos.<\/p>\n<h4>Como podemos usar suas informa\u00e7\u00f5es pessoais<\/h4>\n<p>Usaremos apenas suas informa\u00e7\u00f5es pessoais conforme estabelecido em nosso <a href=\"https:\/\/generousgenerations.org\/pt\/privacy\/\">pol\u00edtica de Privacidade<\/a>.<\/p>\n<h4>N\u00e3o nos responsabilizamos por v\u00edrus e voc\u00ea n\u00e3o deve introduzi-los<\/h4>\n<p>N\u00e3o garantimos que nosso site seja seguro ou livre de bugs ou v\u00edrus.<\/p>\n<p>Voc\u00ea \u00e9 respons\u00e1vel por configurar sua tecnologia de informa\u00e7\u00e3o, programas de computador e plataforma para acessar nosso site. Voc\u00ea deve usar seu pr\u00f3prio software de prote\u00e7\u00e3o contra v\u00edrus.<\/p>\n<p>Voc\u00ea n\u00e3o deve fazer uso indevido do nosso site, introduzindo conscientemente v\u00edrus, trojans, worms, bombas l\u00f3gicas ou outros materiais maliciosos ou tecnologicamente prejudiciais. Voc\u00ea n\u00e3o deve tentar obter acesso n\u00e3o autorizado ao nosso site, ao servidor no qual nosso site est\u00e1 armazenado ou a qualquer servidor, computador ou banco de dados conectado ao nosso site. Voc\u00ea n\u00e3o deve atacar nosso site por meio de um ataque de nega\u00e7\u00e3o de servi\u00e7o ou de um ataque distribu\u00eddo de nega\u00e7\u00e3o de servi\u00e7o. Ao violar esta disposi\u00e7\u00e3o, voc\u00ea cometeria uma infra\u00e7\u00e3o criminal nos termos da Lei de Uso Indevido de Computadores de 1990. Reportaremos qualquer viola\u00e7\u00e3o \u00e0s autoridades competentes e cooperaremos com essas autoridades, revelando-lhes a sua identidade. No caso de tal viola\u00e7\u00e3o, o seu direito de usar o nosso site cessar\u00e1 imediatamente.<\/p>\n<h4>Regras sobre links para nosso site<\/h4>\n<p>Voc\u00ea pode criar um link para nossa p\u00e1gina inicial, desde que o fa\u00e7a de uma forma justa e legal e que n\u00e3o prejudique nossa reputa\u00e7\u00e3o nem tire vantagem dela.<\/p>\n<p>Voc\u00ea n\u00e3o deve estabelecer um link de forma a sugerir qualquer forma de associa\u00e7\u00e3o, aprova\u00e7\u00e3o ou endosso de nossa parte, onde n\u00e3o existe.<\/p>\n<p>Voc\u00ea n\u00e3o deve estabelecer um link para nosso site em nenhum site que n\u00e3o seja de sua propriedade.<\/p>\n<p>Nosso site n\u00e3o deve ser enquadrado em nenhum outro site, nem voc\u00ea pode criar um link para qualquer parte de nosso site que n\u00e3o seja a p\u00e1gina inicial.<\/p>\n<p>Reservamo-nos o direito de retirar a permiss\u00e3o de vincula\u00e7\u00e3o sem aviso pr\u00e9vio.<\/p>","protected":false},"excerpt":{"rendered":"<p>O que h\u00e1 nestes termos? Estes termos informam as regras para usar nosso site.<\/p>","protected":false},"author":1,"featured_media":0,"parent":0,"menu_order":0,"comment_status":"closed","ping_status":"closed","template":"","meta":{"_acf_changed":false,"give_campaign_id":0,"_seopress_robots_primary_cat":"","_seopress_titles_title":"Terms and Conditions | Generous Generations","_seopress_titles_desc":"What is in these terms? These terms tell you the rules for using our website.","_seopress_robots_index":"","footnotes":""},"class_list":["post-583","page","type-page","status-publish"],"acf":[],"campaignId":"","_links":{"self":[{"href":"https:\/\/generousgenerations.org\/pt\/wp-json\/wp\/v2\/pages\/583","targetHints":{"allow":["GET"]}}],"collection":[{"href":"https:\/\/generousgenerations.org\/pt\/wp-json\/wp\/v2\/pages"}],"about":[{"href":"https:\/\/generousgenerations.org\/pt\/wp-json\/wp\/v2\/types\/page"}],"author":[{"embeddable":true,"href":"https:\/\/generousgenerations.org\/pt\/wp-json\/wp\/v2\/users\/1"}],"replies":[{"embeddable":true,"href":"https:\/\/generousgenerations.org\/pt\/wp-json\/wp\/v2\/comments?post=583"}],"version-history":[{"count":0,"href":"https:\/\/generousgenerations.org\/pt\/wp-json\/wp\/v2\/pages\/583\/revisions"}],"wp:attachment":[{"href":"https:\/\/generousgenerations.org\/pt\/wp-json\/wp\/v2\/media?parent=583"}],"curies":[{"name":"wp","href":"https:\/\/api.w.org\/{rel}","templated":true}]}}