{"id":63,"date":"2022-11-28T16:16:45","date_gmt":"2022-11-28T16:16:45","guid":{"rendered":"https:\/\/generate.perfectlydigital.dev\/?page_id=63"},"modified":"2026-05-14T11:40:45","modified_gmt":"2026-05-14T11:40:45","slug":"home","status":"publish","type":"page","link":"https:\/\/generousgenerations.org\/pt\/","title":{"rendered":"Lar"},"content":{"rendered":"<h3>\n\t\t\tQuem somos\t<\/h3>\n\t<iframe allowfullscreen allow=\"autoplay\" data-src=\"https:\/\/www.youtube.com\/embed\/HxmvTuRuNlU?feature=oembed&amp;start&amp;end&amp;wmode=opaque&amp;loop=0&amp;controls=1&amp;mute=0&amp;rel=0&amp;modestbranding=0\"><\/iframe>\t\t\n\t\t\t\t\tPlay Video\n\t<p>As crian\u00e7as s\u00e3o as <strong>maior campo de colheita do mundo<\/strong>. They&#8217;re also often the <strong>mais receptivos ao evangelho<\/strong>.<\/p>\n<p>Acreditamos que a maior generosidade j\u00e1 concedida \u00e9 o dom da vida eterna por meio de Jesus.<\/p>\n<p><em>&#8220;For God so <strong>amado<\/strong> o mundo que Ele <strong>deu<\/strong> His only begotten Son&#8230;&#8221;<\/em> (Jo\u00e3o 3:16).<\/p>\n<p>Porque <strong>Ele deu primeiro, n\u00f3s damos.<\/strong>.<\/p>\n<h3>\n\t\t\tO que fazemos\t<\/h3>\n\t<iframe allowfullscreen allow=\"autoplay\" data-src=\"https:\/\/www.youtube.com\/embed\/PtrSoiRbFpg?feature=oembed&amp;start&amp;end&amp;wmode=opaque&amp;loop=0&amp;controls=1&amp;mute=0&amp;rel=0&amp;modestbranding=0\"><\/iframe>\t\t\n\t\t\t\t\tPlay Video\n\t<p>Criamos recursos que inspiram e mobilizam crian\u00e7as e jovens a compartilhar as Boas Novas de Jesus por meio de uma generosidade b\u00edblica radical \u2014 e os tornamos acess\u00edveis gratuitamente.<\/p>\n<p>Todos os Multiplicadores s\u00e3o treinados para dar \u00e0s crian\u00e7as a oportunidade de fazer um compromisso pessoal com Cristo em cada sess\u00e3o.<\/p>\n<p><em>&#8220;Freely you have received; freely give.&#8221;<\/em> (Mateus 10:8).<\/p>\n\t\t\t\t\t\t<img decoding=\"async\" src=\"https:\/\/generousgenerations.org\/wp-content\/uploads\/2024\/03\/GG-Brand-Mark-Blue-400-trimmed-64.png\" alt=\"GG Brand Mark Blue 400 trimmed 64\" \/>\n\t<p>Gen-G (Generous Generations) ajuda crian\u00e7as e jovens a descobrirem a alegria da generosidade b\u00edblica.<\/p>\n<p>Fazemos isso por meio de experi\u00eancias de discipulado baseadas na B\u00edblia, que s\u00e3o f\u00e1ceis de usar em igrejas, escolas e lares.<\/p>\n<p>Nosso maior desejo \u00e9 que os jovens n\u00e3o apenas aprendam sobre Deus, mas tamb\u00e9m comecem a refletir o Seu cora\u00e7\u00e3o para um mundo que sofre.<\/p>\n<p>By the age of 13, much of a child&#8217;s worldview is already formed.<\/p>\n<p>That is why we help shape generous stewardship early, before scarcity, entitlement, and a &#8220;me-first&#8221; mindset take root.<\/p>\n\t<em>&#8220;Train up a child in the way he should go, and when he is old he will not depart from it.&#8221;<\/em><br \/>\nProv\u00e9rbios 22:6 NVI\n\t<a href=\"https:\/\/generousgenerations.org\/pt\/resources\/\" target=\"_self\" role=\"button\" aria-label=\"BAIXE RECURSOS GRATUITOS\">\n\t\t\t\t\t\tBAIXE RECURSOS GRATUITOS\n\t\t\t\t\t<\/a>\n<h2>\n\t\t\tPavimente o caminho\t<\/h2>\n\t\t\t\t\t\t<img decoding=\"async\" src=\"https:\/\/generousgenerations.org\/wp-content\/uploads\/2024\/03\/GG-Brand-Mark-Blue-400-trimmed-64.png\" alt=\"GG Brand Mark Blue 400 trimmed 64\" \/>\n\t<p>Mobilize todas as gera\u00e7\u00f5es atrav\u00e9s de experi\u00eancias interativas de generosidade e prepare o caminho para uma vida inteira de generosidade. Ao nutrirmos estes valores desde tenra idade, damos \u00e0s crian\u00e7as solu\u00e7\u00f5es para o seu futuro. Ao equipar jovens e adultos, n\u00f3s os capacitamos a transmitir esses valores a outras pessoas.<\/p>\n\t<a href=\"https:\/\/generousgenerations.org\/pt\/about\/#our-strategy\" target=\"_self\" role=\"button\" aria-label=\"SAIBA MAIS SOBRE NOSSA ESTRAT\u00c9GIA\">\n\t\t\t\t\t\tSAIBA MAIS SOBRE NOSSA ESTRAT\u00c9GIA\n\t\t\t\t\t<\/a>\n<figure itemscope itemtype=\"https:\/\/schema.org\/ImageObject\">\n\t\t\t\t<img decoding=\"async\" src=\"https:\/\/generousgenerations.org\/wp-content\/uploads\/2024\/05\/home-2.jpg\" alt=\"Senior man giving sandwich to his little grandson in park\" height=\"900\" width=\"900\" title=\"\u00daltimo homem dando sandu\u00edche para seu neto no parque\" onerror=\"this.style.display='none'\" loading=\"lazy\" \/>\n\t<\/figure>\n<figure itemscope itemtype=\"https:\/\/schema.org\/ImageObject\">\n\t\t\t\t<img decoding=\"async\" src=\"https:\/\/generousgenerations.org\/wp-content\/uploads\/2024\/05\/home-3.jpg\" alt=\"Help Concept hands reaching out to help each other in dark tone\" height=\"900\" width=\"900\" title=\"Ajude as m\u00e3os do Conceito estendendo a m\u00e3o para ajudar uns aos outros em tom escuro.\" onerror=\"this.style.display='none'\" loading=\"lazy\" \/>\n\t<\/figure>\n<h2>\n\t\t\tInspirar e capacitar\t<\/h2>\n\t\t\t\t\t\t<img decoding=\"async\" src=\"https:\/\/generousgenerations.org\/wp-content\/uploads\/2024\/03\/GG-Brand-Mark-Blue-400-trimmed-64.png\" alt=\"GG Brand Mark Blue 400 trimmed 64\" \/>\n\t<p>Aprenda como voc\u00ea pode se tornar um Multiplicador de Gera\u00e7\u00f5es Generosas e ajudar a orientar os Doadores do Reino de amanh\u00e3.<\/p>\n\t<a href=\"https:\/\/generousgenerations.org\/pt\/resources\/multiplier-training\/\" target=\"_self\" role=\"button\" aria-label=\"SAIBA MAIS SOBRE O TREINAMENTO DE MULTIPLICADORES\">\n\t\t\t\t\t\tSAIBA MAIS SOBRE O TREINAMENTO DE MULTIPLICADORES\n\t\t\t\t\t<\/a>\n<h2>\n\t\t\tTransformar Cora\u00e7\u00f5es\t<\/h2>\n\t\t\t\t\t\t<img decoding=\"async\" src=\"https:\/\/generousgenerations.org\/wp-content\/uploads\/2024\/03\/GG-Brand-Mark-Blue-400-trimmed-64.png\" alt=\"GG Brand Mark Blue 400 trimmed 64\" \/>\n\t<p>Descubra como Generous Generations est\u00e1 moldando uma gera\u00e7\u00e3o de crian\u00e7as, jovens e fam\u00edlias compassivas e promovendo uma cultura de generosidade.<\/p>\n\t<a href=\"https:\/\/generousgenerations.org\/pt\/stories-of-generosity\/\" target=\"_self\" role=\"button\" aria-label=\"ASSISTA A UMA HIST\u00d3RIA DE GENEROSIDADE\">\n\t\t\t\t\t\tASSISTA A UMA HIST\u00d3RIA DE GENEROSIDADE\n\t\t\t\t\t<\/a>\n<figure itemscope itemtype=\"https:\/\/schema.org\/ImageObject\">\n\t\t\t\t<img decoding=\"async\" src=\"https:\/\/generousgenerations.org\/wp-content\/uploads\/2024\/05\/home-4.jpg\" alt=\"Donation concept - boy holding box with toys for donation, copy space, isolated\" height=\"900\" width=\"900\" title=\"Conceito de doa\u00e7\u00e3o - menino segurando caixa com brinquedos para doa\u00e7\u00e3o\" onerror=\"this.style.display='none'\" loading=\"lazy\" \/>\n\t<\/figure>\n<figure itemscope itemtype=\"https:\/\/schema.org\/ImageObject\">\n\t\t\t\t<img decoding=\"async\" src=\"https:\/\/generousgenerations.org\/wp-content\/uploads\/2024\/05\/home-5v2.jpg\" alt=\"home 5v2\" height=\"900\" width=\"900\" title=\"casa 5v2\" onerror=\"this.style.display='none'\" loading=\"lazy\" \/>\n\t<\/figure>\n<h2>\n\t\t\tSeja nosso parceiro\t<\/h2>\n\t\t\t\t\t\t<img decoding=\"async\" src=\"https:\/\/generousgenerations.org\/wp-content\/uploads\/2024\/03\/GG-Brand-Mark-Blue-400-trimmed-64.png\" alt=\"GG Brand Mark Blue 400 trimmed 64\" \/>\n\t<p>Todos podem fazer parte de Gera\u00e7\u00f5es Generosas!<\/p>\n<ul>\n<li><strong>Torne-se um multiplicador<\/strong>Organize uma Experi\u00eancia de Discipulado da Generosidade (EDG) usando nossos recursos e receba treinamento para capacitar outras pessoas a fazerem o mesmo.<\/li>\n<li><strong>Torne-se um parceiro: <\/strong>Seja como embaixador, organiza\u00e7\u00e3o ou parceiro financeiro, voc\u00ea pode ajudar a expandir o movimento de generosidade em sua comunidade.<\/li>\n<li><strong>Volunt\u00e1rio<\/strong>: Ajude a traduzir nossos recursos para o seu idioma local<\/li>\n<li><strong>Rezar<\/strong>Apoie o movimento atrav\u00e9s da ora\u00e7\u00e3o, orando por crian\u00e7as, fam\u00edlias, escolas e comunidades. Qualquer pessoa, em qualquer lugar, pode fazer parte do Generous Generations atrav\u00e9s da ora\u00e7\u00e3o.<\/li>\n<li><strong>Doar<\/strong>: Ajude-nos a cultivar os Doadores do Amanh\u00e3 <a href=\"https:\/\/generousgenerations.org\/pt\/donate\/\">doando<\/a> hoje.<\/li>\n<\/ul>\n\t<a href=\"https:\/\/generousgenerations.org\/pt\/resources\/multiplier-training\/\" target=\"_self\" role=\"button\" aria-label=\"SAIBA MAIS SOBRE O TREINAMENTO DE MULTIPLICADORES\">\n\t\t\t\t\t\tSAIBA MAIS SOBRE O TREINAMENTO DE MULTIPLICADORES\n\t\t\t\t\t<\/a>","protected":false},"excerpt":{"rendered":"<p>Descubra como nossos recursos ajudam a discipular crian\u00e7as, jovens, adultos jovens e adultos por meio de Processos de Discipulado de Generosidade (PIBs) relacion\u00e1veis e de acesso gratuito e descubra a hist\u00f3ria de generosidade da sua pr\u00f3pria fam\u00edlia.<\/p>","protected":false},"author":1,"featured_media":0,"parent":0,"menu_order":0,"comment_status":"closed","ping_status":"closed","template":"","meta":{"_acf_changed":false,"give_campaign_id":0,"_seopress_robots_primary_cat":"","_seopress_titles_title":"Discover a World of Generosity | Generous Generations","_seopress_titles_desc":"Discover how our resources help disciple children, youth, young adults and adults through relatable, freely accessible Generosity Discipleship Processes (GDPs) and uncover your family\u2019s own generosity story.","_seopress_robots_index":"","_seopress_analysis_target_kw":"","footnotes":""},"class_list":["post-63","page","type-page","status-publish"],"acf":[],"campaignId":"","_links":{"self":[{"href":"https:\/\/generousgenerations.org\/pt\/wp-json\/wp\/v2\/pages\/63","targetHints":{"allow":["GET"]}}],"collection":[{"href":"https:\/\/generousgenerations.org\/pt\/wp-json\/wp\/v2\/pages"}],"about":[{"href":"https:\/\/generousgenerations.org\/pt\/wp-json\/wp\/v2\/types\/page"}],"author":[{"embeddable":true,"href":"https:\/\/generousgenerations.org\/pt\/wp-json\/wp\/v2\/users\/1"}],"replies":[{"embeddable":true,"href":"https:\/\/generousgenerations.org\/pt\/wp-json\/wp\/v2\/comments?post=63"}],"version-history":[{"count":11,"href":"https:\/\/generousgenerations.org\/pt\/wp-json\/wp\/v2\/pages\/63\/revisions"}],"predecessor-version":[{"id":2594,"href":"https:\/\/generousgenerations.org\/pt\/wp-json\/wp\/v2\/pages\/63\/revisions\/2594"}],"wp:attachment":[{"href":"https:\/\/generousgenerations.org\/pt\/wp-json\/wp\/v2\/media?parent=63"}],"curies":[{"name":"wp","href":"https:\/\/api.w.org\/{rel}","templated":true}]}}