{"id":79,"date":"2024-03-25T17:34:44","date_gmt":"2024-03-25T17:34:44","guid":{"rendered":"https:\/\/gg.perfectlydigital.dev\/?page_id=79"},"modified":"2024-05-27T12:18:44","modified_gmt":"2024-05-27T12:18:44","slug":"faqs","status":"publish","type":"page","link":"https:\/\/generousgenerations.org\/pt\/faqs\/","title":{"rendered":"Perguntas frequentes"},"content":{"rendered":"<h1>\n\t\tperguntas frequentes\n\t<\/h1>\n\t\t\t\t\t\t<img decoding=\"async\" src=\"https:\/\/generousgenerations.org\/wp-content\/uploads\/2024\/03\/GG-Brand-Mark-Blue-400-trimmed-64.png\" alt=\"GG Brand Mark Blue 400 trimmed 64\" \/>\n<h3>\n\t\tAlguma pergunta? Estamos aqui para ajudar!\n\t<\/h3>\n\t\t\t<a href=\"https:\/\/generousgenerations.org\/pt\/faqs\/getting-started\/\" target=\"_self\" rel=\"noopener\">\n\t\t<h4>Come\u00e7ando<\/h4>\n\t\t<\/a>\n\t\t\t<a href=\"https:\/\/generousgenerations.org\/pt\/faqs\/building-blocks\/\" target=\"_self\" rel=\"noopener\">\n\t\t<h4>Blocos de constru\u00e7\u00e3o<\/h4>\n\t\t<\/a>\n\t\t\t<a href=\"https:\/\/generousgenerations.org\/pt\/faqs\/principles\/\" target=\"_self\" rel=\"noopener\">\n\t\t<h4>Princ\u00edpios<\/h4>\n\t\t<\/a>\n\t\t\t<a href=\"https:\/\/generousgenerations.org\/pt\/faqs\/children-and-youth\/\" target=\"_self\" rel=\"noopener\">\n\t\t<h4>Crian\u00e7as e Jovens<\/h4>\n\t\t<\/a>\n\t\t\t<a href=\"https:\/\/generousgenerations.org\/pt\/faqs\/generosity-multiply-training\/\" target=\"_self\" rel=\"noopener\">\n\t\t<h4>Treinamento Multiplicar Generosidade<\/h4>\n\t\t<\/a>\n\t<p>Voc\u00ea tem alguma pergunta que n\u00e3o foi respondida acima? Gostar\u00edamos muito de ouvir de voc\u00ea! Por favor, use o formul\u00e1rio abaixo para fazer sua pergunta e entraremos em contato com voc\u00ea muito rapidamente.<\/p>\n\t<form action=\"https:\/\/generousgenerations.org\/pt\/wp-json\/ws-form\/v1\/submit\" class=\"wsf-form wsf-form-canvas\" id=\"ws-form-1\" data-id=\"3\" method=\"POST\" data-instance-id=\"1\" data-wsf-style-id=\"1\" data-trp-original-action=\"https:\/\/generousgenerations.org\/pt\/wp-json\/ws-form\/v1\/submit\"><input type=\"hidden\" name=\"trp-form-language\" value=\"pt\"\/><\/form>","protected":false},"excerpt":{"rendered":"<p>Voc\u00ea tem alguma pergunta? Estamos aqui para ajudar! Introdu\u00e7\u00e3o | Blocos de Constru\u00e7\u00e3o | Princ\u00edpios | Crian\u00e7as e Jovens | Treinamento Generosity Multiply<\/p>","protected":false},"author":1,"featured_media":0,"parent":0,"menu_order":0,"comment_status":"closed","ping_status":"closed","template":"","meta":{"_acf_changed":false,"give_campaign_id":0,"_seopress_robots_primary_cat":"","_seopress_titles_title":"Frequently Asked Questions | Generous Generations","_seopress_titles_desc":"Do you have a question? We're here to help! Getting Started | Building Blocks | Principles | Children and Youth | Generosity Multiply Training","_seopress_robots_index":"","footnotes":""},"class_list":["post-79","page","type-page","status-publish"],"acf":[],"campaignId":"","_links":{"self":[{"href":"https:\/\/generousgenerations.org\/pt\/wp-json\/wp\/v2\/pages\/79","targetHints":{"allow":["GET"]}}],"collection":[{"href":"https:\/\/generousgenerations.org\/pt\/wp-json\/wp\/v2\/pages"}],"about":[{"href":"https:\/\/generousgenerations.org\/pt\/wp-json\/wp\/v2\/types\/page"}],"author":[{"embeddable":true,"href":"https:\/\/generousgenerations.org\/pt\/wp-json\/wp\/v2\/users\/1"}],"replies":[{"embeddable":true,"href":"https:\/\/generousgenerations.org\/pt\/wp-json\/wp\/v2\/comments?post=79"}],"version-history":[{"count":0,"href":"https:\/\/generousgenerations.org\/pt\/wp-json\/wp\/v2\/pages\/79\/revisions"}],"wp:attachment":[{"href":"https:\/\/generousgenerations.org\/pt\/wp-json\/wp\/v2\/media?parent=79"}],"curies":[{"name":"wp","href":"https:\/\/api.w.org\/{rel}","templated":true}]}}