{"id":859,"date":"2024-05-12T17:56:19","date_gmt":"2024-05-12T17:56:19","guid":{"rendered":"https:\/\/gg.perfectlydigital.dev\/?page_id=859"},"modified":"2024-08-27T21:06:15","modified_gmt":"2024-08-27T21:06:15","slug":"getting-started","status":"publish","type":"page","link":"https:\/\/generousgenerations.org\/pt\/faqs\/getting-started\/","title":{"rendered":"Come\u00e7ando"},"content":{"rendered":"<h1>\n\t\tCome\u00e7ando\n\t<\/h1>\n\t<a href=\"https:\/\/generousgenerations.org\/pt\/faqs\/\" target=\"_self\" role=\"button\" aria-label=\"VOLTAR A TODAS AS PERGUNTAS FREQUENTES\" rel=\"noopener\">\n\t\t\t\t\t\tVOLTAR A TODAS AS PERGUNTAS FREQUENTES\n\t\t\t\t\t<\/a>\n\t\t\t\t\t\t<img decoding=\"async\" src=\"https:\/\/generousgenerations.org\/wp-content\/uploads\/2024\/03\/GG-Brand-Mark-Blue-400-trimmed-64.png\" alt=\"GG Brand Mark Blue 400 trimmed 64\" \/>\n\t\t\t\tO que \u00e9 Generous Generations? Como funciona o Generous Generations? Onde posso participar ou hospedar uma Generous Generations Experience? Como posso me envolver com o Generous Generations? Como posso participar do movimento Generosity? O Generous Generations \u00e9 apenas para p\u00fablicos crist\u00e3os? Como posso me tornar um apresentador do Generous Generations? Como posso apoiar o Generous Generations? O que acontece depois que conclu\u00edmos uma Generosity Discipleship Experience? Quanto tempo leva para passar por uma Generosity Discipleship Experience? O que \u00e9 Generous Generations?\n\t\t\t\t<p>Generous Generations \u00e9 um movimento intercultural e global focado em incutir valores de generosidade b\u00edblica em crian\u00e7as, jovens e jovens adultos<\/p>\n<p>Nosso objetivo \u00e9 tornar mais f\u00e1cil para essas gera\u00e7\u00f5es aprenderem sobre ser generoso de uma forma que se adapte \u00e0 sua cultura e cren\u00e7as. Muitos pais, igrejas e l\u00edderes ministeriais t\u00eam dificuldade em encontrar materiais gratuitos sobre generosidade para crian\u00e7as, jovens e jovens adultos na sua l\u00edngua que tamb\u00e9m correspondam ao seu contexto. Da mesma forma, muitos l\u00edderes tamb\u00e9m procuram recursos de Discipulado de Generosidade para jovens adultos.<\/p>\n<p>Queremos ajudar, fornecendo estes materiais a pais e l\u00edderes de todo o mundo, para que possam ensinar a todas as gera\u00e7\u00f5es sobre a generosidade de uma forma que seja significativa e memor\u00e1vel.<\/p>\n\t\t\t\t\t\t\tComo funciona o Gera\u00e7\u00f5es Generosas?\n\t\t\t\t<p>Generous Generations fornece gratuitamente recursos, incluindo v\u00eddeos, experi\u00eancias, processos de discipulado, jogos, anima\u00e7\u00f5es e muito mais, projetados para ensinar crian\u00e7as, jovens e jovens adultos sobre a alegria de dar.<\/p>\n<p>Estes recursos podem ser usados em igrejas, lares, escolas e outros locais onde se re\u00fanem crian\u00e7as, jovens ou jovens adultos.<\/p>\n\t\t\t\t\t\t\tOnde posso participar ou organizar uma experi\u00eancia Generous Generations?\n\t\t\t\t<p>Essa experi\u00eancia pode acontecer em ambientes religiosos, em casas, em reuni\u00f5es de amigos ou em qualquer espa\u00e7o onde crian\u00e7as, jovens e jovens se re\u00fanam. O melhor de tudo \u00e9 que qualquer pessoa pode organizar uma Experi\u00eancia Generous Generations, n\u00e3o \u00e9 necess\u00e1rio treinamento especial.<\/p>\n\t\t\t\t\t\t\tComo posso me envolver com Gera\u00e7\u00f5es Generosas?\n\t\t\t\t<p>Voc\u00ea pode se envolver explorando nosso <a href=\"https:\/\/generousgenerations.org\/pt\/get-involved\/\">Envolver-se<\/a> p\u00e1gina aqui no site oficial da Generous Generations.<\/p>\n<p><a href=\"https:\/\/generousgenerations.org\/pt\/contact\/\">Contate-nos<\/a> para descobrir como voc\u00ea pode experimentar uma experi\u00eancia Generous Generations gratuita para qualquer faixa et\u00e1ria.<\/p>\n\t\t\t\t\t\t\tComo posso aderir ao movimento da Generosidade?\n\t\t\t\t<p>A experi\u00eancia do Processo de Discipulado de Generosidade (GPD) \u00e9 uma porta de entrada para uma experi\u00eancia de generosidade ao longo da vida. Ao aproveitar os meios atraentes do cinema, da anima\u00e7\u00e3o e das hist\u00f3rias em v\u00eddeo, inspiramos crian\u00e7as, jovens e jovens adultos a incorporar o esp\u00edrito de generosidade.<\/p>\n<p>Junte-se a n\u00f3s nesta jornada de descoberta, aprendizagem e transforma\u00e7\u00e3o, \u00e0 medida que os valores da generosidade se tornam enraizados nos cora\u00e7\u00f5es dos jovens, impactando fam\u00edlias, comunidades e o mundo em geral.<\/p>\n\t\t\t\t\t\t\tGenerous Generations \u00e9 apenas para o p\u00fablico crist\u00e3o?\n\t\t\t\t<p>Generous Generations est\u00e1 enraizado em princ\u00edpios b\u00edblicos, e seus valores de generosidade, bondade e mordomia podem ressoar em um p\u00fablico diversificado.<\/p>\n<p>Acreditamos que quando as pessoas descobrirem o Deus da B\u00edblia e Sua generosidade para conosco, seus cora\u00e7\u00f5es ser\u00e3o movidos para conhec\u00ea-Lo mais.<\/p>\n\t\t\t\t\t\t\tComo posso me tornar um apresentador do Generous Generations?\n\t\t\t\t<p>Para se tornar um apresentador do Generous Generations, por favor <a href=\"https:\/\/generousgenerations.org\/pt\/contact\/\">Contate-nos<\/a> para expressar seu interesse e n\u00f3s lhe forneceremos as ferramentas e o treinamento necess\u00e1rios. Os apresentadores desempenham um papel crucial na divulga\u00e7\u00e3o da mensagem de generosidade. Nenhum treinamento especial \u00e9 necess\u00e1rio.<\/p>\n\t\t\t\t\t\t\tComo posso apoiar Gera\u00e7\u00f5es Generosas?\n\t\t\t\t<p>Voc\u00ea pode apoiar Generous Generations divulgando a conscientiza\u00e7\u00e3o, usando nossos recursos em sua comunidade, tornando-se um parceiro ou contribuindo para o movimento por meio de doa\u00e7\u00f5es. Visite nosso <a href=\"https:\/\/generousgenerations.org\/pt\/get-involved\/\">Envolver-se<\/a> p\u00e1gina para obter mais informa\u00e7\u00f5es sobre como se envolver.<\/p>\n\t\t\t\t\t\t\tO que acontece depois de concluirmos uma Experi\u00eancia de Discipulado Generoso?\n\t\t\t\t<p>Esta experi\u00eancia \u00e9 apenas o come\u00e7o da jornada. Depois de um PIB, as crian\u00e7as, os jovens e os jovens adultos descobrem muitas vezes a profunda alegria de dar e querem fazer mais.<\/p>\n<p>Atualmente temos v\u00e1rios PIBs centrados em Deus, em n\u00f3s mesmos e nos outros. Voc\u00ea pode repetir a mesma experi\u00eancia com amigos ou escolher uma experi\u00eancia diferente a cada semana ou m\u00eas.<\/p>\n\t\t\t\t\t\t\tQuanto tempo demora para passar por uma Experi\u00eancia de Discipulado Generoso?\n\t\t\t\t<p>Cada PIB \u00e9 elaborado para durar de 30 minutos a uma hora. Atualmente, todas as nossas experi\u00eancias ou DGPs se entrela\u00e7am perfeitamente na tape\u00e7aria maior da compreens\u00e3o do cora\u00e7\u00e3o generoso de Deus para n\u00f3s, Seus filhos.<\/p>","protected":false},"excerpt":{"rendered":"<p>FAQs | Primeiros passos | Voc\u00ea tem alguma pergunta? Estamos aqui para ajudar! <\/p>","protected":false},"author":1,"featured_media":0,"parent":79,"menu_order":0,"comment_status":"closed","ping_status":"closed","template":"","meta":{"_acf_changed":false,"give_campaign_id":0,"_seopress_robots_primary_cat":"","_seopress_titles_title":"FAQs | Getting Started | Generous Generations","_seopress_titles_desc":"FAQs | Getting Started | Do you have a question? We're here to help!","_seopress_robots_index":"","footnotes":""},"class_list":["post-859","page","type-page","status-publish"],"acf":[],"campaignId":"","_links":{"self":[{"href":"https:\/\/generousgenerations.org\/pt\/wp-json\/wp\/v2\/pages\/859","targetHints":{"allow":["GET"]}}],"collection":[{"href":"https:\/\/generousgenerations.org\/pt\/wp-json\/wp\/v2\/pages"}],"about":[{"href":"https:\/\/generousgenerations.org\/pt\/wp-json\/wp\/v2\/types\/page"}],"author":[{"embeddable":true,"href":"https:\/\/generousgenerations.org\/pt\/wp-json\/wp\/v2\/users\/1"}],"replies":[{"embeddable":true,"href":"https:\/\/generousgenerations.org\/pt\/wp-json\/wp\/v2\/comments?post=859"}],"version-history":[{"count":1,"href":"https:\/\/generousgenerations.org\/pt\/wp-json\/wp\/v2\/pages\/859\/revisions"}],"predecessor-version":[{"id":1738,"href":"https:\/\/generousgenerations.org\/pt\/wp-json\/wp\/v2\/pages\/859\/revisions\/1738"}],"up":[{"embeddable":true,"href":"https:\/\/generousgenerations.org\/pt\/wp-json\/wp\/v2\/pages\/79"}],"wp:attachment":[{"href":"https:\/\/generousgenerations.org\/pt\/wp-json\/wp\/v2\/media?parent=859"}],"curies":[{"name":"wp","href":"https:\/\/api.w.org\/{rel}","templated":true}]}}