{"id":897,"date":"2024-05-13T14:10:30","date_gmt":"2024-05-13T14:10:30","guid":{"rendered":"https:\/\/gg.perfectlydigital.dev\/?page_id=897"},"modified":"2026-03-16T14:15:06","modified_gmt":"2026-03-16T14:15:06","slug":"multiplier-training","status":"publish","type":"page","link":"https:\/\/generousgenerations.org\/pt\/resources\/multiplier-training\/","title":{"rendered":"Treinamento Multiplicador"},"content":{"rendered":"<h1>\n\t\t\tTreinamento Multiplicador\t<\/h1>\n\t\t\t\t\t\t<img decoding=\"async\" src=\"https:\/\/generousgenerations.org\/wp-content\/uploads\/2024\/03\/GG-Brand-Mark-Blue-400-trimmed-64.png\" alt=\"GG Brand Mark Blue 400 trimmed 64\" \/>\n<h3>\n\t\t\tO Manual do Multiplicador: Ferramentas Pr\u00e1ticas para a Multiplica\u00e7\u00e3o do Reino\t<\/h3>\n\t<p>Generous Generations is not an event-based model &#8211; it&#8217;s a\u00a0<strong>Estrat\u00e9gia de Multiplica\u00e7\u00e3o<\/strong>\u00a0Projetado para inspirar algo duradouro\u00a0<strong>Movimentos do Reino<\/strong>.<\/p>\n<p>No cerne dessa estrat\u00e9gia est\u00e1 o\u00a0<strong>Manual do Multiplicador<\/strong>\u00a0&#8211; a guide inspired by the Apostle Paul&#8217;s words in\u00a0<em>1 Corinthians 3:6-10<\/em>:<\/p>\n<p><em>&#8220;I planted the seed, Apollos watered it, but God has been making it grow&#8230;&#8221;<\/em><\/p>\n<figure itemscope itemtype=\"https:\/\/schema.org\/ImageObject\">\n\t\t\t\t<img decoding=\"async\" src=\"https:\/\/generousgenerations.org\/wp-content\/uploads\/2025\/12\/Slide-3-Planting-the-Seed-trim.png\" alt=\"Slide 3 - Planting the Seed trim\" height=\"786\" width=\"789\" title=\"Slide 3 - Plantando a Semente (corte)\" onerror=\"this.style.display='none'\" loading=\"lazy\" \/>\n\t<\/figure>\n<figure itemscope itemtype=\"https:\/\/schema.org\/ImageObject\">\n\t\t\t\t<img decoding=\"async\" src=\"https:\/\/generousgenerations.org\/wp-content\/uploads\/2025\/12\/Slide-18-Watering-the-Soil-1.png\" alt=\"Slide 18 - Watering the Soil (1)\" height=\"1024\" width=\"1024\" title=\"Slide 18 - Regando o solo (1)\" onerror=\"this.style.display='none'\" loading=\"lazy\" \/>\n\t<\/figure>\n<h4>\n\t\t\tPor que se tornar um multiplicador?\t<\/h4>\n\t<p>Whether you&#8217;re sowing into a church, a sports team, a classroom, or your own home &#8211; becoming a\u00a0<strong>Multiplicador<\/strong>\u00a0means you&#8217;re stepping into God&#8217;s bigger harvest field.<\/p>\n<ul>\n<li>Voc\u00ea se torna um agricultor do Reino.<\/li>\n<li>Voc\u00ea planta sementes de generosidade em sua comunidade.<\/li>\n<li>Voc\u00ea nutre o discipulado e o crescimento de crian\u00e7as e jovens.<\/li>\n<li>E voc\u00ea capacita outros a fazerem o mesmo.<\/li>\n<\/ul>\n<p>You don&#8217;t need to be an expert &#8211; just bring a\u00a0<em>disposi\u00e7\u00e3o para multiplicar<\/em>. We&#8217;ll walk with you from seed to harvest.<\/p>\n\t<a href=\"https:\/\/generousgenerations.org\/pt\/resources\/multiplier-training\/videos\/\" target=\"_self\" role=\"button\" aria-label=\"Comece o treinamento em v\u00eddeo agora mesmo.\">\n\t\t\t\t\t\tComece o treinamento em v\u00eddeo agora mesmo.\n\t\t\t\t\t<\/a>\n\t<a href=\"https:\/\/chat.whatsapp.com\/Fm88YSvEwNz6EedNLKfRlX?mode=hqrt3\" target=\"_blank\" role=\"button\" rel=\"noopener\" aria-label=\"Participe de uma sess\u00e3o do Multiply Connect\">\n\t\t\t\t\t\tParticipe de uma sess\u00e3o do Multiply Connect\n\t\t\t\t\t<\/a>\n<h5>\n\t\t\tJunte-se \u00e0s fileiras dos Multiplicadores da Gera\u00e7\u00e3o G e torne-se um catalisador para o discipulado da generosidade em sua comunidade hoje mesmo!\t<\/h5>","protected":false},"excerpt":{"rendered":"<p>Treinamento de multiplicadores. O poder do treinamento de multiplicadores: equipando l\u00edderes para impacto.<\/p>","protected":false},"author":1,"featured_media":0,"parent":75,"menu_order":0,"comment_status":"closed","ping_status":"closed","template":"","meta":{"_acf_changed":false,"give_campaign_id":0,"_seopress_robots_primary_cat":"","_seopress_titles_title":"Multiplier Training | Resources | Generous Generations","_seopress_titles_desc":"Multiplier Training. The Power of Multiplier Training: Equipping Leaders for Impact.","_seopress_robots_index":"","footnotes":""},"class_list":["post-897","page","type-page","status-publish"],"acf":[],"campaignId":"","_links":{"self":[{"href":"https:\/\/generousgenerations.org\/pt\/wp-json\/wp\/v2\/pages\/897","targetHints":{"allow":["GET"]}}],"collection":[{"href":"https:\/\/generousgenerations.org\/pt\/wp-json\/wp\/v2\/pages"}],"about":[{"href":"https:\/\/generousgenerations.org\/pt\/wp-json\/wp\/v2\/types\/page"}],"author":[{"embeddable":true,"href":"https:\/\/generousgenerations.org\/pt\/wp-json\/wp\/v2\/users\/1"}],"replies":[{"embeddable":true,"href":"https:\/\/generousgenerations.org\/pt\/wp-json\/wp\/v2\/comments?post=897"}],"version-history":[{"count":6,"href":"https:\/\/generousgenerations.org\/pt\/wp-json\/wp\/v2\/pages\/897\/revisions"}],"predecessor-version":[{"id":2396,"href":"https:\/\/generousgenerations.org\/pt\/wp-json\/wp\/v2\/pages\/897\/revisions\/2396"}],"up":[{"embeddable":true,"href":"https:\/\/generousgenerations.org\/pt\/wp-json\/wp\/v2\/pages\/75"}],"wp:attachment":[{"href":"https:\/\/generousgenerations.org\/pt\/wp-json\/wp\/v2\/media?parent=897"}],"curies":[{"name":"wp","href":"https:\/\/api.w.org\/{rel}","templated":true}]}}