{"id":961,"date":"2024-05-14T04:45:40","date_gmt":"2024-05-14T04:45:40","guid":{"rendered":"https:\/\/gg.perfectlydigital.dev\/?page_id=961"},"modified":"2026-04-07T17:26:34","modified_gmt":"2026-04-07T17:26:34","slug":"get-involved","status":"publish","type":"page","link":"https:\/\/generousgenerations.org\/pt\/get-involved\/","title":{"rendered":"Envolver-se"},"content":{"rendered":"<h1>\n\t\t\tEnvolver-se\t<\/h1>\n\t\t\t\t\t\t<img decoding=\"async\" src=\"https:\/\/generousgenerations.org\/wp-content\/uploads\/2024\/03\/GG-Brand-Mark-Blue-400-trimmed-64.png\" alt=\"GG Brand Mark Blue 400 trimmed 64\" \/>\n\t<p>Muitas pessoas perguntaram como podem se envolver com o movimento Gera\u00e7\u00f5es Generosas. Voc\u00ea pode se tornar um <a href=\"#partner\"><strong>Embaixador<\/strong><\/a> para Gera\u00e7\u00f5es Generosas ou voc\u00ea pode se inscrever para ser um <a href=\"#partner\"><strong>Organiza\u00e7\u00e3o Parceira<\/strong><\/a>. (Detalhes abaixo)<\/p>\n<p>Esta p\u00e1gina oferece sugest\u00f5es de como se envolver, mas estamos sempre em busca de volunt\u00e1rios em diversas \u00e1reas, como tradu\u00e7\u00e3o.<\/p>\n<p>Se voc\u00ea quiser organizar um acampamento infantil ou apresentar recursos da Generous Generations para crian\u00e7as, jovens ou jovens adultos em sua comunidade, podemos organizar um treinamento para voc\u00ea. Entre em contato <a href=\"https:\/\/generousgenerations.org\/pt\/contact\/\">P\u00e1gina Fale Conosco<\/a>.<\/p>\n\t<em>\u201cOs ganhos do homem bom promovem a causa da retid\u00e3o\u2026\u201d<br \/>\n<\/em>Prov\u00e9rbios 10:16\n<h1>\n\t\t\tTorne-se parte do movimento\t<\/h1>\n\t\t\t\t\t\t<img decoding=\"async\" src=\"https:\/\/generousgenerations.org\/wp-content\/uploads\/2024\/03\/GG-Brand-Mark-Blue-400-trimmed-64.png\" alt=\"GG Brand Mark Blue 400 trimmed 64\" \/>\n\t<p>Come\u00e7a com o desejo de fazer a diferen\u00e7a e demonstrar o amor de Cristo a um mundo ferido. Voc\u00ea percebe uma necessidade e se move instintivamente para ajudar a satisfaz\u00ea-la. Isto desencadeia um efeito cascata: as fam\u00edlias s\u00e3o mudadas, as culturas s\u00e3o afetadas e o mundo \u00e9 curado com um ato de bondade de cada vez. Talvez voc\u00ea nunca compreenda totalmente como um pequeno ato de bondade pode influenciar uma gera\u00e7\u00e3o inteira.<\/p>\n<figure itemscope itemtype=\"https:\/\/schema.org\/ImageObject\">\n\t\t\t\t<img decoding=\"async\" src=\"https:\/\/generousgenerations.org\/wp-content\/uploads\/2024\/05\/get-involved-3.jpg\" alt=\"get involved 3\" height=\"900\" width=\"900\" title=\"envolva-se 3\" onerror=\"this.style.display='none'\" loading=\"lazy\" \/>\n\t<\/figure>\n<figure itemscope itemtype=\"https:\/\/schema.org\/ImageObject\">\n\t\t\t\t<img decoding=\"async\" src=\"https:\/\/generousgenerations.org\/wp-content\/uploads\/2024\/05\/get-involved-2.jpg\" alt=\"Earth planet in human hands. Elements of this image are furnished by NASA\" height=\"900\" width=\"900\" title=\"Nosso planeta precisa de cuidado e amor. M\u00eddia mista\" onerror=\"this.style.display='none'\" loading=\"lazy\" \/>\n\t<\/figure>\n<h1>\n\t\t\tRezar\t<\/h1>\n\t\t\t\t\t\t<img decoding=\"async\" src=\"https:\/\/generousgenerations.org\/wp-content\/uploads\/2024\/03\/GG-Brand-Mark-Blue-400-trimmed-64.png\" alt=\"GG Brand Mark Blue 400 trimmed 64\" \/>\n\t<p>Reze conosco pelo trabalho de Gera\u00e7\u00f5es Generosas. Discipular diversas gera\u00e7\u00f5es para compreender e viver vidas generosas come\u00e7a com uma mudan\u00e7a de <strong>mente<\/strong>, leva a uma mudan\u00e7a de <strong>cora\u00e7\u00e3o<\/strong>, e resulta em <strong>m\u00e3os<\/strong> isso d\u00e1. Este estilo de vida desafia diretamente a narrativa consumista e reconhecemos que esta mensagem mudar\u00e1 profundamente os cora\u00e7\u00f5es, as fam\u00edlias e as culturas.<\/p>\n<p>Assine nossa newsletter abaixo para ficar conectado.<\/p>\n\t<form action=\"https:\/\/generousgenerations.org\/pt\/wp-json\/ws-form\/v1\/submit\" class=\"wsf-form wsf-form-canvas\" id=\"ws-form-1\" data-id=\"1\" method=\"POST\" data-instance-id=\"1\" data-wsf-style-id=\"1\" data-trp-original-action=\"https:\/\/generousgenerations.org\/pt\/wp-json\/ws-form\/v1\/submit\"><input type=\"hidden\" name=\"trp-form-language\" value=\"pt\"\/><\/form>\n<h1>\n\t\t\tParceiro\t<\/h1>\n\t\t\t\t\t\t<img decoding=\"async\" src=\"https:\/\/generousgenerations.org\/wp-content\/uploads\/2024\/03\/GG-Brand-Mark-Blue-400-trimmed-64.png\" alt=\"GG Brand Mark Blue 400 trimmed 64\" \/>\n<h3>\n\t\t\tSua parceria com Generous Generations: capacitando voc\u00ea em cada etapa do caminho\t<\/h3>\n<h4>\n\t\t\tAlguns de nossos atuais parceiros\t<\/h4>\n<figure itemscope itemtype=\"https:\/\/schema.org\/ImageObject\">\n\t\t\t\t<img decoding=\"async\" src=\"https:\/\/generousgenerations.org\/wp-content\/uploads\/2024\/07\/GCF-t.png\" alt=\"GCF t\" height=\"500\" width=\"500\" title=\"GCF t\" onerror=\"this.style.display='none'\" loading=\"lazy\" \/>\n\t<\/figure>\n<figure itemscope itemtype=\"https:\/\/schema.org\/ImageObject\">\n\t\t\t\t<img decoding=\"async\" src=\"https:\/\/generousgenerations.org\/wp-content\/uploads\/2024\/07\/faithnet-t.png\" alt=\"faithnet t\" height=\"500\" width=\"500\" title=\"f\u00e9net t\" onerror=\"this.style.display='none'\" loading=\"lazy\" \/>\n\t<\/figure>\n<figure itemscope itemtype=\"https:\/\/schema.org\/ImageObject\">\n\t\t\t\t<img decoding=\"async\" src=\"https:\/\/generousgenerations.org\/wp-content\/uploads\/2024\/07\/suk-t.png\" alt=\"suk t\" height=\"500\" width=\"500\" title=\"suk t\" onerror=\"this.style.display='none'\" loading=\"lazy\" \/>\n\t<\/figure>\n<figure itemscope itemtype=\"https:\/\/schema.org\/ImageObject\">\n\t\t\t\t<img decoding=\"async\" src=\"https:\/\/generousgenerations.org\/wp-content\/uploads\/2024\/07\/rsg-t.png\" alt=\"rsg t\" height=\"500\" width=\"500\" title=\"rsg\" onerror=\"this.style.display='none'\" loading=\"lazy\" \/>\n\t<\/figure>\n<figure itemscope itemtype=\"https:\/\/schema.org\/ImageObject\">\n\t\t\t\t<img decoding=\"async\" src=\"https:\/\/generousgenerations.org\/wp-content\/uploads\/2024\/07\/logosdor-t.png\" alt=\"logosdor t\" height=\"500\" width=\"500\" title=\"logosdor t\" onerror=\"this.style.display='none'\" loading=\"lazy\" \/>\n\t<\/figure>\n<figure itemscope itemtype=\"https:\/\/schema.org\/ImageObject\">\n\t\t\t\t<img decoding=\"async\" src=\"https:\/\/generousgenerations.org\/wp-content\/uploads\/2024\/07\/goplay-t.png\" alt=\"goplay t\" height=\"500\" width=\"500\" title=\"goplay t\" onerror=\"this.style.display='none'\" loading=\"lazy\" \/>\n\t<\/figure>\n<figure itemscope itemtype=\"https:\/\/schema.org\/ImageObject\">\n\t\t\t\t<img decoding=\"async\" src=\"https:\/\/generousgenerations.org\/wp-content\/uploads\/2024\/07\/rag-t.png\" alt=\"rag t\" height=\"500\" width=\"500\" title=\"pano\" onerror=\"this.style.display='none'\" loading=\"lazy\" \/>\n\t<\/figure>\n<figure itemscope itemtype=\"https:\/\/schema.org\/ImageObject\">\n\t\t\t\t<img decoding=\"async\" src=\"https:\/\/generousgenerations.org\/wp-content\/uploads\/2024\/07\/gen-church-t.png\" alt=\"gen church t\" height=\"500\" width=\"500\" title=\"gen igreja t\" onerror=\"this.style.display='none'\" loading=\"lazy\" \/>\n\t<\/figure>\n<h4>\n\t\t\tTipos de parcerias\t<\/h4>\n\t<p>H\u00e1 muitas maneiras de fazer parceria com a Generous Generations, cada uma beneficiando tanto nossos parceiros quanto nossa miss\u00e3o. Nossos recursos s\u00e3o usados por igrejas, l\u00edderes ministeriais ou organizacionais, pais, l\u00edderes de jovens e muitos mais. Voc\u00ea pode aderir ao movimento de uma das seguintes maneiras:<\/p>\n<ul>\n<li><strong>Embaixador<\/strong>: Algu\u00e9m que ama a vis\u00e3o Generous Generations e deseja compartilh\u00e1-la com crian\u00e7as, jovens e jovens adultos em sua comunidade ou pa\u00eds. Oferecemos treinamento cont\u00ednuo \u00e0 medida que produzimos continuamente novos conte\u00fados e recursos.<\/li>\n<li><strong>Organiza\u00e7\u00e3o Parceira<\/strong>: Uma organiza\u00e7\u00e3o que deseja fazer parceria com Generous Generations para implementar ou integrar nossos recursos em sua comunidade ou pa\u00eds. Oferecemos treinamento cont\u00ednuo para apoiar o uso de nossos conte\u00fados e recursos mais recentes.<\/li>\n<li><strong>Parceria Financeira<\/strong>: Se a vis\u00e3o de cultivar os doadores do Reino de amanh\u00e3 ressoa em voc\u00ea, considere fazer uma parceria financeira conosco. Seu apoio impactar\u00e1 diretamente nossa miss\u00e3o e nos ajudar\u00e1 a expandir nosso alcance. Junte-se a n\u00f3s nesta jornada transformadora visitando nosso <a href=\"https:\/\/generousgenerations.org\/pt\/donate\/\">P\u00e1gina de doa\u00e7\u00f5es<\/a> Para maiores informa\u00e7\u00f5es. Sua parceria financeira pode fazer uma diferen\u00e7a significativa. Juntos, podemos inspirar e equipar a pr\u00f3xima gera\u00e7\u00e3o para viver generosamente.<\/li>\n<\/ul>\n\t<a href=\"https:\/\/generousgenerations.org\/pt\/contact\/\" target=\"_self\" role=\"button\" aria-label=\"ENTRE EM CONTATO SOBRE PARCERIA\">\n\t\t\t\t\t\tENTRE EM CONTATO SOBRE PARCERIA\n\t\t\t\t\t<\/a>\n<figure itemscope itemtype=\"https:\/\/schema.org\/ImageObject\">\n\t\t\t\t<img decoding=\"async\" src=\"https:\/\/generousgenerations.org\/wp-content\/uploads\/2024\/05\/get-involved-4.jpg\" alt=\"Earth against happy friends in the park lying in circle\" height=\"900\" width=\"900\" title=\"Terra contra amigos felizes no parque deitado em c\u00edrculo\" onerror=\"this.style.display='none'\" loading=\"lazy\" \/>\n\t<\/figure>\n<figure itemscope itemtype=\"https:\/\/schema.org\/ImageObject\">\n\t\t\t\t<img decoding=\"async\" src=\"https:\/\/generousgenerations.org\/wp-content\/uploads\/2024\/05\/get-involved-1.jpg\" alt=\"get involved 1\" height=\"900\" width=\"900\" title=\"envolva-se 1\" onerror=\"this.style.display='none'\" loading=\"lazy\" \/>\n\t<\/figure>\n<h1>\n\t\t\tTorne-se um multiplicador\t<\/h1>\n\t\t\t\t\t\t<img decoding=\"async\" src=\"https:\/\/generousgenerations.org\/wp-content\/uploads\/2024\/03\/GG-Brand-Mark-Blue-400-trimmed-64.png\" alt=\"GG Brand Mark Blue 400 trimmed 64\" \/>\n\t<h4><strong>Pense em Reino, n\u00e3o em Imp\u00e9rio.<\/strong><\/h4>\n<p>Multipliers are Kingdom-minded leaders who inspire others to live generously &#8211; starting in their homes, churches, and communities. They don&#8217;t build platforms. They build people.<\/p>\n<h4><strong>O que fazem os multiplicadores<\/strong><\/h4>\n<ul>\n<li>Viva a vis\u00e3o de Generous Generations<\/li>\n<li>Capacitar outros para liderar a Experi\u00eancia de Discipulado da Generosidade<\/li>\n<li>Capacitar os jovens para que cres\u00e7am como l\u00edderes do Reino.<\/li>\n<li>Multiplique a generosidade onde quer que eles estejam.<\/li>\n<\/ul>\n<h4><strong>Quem pode ser um multiplicador?<\/strong><\/h4>\n<p>Pais. Pastores. Professores. Adolescentes. Treinadores. Qualquer pessoa disposta a crescer e liderar com prop\u00f3sito. N\u00e3o \u00e9 necess\u00e1rio ter um t\u00edtulo espec\u00edfico.<\/p>\n<h4><strong>Treine os jovens para que tamb\u00e9m se multipliquem.<\/strong><\/h4>\n<p>We&#8217;re raising up a generation of young leaders who don&#8217;t wait for permission to lead &#8211; and we want you to help them get there.<\/p>\n<h4><strong>Equipamentos que se adaptam a voc\u00ea<\/strong><\/h4>\n<p>Our video-based training is free, flexible, and designed for real-life leaders. Just bring your yes &#8211; we&#8217;ll walk with you from there.<\/p>\n\t<a href=\"https:\/\/generousgenerations.org\/pt\/resources\/multiplier-training\/\" target=\"_self\" role=\"button\" aria-label=\"Multiplicador Inicial Equipando\">\n\t\t\t\t\t\tMultiplicador Inicial Equipando\n\t\t\t\t\t<\/a>","protected":false},"excerpt":{"rendered":"<p>Torne-se parte do movimento. Ele come\u00e7a com o desejo de fazer a diferen\u00e7a e demonstrar o amor de Cristo a um mundo ferido. Voc\u00ea percebe uma necessidade e instintivamente se move para ajudar a atend\u00ea-la. Isso desencadeia um efeito cascata<\/p>","protected":false},"author":1,"featured_media":0,"parent":0,"menu_order":0,"comment_status":"closed","ping_status":"closed","template":"","meta":{"_acf_changed":false,"give_campaign_id":0,"_seopress_robots_primary_cat":"","_seopress_titles_title":"Get Involved | Generous Generations","_seopress_titles_desc":"It begins with a desire to make a difference and demonstrate the love of Christ to a hurting world. You perceive a need and instinctively move to help meet it.","_seopress_robots_index":"","footnotes":""},"class_list":["post-961","page","type-page","status-publish"],"acf":[],"campaignId":"","_links":{"self":[{"href":"https:\/\/generousgenerations.org\/pt\/wp-json\/wp\/v2\/pages\/961","targetHints":{"allow":["GET"]}}],"collection":[{"href":"https:\/\/generousgenerations.org\/pt\/wp-json\/wp\/v2\/pages"}],"about":[{"href":"https:\/\/generousgenerations.org\/pt\/wp-json\/wp\/v2\/types\/page"}],"author":[{"embeddable":true,"href":"https:\/\/generousgenerations.org\/pt\/wp-json\/wp\/v2\/users\/1"}],"replies":[{"embeddable":true,"href":"https:\/\/generousgenerations.org\/pt\/wp-json\/wp\/v2\/comments?post=961"}],"version-history":[{"count":7,"href":"https:\/\/generousgenerations.org\/pt\/wp-json\/wp\/v2\/pages\/961\/revisions"}],"predecessor-version":[{"id":2460,"href":"https:\/\/generousgenerations.org\/pt\/wp-json\/wp\/v2\/pages\/961\/revisions\/2460"}],"wp:attachment":[{"href":"https:\/\/generousgenerations.org\/pt\/wp-json\/wp\/v2\/media?parent=961"}],"curies":[{"name":"wp","href":"https:\/\/api.w.org\/{rel}","templated":true}]}}