{"id":971,"date":"2024-05-14T04:59:57","date_gmt":"2024-05-14T04:59:57","guid":{"rendered":"https:\/\/gg.perfectlydigital.dev\/?page_id=971"},"modified":"2024-05-27T12:24:54","modified_gmt":"2024-05-27T12:24:54","slug":"building-blocks","status":"publish","type":"page","link":"https:\/\/generousgenerations.org\/pt\/faqs\/building-blocks\/","title":{"rendered":"Blocos de constru\u00e7\u00e3o"},"content":{"rendered":"<h1>\n\t\tBlocos de constru\u00e7\u00e3o\n\t<\/h1>\n\t<a href=\"https:\/\/generousgenerations.org\/pt\/faqs\/\" target=\"_self\" role=\"button\" aria-label=\"VOLTAR A TODAS AS PERGUNTAS FREQUENTES\" rel=\"noopener\">\n\t\t\t\t\t\tVOLTAR A TODAS AS PERGUNTAS FREQUENTES\n\t\t\t\t\t<\/a>\n\t\t\t\t\t\t<img decoding=\"async\" src=\"https:\/\/generousgenerations.org\/wp-content\/uploads\/2024\/03\/GG-Brand-Mark-Blue-400-trimmed-64.png\" alt=\"GG Brand Mark Blue 400 trimmed 64\" \/>\n\t\t\t\tQuais s\u00e3o os princ\u00edpios fundamentais das Generous Generations? Quais s\u00e3o os seis blocos de constru\u00e7\u00e3o das Generous Generations? Quais s\u00e3o os princ\u00edpios fundamentais das Generous Generations?\n\t\t\t\t<p>Generous Generations \u00e9 constru\u00eddo sobre princ\u00edpios b\u00edblicos de generosidade, tais como: a generosidade de Deus come\u00e7ou em G\u00eanesis; Jesus: o maior presente de Deus; Deus \u00e9 dono de tudo; Deus prov\u00ea o suficiente; Deus v\u00ea nossos cora\u00e7\u00f5es, etc.<\/p>\n<p>Tentamos ensinar crian\u00e7as, jovens e adultos jovens de maneiras apropriadas para a idade sobre o que chamamos de \u201cSementes da Generosidade\u201d. Essas s\u00e3o sementes que um l\u00edder ou pai planta nas vidas das crian\u00e7as, jovens e adultos jovens de Deus, dando-lhes oportunidade de crescer em seus cora\u00e7\u00f5es e mentes.<\/p>\n\t\t\t\t\t\t\tQuais s\u00e3o os seis blocos de constru\u00e7\u00e3o das Gera\u00e7\u00f5es Generosas?\n\t\t\t\t<p>Os blocos de constru\u00e7\u00e3o das Gera\u00e7\u00f5es Generosas s\u00e3o:<\/p>\n<ol>\n<li>Relacionamentos atrav\u00e9s do discipulado<\/li>\n<li>Estrat\u00e9gia de brindes<\/li>\n<li>Interdepend\u00eancia e colabora\u00e7\u00e3o<\/li>\n<li>Servid\u00e3o<\/li>\n<li>Volunt\u00e1rio<\/li>\n<li>Crian\u00e7as, jovens e jovens adultos com uma perspectiva global<\/li>\n<\/ol>","protected":false},"excerpt":{"rendered":"<p>FAQs | Building Blocks | Voc\u00ea tem alguma pergunta? Estamos aqui para ajudar! <\/p>","protected":false},"author":1,"featured_media":0,"parent":79,"menu_order":0,"comment_status":"closed","ping_status":"closed","template":"","meta":{"_acf_changed":false,"give_campaign_id":0,"_seopress_robots_primary_cat":"","_seopress_titles_title":"FAQs | Building Blocks | Generous Generations","_seopress_titles_desc":"FAQs | Building Blocks | Do you have a question? We're here to help!","_seopress_robots_index":"","footnotes":""},"class_list":["post-971","page","type-page","status-publish"],"acf":[],"campaignId":"","_links":{"self":[{"href":"https:\/\/generousgenerations.org\/pt\/wp-json\/wp\/v2\/pages\/971","targetHints":{"allow":["GET"]}}],"collection":[{"href":"https:\/\/generousgenerations.org\/pt\/wp-json\/wp\/v2\/pages"}],"about":[{"href":"https:\/\/generousgenerations.org\/pt\/wp-json\/wp\/v2\/types\/page"}],"author":[{"embeddable":true,"href":"https:\/\/generousgenerations.org\/pt\/wp-json\/wp\/v2\/users\/1"}],"replies":[{"embeddable":true,"href":"https:\/\/generousgenerations.org\/pt\/wp-json\/wp\/v2\/comments?post=971"}],"version-history":[{"count":0,"href":"https:\/\/generousgenerations.org\/pt\/wp-json\/wp\/v2\/pages\/971\/revisions"}],"up":[{"embeddable":true,"href":"https:\/\/generousgenerations.org\/pt\/wp-json\/wp\/v2\/pages\/79"}],"wp:attachment":[{"href":"https:\/\/generousgenerations.org\/pt\/wp-json\/wp\/v2\/media?parent=971"}],"curies":[{"name":"wp","href":"https:\/\/api.w.org\/{rel}","templated":true}]}}