{"id":974,"date":"2024-05-14T05:00:38","date_gmt":"2024-05-14T05:00:38","guid":{"rendered":"https:\/\/gg.perfectlydigital.dev\/?page_id=974"},"modified":"2024-05-27T12:22:57","modified_gmt":"2024-05-27T12:22:57","slug":"principles","status":"publish","type":"page","link":"https:\/\/generousgenerations.org\/pt\/faqs\/principles\/","title":{"rendered":"Princ\u00edpios"},"content":{"rendered":"<h1>\n\t\tPrinc\u00edpios\n\t<\/h1>\n\t<a href=\"https:\/\/generousgenerations.org\/pt\/faqs\/\" target=\"_self\" role=\"button\" aria-label=\"VOLTAR A TODAS AS PERGUNTAS FREQUENTES\" rel=\"noopener\">\n\t\t\t\t\t\tVOLTAR A TODAS AS PERGUNTAS FREQUENTES\n\t\t\t\t\t<\/a>\n\t\t\t\t\t\t<img decoding=\"async\" src=\"https:\/\/generousgenerations.org\/wp-content\/uploads\/2024\/03\/GG-Brand-Mark-Blue-400-trimmed-64.png\" alt=\"GG Brand Mark Blue 400 trimmed 64\" \/>\n\t\t\t\tO que inspirou a cria\u00e7\u00e3o de Generous Generations O que diferencia Generous Generations de outros movimentos? Temos que dar dinheiro? Por que Generosidade? O que inspirou a cria\u00e7\u00e3o de Generous Generations\n\t\t\t\t<p>Generous Generations foi inspirado pelo reconhecimento de que crian\u00e7as, jovens e jovens adultos est\u00e3o frequentemente expostos a valores consumistas. O movimento pretende contrariar esta situa\u00e7\u00e3o, nutrindo uma gera\u00e7\u00e3o de doadores generosos, guiados por princ\u00edpios b\u00edblicos.<\/p>\n\t\t\t\t\t\t\tO que diferencia as Gera\u00e7\u00f5es Generosas de outros movimentos?\n\t\t\t\t<p>Generous Generations se destaca por sua abordagem hol\u00edstica, combinando recursos digitais envolventes com recursos t\u00e1teis, ampliando claramente os princ\u00edpios b\u00edblicos. O movimento enfatiza n\u00e3o apenas a generosidade financeira, mas tamb\u00e9m a doa\u00e7\u00e3o de tempo, talento, conserva\u00e7\u00e3o e gentileza.<\/p>\n\t\t\t\t\t\t\tTemos que dar dinheiro?\n\t\t\t\t<p>N\u00e3o, voc\u00ea pode doar tempo, bondade e compaix\u00e3o, incentivo, talentos ou habilidades, ou qualquer coisa que Deus o oriente a dar a algu\u00e9m.<\/p>\n\t\t\t\t\t\t\tPor que generosidade? \n\t\t\t\t<p>Somos movidos por um desejo profundo de curar o mundo por meio de nossos atos de doa\u00e7\u00e3o, inspirados pela generosidade sem limites de Jesus, nosso Salvador. Ao longo das p\u00e1ginas das Escrituras, somos lembrados dos in\u00fameros presentes de Deus para n\u00f3s:<\/p>\n<ul>\n<li>Ele soprou vida em nossos seres (G\u00eanesis 2:7)<\/li>\n<li>Criou um mundo de tirar o f\u00f4lego (G\u00eanesis 1:31)<\/li>\n<li>Nos presenteou com a sabedoria iluminadora da B\u00edblia (Salmo 119:105). <\/li>\n<li>Atrav\u00e9s da Sua ressurrei\u00e7\u00e3o, Ele nos deu o dom gratuito da vida eterna (Mateus 28:6), juntamente com o Seu Esp\u00edrito, v\u00e1rios talentos e a promessa do Seu retorno para compartilhar a eternidade conosco (Apocalipse 22:20).<\/li>\n<\/ul>\n<p>A sua generosidade toca todos os aspectos das nossas vidas e, \u00e0 medida que as crian\u00e7as, os jovens e os jovens adultos se aventuram na emocionante jornada de uma vida generosa, tornam-se adultos capazes de curar o mundo atrav\u00e9s das suas ac\u00e7\u00f5es compassivas.<\/p>","protected":false},"excerpt":{"rendered":"<p>FAQs | Princ\u00edpios | Voc\u00ea tem alguma pergunta? Estamos aqui para ajudar! <\/p>","protected":false},"author":1,"featured_media":0,"parent":79,"menu_order":0,"comment_status":"closed","ping_status":"closed","template":"","meta":{"_acf_changed":false,"give_campaign_id":0,"_seopress_robots_primary_cat":"","_seopress_titles_title":"FAQs | Principles | Generous Generations","_seopress_titles_desc":"FAQs | Principles | Do you have a question? We're here to help!","_seopress_robots_index":"","footnotes":""},"class_list":["post-974","page","type-page","status-publish"],"acf":[],"campaignId":"","_links":{"self":[{"href":"https:\/\/generousgenerations.org\/pt\/wp-json\/wp\/v2\/pages\/974","targetHints":{"allow":["GET"]}}],"collection":[{"href":"https:\/\/generousgenerations.org\/pt\/wp-json\/wp\/v2\/pages"}],"about":[{"href":"https:\/\/generousgenerations.org\/pt\/wp-json\/wp\/v2\/types\/page"}],"author":[{"embeddable":true,"href":"https:\/\/generousgenerations.org\/pt\/wp-json\/wp\/v2\/users\/1"}],"replies":[{"embeddable":true,"href":"https:\/\/generousgenerations.org\/pt\/wp-json\/wp\/v2\/comments?post=974"}],"version-history":[{"count":0,"href":"https:\/\/generousgenerations.org\/pt\/wp-json\/wp\/v2\/pages\/974\/revisions"}],"up":[{"embeddable":true,"href":"https:\/\/generousgenerations.org\/pt\/wp-json\/wp\/v2\/pages\/79"}],"wp:attachment":[{"href":"https:\/\/generousgenerations.org\/pt\/wp-json\/wp\/v2\/media?parent=974"}],"curies":[{"name":"wp","href":"https:\/\/api.w.org\/{rel}","templated":true}]}}