{"id":975,"date":"2024-05-14T05:00:50","date_gmt":"2024-05-14T05:00:50","guid":{"rendered":"https:\/\/gg.perfectlydigital.dev\/?page_id=975"},"modified":"2024-08-27T21:07:41","modified_gmt":"2024-08-27T21:07:41","slug":"children-and-youth","status":"publish","type":"page","link":"https:\/\/generousgenerations.org\/pt\/faqs\/children-and-youth\/","title":{"rendered":"Crian\u00e7as e jovens"},"content":{"rendered":"<h1>\n\t\tCrian\u00e7as e Jovens\n\t<\/h1>\n\t<a href=\"https:\/\/generousgenerations.org\/pt\/faqs\/\" target=\"_self\" role=\"button\" aria-label=\"VOLTAR A TODAS AS PERGUNTAS FREQUENTES\" rel=\"noopener\">\n\t\t\t\t\t\tVOLTAR A TODAS AS PERGUNTAS FREQUENTES\n\t\t\t\t\t<\/a>\n\t\t\t\t\t\t<img decoding=\"async\" src=\"https:\/\/generousgenerations.org\/wp-content\/uploads\/2024\/03\/GG-Brand-Mark-Blue-400-trimmed-64.png\" alt=\"GG Brand Mark Blue 400 trimmed 64\" \/>\n\t\t\t\tQuem \u00e9 o p\u00fablico-alvo do Generous Generations? As experi\u00eancias s\u00e3o apropriadas para a idade e contextualizadas? O que acontece em uma Generous Generations Experience? Quem \u00e9 o p\u00fablico-alvo do Generous Generations?\n\t\t\t\t<p>Generous Generations \u00e9 pensado para todas as gera\u00e7\u00f5es, com especial enfoque nas crian\u00e7as, jovens e jovens adultos. Nossos recursos s\u00e3o apresentados com foco nos processos de discipulado e aprendizagem experiencial. <\/p>\n<p>O p\u00fablico principal inclui pais, igrejas, l\u00edderes ministeriais e professores.<\/p>\n<p>Nossa experi\u00eancia para crian\u00e7as de 6 a 12 anos \u00e9 chamada de Aventura Gen-G, porque a generosidade \u00e9 uma aventura para toda a vida e as crian\u00e7as adoram aventuras.<\/p>\n\t\t\t\t\t\t\tAs experi\u00eancias s\u00e3o adequadas \u00e0 idade e contextualizadas?\n\t\t\t\t<p>Sim, os Processos de Discipulado da Generosidade s\u00e3o cuidadosamente elaborados para crian\u00e7as, jovens e jovens adultos, adaptados exclusivamente para cada idade, abrangendo diversos pontos fortes de aprendizagem para criar uma experi\u00eancia envolvente e contextualizada.<\/p>\n\t\t\t\t\t\t\tO que acontece em uma experi\u00eancia Generous Generations?\n\t\t\t\t<p>\u00c9 uma aventura! Nossa abordagem \u00e9 centrada em torno de tr\u00eas elementos essenciais:<\/p>\n<ul>\n<li>GGG: <strong>Juntar<\/strong>, <strong>Jogo<\/strong>, <strong>Dar<\/strong>. Reunimos crian\u00e7as, jovens e jovens, em qualquer lugar onde crian\u00e7as, jovens e jovens se re\u00fanem, orientamos os participantes atrav\u00e9s da estrutura Reunir, Brincar, Doar. Com cada t\u00f3pico, facilitamos uma experi\u00eancia de aprendizagem abrangente e envolvente.<\/li>\n<li>\u00c0 medida que exploramos a generosidade, a autorreflex\u00e3o e o cuidado de Deus pelos nossos vizinhos, cada elemento de Recolher, Jogar, Doar contribui para uma compreens\u00e3o abrangente do poder transformador da generosidade.<\/li>\n<\/ul>","protected":false},"excerpt":{"rendered":"<p>FAQs | Crian\u00e7as e Jovens | Voc\u00ea tem alguma pergunta? Estamos aqui para ajudar! <\/p>","protected":false},"author":1,"featured_media":0,"parent":79,"menu_order":0,"comment_status":"closed","ping_status":"closed","template":"","meta":{"_acf_changed":false,"give_campaign_id":0,"_seopress_robots_primary_cat":"","_seopress_titles_title":"FAQs | Children and Youth | Generous Generations","_seopress_titles_desc":"FAQs | Children and Youth | Do you have a question? We're here to help!","_seopress_robots_index":"","footnotes":""},"class_list":["post-975","page","type-page","status-publish"],"acf":[],"campaignId":"","_links":{"self":[{"href":"https:\/\/generousgenerations.org\/pt\/wp-json\/wp\/v2\/pages\/975","targetHints":{"allow":["GET"]}}],"collection":[{"href":"https:\/\/generousgenerations.org\/pt\/wp-json\/wp\/v2\/pages"}],"about":[{"href":"https:\/\/generousgenerations.org\/pt\/wp-json\/wp\/v2\/types\/page"}],"author":[{"embeddable":true,"href":"https:\/\/generousgenerations.org\/pt\/wp-json\/wp\/v2\/users\/1"}],"replies":[{"embeddable":true,"href":"https:\/\/generousgenerations.org\/pt\/wp-json\/wp\/v2\/comments?post=975"}],"version-history":[{"count":1,"href":"https:\/\/generousgenerations.org\/pt\/wp-json\/wp\/v2\/pages\/975\/revisions"}],"predecessor-version":[{"id":1739,"href":"https:\/\/generousgenerations.org\/pt\/wp-json\/wp\/v2\/pages\/975\/revisions\/1739"}],"up":[{"embeddable":true,"href":"https:\/\/generousgenerations.org\/pt\/wp-json\/wp\/v2\/pages\/79"}],"wp:attachment":[{"href":"https:\/\/generousgenerations.org\/pt\/wp-json\/wp\/v2\/media?parent=975"}],"curies":[{"name":"wp","href":"https:\/\/api.w.org\/{rel}","templated":true}]}}