{"id":977,"date":"2024-05-14T05:01:22","date_gmt":"2024-05-14T05:01:22","guid":{"rendered":"https:\/\/gg.perfectlydigital.dev\/?page_id=977"},"modified":"2024-05-27T12:21:50","modified_gmt":"2024-05-27T12:21:50","slug":"generosity-multiply-training","status":"publish","type":"page","link":"https:\/\/generousgenerations.org\/pt\/faqs\/generosity-multiply-training\/","title":{"rendered":"Treinamento Multiplicar Generosidade"},"content":{"rendered":"<h1>\n\t\tTreinamento Multiplicar Generosidade\n\t<\/h1>\n\t<a href=\"https:\/\/generousgenerations.org\/pt\/faqs\/\" target=\"_self\" role=\"button\" aria-label=\"VOLTAR A TODAS AS PERGUNTAS FREQUENTES\" rel=\"noopener\">\n\t\t\t\t\t\tVOLTAR A TODAS AS PERGUNTAS FREQUENTES\n\t\t\t\t\t<\/a>\n\t\t\t\t\t\t<img decoding=\"async\" src=\"https:\/\/generousgenerations.org\/wp-content\/uploads\/2024\/03\/GG-Brand-Mark-Blue-400-trimmed-64.png\" alt=\"GG Brand Mark Blue 400 trimmed 64\" \/>\n\t\t\t\tO que \u00e9 o Treinamento Multiply? Quem pode ser um Multiplicador? Onde obtenho mais informa\u00e7\u00f5es sobre o Treinamento Multiply? O que \u00e9 o Treinamento Multiply?\n\t\t\t\t<p>Treinamento Multiplicador \u00e9 uma s\u00e9rie de treinamento e capacita\u00e7\u00e3o que apresentamos a l\u00edderes que j\u00e1 apresentaram recursos da Generous Generations e desejam se tornar formadores de formadores.<\/p>\n\t\t\t\t\t\t\tQuem pode ser um Multiplicador?\n\t\t\t\t<p>Os multiplicadores s\u00e3o indiv\u00edduos que n\u00e3o apenas se alinham com a nossa vis\u00e3o, mas tamb\u00e9m procuram ativamente integrar os valores das Gera\u00e7\u00f5es Generosas nas suas comunidades.<\/p>\n\t\t\t\t\t\t\tOnde posso obter mais informa\u00e7\u00f5es sobre o Multiply Training?\n\t\t\t\t<p>Por favor visite nosso <a href=\"https:\/\/generousgenerations.org\/pt\/resources\/multiplier-training\/\">Treinamento Multiplicador<\/a> p\u00e1gina para obter mais informa\u00e7\u00f5es sobre o Multiply Training.<\/p>","protected":false},"excerpt":{"rendered":"<p>FAQs | Treinamento Generosity Multiply | Voc\u00ea tem alguma pergunta? Estamos aqui para ajudar! <\/p>","protected":false},"author":1,"featured_media":0,"parent":79,"menu_order":0,"comment_status":"closed","ping_status":"closed","template":"","meta":{"_acf_changed":false,"give_campaign_id":0,"_seopress_robots_primary_cat":"","_seopress_titles_title":"FAQs | Generosity Multiply Training | Generous Generations","_seopress_titles_desc":"FAQs | Generosity Multiply Training | Do you have a question? We're here to help!","_seopress_robots_index":"","footnotes":""},"class_list":["post-977","page","type-page","status-publish"],"acf":[],"campaignId":"","_links":{"self":[{"href":"https:\/\/generousgenerations.org\/pt\/wp-json\/wp\/v2\/pages\/977","targetHints":{"allow":["GET"]}}],"collection":[{"href":"https:\/\/generousgenerations.org\/pt\/wp-json\/wp\/v2\/pages"}],"about":[{"href":"https:\/\/generousgenerations.org\/pt\/wp-json\/wp\/v2\/types\/page"}],"author":[{"embeddable":true,"href":"https:\/\/generousgenerations.org\/pt\/wp-json\/wp\/v2\/users\/1"}],"replies":[{"embeddable":true,"href":"https:\/\/generousgenerations.org\/pt\/wp-json\/wp\/v2\/comments?post=977"}],"version-history":[{"count":0,"href":"https:\/\/generousgenerations.org\/pt\/wp-json\/wp\/v2\/pages\/977\/revisions"}],"up":[{"embeddable":true,"href":"https:\/\/generousgenerations.org\/pt\/wp-json\/wp\/v2\/pages\/79"}],"wp:attachment":[{"href":"https:\/\/generousgenerations.org\/pt\/wp-json\/wp\/v2\/media?parent=977"}],"curies":[{"name":"wp","href":"https:\/\/api.w.org\/{rel}","templated":true}]}}